{"id":161753,"date":"2020-06-05T13:37:08","date_gmt":"2020-06-05T13:37:08","guid":{"rendered":"https:\/\/dentaltraumaguide.org\/?page_id=161753"},"modified":"2024-01-08T10:07:08","modified_gmt":"2024-01-08T10:07:08","slug":"contact","status":"publish","type":"page","link":"https:\/\/dentaltraumaguide.org\/pt\/contact\/","title":{"rendered":"Contato"},"content":{"rendered":"<p><span style=\"color: #ff0000;\">A seguinte sess\u00e3o n\u00e3o est\u00e1 traduzida. Ao entrar em contato com a equipe do Dental Trauma Guide, gentilmente pedimos que todas as perguntas sejam enviadas em ingl\u00eas. A maioria dos funcion\u00e1rios que lida com as perguntas \u00e9 oriunda da Escandin\u00e1via e, em ingl\u00eas, podemos garantir um servi\u00e7o otimizado e melhor prazo para resposta \u2013 obrigado. <\/span><\/p>\n<p>Thank you for your interest in dentaltraumaguide.org<\/p>\n<p>We would very much like to receive questions, suggestions and other responses from you. For any request you might have, please use the form below. We will get back to you as soon as possible.<\/p>\n<hr \/>\n<table border=\"0\" width=\"49%\" cellspacing=\"0\" cellpadding=\"0\" align=\"left\">\n<tbody>\n<tr>\n<td>\n<h3>Dental Trauma Guide<\/h3>\n<p>c\/o Tandplejeinformation ApS<br \/>\nCVR No. DK35247807<br \/>\nOernevej 2<br \/>\nDK-4600 Koege<br \/>\nDenmark<\/p>\n<p>&nbsp;<\/p>\n<h3 class=\"serif-medium\"><\/h3>\n<h3 class=\"serif-medium\">Please note:<\/h3>\n<p><strong>For legal reasons we cannot answer or comment on patient related questions.<\/strong><\/td>\n<\/tr>\n<\/tbody>\n<\/table>\n<table border=\"0\" width=\"50%\" cellspacing=\"0\" cellpadding=\"0\" align=\"left\">\n<tbody>\n<tr>\n<td>\n<h3>Contact form<\/h3>\n<p><script type=\"text\/javascript\">\n\/* <![CDATA[ *\/\nvar gform;gform||(document.addEventListener(\"gform_main_scripts_loaded\",function(){gform.scriptsLoaded=!0}),document.addEventListener(\"gform\/theme\/scripts_loaded\",function(){gform.themeScriptsLoaded=!0}),window.addEventListener(\"DOMContentLoaded\",function(){gform.domLoaded=!0}),gform={domLoaded:!1,scriptsLoaded:!1,themeScriptsLoaded:!1,isFormEditor:()=>\"function\"==typeof InitializeEditor,callIfLoaded:function(o){return!(!gform.domLoaded||!gform.scriptsLoaded||!gform.themeScriptsLoaded&&!gform.isFormEditor()||(gform.isFormEditor()&&console.warn(\"The use of gform.initializeOnLoaded() is deprecated in the form editor context and will be removed in Gravity Forms 3.1.\"),o(),0))},initializeOnLoaded:function(o){gform.callIfLoaded(o)||(document.addEventListener(\"gform_main_scripts_loaded\",()=>{gform.scriptsLoaded=!0,gform.callIfLoaded(o)}),document.addEventListener(\"gform\/theme\/scripts_loaded\",()=>{gform.themeScriptsLoaded=!0,gform.callIfLoaded(o)}),window.addEventListener(\"DOMContentLoaded\",()=>{gform.domLoaded=!0,gform.callIfLoaded(o)}))},hooks:{action:{},filter:{}},addAction:function(o,r,e,t){gform.addHook(\"action\",o,r,e,t)},addFilter:function(o,r,e,t){gform.addHook(\"filter\",o,r,e,t)},doAction:function(o){gform.doHook(\"action\",o,arguments)},applyFilters:function(o){return gform.doHook(\"filter\",o,arguments)},removeAction:function(o,r){gform.removeHook(\"action\",o,r)},removeFilter:function(o,r,e){gform.removeHook(\"filter\",o,r,e)},addHook:function(o,r,e,t,n){null==gform.hooks[o][r]&&(gform.hooks[o][r]=[]);var d=gform.hooks[o][r];null==n&&(n=r+\"_\"+d.length),gform.hooks[o][r].push({tag:n,callable:e,priority:t=null==t?10:t})},doHook:function(r,o,e){var t;if(e=Array.prototype.slice.call(e,1),null!=gform.hooks[r][o]&&((o=gform.hooks[r][o]).sort(function(o,r){return o.priority-r.priority}),o.forEach(function(o){\"function\"!=typeof(t=o.callable)&&(t=window[t]),\"action\"==r?t.apply(null,e):e[0]=t.apply(null,e)})),\"filter\"==r)return e[0]},removeHook:function(o,r,t,n){var e;null!=gform.hooks[o][r]&&(e=(e=gform.hooks[o][r]).filter(function(o,r,e){return!!(null!=n&&n!=o.tag||null!=t&&t!=o.priority)}),gform.hooks[o][r]=e)}});\n\/* ]]> *\/\n<\/script>\n\n                <div class='gf_browser_gecko gform_wrapper gravity-theme gform-theme--no-framework' data-form-theme='gravity-theme' data-form-index='0' id='gform_wrapper_49' style='display:none'>\n                        <div class='gform_heading'>\n\t\t\t\t\t\t\t<p class='gform_required_legend'>&quot;<span class=\"gfield_required gfield_required_asterisk\">*<\/span>&quot; indicates required fields<\/p>\n                        <\/div><form method='post' enctype='multipart\/form-data'  id='gform_49'  action='\/pt\/wp-json\/wp\/v2\/pages\/161753' data-formid='49' novalidate><div class='gf_invisible ginput_recaptchav3'  data-tabindex='0'><input id=\"input_0ba1829edcc7433ba3241ff93778be7f\" class=\"gfield_recaptcha_response\" type=\"hidden\" name=\"input_0ba1829edcc7433ba3241ff93778be7f\" value=\"\"\/><\/div>\n                        <div class='gform-body gform_body'><div id='gform_fields_49' class='gform_fields top_label form_sublabel_below description_below validation_below'><div id=\"field_49_7\" class=\"gfield gfield--type-honeypot gform_validation_container field_sublabel_below gfield--has-description field_description_below field_validation_below gfield_visibility_visible\"  ><label class='gfield_label gform-field-label' for='input_49_7'>LinkedIn<\/label><div class='ginput_container'><input name='input_7' id='input_49_7' type='text' value='' autocomplete='new-password'\/><\/div><div class='gfield_description' id='gfield_description_49_7'>This field is for validation purposes and should be left unchanged.<\/div><\/div><div id=\"field_49_1\" class=\"gfield gfield--type-select gfield--input-type-select gf_left_full gfield_contains_required field_sublabel_below gfield--no-description field_description_below field_validation_below gfield_visibility_visible\"  ><label class='gfield_label gform-field-label' for='input_49_1'>Type of request<span class=\"gfield_required\"><span class=\"gfield_required gfield_required_asterisk\">*<\/span><\/span><\/label><div class='ginput_container ginput_container_select'><select name='input_1' id='input_49_1' class='large gfield_select'    aria-required=\"true\" aria-invalid=\"false\" ><option value='Questions of dental character' >Questions of dental character<\/option><option value='Questions on website usage' >Questions on website usage<\/option><option value='Questions concerning payment' >Questions concerning payment<\/option><option value='Suggestions for the website' >Suggestions for the website<\/option><option value='Copenhagen symposia and webinars issues' >Copenhagen symposia and webinars issues<\/option><\/select><\/div><\/div><div id=\"field_49_6\" class=\"gfield gfield--type-select gfield--input-type-select gf_left_full gfield_contains_required field_sublabel_below gfield--no-description field_description_below hidden_label field_validation_below gfield_visibility_visible\"  ><label class='gfield_label gform-field-label' for='input_49_6'>Untitled<span class=\"gfield_required\"><span class=\"gfield_required gfield_required_asterisk\">*<\/span><\/span><\/label><div class='ginput_container ginput_container_select'><select name='input_6' id='input_49_6' class='large gfield_select'    aria-required=\"true\" aria-invalid=\"false\" ><option value='Webinar tickets - Refund price difference' >Webinar tickets - Refund price difference<\/option><option value='100% Refund of symposium tickets' >100% Refund of symposium tickets<\/option><\/select><\/div><\/div><div id=\"field_49_2\" class=\"gfield gfield--type-text gfield--input-type-text gf_left_half gfield--width-half gfield_contains_required field_sublabel_below gfield--no-description field_description_below field_validation_below gfield_visibility_visible\"  ><label class='gfield_label gform-field-label' for='input_49_2'>Name<span class=\"gfield_required\"><span class=\"gfield_required gfield_required_asterisk\">*<\/span><\/span><\/label><div class='ginput_container ginput_container_text'><input name='input_2' id='input_49_2' type='text' value='' class='large'    placeholder='Your name here...' aria-required=\"true\" aria-invalid=\"false\"   \/><\/div><\/div><div id=\"field_49_4\" class=\"gfield gfield--type-email gfield--input-type-email gf_right_half gfield--width-half gfield_contains_required field_sublabel_below gfield--no-description field_description_below field_validation_below gfield_visibility_visible\"  ><label class='gfield_label gform-field-label' for='input_49_4'>Email<span class=\"gfield_required\"><span class=\"gfield_required gfield_required_asterisk\">*<\/span><\/span><\/label><div class='ginput_container ginput_container_email'>\n                            <input name='input_4' id='input_49_4' type='email' value='' class='large'   placeholder='Please fill in your e-mail address here...' aria-required=\"true\" aria-invalid=\"false\"  \/>\n                        <\/div><\/div><div id=\"field_49_3\" class=\"gfield gfield--type-text gfield--input-type-text gf_right_full field_sublabel_below gfield--no-description field_description_below field_validation_below gfield_visibility_visible\"  ><label class='gfield_label gform-field-label' for='input_49_3'>Subject<\/label><div class='ginput_container ginput_container_text'><input name='input_3' id='input_49_3' type='text' value='' class='large'    placeholder='Please let us know the subject of your request...'  aria-invalid=\"false\"   \/><\/div><\/div><div id=\"field_49_5\" class=\"gfield gfield--type-textarea gfield--input-type-textarea gfield_contains_required field_sublabel_below gfield--no-description field_description_below field_validation_below gfield_visibility_visible\"  ><label class='gfield_label gform-field-label' for='input_49_5'>Message<span class=\"gfield_required\"><span class=\"gfield_required gfield_required_asterisk\">*<\/span><\/span><\/label><div class='ginput_container ginput_container_textarea'><textarea name='input_5' id='input_49_5' class='textarea small'   maxlength='280' placeholder='Write a message of maximum 280 characters...' aria-required=\"true\" aria-invalid=\"false\"   rows='10' cols='50'><\/textarea><\/div><\/div><\/div><\/div>\n        <div class='gform-footer gform_footer top_label'> <input type='submit' id='gform_submit_button_49' class='gform_button button' onclick='gform.submission.handleButtonClick(this);' data-submission-type='submit' value='Enviar mensagem'  \/> \n            <input type='hidden' class='gform_hidden' name='gform_submission_method' data-js='gform_submission_method_49' value='postback' \/>\n            <input type='hidden' class='gform_hidden' name='gform_theme' data-js='gform_theme_49' id='gform_theme_49' value='gravity-theme' \/>\n            <input type='hidden' class='gform_hidden' name='gform_style_settings' data-js='gform_style_settings_49' id='gform_style_settings_49' value='[]' \/>\n            <input type='hidden' class='gform_hidden' name='is_submit_49' value='1' \/>\n            <input type='hidden' class='gform_hidden' name='gform_submit' value='49' \/>\n            \n            <input type='hidden' class='gform_hidden' name='gform_currency' data-currency='USD' value='RoRPoeerkqYEW\/BjyE\/jQp5rsfmb5FKMNvmVkA7e3\/QZyPnvI7Rm77etYvxpMJ1UdZwcljo3i+gpEm4aURoDkEoG96BUjNGtKsadapBRBEtRHRE=' \/>\n            <input type='hidden' class='gform_hidden' name='gform_unique_id' value='' \/>\n            <input type='hidden' class='gform_hidden' name='state_49' value='WyJbXSIsImRkMTUwNDBkMWVkNWRmNGY0NjQzOTYyNDE4YWY5M2NhIl0=' \/>\n            <input type='hidden' autocomplete='off' class='gform_hidden' name='gform_target_page_number_49' id='gform_target_page_number_49' value='0' \/>\n            <input type='hidden' autocomplete='off' class='gform_hidden' name='gform_source_page_number_49' id='gform_source_page_number_49' value='1' \/>\n            <input type='hidden' name='gform_field_values' value='' \/>\n            \n        <\/div>\n                        <\/form>\n                        <\/div><script type=\"text\/javascript\">\n\/* <![CDATA[ *\/\n gform.initializeOnLoaded( function() {gformInitSpinner( 49, 'https:\/\/dentaltraumaguide.org\/app\/plugins\/gravityforms\/images\/spinner.svg', true );jQuery('#gform_ajax_frame_49').on('load',function(){var contents = jQuery(this).contents().find('*').html();var is_postback = contents.indexOf('GF_AJAX_POSTBACK') >= 0;if(!is_postback){return;}var form_content = jQuery(this).contents().find('#gform_wrapper_49');var is_confirmation = jQuery(this).contents().find('#gform_confirmation_wrapper_49').length > 0;var is_redirect = contents.indexOf('gformRedirect(){') >= 0;var is_form = form_content.length > 0 && ! is_redirect && ! is_confirmation;var mt = parseInt(jQuery('html').css('margin-top'), 10) + parseInt(jQuery('body').css('margin-top'), 10) + 100;if(is_form){form_content.find('form').css('opacity', 0);jQuery('#gform_wrapper_49').html(form_content.html());if(form_content.hasClass('gform_validation_error')){jQuery('#gform_wrapper_49').addClass('gform_validation_error');} else {jQuery('#gform_wrapper_49').removeClass('gform_validation_error');}setTimeout( function() { \/* delay the scroll by 50 milliseconds to fix a bug in chrome *\/  }, 50 );if(window['gformInitDatepicker']) {gformInitDatepicker();}if(window['gformInitPriceFields']) {gformInitPriceFields();}var current_page = jQuery('#gform_source_page_number_49').val();gformInitSpinner( 49, 'https:\/\/dentaltraumaguide.org\/app\/plugins\/gravityforms\/images\/spinner.svg', true );jQuery(document).trigger('gform_page_loaded', [49, current_page]);window['gf_submitting_49'] = false;}else if(!is_redirect){var confirmation_content = jQuery(this).contents().find('.GF_AJAX_POSTBACK').html();if(!confirmation_content){confirmation_content = contents;}jQuery('#gform_wrapper_49').replaceWith(confirmation_content);jQuery(document).trigger('gform_confirmation_loaded', [49]);window['gf_submitting_49'] = false;wp.a11y.speak(jQuery('#gform_confirmation_message_49').text());}else{jQuery('#gform_49').append(contents);if(window['gformRedirect']) {gformRedirect();}}jQuery(document).trigger(\"gform_pre_post_render\", [{ formId: \"49\", currentPage: \"current_page\", abort: function() { this.preventDefault(); } }]);        if (event && event.defaultPrevented) {                return;        }        const gformWrapperDiv = document.getElementById( \"gform_wrapper_49\" );        if ( gformWrapperDiv ) {            const visibilitySpan = document.createElement( \"span\" );            visibilitySpan.id = \"gform_visibility_test_49\";            gformWrapperDiv.insertAdjacentElement( \"afterend\", visibilitySpan );        }        const visibilityTestDiv = document.getElementById( \"gform_visibility_test_49\" );        let postRenderFired = false;        function triggerPostRender() {            if ( postRenderFired ) {                return;            }            postRenderFired = true;            gform.core.triggerPostRenderEvents( 49, current_page );            if ( visibilityTestDiv ) {                visibilityTestDiv.parentNode.removeChild( visibilityTestDiv );            }        }        function debounce( func, wait, immediate ) {            var timeout;            return function() {                var context = this, args = arguments;                var later = function() {                    timeout = null;                    if ( !immediate ) func.apply( context, args );                };                var callNow = immediate && !timeout;                clearTimeout( timeout );                timeout = setTimeout( later, wait );                if ( callNow ) func.apply( context, args );            };        }        const debouncedTriggerPostRender = debounce( function() {            triggerPostRender();        }, 200 );        if ( visibilityTestDiv && visibilityTestDiv.offsetParent === null ) {            const observer = new MutationObserver( ( mutations ) => {                mutations.forEach( ( mutation ) => {                    if ( mutation.type === 'attributes' && visibilityTestDiv.offsetParent !== null ) {                        debouncedTriggerPostRender();                        observer.disconnect();                    }                });            });            observer.observe( document.body, {                attributes: true,                childList: false,                subtree: true,                attributeFilter: [ 'style', 'class' ],            });        } else {            triggerPostRender();        }    } );} ); \n\/* ]]> *\/\n<\/script>\n<\/td>\n<\/tr>\n<\/tbody>\n<\/table>\n<h3><\/h3>\n<h2><\/h2>\n","protected":false},"excerpt":{"rendered":"<p>A seguinte sess\u00e3o n\u00e3o est\u00e1 traduzida. Ao entrar em contato com a equipe do Dental Trauma Guide, gentilmente pedimos que todas as perguntas sejam enviadas em ingl\u00eas. A maioria dos funcion\u00e1rios que lida com as perguntas \u00e9 oriunda da Escandin\u00e1via e, em ingl\u00eas, podemos garantir um servi\u00e7o otimizado e melhor prazo para resposta \u2013 obrigado. Thank you for your interest in dentaltraumaguide.org We would very much like to receive questions, suggestions and other responses from you. For any request you might have, please use the form below. We will get back to you as soon as possible. Dental Trauma Guide<\/p>\n","protected":false},"author":5893,"featured_media":0,"parent":0,"menu_order":0,"comment_status":"closed","ping_status":"closed","template":"template-full-width.php","meta":{"_acf_changed":false,"_monsterinsights_skip_tracking":false,"_monsterinsights_sitenote_active":false,"_monsterinsights_sitenote_note":"","_monsterinsights_sitenote_category":0,"footnotes":""},"class_list":["post-161753","page","type-page","status-publish","hentry","wpautop"],"acf":[],"_links":{"self":[{"href":"https:\/\/dentaltraumaguide.org\/pt\/wp-json\/wp\/v2\/pages\/161753","targetHints":{"allow":["GET"]}}],"collection":[{"href":"https:\/\/dentaltraumaguide.org\/pt\/wp-json\/wp\/v2\/pages"}],"about":[{"href":"https:\/\/dentaltraumaguide.org\/pt\/wp-json\/wp\/v2\/types\/page"}],"author":[{"embeddable":true,"href":"https:\/\/dentaltraumaguide.org\/pt\/wp-json\/wp\/v2\/users\/5893"}],"replies":[{"embeddable":true,"href":"https:\/\/dentaltraumaguide.org\/pt\/wp-json\/wp\/v2\/comments?post=161753"}],"version-history":[{"count":11,"href":"https:\/\/dentaltraumaguide.org\/pt\/wp-json\/wp\/v2\/pages\/161753\/revisions"}],"predecessor-version":[{"id":215008,"href":"https:\/\/dentaltraumaguide.org\/pt\/wp-json\/wp\/v2\/pages\/161753\/revisions\/215008"}],"wp:attachment":[{"href":"https:\/\/dentaltraumaguide.org\/pt\/wp-json\/wp\/v2\/media?parent=161753"}],"curies":[{"name":"wp","href":"https:\/\/api.w.org\/{rel}","templated":true}]}}