{"id":161638,"date":"2020-06-05T07:31:09","date_gmt":"2020-06-05T07:31:09","guid":{"rendered":"https:\/\/dentaltraumaguide.org\/assinatura-todas-as-assinaturas\/"},"modified":"2020-06-23T08:01:47","modified_gmt":"2020-06-23T08:01:47","slug":"membership-all-subscriptions","status":"publish","type":"page","link":"https:\/\/dentaltraumaguide.org\/pt\/membership-all-subscriptions\/","title":{"rendered":"Assinatura &#8211; todas as assinaturas"},"content":{"rendered":"<p><img loading=\"lazy\" decoding=\"async\" class=\"alignnone size-full wp-image-1893\" src=\"https:\/\/dentaltraumaguide.org\/app\/uploads\/2016\/11\/membership.jpg\" alt=\"membership\" width=\"800\" height=\"327\" srcset=\"https:\/\/dentaltraumaguide.org\/app\/uploads\/2016\/11\/membership.jpg 800w, https:\/\/dentaltraumaguide.org\/app\/uploads\/2016\/11\/membership-600x245.jpg 600w, https:\/\/dentaltraumaguide.org\/app\/uploads\/2016\/11\/membership-300x123.jpg 300w, https:\/\/dentaltraumaguide.org\/app\/uploads\/2016\/11\/membership-768x314.jpg 768w\" sizes=\"auto, (max-width: 800px) 100vw, 800px\" \/><br \/>\n<strong>Voc\u00ea pode escolher entre:<\/strong><\/p>\n<h2>Assinatura Individual e em Grupo<\/h2>\n<p><strong>Recomendamos que voc\u00ea opte por uma Assinatura em Grupo se:<\/strong><\/p>\n<ul>\n<li>Voc\u00ea tem muitos\/v\u00e1rios usu\u00e1rios que precisam ter acesso ao NOVO Dental Trauma Guide sob a mesma assinatura<\/li>\n<\/ul>\n<p>Observe que assinaturas em grupo podem receber descontos.<\/p>\n<p><strong>N\u00f3s recomendamos que voc\u00ea opte por uma Assinatura Individual se:<\/strong><\/p>\n<ul>\n<li>Voc\u00ea precisa de acesso ao Dental Trauma Guide somente para um usu\u00e1rio.<\/li>\n<li>ISe voc\u00ea precisar de acesso <u>imediato<\/u> acesso ao Dental Trauma Guide. Uma assinatura em grupo leva v\u00e1rios dias para ser totalmente cadastrada. N\u00f3s faremos um reembolso se voc\u00ea tiver uma assinatura em grupo sem saber.<\/li>\n<\/ul>\n","protected":false},"excerpt":{"rendered":"<p>Voc\u00ea pode escolher entre: Assinatura Individual e em Grupo Recomendamos que voc\u00ea opte por uma Assinatura em Grupo se: Voc\u00ea tem muitos\/v\u00e1rios usu\u00e1rios que precisam ter acesso ao NOVO Dental Trauma Guide sob a mesma assinatura Observe que assinaturas em grupo podem receber descontos. N\u00f3s recomendamos que voc\u00ea opte por uma Assinatura Individual se: Voc\u00ea precisa de acesso ao Dental Trauma Guide somente para um usu\u00e1rio. ISe voc\u00ea precisar de acesso imediato acesso ao Dental Trauma Guide. Uma assinatura em grupo leva v\u00e1rios dias para ser totalmente cadastrada. N\u00f3s faremos um reembolso se voc\u00ea tiver uma assinatura em grupo sem<\/p>\n","protected":false},"author":2,"featured_media":0,"parent":0,"menu_order":0,"comment_status":"closed","ping_status":"closed","template":"","meta":{"_acf_changed":false,"_monsterinsights_skip_tracking":false,"_monsterinsights_sitenote_active":false,"_monsterinsights_sitenote_note":"","_monsterinsights_sitenote_category":0,"footnotes":""},"class_list":["post-161638","page","type-page","status-publish","hentry","wpautop"],"acf":[],"_links":{"self":[{"href":"https:\/\/dentaltraumaguide.org\/pt\/wp-json\/wp\/v2\/pages\/161638","targetHints":{"allow":["GET"]}}],"collection":[{"href":"https:\/\/dentaltraumaguide.org\/pt\/wp-json\/wp\/v2\/pages"}],"about":[{"href":"https:\/\/dentaltraumaguide.org\/pt\/wp-json\/wp\/v2\/types\/page"}],"author":[{"embeddable":true,"href":"https:\/\/dentaltraumaguide.org\/pt\/wp-json\/wp\/v2\/users\/2"}],"replies":[{"embeddable":true,"href":"https:\/\/dentaltraumaguide.org\/pt\/wp-json\/wp\/v2\/comments?post=161638"}],"version-history":[{"count":1,"href":"https:\/\/dentaltraumaguide.org\/pt\/wp-json\/wp\/v2\/pages\/161638\/revisions"}],"predecessor-version":[{"id":165563,"href":"https:\/\/dentaltraumaguide.org\/pt\/wp-json\/wp\/v2\/pages\/161638\/revisions\/165563"}],"wp:attachment":[{"href":"https:\/\/dentaltraumaguide.org\/pt\/wp-json\/wp\/v2\/media?parent=161638"}],"curies":[{"name":"wp","href":"https:\/\/api.w.org\/{rel}","templated":true}]}}