{"id":161636,"date":"2020-06-05T07:31:09","date_gmt":"2020-06-05T07:31:09","guid":{"rendered":"https:\/\/dentaltraumaguide.org\/politica-de-cookies-e-politica-de-privacidade\/"},"modified":"2020-07-29T12:57:45","modified_gmt":"2020-07-29T12:57:45","slug":"cookie-privacy-policy","status":"publish","type":"page","link":"https:\/\/dentaltraumaguide.org\/pt\/cookie-privacy-policy\/","title":{"rendered":"Pol\u00edtica de Cookies e Pol\u00edtica de Privacidade"},"content":{"rendered":"<h2>Pol\u00edtica de Cookies<\/h2>\n<p>Informa\u00e7\u00f5es gerais sobre cookies<\/p>\n<h3>Os cookies s\u00e3o utilizados pela maioria dos sites.<\/h3>\n<p>Um cookie \u00e9 um pequeno arquivo de texto que os sites armazenam no computador, celular ou outro dispositivo do usu\u00e1rio, para que eles possam reconhecer e reunir informa\u00e7\u00f5es sobre quais p\u00e1ginas e fun\u00e7\u00f5es s\u00e3o visitadas com o dispositivo.<\/p>\n<p>Os cookies s\u00e3o enviados entre o navegador e um servidor na internet e, entre outros, nos permite rastrear de forma an\u00f4nima o que os usu\u00e1rios fazem no site, o que podemos usar para fazer melhorias no site.<\/p>\n<p>Um cookie \u00e9 um arquivo passivo que n\u00e3o pode espalhar v\u00edrus de computador ou outros programas maliciosos.<\/p>\n<p>Os cookies cont\u00eam apenas informa\u00e7\u00f5es an\u00f4nimas.<\/p>\n<p>Os cookies s\u00e3o muitas vezes essenciais para garantir a funcionalidade ideal do site, pois muitas fun\u00e7\u00f5es e servi\u00e7os n\u00e3o podem ser fornecidos sem o uso de cookies.<\/p>\n<h3>Cookies neste site<\/h3>\n<p>Utilizamos cookies no <em>Dentaltraumaguide.org<\/em> para diversos fins relacionados \u00e0 funcionalidade, an\u00e1lise da web e marketing.<\/p>\n<p>A maioria dos cookies que usamos s\u00e3o para reunir estat\u00edsticas sobre sua visita para que possamos aprender como melhorar a experi\u00eancia do usu\u00e1rio em nosso site.<\/p>\n<p>Todos os dados que obtivermos sobre voc\u00ea permanecer\u00e3o an\u00f4nimos, pois os cookies n\u00e3o podem ser utilizados para identificar os usu\u00e1rios.<\/p>\n<p>Os cookies podem ser cookies nativos ou cookies de terceiros. Os cookies nativos s\u00e3o alocados pela p\u00e1gina que o usu\u00e1rio visita. Os cookies de terceiros s\u00e3o alocados por um terceiro que tenha elementos embutidos na p\u00e1gina que o usu\u00e1rio est\u00e1 visitando.<\/p>\n<p>O Dentaltraumaguide.org utiliza cookies de terceiros do Google Analytics para gerar estat\u00edsticas sobre o uso do site.<\/p>\n<p>Os cookies s\u00e3o geralmente exclu\u00eddos automaticamente do navegador quando ele \u00e9 fechado (os chamados cookies de sess\u00e3o). Os cookies tamb\u00e9m podem ser definidos com uma data de vencimento, para que os dados existam por um per\u00edodo mais curto ou mais longo (cookies persistentes). Os cookies persistentes s\u00e3o normalmente armazenados no seu disco r\u00edgido.<\/p>\n<h3>Remo\u00e7\u00e3o ou bloqueio de cookies<\/h3>\n<p>Esperamos que os visitantes do Dentaltraumaguide.org fiquem satisfeitos ao permitir os cookies que colocamos, pois eles nos ajudam a melhorar nosso site, fornecer os melhores servi\u00e7os e fornecer ao usu\u00e1rio uma melhor experi\u00eancia.<\/p>\n<p>Entretanto, como os cookies est\u00e3o na posse do usu\u00e1rio, \u00e9 sempre poss\u00edvel ao usu\u00e1rio visualizar, modificar ou excluir esses cookies. Esteja ciente de que sem cookies, voc\u00ea pode n\u00e3o ser capaz de utilizar todas as funcionalidades do site.<\/p>\n<p>Se voc\u00ea n\u00e3o deseja usar cookies do dentaltraumaguide.org, voc\u00ea pode &#8211; na maioria dos navegadores mais recentes &#8211; selecionar &#8220;configura\u00e7\u00f5es avan\u00e7adas de cookies&#8221; em &#8220;op\u00e7\u00f5es de internet&#8221; e adicionar <a href=\"https:\/\/visitcopenhagen.org\">dentaltraumaguide.org<\/a>\u00a0\u00e0 lista de sites com os cookies bloqueados.<\/p>\n<p>L\u00e1 voc\u00ea tamb\u00e9m pode excluir cookies individuais ou todos os cookies que o navegador tenha armazenado.<\/p>\n<p>Se voc\u00ea configurar seu navegador para recusar cookies em geral, por favor entenda que existe um efeito colateral que, ao recusar cookies, voc\u00ea tamb\u00e9m n\u00e3o permitir\u00e1 algumas funcionalidades em nosso site e ele pode n\u00e3o funcionar corretamente.<\/p>\n<h3>Mais informa\u00e7\u00f5es<\/h3>\n<p>Voc\u00ea tem o direito de ser informado sobre os dados que o Dentaltraumaguide.org tem armazenados sobre voc\u00ea.<\/p>\n<p>Voc\u00ea tamb\u00e9m pode solicitar gratuitamente que dados incorretos sobre voc\u00ea sejam corrigidos ou que o Dentaltraumaguide.org deixe de processar dados sobre voc\u00ea.<\/p>\n<p><strong>Se voc\u00ea tiver alguma d\u00favida sobre aspectos legais ou sobre as condi\u00e7\u00f5es para este site, entre em contato com o Dental Trauma Guide gerenciado pela Tandplejeinformation.dk no seguinte endere\u00e7o:<\/strong><\/p>\n<p>Tandplejeinformation Aps<br \/>\nSandvadsvej 1<br \/>\nDK-4600 K\u00f8ge<\/p>\n<p><a href=\"mailto:info@dentaltraumaguide@gmail.com\">info@dentaltraumaguide.org<\/a><br \/>\n<a href=\"https:\/\/www.tandplejeinformation.dk\">https:\/\/www.tandplejeinformation.dk<\/a><\/p>\n","protected":false},"excerpt":{"rendered":"<p>Pol\u00edtica de Cookies Informa\u00e7\u00f5es gerais sobre cookies Os cookies s\u00e3o utilizados pela maioria dos sites. Um cookie \u00e9 um pequeno arquivo de texto que os sites armazenam no computador, celular ou outro dispositivo do usu\u00e1rio, para que eles possam reconhecer e reunir informa\u00e7\u00f5es sobre quais p\u00e1ginas e fun\u00e7\u00f5es s\u00e3o visitadas com o dispositivo. Os cookies s\u00e3o enviados entre o navegador e um servidor na internet e, entre outros, nos permite rastrear de forma an\u00f4nima o que os usu\u00e1rios fazem no site, o que podemos usar para fazer melhorias no site. Um cookie \u00e9 um arquivo passivo que n\u00e3o pode espalhar<\/p>\n","protected":false},"author":2,"featured_media":0,"parent":0,"menu_order":0,"comment_status":"closed","ping_status":"closed","template":"template-full-width.php","meta":{"_acf_changed":false,"_monsterinsights_skip_tracking":false,"_monsterinsights_sitenote_active":false,"_monsterinsights_sitenote_note":"","_monsterinsights_sitenote_category":0,"footnotes":""},"class_list":["post-161636","page","type-page","status-publish","hentry","wpautop"],"acf":[],"_links":{"self":[{"href":"https:\/\/dentaltraumaguide.org\/pt\/wp-json\/wp\/v2\/pages\/161636","targetHints":{"allow":["GET"]}}],"collection":[{"href":"https:\/\/dentaltraumaguide.org\/pt\/wp-json\/wp\/v2\/pages"}],"about":[{"href":"https:\/\/dentaltraumaguide.org\/pt\/wp-json\/wp\/v2\/types\/page"}],"author":[{"embeddable":true,"href":"https:\/\/dentaltraumaguide.org\/pt\/wp-json\/wp\/v2\/users\/2"}],"replies":[{"embeddable":true,"href":"https:\/\/dentaltraumaguide.org\/pt\/wp-json\/wp\/v2\/comments?post=161636"}],"version-history":[{"count":4,"href":"https:\/\/dentaltraumaguide.org\/pt\/wp-json\/wp\/v2\/pages\/161636\/revisions"}],"predecessor-version":[{"id":167485,"href":"https:\/\/dentaltraumaguide.org\/pt\/wp-json\/wp\/v2\/pages\/161636\/revisions\/167485"}],"wp:attachment":[{"href":"https:\/\/dentaltraumaguide.org\/pt\/wp-json\/wp\/v2\/media?parent=161636"}],"curies":[{"name":"wp","href":"https:\/\/api.w.org\/{rel}","templated":true}]}}