{"id":161635,"date":"2020-06-05T07:31:09","date_gmt":"2020-06-05T07:31:09","guid":{"rendered":"https:\/\/dentaltraumaguide.org\/tratamentos-de-trauma\/"},"modified":"2020-10-06T14:03:41","modified_gmt":"2020-10-06T14:03:41","slug":"dental-trauma-treatments","status":"publish","type":"page","link":"https:\/\/dentaltraumaguide.org\/pt\/dental-trauma-treatments\/","title":{"rendered":"Tratamentos de trauma"},"content":{"rendered":"<p><img loading=\"lazy\" decoding=\"async\" class=\"alignnone wp-image-2513\" src=\"https:\/\/dentaltraumaguide.org\/app\/uploads\/2016\/12\/trauma-teeth-injuries.jpg\" alt=\"trauma-teeth-injuries\" width=\"1080\" height=\"441\" srcset=\"https:\/\/dentaltraumaguide.org\/app\/uploads\/2016\/12\/trauma-teeth-injuries.jpg 800w, https:\/\/dentaltraumaguide.org\/app\/uploads\/2016\/12\/trauma-teeth-injuries-600x245.jpg 600w, https:\/\/dentaltraumaguide.org\/app\/uploads\/2016\/12\/trauma-teeth-injuries-300x123.jpg 300w, https:\/\/dentaltraumaguide.org\/app\/uploads\/2016\/12\/trauma-teeth-injuries-768x314.jpg 768w\" sizes=\"auto, (max-width: 1080px) 100vw, 1080px\" \/><\/p>\n<hr \/>\n<p>As les\u00f5es traum\u00e1ticas dos dentes s\u00e3o divididas em duas categorias diferentes. Dentes Dec\u00edduos e Dentes Permanentes. O diagn\u00f3stico, tratamento, progn\u00f3stico \u00e9 muito diferente entre eles.<br \/>\n<a href=\"https:\/\/dentaltraumaguide.org\/pt\/injury-groups\/primary-teeth\/\"><img loading=\"lazy\" decoding=\"async\" class=\"alignnone wp-image-1849\" title=\"Primary teeth\" src=\"https:\/\/dentaltraumaguide.org\/app\/uploads\/2016\/11\/primary-teeth_282x212px.jpg\" alt=\"primary-teeth_282x212px\" width=\"106\" height=\"80\" \/><\/a><a href=\"https:\/\/dentaltraumaguide.org\/pt\/injury-groups\/permanent-teeth\/\"><img loading=\"lazy\" decoding=\"async\" class=\"alignnone wp-image-1848\" title=\"Permanent Teeth\" src=\"https:\/\/dentaltraumaguide.org\/app\/uploads\/2016\/11\/permanent-teeth_282x212px.jpg\" alt=\"permanent-teeth_282x212px\" width=\"106\" height=\"80\" \/><\/a><\/p>\n<p><strong>Dentes dec\u00edduos |\u00a0Dentes permanentes<\/strong><\/p>\n","protected":false},"excerpt":{"rendered":"<p>As les\u00f5es traum\u00e1ticas dos dentes s\u00e3o divididas em duas categorias diferentes. Dentes Dec\u00edduos e Dentes Permanentes. O diagn\u00f3stico, tratamento, progn\u00f3stico \u00e9 muito diferente entre eles. Dentes dec\u00edduos |\u00a0Dentes permanentes<\/p>\n","protected":false},"author":5893,"featured_media":163588,"parent":0,"menu_order":0,"comment_status":"closed","ping_status":"closed","template":"template-full-width.php","meta":{"_acf_changed":false,"_monsterinsights_skip_tracking":false,"_monsterinsights_sitenote_active":false,"_monsterinsights_sitenote_note":"","_monsterinsights_sitenote_category":0,"footnotes":""},"class_list":["post-161635","page","type-page","status-publish","has-post-thumbnail","hentry","wpautop"],"acf":[],"_links":{"self":[{"href":"https:\/\/dentaltraumaguide.org\/pt\/wp-json\/wp\/v2\/pages\/161635","targetHints":{"allow":["GET"]}}],"collection":[{"href":"https:\/\/dentaltraumaguide.org\/pt\/wp-json\/wp\/v2\/pages"}],"about":[{"href":"https:\/\/dentaltraumaguide.org\/pt\/wp-json\/wp\/v2\/types\/page"}],"author":[{"embeddable":true,"href":"https:\/\/dentaltraumaguide.org\/pt\/wp-json\/wp\/v2\/users\/5893"}],"replies":[{"embeddable":true,"href":"https:\/\/dentaltraumaguide.org\/pt\/wp-json\/wp\/v2\/comments?post=161635"}],"version-history":[{"count":2,"href":"https:\/\/dentaltraumaguide.org\/pt\/wp-json\/wp\/v2\/pages\/161635\/revisions"}],"predecessor-version":[{"id":170803,"href":"https:\/\/dentaltraumaguide.org\/pt\/wp-json\/wp\/v2\/pages\/161635\/revisions\/170803"}],"wp:featuredmedia":[{"embeddable":true,"href":"https:\/\/dentaltraumaguide.org\/pt\/wp-json\/wp\/v2\/media\/163588"}],"wp:attachment":[{"href":"https:\/\/dentaltraumaguide.org\/pt\/wp-json\/wp\/v2\/media?parent=161635"}],"curies":[{"name":"wp","href":"https:\/\/api.w.org\/{rel}","templated":true}]}}