{"id":161633,"date":"2020-06-05T07:31:09","date_gmt":"2020-06-05T07:31:09","guid":{"rendered":"https:\/\/dentaltraumaguide.org\/versao-gratuita-ou-paga\/"},"modified":"2020-06-23T08:59:06","modified_gmt":"2020-06-23T08:59:06","slug":"free-or-paid-version","status":"publish","type":"page","link":"https:\/\/dentaltraumaguide.org\/pt\/free-or-paid-version\/","title":{"rendered":"Vers\u00e3o gratuita ou paga"},"content":{"rendered":"<p>O Dental Trauma Guide \u00e9 a ferramenta l\u00edder mundial de traumalogia dent\u00e1ria baseada na internet. O Dental Trauma Guide oferece diretrizes de tratamento baseadas em evid\u00eancias para dentes prim\u00e1rios e permanentes. O site \u00e9 desenvolvido e gerido em estreita coopera\u00e7\u00e3o com o Hospital Universit\u00e1rio de Copenhage, Dinamarca, e com a International Association of Dental Traumatology (IADT). O Dental Trauma Guide funciona como uma entidade sem fins lucrativos. As taxas de assinatura cobrem as opera\u00e7\u00f5es di\u00e1rias e o desenvolvimento cont\u00ednuo deste site.<\/p>\n<h2>Obtenha acesso completo<\/h2>\n<h4>Como assinante, voc\u00ea recebe acesso ao Dental Trauma Guide completo, baseado na internet, incluindo:<\/h4>\n<ul>\n<li>Acesso \u00e0 anima\u00e7\u00f5es de v\u00e1rios procedimentos de tratamento. Em menos de 90 segundos voc\u00ea estar\u00e1 totalmente atualizado<\/li>\n<li>Determina\u00e7\u00e3o do progn\u00f3stico individual para v\u00e1rias op\u00e7\u00f5es de tratamento para todos os tipos de les\u00e3o com um servi\u00e7o de impress\u00e3o e instru\u00e7\u00f5es para o paciente<\/li>\n<li>Servi\u00e7o de newsletter com resumos de estudos recentes de traumatismo dent\u00e1rio da literatura mundial<\/li>\n<\/ul>\n<p>Voc\u00ea precisa assinar para ter acesso ao conte\u00fado completo e com v\u00eddeos do Dental Trauma Guide. <a href=\"https:\/\/dentaltraumaguide.org\/membership-plans\/\">Entre na sua assinatura aqui<\/a><\/p>\n<h2>Em vez disso, use as diretrizes gratuitas<\/h2>\n<p>Se voc\u00ea n\u00e3o quiser entrar em uma assinatura de um ano para o Dental Trauma Guide, <a href=\"https:\/\/dentaltraumaguide.org\/iadt-treatment-guidelines\/\" target=\"_blank\" rel=\"noopener noreferrer\">yvoc\u00ea pode fazer uso das diretrizes da IADT para traumas dent\u00e1rios e gratuitos aqui.<\/a><\/p>\n<p>Segundo a IADT, suas diretrizes foram publicadas pela primeira vez em 2001 e atualizadas em 2007. Assim como as suas diretrizes anteriores, os profissionais por tr\u00e1s destas diretrizes s\u00e3o pesquisadores e cl\u00ednicos experientes de v\u00e1rias especialidades dent\u00e1rias e de Medicina Geral e Familiar. Saiba mais em\u00a0<a href=\"https:\/\/www.iadt-dentaltrauma.org\">www.iadt-dentaltrauma.org<\/a><\/p>\n","protected":false},"excerpt":{"rendered":"<p>O Dental Trauma Guide \u00e9 a ferramenta l\u00edder mundial de traumalogia dent\u00e1ria baseada na internet. O Dental Trauma Guide oferece diretrizes de tratamento baseadas em evid\u00eancias para dentes prim\u00e1rios e permanentes. O site \u00e9 desenvolvido e gerido em estreita coopera\u00e7\u00e3o com o Hospital Universit\u00e1rio de Copenhage, Dinamarca, e com a International Association of Dental Traumatology (IADT). O Dental Trauma Guide funciona como uma entidade sem fins lucrativos. As taxas de assinatura cobrem as opera\u00e7\u00f5es di\u00e1rias e o desenvolvimento cont\u00ednuo deste site. Obtenha acesso completo Como assinante, voc\u00ea recebe acesso ao Dental Trauma Guide completo, baseado na internet, incluindo: Acesso \u00e0<\/p>\n","protected":false},"author":16,"featured_media":0,"parent":0,"menu_order":0,"comment_status":"closed","ping_status":"closed","template":"template-full-width.php","meta":{"_acf_changed":false,"_monsterinsights_skip_tracking":false,"_monsterinsights_sitenote_active":false,"_monsterinsights_sitenote_note":"","_monsterinsights_sitenote_category":0,"footnotes":""},"class_list":["post-161633","page","type-page","status-publish","hentry","wpautop"],"acf":[],"_links":{"self":[{"href":"https:\/\/dentaltraumaguide.org\/pt\/wp-json\/wp\/v2\/pages\/161633","targetHints":{"allow":["GET"]}}],"collection":[{"href":"https:\/\/dentaltraumaguide.org\/pt\/wp-json\/wp\/v2\/pages"}],"about":[{"href":"https:\/\/dentaltraumaguide.org\/pt\/wp-json\/wp\/v2\/types\/page"}],"author":[{"embeddable":true,"href":"https:\/\/dentaltraumaguide.org\/pt\/wp-json\/wp\/v2\/users\/16"}],"replies":[{"embeddable":true,"href":"https:\/\/dentaltraumaguide.org\/pt\/wp-json\/wp\/v2\/comments?post=161633"}],"version-history":[{"count":1,"href":"https:\/\/dentaltraumaguide.org\/pt\/wp-json\/wp\/v2\/pages\/161633\/revisions"}],"predecessor-version":[{"id":165567,"href":"https:\/\/dentaltraumaguide.org\/pt\/wp-json\/wp\/v2\/pages\/161633\/revisions\/165567"}],"wp:attachment":[{"href":"https:\/\/dentaltraumaguide.org\/pt\/wp-json\/wp\/v2\/media?parent=161633"}],"curies":[{"name":"wp","href":"https:\/\/api.w.org\/{rel}","templated":true}]}}