{"id":161632,"date":"2020-06-05T07:31:09","date_gmt":"2020-06-05T07:31:09","guid":{"rendered":"https:\/\/dentaltraumaguide.org\/objetivos-profissionais-e-publicos\/"},"modified":"2020-08-04T09:05:37","modified_gmt":"2020-08-04T09:05:37","slug":"professional-and-public-objectives","status":"publish","type":"page","link":"https:\/\/dentaltraumaguide.org\/pt\/professional-and-public-objectives\/","title":{"rendered":"Objetivos profissionais e p\u00fablicos"},"content":{"rendered":"<h2><del><\/del>Objetivos profissionais<\/h2>\n<hr \/>\n<p>Les\u00f5es dent\u00e1rias traum\u00e1ticas representam um problema diagn\u00f3stico complexo com uma multiplicidade de op\u00e7\u00f5es de tratamento para se escolher.<\/p>\n<p>Os diferentes tipos de fraturas (9) e luxa\u00e7\u00f5es (6) podem ser combinados de 54 maneiras diferentes, cada uma destas combina\u00e7\u00f5es resultando em um cen\u00e1rio de trauma com demandas de tratamento e progn\u00f3sticos em rela\u00e7\u00e3o \u00e0 cicatriza\u00e7\u00e3o pulpar e periodontal individuais . Essa complexidade explica o fato de que muito poucos dentistas no mundo est\u00e3o totalmente atualizados sobre uma abordagem \u201cbaseada em evid\u00eancias\u201d para o diagn\u00f3stico e tratamento de les\u00f5es traum\u00e1ticas dent\u00e1rias.<\/p>\n<p>Para ilustrar, vamos dar um exemplo: Uma les\u00e3o de luxa\u00e7\u00e3o lateral ir\u00e1 provocar uma s\u00e9rie de op\u00e7\u00f5es de tratamento. Caso o dente esteja\u00a0reposicionado\u00a0ou n\u00e3o (sabendo que o procedimento de reposicionamento pode representar um novo trauma), se for o caso, que tipo de\u00a0conten\u00e7\u00e3o\u00a0(r\u00edgida\/flex\u00edvel) e por\u00a0quanto tempo. Al\u00e9m disso,\u00a0antibi\u00f3ticos\u00a0devem ser administrados de forma profil\u00e1tica para prevenir complica\u00e7\u00f5es? Todas estas quest\u00f5es dever\u00e3o ser consideradas antes que se possa iniciar um tratamento baseado em evid\u00eancias. Com esta multiplicidade de cen\u00e1rios de trauma na denti\u00e7\u00e3o permanente, cada um com op\u00e7\u00f5es de tratamento espec\u00edficas, n\u00e3o \u00e9 de se admirar que o tratamento de les\u00f5es dent\u00e1rias traum\u00e1ticas tenha se tornado controverso e estudos realizados em v\u00e1rios pa\u00edses tenham demonstrado que provavelmente metade dos pacientes recebeu um tratamento prejudicial ou desnecess\u00e1rio.<\/p>\n<p>O objetivo do\u00a0<em>Dental Trauma Guide<\/em>\u00a0\u00e9, portanto, atrav\u00e9s de uma maior visibilidade das diretrizes para os traumatismos dent\u00e1rios propostas pela Associa\u00e7\u00e3o Internacional de Traumatologia Dent\u00e1ria (<em>IADT <\/em>do ingl\u00eas <em>International Association of Dental Traumatology)<\/em>, promover a aplica\u00e7\u00e3o de condutas terap\u00eauticas que, conforme documentado em estudos cl\u00ednicos e experimentais, aumentem as chances de cicatriza\u00e7\u00e3o pulpar e periodontal ap\u00f3s o trauma.<\/p>\n<p>Acreditamos que o\u00a0<em>Dental Trauma Guide<\/em>\u00a0tem um grande potencial para melhorar o tratamento dent\u00e1rio em todo o mundo, ligando o tratamento efetivo aos conhecimentos atuais sobre m\u00e9todos para promover a cicatriza\u00e7\u00e3o de ferimentos. O\u00a0<em>Dental Trauma Guide<\/em>\u00a0ir\u00e1 fundamentar com evid\u00eancias a complexa gama de tratamentos oferecidos aos pacientes com traumatismos.<\/p>\n<h2>Objetivos p\u00fablicos<\/h2>\n<hr \/>\n<p>O desejo dos criadores do\u00a0<em>Dental Trauma Guide<\/em>\u00a0\u00e9 que ele elevar\u00e1 o n\u00edvel do cuidado ao paciente com traumatismo dent\u00e1rio em todo o mundo.<\/p>\n<p>Estima-se que o fen\u00f4meno global do traumatismo dent\u00e1rio afete 50-60% da popula\u00e7\u00e3o mundial (incluindo ambas as denti\u00e7\u00f5es: dec\u00eddua e permanente). Estima-se que atualmente existam cerca de 3 bilh\u00f5es de v\u00edtimas de traumatismos dent\u00e1rios no mundo, com 60 milh\u00f5es de novos pacientes a cada ano.<\/p>\n<p>Em 2001 foi realizado um estudo na Dinamarca, onde calculou-se um custo do primeiro tratamento \u201cdefinitivo\u201d dos traumatismos dent\u00e1rios, em torno de 2 a 5 milh\u00f5es de d\u00f3lares por milh\u00e3o de habitantes, um valor que tem aumentado desde ent\u00e3o. Isto certamente est\u00e1 impondo um importante \u00f4nus financeiro a todos os pacientes traumatizados e, em certa medida, tamb\u00e9m \u00e0 sociedade.<\/p>\n<p>\u00c9 de grande import\u00e2ncia que tais les\u00f5es sejam examinadas por um dentista o mais r\u00e1pido poss\u00edvel ap\u00f3s o acidente para que o tratamento adequado possa ser iniciado.<\/p>\n<p>Se o guia puder otimizar o tratamento inicial, que \u00e9 t\u00e3o crucial para o resultado final, espera-se que isso possa diminuir a multiplicidade de problemas futuros para todas as v\u00edtimas de trauma.<\/p>\n","protected":false},"excerpt":{"rendered":"<p>Objetivos profissionais Les\u00f5es dent\u00e1rias traum\u00e1ticas representam um problema diagn\u00f3stico complexo com uma multiplicidade de op\u00e7\u00f5es de tratamento para se escolher. Os diferentes tipos de fraturas (9) e luxa\u00e7\u00f5es (6) podem ser combinados de 54 maneiras diferentes, cada uma destas combina\u00e7\u00f5es resultando em um cen\u00e1rio de trauma com demandas de tratamento e progn\u00f3sticos em rela\u00e7\u00e3o \u00e0 cicatriza\u00e7\u00e3o pulpar e periodontal individuais . Essa complexidade explica o fato de que muito poucos dentistas no mundo est\u00e3o totalmente atualizados sobre uma abordagem \u201cbaseada em evid\u00eancias\u201d para o diagn\u00f3stico e tratamento de les\u00f5es traum\u00e1ticas dent\u00e1rias. Para ilustrar, vamos dar um exemplo: Uma les\u00e3o de<\/p>\n","protected":false},"author":2,"featured_media":0,"parent":0,"menu_order":0,"comment_status":"closed","ping_status":"closed","template":"template-full-width.php","meta":{"_acf_changed":false,"_monsterinsights_skip_tracking":false,"_monsterinsights_sitenote_active":false,"_monsterinsights_sitenote_note":"","_monsterinsights_sitenote_category":0,"footnotes":""},"class_list":["post-161632","page","type-page","status-publish","hentry","wpautop"],"acf":[],"_links":{"self":[{"href":"https:\/\/dentaltraumaguide.org\/pt\/wp-json\/wp\/v2\/pages\/161632","targetHints":{"allow":["GET"]}}],"collection":[{"href":"https:\/\/dentaltraumaguide.org\/pt\/wp-json\/wp\/v2\/pages"}],"about":[{"href":"https:\/\/dentaltraumaguide.org\/pt\/wp-json\/wp\/v2\/types\/page"}],"author":[{"embeddable":true,"href":"https:\/\/dentaltraumaguide.org\/pt\/wp-json\/wp\/v2\/users\/2"}],"replies":[{"embeddable":true,"href":"https:\/\/dentaltraumaguide.org\/pt\/wp-json\/wp\/v2\/comments?post=161632"}],"version-history":[{"count":4,"href":"https:\/\/dentaltraumaguide.org\/pt\/wp-json\/wp\/v2\/pages\/161632\/revisions"}],"predecessor-version":[{"id":167798,"href":"https:\/\/dentaltraumaguide.org\/pt\/wp-json\/wp\/v2\/pages\/161632\/revisions\/167798"}],"wp:attachment":[{"href":"https:\/\/dentaltraumaguide.org\/pt\/wp-json\/wp\/v2\/media?parent=161632"}],"curies":[{"name":"wp","href":"https:\/\/api.w.org\/{rel}","templated":true}]}}