{"id":161631,"date":"2020-06-05T07:31:09","date_gmt":"2020-06-05T07:31:09","guid":{"rendered":"https:\/\/dentaltraumaguide.org\/como-utilizar-o-guia-de-trauma-dental\/"},"modified":"2023-08-11T14:22:45","modified_gmt":"2023-08-11T14:22:45","slug":"how-to-use-the-dental-trauma-guide","status":"publish","type":"page","link":"https:\/\/dentaltraumaguide.org\/pt\/how-to-use-the-dental-trauma-guide\/","title":{"rendered":"Como utilizar o Dental Trauma Guide"},"content":{"rendered":"<h2>Iniciantes<\/h2>\n<p>Se voc\u00ea n\u00e3o possui experi\u00eancia com pacientes com traumatismo dent\u00e1rio, recomendamos que voc\u00ea leia a se\u00e7\u00e3o &#8220;Exame de um paciente com trauma\u201c.<\/p>\n<p>Para chegar ao diagn\u00f3stico correto de um paciente, utilize o Navegador do Trauma onde voc\u00ea ser\u00e1 orientado para o diagn\u00f3stico correto ao responder a uma s\u00e9rie de perguntas do tipo sim\/n\u00e3o, baseado nos achados cl\u00ednicos e radiogr\u00e1ficos.<\/p>\n<h2>Profissionais experientes e especialistas<\/h2>\n<p>Um profissional experiente normalmente ter\u00e1 identificado o diagn\u00f3stico antes de entrar\u00a0no <em>Dental Trauma Guide<\/em>. Neste caso, a p\u00e1gina de tratamento sugerido e progn\u00f3stico da les\u00e3o pode ser acessada diretamente atrav\u00e9s do painel do lado esquerdo.<\/p>\n<p>&nbsp;<\/p>\n<div style=\"width: 854px;\" class=\"wp-video\"><video class=\"wp-video-shortcode\" id=\"video-161631-1\" width=\"854\" height=\"480\" autoplay preload=\"metadata\" controls=\"controls\"><source type=\"video\/mp4\" src=\"https:\/\/dentaltraumaguide.org\/app\/uploads\/2023\/08\/03_23DTG_InstructionsV07WEB.mp4?_=1\" \/><track srclang=\"pt\" label=\"Portugu\u00eas\" kind=\"subtitles\" src=\"https:\/\/dentaltraumaguide.org\/app\/uploads\/2023\/08\/How_to_PT.srt\"\/><track srclang=\"en\" label=\"English\" kind=\"subtitles\" src=\"https:\/\/dentaltraumaguide.org\/app\/uploads\/2023\/08\/How_to_EN.srt\"\/><track srclang=\"pt\" label=\"Espa\u00f1ol\" kind=\"subtitles\" src=\"https:\/\/dentaltraumaguide.org\/app\/uploads\/2023\/08\/How_to_ES.srt\"\/><a href=\"https:\/\/dentaltraumaguide.org\/app\/uploads\/2023\/08\/03_23DTG_InstructionsV07WEB.mp4\">https:\/\/dentaltraumaguide.org\/app\/uploads\/2023\/08\/03_23DTG_InstructionsV07WEB.mp4<\/a><\/video><\/div>\n","protected":false},"excerpt":{"rendered":"<p>Iniciantes Se voc\u00ea n\u00e3o possui experi\u00eancia com pacientes com traumatismo dent\u00e1rio, recomendamos que voc\u00ea leia a se\u00e7\u00e3o &#8220;Exame de um paciente com trauma\u201c. Para chegar ao diagn\u00f3stico correto de um paciente, utilize o Navegador do Trauma onde voc\u00ea ser\u00e1 orientado para o diagn\u00f3stico correto ao responder a uma s\u00e9rie de perguntas do tipo sim\/n\u00e3o, baseado nos achados cl\u00ednicos e radiogr\u00e1ficos. Profissionais experientes e especialistas Um profissional experiente normalmente ter\u00e1 identificado o diagn\u00f3stico antes de entrar\u00a0no Dental Trauma Guide. Neste caso, a p\u00e1gina de tratamento sugerido e progn\u00f3stico da les\u00e3o pode ser acessada diretamente atrav\u00e9s do painel do lado esquerdo. &nbsp;<\/p>\n","protected":false},"author":2,"featured_media":0,"parent":0,"menu_order":0,"comment_status":"closed","ping_status":"closed","template":"template-full-width.php","meta":{"_acf_changed":false,"_monsterinsights_skip_tracking":false,"_monsterinsights_sitenote_active":false,"_monsterinsights_sitenote_note":"","_monsterinsights_sitenote_category":0,"footnotes":""},"class_list":["post-161631","page","type-page","status-publish","hentry","wpautop"],"acf":[],"_links":{"self":[{"href":"https:\/\/dentaltraumaguide.org\/pt\/wp-json\/wp\/v2\/pages\/161631","targetHints":{"allow":["GET"]}}],"collection":[{"href":"https:\/\/dentaltraumaguide.org\/pt\/wp-json\/wp\/v2\/pages"}],"about":[{"href":"https:\/\/dentaltraumaguide.org\/pt\/wp-json\/wp\/v2\/types\/page"}],"author":[{"embeddable":true,"href":"https:\/\/dentaltraumaguide.org\/pt\/wp-json\/wp\/v2\/users\/2"}],"replies":[{"embeddable":true,"href":"https:\/\/dentaltraumaguide.org\/pt\/wp-json\/wp\/v2\/comments?post=161631"}],"version-history":[{"count":7,"href":"https:\/\/dentaltraumaguide.org\/pt\/wp-json\/wp\/v2\/pages\/161631\/revisions"}],"predecessor-version":[{"id":208963,"href":"https:\/\/dentaltraumaguide.org\/pt\/wp-json\/wp\/v2\/pages\/161631\/revisions\/208963"}],"wp:attachment":[{"href":"https:\/\/dentaltraumaguide.org\/pt\/wp-json\/wp\/v2\/media?parent=161631"}],"curies":[{"name":"wp","href":"https:\/\/api.w.org\/{rel}","templated":true}]}}