{"id":161630,"date":"2020-06-05T07:31:08","date_gmt":"2020-06-05T07:31:08","guid":{"rendered":"https:\/\/dentaltraumaguide.org\/beneficios\/"},"modified":"2020-06-23T09:00:14","modified_gmt":"2020-06-23T09:00:14","slug":"benefits","status":"publish","type":"page","link":"https:\/\/dentaltraumaguide.org\/pt\/benefits\/","title":{"rendered":"Benef\u00edcios"},"content":{"rendered":"<p>Voc\u00ea receber\u00e1:<\/p>\n<ul>\n<li>Acesso a v\u00e1rios procedimentos de tratamento animados. Em menos de 90 segundos voc\u00ea estar\u00e1 totalmente atualizado.<\/li>\n<li>Determina\u00e7\u00e3o do progn\u00f3stico individual para v\u00e1rias op\u00e7\u00f5es de tratamento para todos os tipos de les\u00e3o e instru\u00e7\u00f5es ao paciente.<\/li>\n<li>Newsletter eletr\u00f4nica regular.<\/li>\n<li>O benef\u00edcio profissional de poder oferecer ao paciente com trauma dent\u00e1rio o melhor tratamento poss\u00edvel com a melhor ferramenta de progn\u00f3stico poss\u00edvel.<\/li>\n<\/ul>\n<p><em>E atrav\u00e9s de sua assinatura, voc\u00ea vai apoiar a pesquisa e desenvolvimento em andamento no campo de traumatismo dent\u00e1rio.<\/em><\/p>\n","protected":false},"excerpt":{"rendered":"<p>Voc\u00ea receber\u00e1: Acesso a v\u00e1rios procedimentos de tratamento animados. Em menos de 90 segundos voc\u00ea estar\u00e1 totalmente atualizado. Determina\u00e7\u00e3o do progn\u00f3stico individual para v\u00e1rias op\u00e7\u00f5es de tratamento para todos os tipos de les\u00e3o e instru\u00e7\u00f5es ao paciente. Newsletter eletr\u00f4nica regular. O benef\u00edcio profissional de poder oferecer ao paciente com trauma dent\u00e1rio o melhor tratamento poss\u00edvel com a melhor ferramenta de progn\u00f3stico poss\u00edvel. E atrav\u00e9s de sua assinatura, voc\u00ea vai apoiar a pesquisa e desenvolvimento em andamento no campo de traumatismo dent\u00e1rio.<\/p>\n","protected":false},"author":2,"featured_media":0,"parent":0,"menu_order":1,"comment_status":"closed","ping_status":"closed","template":"","meta":{"_acf_changed":false,"_monsterinsights_skip_tracking":false,"_monsterinsights_sitenote_active":false,"_monsterinsights_sitenote_note":"","_monsterinsights_sitenote_category":0,"footnotes":""},"class_list":["post-161630","page","type-page","status-publish","hentry","wpautop"],"acf":[],"_links":{"self":[{"href":"https:\/\/dentaltraumaguide.org\/pt\/wp-json\/wp\/v2\/pages\/161630","targetHints":{"allow":["GET"]}}],"collection":[{"href":"https:\/\/dentaltraumaguide.org\/pt\/wp-json\/wp\/v2\/pages"}],"about":[{"href":"https:\/\/dentaltraumaguide.org\/pt\/wp-json\/wp\/v2\/types\/page"}],"author":[{"embeddable":true,"href":"https:\/\/dentaltraumaguide.org\/pt\/wp-json\/wp\/v2\/users\/2"}],"replies":[{"embeddable":true,"href":"https:\/\/dentaltraumaguide.org\/pt\/wp-json\/wp\/v2\/comments?post=161630"}],"version-history":[{"count":1,"href":"https:\/\/dentaltraumaguide.org\/pt\/wp-json\/wp\/v2\/pages\/161630\/revisions"}],"predecessor-version":[{"id":165551,"href":"https:\/\/dentaltraumaguide.org\/pt\/wp-json\/wp\/v2\/pages\/161630\/revisions\/165551"}],"wp:attachment":[{"href":"https:\/\/dentaltraumaguide.org\/pt\/wp-json\/wp\/v2\/media?parent=161630"}],"curies":[{"name":"wp","href":"https:\/\/api.w.org\/{rel}","templated":true}]}}