{"id":161629,"date":"2020-06-05T07:31:08","date_gmt":"2020-06-05T07:31:08","guid":{"rendered":"https:\/\/dentaltraumaguide.org\/termos-e-condicoes-de-pagamento\/"},"modified":"2025-03-19T08:30:50","modified_gmt":"2025-03-19T08:30:50","slug":"terms-and-conditions-for-payments","status":"publish","type":"page","link":"https:\/\/dentaltraumaguide.org\/pt\/terms-and-conditions-for-payments\/","title":{"rendered":"Termos e condi\u00e7\u00f5es de pagamento"},"content":{"rendered":"<h2>Termos e condi\u00e7\u00f5es para pagamentos de membros, assinaturas e simp\u00f3sios<\/h2>\n<p><em><strong>Janeiro de 2024<\/strong><\/em><\/p>\n<p>Os termos e condi\u00e7\u00f5es aplicam-se a todas as compras comerciais de webinars, simp\u00f3sios e servi\u00e7os digitais atrav\u00e9s de https:\/\/dentaltraumaguide.org\/<\/p>\n<p>O s\u00edtio \u00e9 detido e gerido por:<\/p>\n<p>Dental Trauma Guide (Tandplejeinformation ApS)<\/p>\n<p>CVR no.: DK35247807<\/p>\n<p>Oernevej 2<\/p>\n<p>4600 Koege<\/p>\n<p>Email: <a href=\"mailto:info@dentaltraumaguide.org\">info@dentaltraumaguide.org<\/a><\/p>\n<h2>Pre\u00e7o<\/h2>\n<p>O pre\u00e7o que paga pelo seu produto \u00e9 indicado no s\u00edtio web, na brochura, por carta, por correio electr\u00f3nico ou por telefone.<\/p>\n<h2>Pagamento<\/h2>\n<p>A cobran\u00e7a ser\u00e1 efectuada na moeda indicada no s\u00edtio web, na brochura, na carta, no correio electr\u00f3nico ou por telefone. A moeda, se n\u00e3o for a moeda do pa\u00eds da sua conta banc\u00e1ria, ser\u00e1 convertida pelo seu banco na moeda da sua conta banc\u00e1ria quando for processada. N\u00e3o nos responsabilizamos por quaisquer encargos que o seu banco possa aplicar.<br \/>\nPoder\u00e1 consultar a sua encomenda antes de confirmar o pagamento do produto atrav\u00e9s do checkout. Quando confirmar o pagamento do seu produto, o montante indicado no checkout ser\u00e1 debitado na sua conta banc\u00e1ria num prazo de 1 a 5 dias \u00fateis.<\/p>\n<p>O pagamento pode ser efectuado com os seguintes cart\u00f5es de pagamento: VISA, MasterCard, Diners Club, VISA Electron e Discover.<\/p>\n<p>O montante \u00e9 deduzido aquando da encomenda ou da renova\u00e7\u00e3o do artigo.<\/p>\n<h2>Pagamentos da ades\u00e3o individual<\/h2>\n<p>Paga-se antecipadamente. Isto significa que pode aceder aos conte\u00fados de acesso pago imediatamente a seguir. Quando confirma o pagamento da sua inscri\u00e7\u00e3o individual, concorda em renunciar ao seu direito de cancelamento imediato de 14 dias (de acordo com a lei dinamarquesa). No entanto, o utilizador pode, a qualquer momento, cancelar a sua subscri\u00e7\u00e3o sem reembolso.<\/p>\n<p>Contacte-nos se, em qualquer altura, se sentir injusti\u00e7ado no que diz respeito ao pagamento e registo de membros.<\/p>\n<p>O pre\u00e7o do produto \u00e9 definido de forma diferente de acordo com o n\u00edvel de renda do pa\u00eds do usu\u00e1rio.<\/p>\n<h2>Pagamento da ades\u00e3o de grupo<\/h2>\n<p>O pagamento da ades\u00e3o de grupo pode variar em fun\u00e7\u00e3o do n\u00famero de utilizadores, do grupo, da organiza\u00e7\u00e3o e do pa\u00eds em quest\u00e3o.<br \/>\nA sua organiza\u00e7\u00e3o paga antecipadamente pelo acesso. A factura ser\u00e1 enviada por correio electr\u00f3nico, por correio postal ou por factura electr\u00f3nica. Os dados e as condi\u00e7\u00f5es de pagamento constam da factura que recebe.<\/p>\n<h2>Pagamento e cancelamento de Simp\u00f3sio e Webinar<\/h2>\n<p>O pagamento \u00e9 efectuado antecipadamente, o que significa que o participante s\u00f3 \u00e9 inscrito ap\u00f3s a confirma\u00e7\u00e3o do pagamento. O montante do pagamento \u00e9 indicado na p\u00e1gina do Simp\u00f3sio\/Webinar.<br \/>\n\u00c9 poss\u00edvel cancelar os bilhetes para o Simp\u00f3sio\/Webinar, mas n\u00e3o \u00e9 poss\u00edvel efectuar reembolsos:<\/p>\n<ul>\n<li>Os cancelamentos devem ser efectuados por escrito.<\/li>\n<li>Se for impedido de participar no Simp\u00f3sio, pode ceder o seu lugar a outra pessoa, contactando info@dentaltraumaguide.org.<\/li>\n<\/ul>\n<p>No entanto, isto deve ser feito o mais tardar 4 semanas antes do Simp\u00f3sio\/Webinar.<\/p>\n<h2>Entrega<\/h2>\n<p>O pedido \u00e9 entregue por correio electr\u00f3nico e, no caso dos webinars e simp\u00f3sios, este aplica-se como um recibo que d\u00e1 acesso.<\/p>\n<h2>Direito de cancelamento<\/h2>\n<p>Ao efectuar o pagamento, o cliente concorda em renunciar ao seu direito de cancelamento imediato de 14 dias (de acordo com a lei dinamarquesa).<\/p>\n<h2>\u00c9 assim que se arrepende<\/h2>\n<p>Arrepender-se da compra de uma subscri\u00e7\u00e3o do Dental Trauma Guide, comunicando-nos claramente o seu arrependimento. Pode enviar uma mensagem de correio electr\u00f3nico declarando o seu arrependimento para Tandplejeinformation ApS, Oernevej 2, 4600 Koege, Dinamarca, <a href=\"mailto:info@dentaltraumaguide.org\">info@dentaltraumaguide.org<\/a><\/p>\n<h2>Reembolso do dinheiro em caso de cancelamento<\/h2>\n<p>N\u00e3o haver\u00e1 reembolso, uma vez que o utilizador aceitou que o per\u00edodo de anula\u00e7\u00e3o n\u00e3o se aplica.<\/p>\n<p>Reclama\u00e7\u00f5es &#8211; se houver algo de errado com o produto ou servi\u00e7o<\/p>\n<p>A Lei de Compra Dinamarquesa aplica-se se comprar um servi\u00e7o digital ou um servi\u00e7o digital e houver um defeito no artigo comprado. Um defeito \u00e9, por exemplo, uma informa\u00e7\u00e3o incorrecta sobre o que foi comprado.<br \/>\nPode reclamar de defeitos do servi\u00e7o durante um per\u00edodo m\u00e1ximo de 30 dias a contar da data de entrega. Pode fazer publicidade contactando o nosso servi\u00e7o de apoio ao cliente.<br \/>\nO utilizador deve contactar-nos dentro de um prazo razo\u00e1vel ap\u00f3s ter descoberto o erro. Se a reclama\u00e7\u00e3o for justificada, reembolsaremos a sua compra. Por conseguinte, guarde o seu recibo.<br \/>\nPedimos-lhe que indique o problema com o m\u00e1ximo de pormenor poss\u00edvel e, eventualmente, que apresente imagens do erro.<\/p>\n<p>Op\u00e7\u00f5es de recurso<\/p>\n<p>Se n\u00e3o chegarmos a acordo sobre os seus direitos, tem as seguintes op\u00e7\u00f5es de recurso:<br \/>\nAs queixas relativas a um produto ou servi\u00e7o podem ser apresentadas no portal de queixas em linha da Comiss\u00e3o Europeia, ao apresentar uma queixa. As queixas podem ser apresentadas aqui &#8211; <a href=\"http:\/\/ec.europa.eu\/odr\">http:\/\/ec.europa.eu\/odr<\/a>.<br \/>\nAo apresentar uma queixa, indique o nosso endere\u00e7o electr\u00f3nico: info@dentaltraumaguide.org.<\/p>\n<p>O Dental Trauma Guide tira fotografias e grava\u00e7\u00f5es de v\u00eddeo durante o simp\u00f3sio, pelo que solicita o seu consentimento para as grava\u00e7\u00f5es. Ao encomendar um simp\u00f3sio, est\u00e1 tamb\u00e9m a dar o seu consentimento.<\/p>\n<h2>Consentimento:<\/h2>\n<p>Se tiver d\u00favidas sobre o tratamento dos seus dados pessoais, pode contactar-nos atrav\u00e9s de info@dentaltraumaguide.org<br \/>\nProcessamento dos seus dados pessoais<br \/>\nPediremos o seu consentimento para processar dados pessoais sobre si.<br \/>\n<strong>Redes sociais<\/strong>: Fotografias e v\u00eddeos registados durante o Simp\u00f3sio.<br \/>\nAs imagens e o v\u00eddeo ser\u00e3o utilizados para comercializar o Dental Trauma Guide nas redes sociais, no s\u00edtio web e em boletins informativos.<br \/>\n<strong>Quando encomendar servi\u00e7os de restaura\u00e7\u00e3o:<\/strong> As informa\u00e7\u00f5es sobre o servi\u00e7o de restaura\u00e7\u00e3o solicitado s\u00e3o armazenadas durante um per\u00edodo m\u00e1ximo de um m\u00eas ap\u00f3s a sua entrega.<\/p>\n<p><strong>Com o seu consentimento,<\/strong> a nossa autoridade para o processamento dos seus dados pessoais est\u00e1 de acordo com o regulamento de dados pessoais, artigo 6, par\u00e1grafo 1. letra a).<br \/>\nOs materiais de imagem e v\u00eddeo s\u00e3o eliminados ap\u00f3s 3 anos.<br \/>\nApenas processamos os seus dados pessoais, cf. o seu consentimento, enquanto tivermos uma finalidade para tal.<\/p>\n<h2>Seus direitos<\/h2>\n<p>De acordo com o regulamento relativo aos dados pessoais, o utilizador tem v\u00e1rios direitos em rela\u00e7\u00e3o ao tratamento das informa\u00e7\u00f5es que lhe dizem respeito.<br \/>\nO utilizador pode sempre solicitar a altera\u00e7\u00e3o ou elimina\u00e7\u00e3o das suas informa\u00e7\u00f5es pessoais.<br \/>\nPode tamb\u00e9m contactar-nos para colocar quest\u00f5es, exercer os seus direitos e retirar o seu consentimento.<\/p>\n<p><strong>Direito de consultar a informa\u00e7\u00e3o (direito de acesso)<\/strong><br \/>\nO utilizador tem o direito de conhecer as informa\u00e7\u00f5es que processamos sobre si, bem como uma s\u00e9rie de informa\u00e7\u00f5es adicionais.<\/p>\n<p><strong>Direito de rectifica\u00e7\u00e3o (rectifica\u00e7\u00e3o)<\/strong><br \/>\nTem o direito a que as informa\u00e7\u00f5es incorrectas sobre si sejam corrigidas.<\/p>\n<p><strong>Direito a remo\u00e7\u00e3o<\/strong><br \/>\nEm casos especiais, o utilizador tem o direito de solicitar a elimina\u00e7\u00e3o das informa\u00e7\u00f5es que lhe dizem respeito antes do momento em que ocorre a elimina\u00e7\u00e3o geral normal.<\/p>\n<p><strong>Direito \u00e0 limita\u00e7\u00e3o do processamento<\/strong><br \/>\nEm certos casos, o utilizador tem o direito de solicitar a limita\u00e7\u00e3o do tratamento dos seus dados pessoais. Se tiver o direito de restringir o processamento, no futuro s\u00f3 poderemos processar as informa\u00e7\u00f5es &#8211; para al\u00e9m do armazenamento &#8211; com o seu consentimento, ou para efeitos de estabelecimento, afirma\u00e7\u00e3o ou defesa de reivindica\u00e7\u00f5es legais, ou para proteger uma pessoa ou interesses p\u00fablicos importantes.<\/p>\n<p><strong>Direito de oposi\u00e7\u00e3o<\/strong><br \/>\nEm certos casos, o utilizador tem o direito de se opor ao tratamento legal dos seus dados pessoais. Pode tamb\u00e9m opor-se ao tratamento dos seus dados para fins de marketing directo.<\/p>\n<p><strong>Direito de transmitir informa\u00e7\u00f5es (portabilidade dos dados)<\/strong><br \/>\nEm certos casos, o utilizador tem o direito de receber os seus dados pessoais num formato estruturado, de uso corrente e de leitura \u00f3ptica, bem como de obter a transfer\u00eancia desses dados pessoais de um respons\u00e1vel pelo tratamento de dados para outro, sem qualquer impedimento.<\/p>\n<p>Pode ler mais sobre os seus direitos nas orienta\u00e7\u00f5es da Autoridade de Protec\u00e7\u00e3o de Dados sobre os direitos dos titulares dos dados, que pode encontrar em <a href=\"http:\/\/www.datatilsynet.dk\">www.datatilsynet.dk<\/a>.<\/p>\n<p><strong>Remo\u00e7\u00e3o de consentimento<\/strong><br \/>\nO utilizador tem sempre o direito de retirar o seu consentimento. Quando o utilizador retira o seu consentimento, deixamos de poder tratar os seus dados pessoais para esse fim.<\/p>\n<p><strong>Queixa \u00e0 Autoridade Dinamarquesa para a Protec\u00e7\u00e3o de Dados<\/strong><br \/>\nTem o direito de apresentar uma queixa \u00e0 Autoridade Dinamarquesa para a Protec\u00e7\u00e3o de Dados se n\u00e3o estiver satisfeito com a forma como processamos os seus dados pessoais. As informa\u00e7\u00f5es de contacto da Autoridade de Protec\u00e7\u00e3o de Dados encontram-se em <a href=\"http:\/\/www.datatilsynet.dk\">www.datatilsynet.dk<\/a>.<\/p>\n<h2>Informa\u00e7\u00f5es pessoais<\/h2>\n<p><a href=\"http:\/\/Dentaltraumaguide.org\">Dentaltraumaguide.org<\/a> respeita a privacidade de todos os utilizadores do seu s\u00edtio e tratar\u00e1 as informa\u00e7\u00f5es pessoais que nos fornecer com confidencialidade, em conformidade com a lei RGPD da UE. Utilizamos as suas informa\u00e7\u00f5es para processar o seu registo de membro da forma mais r\u00e1pida e f\u00e1cil poss\u00edvel. Em todos os outros casos, s\u00f3 utilizaremos estas informa\u00e7\u00f5es com o seu consentimento.<br \/>\nPara registar a sua ades\u00e3o, precisamos de saber o seu nome, profiss\u00e3o, organiza\u00e7\u00e3o\/local de trabalho, endere\u00e7o de correio electr\u00f3nico, endere\u00e7o de factura\u00e7\u00e3o, n\u00famero de telefone e informa\u00e7\u00f5es de pagamento.<br \/>\nO <a href=\"http:\/\/Dentaltraumaguide.org\">Dentaltraumaguide.org<\/a> n\u00e3o vende as suas informa\u00e7\u00f5es pessoais.<\/p>\n","protected":false},"excerpt":{"rendered":"<p>Termos e condi\u00e7\u00f5es para pagamentos de membros, assinaturas e simp\u00f3sios Janeiro de 2024 Os termos e condi\u00e7\u00f5es aplicam-se a todas as compras comerciais de webinars, simp\u00f3sios e servi\u00e7os digitais atrav\u00e9s de https:\/\/dentaltraumaguide.org\/ O s\u00edtio \u00e9 detido e gerido por: Dental Trauma Guide (Tandplejeinformation ApS) CVR no.: DK35247807 Oernevej 2 4600 Koege Email: info@dentaltraumaguide.org Pre\u00e7o O pre\u00e7o que paga pelo seu produto \u00e9 indicado no s\u00edtio web, na brochura, por carta, por correio electr\u00f3nico ou por telefone. Pagamento A cobran\u00e7a ser\u00e1 efectuada na moeda indicada no s\u00edtio web, na brochura, na carta, no correio electr\u00f3nico ou por telefone. A moeda, se<\/p>\n","protected":false},"author":16,"featured_media":0,"parent":0,"menu_order":0,"comment_status":"closed","ping_status":"closed","template":"template-full-width.php","meta":{"_acf_changed":false,"_monsterinsights_skip_tracking":false,"_monsterinsights_sitenote_active":false,"_monsterinsights_sitenote_note":"","_monsterinsights_sitenote_category":0,"footnotes":""},"class_list":["post-161629","page","type-page","status-publish","hentry","wpautop"],"acf":[],"_links":{"self":[{"href":"https:\/\/dentaltraumaguide.org\/pt\/wp-json\/wp\/v2\/pages\/161629","targetHints":{"allow":["GET"]}}],"collection":[{"href":"https:\/\/dentaltraumaguide.org\/pt\/wp-json\/wp\/v2\/pages"}],"about":[{"href":"https:\/\/dentaltraumaguide.org\/pt\/wp-json\/wp\/v2\/types\/page"}],"author":[{"embeddable":true,"href":"https:\/\/dentaltraumaguide.org\/pt\/wp-json\/wp\/v2\/users\/16"}],"replies":[{"embeddable":true,"href":"https:\/\/dentaltraumaguide.org\/pt\/wp-json\/wp\/v2\/comments?post=161629"}],"version-history":[{"count":11,"href":"https:\/\/dentaltraumaguide.org\/pt\/wp-json\/wp\/v2\/pages\/161629\/revisions"}],"predecessor-version":[{"id":240746,"href":"https:\/\/dentaltraumaguide.org\/pt\/wp-json\/wp\/v2\/pages\/161629\/revisions\/240746"}],"wp:attachment":[{"href":"https:\/\/dentaltraumaguide.org\/pt\/wp-json\/wp\/v2\/media?parent=161629"}],"curies":[{"name":"wp","href":"https:\/\/api.w.org\/{rel}","templated":true}]}}