{"id":161534,"date":"2020-06-05T07:31:00","date_gmt":"2020-06-05T07:31:00","guid":{"rendered":"https:\/\/dentaltraumaguide.org\/diretrizes-de-tratamento-da-iadt\/"},"modified":"2020-06-12T07:23:11","modified_gmt":"2020-06-12T07:23:11","slug":"iadt-treatment-guidelines","status":"publish","type":"page","link":"https:\/\/dentaltraumaguide.org\/pt\/iadt-treatment-guidelines\/","title":{"rendered":"Diretrizes de Tratamento da IADT"},"content":{"rendered":"<p>Acesse aqui as diretrizes de trauma da IADT gratuitamente. Voc\u00ea n\u00e3o precisa ser um membro com uma assinatura paga.<\/p>\n<p>A International Association of Dental Traumatology (IADT desenvolveu, atrav\u00e9s de sua diretoria, uma s\u00e9rie de diretrizes para o tratamento de todos os tipos de les\u00f5es traum\u00e1ticas que afetam os dentes dec\u00edduos e permanentes. Se voc\u00ea \u00e9 membro da IADT, voc\u00ea pode baixar as diretrizes de trauma da IADT a partir de 2012 usando este link\u00a0<a href=\"https:\/\/www.iadt-dentaltrauma.org\/\">www.iadt-dentaltrauma.org<\/a>.<\/p>\n<p>(A \u00faltima vers\u00e3o destas diretrizes foi publicada na Dental Traumatology 2012;<strong>28<\/strong>:2-12, 88-96, 174-182.)<\/p>\n<p>No entanto, se voc\u00ea precisar de diretrizes de tratamento visuais, recomendamos que voc\u00ea compre uma assinatura do Dental Trauma Guide completo dispon\u00edvel online neste site.<\/p>\n","protected":false},"excerpt":{"rendered":"<p>Acesse aqui as diretrizes de trauma da IADT gratuitamente. Voc\u00ea n\u00e3o precisa ser um membro com uma assinatura paga. A International Association of Dental Traumatology (IADT desenvolveu, atrav\u00e9s de sua diretoria, uma s\u00e9rie de diretrizes para o tratamento de todos os tipos de les\u00f5es traum\u00e1ticas que afetam os dentes dec\u00edduos e permanentes. Se voc\u00ea \u00e9 membro da IADT, voc\u00ea pode baixar as diretrizes de trauma da IADT a partir de 2012 usando este link\u00a0www.iadt-dentaltrauma.org. (A \u00faltima vers\u00e3o destas diretrizes foi publicada na Dental Traumatology 2012;28:2-12, 88-96, 174-182.) No entanto, se voc\u00ea precisar de diretrizes de tratamento visuais, recomendamos que voc\u00ea<\/p>\n","protected":false},"author":2,"featured_media":0,"parent":0,"menu_order":0,"comment_status":"closed","ping_status":"closed","template":"","meta":{"_acf_changed":false,"_monsterinsights_skip_tracking":false,"_monsterinsights_sitenote_active":false,"_monsterinsights_sitenote_note":"","_monsterinsights_sitenote_category":0,"footnotes":""},"class_list":["post-161534","page","type-page","status-publish","hentry","wpautop"],"acf":[],"_links":{"self":[{"href":"https:\/\/dentaltraumaguide.org\/pt\/wp-json\/wp\/v2\/pages\/161534","targetHints":{"allow":["GET"]}}],"collection":[{"href":"https:\/\/dentaltraumaguide.org\/pt\/wp-json\/wp\/v2\/pages"}],"about":[{"href":"https:\/\/dentaltraumaguide.org\/pt\/wp-json\/wp\/v2\/types\/page"}],"author":[{"embeddable":true,"href":"https:\/\/dentaltraumaguide.org\/pt\/wp-json\/wp\/v2\/users\/2"}],"replies":[{"embeddable":true,"href":"https:\/\/dentaltraumaguide.org\/pt\/wp-json\/wp\/v2\/comments?post=161534"}],"version-history":[{"count":2,"href":"https:\/\/dentaltraumaguide.org\/pt\/wp-json\/wp\/v2\/pages\/161534\/revisions"}],"predecessor-version":[{"id":165571,"href":"https:\/\/dentaltraumaguide.org\/pt\/wp-json\/wp\/v2\/pages\/161534\/revisions\/165571"}],"wp:attachment":[{"href":"https:\/\/dentaltraumaguide.org\/pt\/wp-json\/wp\/v2\/media?parent=161534"}],"curies":[{"name":"wp","href":"https:\/\/api.w.org\/{rel}","templated":true}]}}