{"id":161530,"date":"2020-06-05T07:31:00","date_gmt":"2020-06-05T07:31:00","guid":{"rendered":"https:\/\/dentaltraumaguide.org\/minha-conta\/"},"modified":"2023-01-12T09:19:04","modified_gmt":"2023-01-12T09:19:04","slug":"my-account","status":"publish","type":"page","link":"https:\/\/dentaltraumaguide.org\/pt\/my-account\/","title":{"rendered":"My Account"},"content":{"rendered":"<p><span style=\"color: #ff0000;\">A seguinte sess\u00e3o n\u00e3o est\u00e1 traduzida. <\/span><div class=\"woocommerce\"><\/div><\/p>\n","protected":false},"excerpt":{"rendered":"<p>A seguinte sess\u00e3o n\u00e3o est\u00e1 traduzida.<\/p>\n","protected":false},"author":2,"featured_media":0,"parent":0,"menu_order":0,"comment_status":"closed","ping_status":"closed","template":"","meta":{"_acf_changed":false,"_monsterinsights_skip_tracking":false,"_monsterinsights_sitenote_active":false,"_monsterinsights_sitenote_note":"","_monsterinsights_sitenote_category":0,"footnotes":""},"class_list":["post-161530","page","type-page","status-publish","hentry","wpautop"],"acf":[],"_links":{"self":[{"href":"https:\/\/dentaltraumaguide.org\/pt\/wp-json\/wp\/v2\/pages\/161530","targetHints":{"allow":["GET"]}}],"collection":[{"href":"https:\/\/dentaltraumaguide.org\/pt\/wp-json\/wp\/v2\/pages"}],"about":[{"href":"https:\/\/dentaltraumaguide.org\/pt\/wp-json\/wp\/v2\/types\/page"}],"author":[{"embeddable":true,"href":"https:\/\/dentaltraumaguide.org\/pt\/wp-json\/wp\/v2\/users\/2"}],"replies":[{"embeddable":true,"href":"https:\/\/dentaltraumaguide.org\/pt\/wp-json\/wp\/v2\/comments?post=161530"}],"version-history":[{"count":9,"href":"https:\/\/dentaltraumaguide.org\/pt\/wp-json\/wp\/v2\/pages\/161530\/revisions"}],"predecessor-version":[{"id":200886,"href":"https:\/\/dentaltraumaguide.org\/pt\/wp-json\/wp\/v2\/pages\/161530\/revisions\/200886"}],"wp:attachment":[{"href":"https:\/\/dentaltraumaguide.org\/pt\/wp-json\/wp\/v2\/media?parent=161530"}],"curies":[{"name":"wp","href":"https:\/\/api.w.org\/{rel}","templated":true}]}}