{"id":161527,"date":"2020-06-05T07:30:59","date_gmt":"2020-06-05T07:30:59","guid":{"rendered":"https:\/\/dentaltraumaguide.org\/assinatura\/"},"modified":"2025-04-28T12:01:44","modified_gmt":"2025-04-28T12:01:44","slug":"membership-plans","status":"publish","type":"page","link":"https:\/\/dentaltraumaguide.org\/pt\/membership-plans\/","title":{"rendered":"Assinatura"},"content":{"rendered":"<p><img loading=\"lazy\" decoding=\"async\" class=\"alignnone size-full wp-image-1893\" src=\"https:\/\/dentaltraumaguide.org\/app\/uploads\/2016\/11\/membership.jpg\" alt=\"membership\" width=\"800\" height=\"327\" srcset=\"https:\/\/dentaltraumaguide.org\/app\/uploads\/2016\/11\/membership.jpg 800w, https:\/\/dentaltraumaguide.org\/app\/uploads\/2016\/11\/membership-600x245.jpg 600w, https:\/\/dentaltraumaguide.org\/app\/uploads\/2016\/11\/membership-300x123.jpg 300w, https:\/\/dentaltraumaguide.org\/app\/uploads\/2016\/11\/membership-768x314.jpg 768w\" sizes=\"auto, (max-width: 800px) 100vw, 800px\" \/><\/p>\n<p><strong>Voc\u00ea pode escolher entre:<\/strong><\/p>\n<h2>Assinatura Individual e em Grupo<\/h2>\n<p>Todos os pre\u00e7os de assinatura s\u00e3o para um ano de acesso ao Dental Trauma Guide a partir da data de compra, <strong>e ser\u00e1 automaticamente renovado.<\/strong><\/p>\n<p><strong>Recomendamos que voc\u00ea opte por uma Assinatura em Grupo se:<\/strong><\/p>\n<ul>\n<li>Voc\u00ea tem muitos usu\u00e1rios que precisam ter acesso ao NOVO Dental Trauma Guide sob a<br \/>\nmesma assinatura. Todas as assinaturas s\u00e3o gerenciadas por um administrador.<\/li>\n<\/ul>\n<p>Nota: Entre em contato para mais informa\u00e7\u00f5es sobre os pre\u00e7os de assinatura de grupos.<\/p>\n<p><strong>N\u00f3s recomendamos que voc\u00ea opte por uma Assinatura Individual se:<\/strong><\/p>\n<ul>\n<li>Voc\u00ea precisa de acesso ao Dental Trauma Guide por assinatura para 1-9 usu\u00e1rios.<\/li>\n<li>Voc\u00ea pode compartilhar um login para todos os usu\u00e1rios.<\/li>\n<li>Se voc\u00ea precisar de acesso <u>imediato<\/u> acesso ao Dental Trauma Guide. (Uma assinatura em grupo leva v\u00e1rios dias para ser totalmente cadastrada).<\/li>\n<\/ul>\n<div class=\"row\">\n<div class=\"col-md-5\">\n<form id=\"individual-memberships\" action=\"\/pt\/membership-plans\/\" method=\"GET\">\n<div class=\"panel panel-default\">\n<div class=\"panel-heading\">\n<h3 class=\"text-center\">Assinatura Individual (1-9 usu\u00e1rios)<\/h3>\n<\/div>\n<div class=\"panel-body text-center\">\n<p><input type=\"hidden\" name=\"add-to-cart\" value=\"234983\"><select class=\"form-input\" name=\"quantity\"><option selected=\"selected\" value=\"\">Escolha um plano<\/option><option value=\"1\">Assinatura Individual, US$60.00 por 1 ano<\/option><option value=\"2\">Assinatura para 2 usu\u00e1rios, US$120.00 por 1 ano<\/option><option value=\"3\">Assinatura para 3 usu\u00e1rios, US$180.00 por 1 ano<\/option><option value=\"4\">Assinatura para 4 usu\u00e1rios, US$240.00 por 1 ano<\/option><option value=\"5\">Assinatura para 5 usu\u00e1rios, US$300.00 por 1 ano<\/option><option value=\"6\">Assinatura para 6 usu\u00e1rios, US$360.00 por 1 ano<\/option><option value=\"7\">Assinatura para 7 usu\u00e1rios, US$420.00 por 1 ano<\/option><option value=\"8\">Assinatura para 8 usu\u00e1rios, US$480.00 por 1 ano<\/option><option value=\"9\">Assinatura para 9 usu\u00e1rios, US$540.00 por 1 ano<\/option><\/select><\/p>\n<\/div>\n<ul class=\"list-group list-group-flush text-center\">\n<li class=\"list-group-item\">Assinaturas individuais fornecem acesso aos conte\u00fados por 1 ano.<\/li>\n<\/ul>\n<div class=\"panel-footer\"><button class=\"btn btn-lg btn-block btn-success\" disabled=\"disabled\" type=\"submit\">Escolha um plano<\/button><\/div>\n<\/div>\n<\/form>\n<p><script type=\"text\/javascript\">\njQuery('select[name=quantity]').change(function(){\njQuery('#individual-memberships button').prop('disabled', this.value == \"\");\n});\n<\/script><\/p>\n<\/div>\n<div class=\"col-md-5\">\n<div class=\"panel panel-default\">\n<div class=\"panel-heading\">\n<h3 class=\"text-center\">Assinatura de grupo (10+)<\/h3>\n<\/div>\n<div class=\"panel-body text-center\">\n<p class=\"lead\"><strong><span class=\"price\">Entre em contato para valores<\/span><\/strong><\/p>\n<\/div>\n<ul class=\"list-group list-group-flush text-center\">\n<li class=\"list-group-item\">A licen\u00e7a de organiza\u00e7\u00e3o concede acesso a uma organiza\u00e7\u00e3o e aos seus membros<\/li>\n<\/ul>\n<div class=\"panel-footer\"><a class=\"btn btn-lg btn-block btn-success\" href=\"https:\/\/dentaltraumaguide.org\/pt\/contact-for-organisation-membership\/\" rel=\"nofollow\" data-quantity=\"1\" data-product_id=\"528\" data-product_sku=\"\">Contato<\/a><\/div>\n<\/div>\n<\/div>\n<\/div>\n<style>\n.panel-body {\n    min-height: 80px;\n    display: flex;\n    align-items: center;\n    justify-content: center;\n}\n.panel-body p, .panel-body select {\n    margin: 0;\n    width: 100%;\n}\n.list-group {\n    min-height: 80px;\n}\n.list-group-item {\n    padding: 15px 55px;\n}\n<\/style>\n","protected":false},"excerpt":{"rendered":"<p>Voc\u00ea pode escolher entre: Assinatura Individual e em Grupo Todos os pre\u00e7os de assinatura s\u00e3o para um ano de acesso ao Dental Trauma Guide a partir da data de compra, e ser\u00e1 automaticamente renovado. Recomendamos que voc\u00ea opte por uma Assinatura em Grupo se: Voc\u00ea tem muitos usu\u00e1rios que precisam ter acesso ao NOVO Dental Trauma Guide sob a mesma assinatura. Todas as assinaturas s\u00e3o gerenciadas por um administrador. Nota: Entre em contato para mais informa\u00e7\u00f5es sobre os pre\u00e7os de assinatura de grupos. N\u00f3s recomendamos que voc\u00ea opte por uma Assinatura Individual se: Voc\u00ea precisa de acesso ao Dental Trauma<\/p>\n","protected":false},"author":2,"featured_media":163138,"parent":0,"menu_order":0,"comment_status":"closed","ping_status":"closed","template":"template-full-width.php","meta":{"_acf_changed":false,"_monsterinsights_skip_tracking":false,"_monsterinsights_sitenote_active":false,"_monsterinsights_sitenote_note":"","_monsterinsights_sitenote_category":0,"footnotes":""},"class_list":["post-161527","page","type-page","status-publish","has-post-thumbnail","hentry","wpautop"],"acf":[],"_links":{"self":[{"href":"https:\/\/dentaltraumaguide.org\/pt\/wp-json\/wp\/v2\/pages\/161527","targetHints":{"allow":["GET"]}}],"collection":[{"href":"https:\/\/dentaltraumaguide.org\/pt\/wp-json\/wp\/v2\/pages"}],"about":[{"href":"https:\/\/dentaltraumaguide.org\/pt\/wp-json\/wp\/v2\/types\/page"}],"author":[{"embeddable":true,"href":"https:\/\/dentaltraumaguide.org\/pt\/wp-json\/wp\/v2\/users\/2"}],"replies":[{"embeddable":true,"href":"https:\/\/dentaltraumaguide.org\/pt\/wp-json\/wp\/v2\/comments?post=161527"}],"version-history":[{"count":12,"href":"https:\/\/dentaltraumaguide.org\/pt\/wp-json\/wp\/v2\/pages\/161527\/revisions"}],"predecessor-version":[{"id":242805,"href":"https:\/\/dentaltraumaguide.org\/pt\/wp-json\/wp\/v2\/pages\/161527\/revisions\/242805"}],"wp:featuredmedia":[{"embeddable":true,"href":"https:\/\/dentaltraumaguide.org\/pt\/wp-json\/wp\/v2\/media\/163138"}],"wp:attachment":[{"href":"https:\/\/dentaltraumaguide.org\/pt\/wp-json\/wp\/v2\/media?parent=161527"}],"curies":[{"name":"wp","href":"https:\/\/api.w.org\/{rel}","templated":true}]}}