{"id":161501,"date":"2020-06-05T07:30:57","date_gmt":"2020-06-05T07:30:57","guid":{"rendered":"https:\/\/dentaltraumaguide.org\/direitos-autorais-e-isencao-de-responsabilidade\/"},"modified":"2020-07-29T13:02:57","modified_gmt":"2020-07-29T13:02:57","slug":"terms-copyrights-and-disclaimer-21-august-2009","status":"publish","type":"page","link":"https:\/\/dentaltraumaguide.org\/pt\/terms-copyrights-and-disclaimer-21-august-2009\/","title":{"rendered":"Direitos autorais e isen\u00e7\u00e3o de responsabilidade"},"content":{"rendered":"<h2>Termos de uso e copyright<\/h2>\n<p>As pessoas que acessam estas informa\u00e7\u00f5es assumem total responsabilidade pelo uso das informa\u00e7\u00f5es e entendem e concordam que o Hospital Universit\u00e1rio de Copenhage e a Associa\u00e7\u00e3o Internacional de Traumatologia Dent\u00e1ria (<em>IADT- <\/em>do ingl\u00eas<em> International association of Dental traumatology<\/em>) n\u00e3o se responsabilizam por qualquer reclama\u00e7\u00e3o, perda ou dano decorrente do uso das informa\u00e7\u00f5es.<\/p>\n<p>Refer\u00eancias a produtos, processos, recursos, sites ou servi\u00e7os espec\u00edficos n\u00e3o constitui ou implica recomenda\u00e7\u00e3o ou endosso pelo Hospital Universit\u00e1rio de Copenhague ou pela IADT. Os pontos de vista e opini\u00f5es dos autores do documento n\u00e3o necessariamente afirmam ou refletem as opini\u00f5es do Hospital Universit\u00e1rio de Copenhague ou da IADT.<\/p>\n<p>As informa\u00e7\u00f5es publicadas neste servidor podem incluir imprecis\u00f5es t\u00e9cnicas ou erros de digita\u00e7\u00e3o. Altera\u00e7\u00f5es e atualiza\u00e7\u00f5es s\u00e3o adicionadas periodicamente \u00e0s informa\u00e7\u00f5es neste servidor.<\/p>\n<p>Se a informa\u00e7\u00e3o que voc\u00ea estiver revisando for de natureza m\u00e9dica ou cl\u00ednica, por favor leia este termo de responsabilidade m\u00e9dica.<\/p>\n<h3>Isen\u00e7\u00e3o de responsabilidade m\u00e9dica<\/h3>\n<p>A medicina \u00e9 uma ci\u00eancia em constante mudan\u00e7a. \u00c0 medida que novas pesquisas e experi\u00eancias cl\u00ednicas ampliam nosso conhecimento, mudan\u00e7as nos tratamentos e terapias medicamentosa s\u00e3o necess\u00e1rias.<\/p>\n<p>Os autores verificaram em fontes confi\u00e1veis, que reconhecidamente \u00a0se esfor\u00e7aram para fornecer informa\u00e7\u00f5es completas e geralmente de acordo com os padr\u00f5es aceitos no momento da publica\u00e7\u00e3o.<\/p>\n<p>No entando, em vista da possibilidade de erro humano ou de altera\u00e7\u00f5es e atualiza\u00e7\u00f5es nas ci\u00eancias m\u00e9dicas, nem os autores, nem o Hospital Universit\u00e1rio de Copenhagen, nem a IADT, nem qualquer outra parte que tenha estado envolvida na prepara\u00e7\u00e3o ou publica\u00e7\u00e3o deste trabalho garante que as informa\u00e7\u00f5es aqui contidas s\u00e3o, em todos os aspectos, precisas ou completas, e n\u00e3o s\u00e3o respons\u00e1veis por quaisquer erros ou omiss\u00f5es ou pelos resultados obtidos com o uso de tais informa\u00e7\u00f5es.<\/p>\n<p>Recomendamos que os leitores verifiquem as informa\u00e7\u00f5es aqui contidas com outras fontes.<\/p>\n<p>As informa\u00e7\u00f5es m\u00e9dicas obtidas em nosso site n\u00e3o se destinam a substituir o atendimento profissional. Se voc\u00ea tem ou suspeita ter um problema, voc\u00ea deve consultar um dentista o mais r\u00e1pido poss\u00edvel.<\/p>\n<h3>Pol\u00edtica de N\u00e3o Aconselhamento<\/h3>\n<p>O site n\u00e3o foi projetado para leigos. Os produtos, procedimentos, terapias, etc. descritos no site devem ser aplicados somente em ambientes especialmente projetados e por profissionais especialmente certificados e treinados para tais procedimentos.<\/p>\n<p>As informa\u00e7\u00f5es contidas no site n\u00e3o se destinam a apresentar os \u00fanicos ou necessariamente os melhores produtos, procedimentos ou terapias, etc..<\/p>\n<p>Nenhum exame ou procedimento sugerido deve ser realizado, a menos que, a seu crit\u00e9rio profissional, seu risco seja justificado. Quem aplicar produtos, procedimentos e terapias etc. mostrados ou descritos no site, o far\u00e1 por sua conta e risco e ser\u00e1 respons\u00e1vel pelo cumprimento de todas as leis, regulamentos e pr\u00e1ticas m\u00e9dicas locais aplic\u00e1veis. Devido aos r\u00e1pidos avan\u00e7os das ci\u00eancias m\u00e9dicas, o Dental Trauma Guide, assim como o Hospital Universit\u00e1rio de Copenhague, recomenda a verifica\u00e7\u00e3o independente do diagn\u00f3stico, terapias, medicamentos, dosagens e m\u00e9todos de opera\u00e7\u00e3o antes que qualquer seja tomada.<\/p>\n<p>Indiv\u00edduos com qualquer tipo de condi\u00e7\u00e3o m\u00e9dica s\u00e3o aconselhados a procurar aconselhamento m\u00e9dico profissional antes de iniciar qualquer tipo de tratamento de sa\u00fade. Para quest\u00f5es m\u00e9dicas, incluindo decis\u00f5es sobre medicamentos e outros tratamentos, os usu\u00e1rios do site devem sempre consultar seu dentista e\/ou m\u00e9dico ou outro profissional de sa\u00fade qualificado.<\/p>\n<h3>Sem Garantias<\/h3>\n<p>O <em>Dental Trauma Guide<\/em>, bem como o Hospital Universit\u00e1rio de Copenhage n\u00e3o d\u00e3o qualquer garantia ou certifica\u00e7\u00e3o quanto ao conte\u00fado dos dados, informa\u00e7\u00f5es e outros materiais do site, o <em>Dental Trauma Guide<\/em> (chamado \u201cMaterial\u201d no restante do documento), a precis\u00e3o, completude e atemporalidade, o cumprimento das leis locais, os regulamentos e a pr\u00e1tica m\u00e9dica do mesmo ou a adequa\u00e7\u00e3o do Material para qualquer prop\u00f3sito particular. Todo o Material \u00e9 fornecido \u201ccomo est\u00e1\u201d e \u201cconforme dispon\u00edvel\u201d, sem garantias de qualquer tipo, expressas ou impl\u00edcitas.<\/p>\n<p>Quaisquer declara\u00e7\u00f5es sobre os produtos descritos no site s\u00e3o apenas o ponto de vista do Dental Trauma Guide, bem como do Hospital Universit\u00e1rio de Copenhague e n\u00e3o representam um endosso, avalia\u00e7\u00e3o ou uma garantia para tais produtos. Estas declara\u00e7\u00f5es n\u00e3o podem ser usadas em publicidade ou para quaisquer fins comerciais.<\/p>\n<p>Os materiais publicados sob o nome de autores individuais s\u00e3o declara\u00e7\u00f5es e opini\u00f5es somente dos referidos autores e n\u00e3o do Dental Trauma Guide ou do Hospital Universit\u00e1rio de Copenhague ou da IADT. As contribui\u00e7\u00f5es em plataformas de discuss\u00e3o interativas n\u00e3o s\u00e3o monitoradas pelo Dental Trauma Guide ou pelo Hospital Universit\u00e1rio de Copenhague e, portanto, o Dental Trauma Guide, bem como o Hospital Universit\u00e1rio de Copenhague n\u00e3o d\u00e1 garantias nem quanto \u00e0 identidade do autor nem quanto ao conte\u00fado de tais plataformas.<\/p>\n<p>O site cont\u00e9m links para sites externos e o Dental Trauma Guide ou o Hospital Universit\u00e1rio de Copenhague ou IADT n\u00e3o s\u00e3o respons\u00e1veis e n\u00e3o tem controle sobre o conte\u00fado de tais sites.As informa\u00e7\u00f5es dispon\u00edveis via link externo do <i>Dental Trauma Guide<\/i> s\u00e3o disponibilizados sem responsabilidade por parte do Dental Trauma Guide ou do Hospital Universit\u00e1rio de Copenhague ou da IADT.<\/p>\n<p>O Dental Trauma Guide, bem como o Hospital Universit\u00e1rio de Copenhague n\u00e3o d\u00e3o nenhuma garantia quanto ao funcionamento ou qualidade do site. Na medida do permitido por lei, o Dental Trauma Guide, bem como o Hospital Universit\u00e1rio de Copenhague se isenta de qualquer garantia em rela\u00e7\u00e3o ao site. O acesso ao site pode ser interrompido, restrito ou atrasado por qualquer motivo. Al\u00e9m disso, o Dental Trauma Guide ou o Hospital Universit\u00e1rio de Copenhague ou a IADT n\u00e3o d\u00e3o qualquer garantia quanto \u00e0 seguran\u00e7a e confidencialidade de qualquer transmiss\u00e3o pela internet de ou para o site. Portanto, o site ou qualquer uma das informa\u00e7\u00f5es de fax e de email n\u00e3o devem ser utilizados para enviar informa\u00e7\u00f5es confidenciais.<\/p>\n<p>Dental Trauma Guide, bem como o Hospital Universit\u00e1rio de Copenhague e a IADT n\u00e3o d\u00e3o qualquer garantia quanto aos servi\u00e7os prestados atrav\u00e9s do site. Todos esses servi\u00e7os s\u00e3o fornecidos &#8220;como est\u00e3o&#8221; e &#8220;como dispon\u00edveis&#8221;, sem garantias de qualquer tipo, expressas ou impl\u00edcitas.<\/p>\n<h3>Isen\u00e7\u00e3o de Responsabilidade<\/h3>\n<p>Na medida do permitido por lei, o Dental Trauma Guide, bem como o Hospital Universit\u00e1rio de Copenhague e a IADT se isentam de toda e qualquer responsabilidade por quaisquer danos ou perdas (incluindo, sem limita\u00e7\u00e3o, danos pessoais, perdas financeiras, danos por perdas em projetos comerciais, perda de lucros ou outras perdas consequentes) que surjam em contrato, ou em conex\u00e3o com o uso ou incapacidade de usar o site ou qualquer Material que apare\u00e7a no site, ou qualquer a\u00e7\u00e3o ou decis\u00e3o tomada como resultado do uso do site ou qualquer outro Material ou qualquer outro ato ou omiss\u00e3o em conex\u00e3o com o site ou qualquer servi\u00e7o ou o uso de qualquer servi\u00e7o que tenha sido encomendado atrav\u00e9s do site .<\/p>\n<h3>Direitos de propriedade intelectual (direitos autorais ou copyright)<\/h3>\n<p>Com a exce\u00e7\u00e3o de disposi\u00e7\u00e3o em contr\u00e1rio neste acordo, todos e quaisquer direitos de propriedade intelectual (incluindo, mas n\u00e3o se limitando aos direitos autorais) em todo o material s\u00e3o propriedade do Dental Trauma Guide, bem como do Hospital Universit\u00e1rio de Copenhague. Este acordo n\u00e3o transmite quaisquer direitos de propriedade ou relacionados com o Material ou direitos de propriedade intelectual no ou em conex\u00e3o com o Material.<\/p>\n<p>A impress\u00e3o ou download de extratos do Material \u00e9 permitida, bem como qualquer outra reprodu\u00e7\u00e3o do mesmo, apenas para fins educacionais e de pesquisa ou uso pessoal. Nenhum do Material pode ser utilizado para qualquer fim comercial. Em especial, voc\u00ea n\u00e3o pode licenciar, sublicenciar, vender, revender, transferir, ceder, distribuir ou de outra forma explorar ou disponibilizar a terceiros o Material de qualquer forma.<\/p>\n<p>O Material n\u00e3o pode ser reproduzido, armazenado ou transmitido em qualquer outro website (incluindo intranet) nem \u00e9 permitido criar qualquer trabalho derivado baseado em Material sem a permiss\u00e3o por escrito do Dental Trauma Guide, bem como do Hospital Universit\u00e1rio de Copenhague.<\/p>\n<p>Alguns nomes, instrumentos, tratamentos, logotipos, materiais de design, etc. referidos no site s\u00e3o protegidos por patentes, marcas ou outros direitos de propriedade intelectual, embora n\u00e3o seja feita refer\u00eancia espec\u00edfica a este fato no site. Portanto, o aparecimento de um nome, instrumento etc. sem designa\u00e7\u00e3o como propriet\u00e1rio n\u00e3o deve ser interpretado como uma representa\u00e7\u00e3o pelo Dental Trauma Guide, bem como pelo Hospital Universit\u00e1rio de Copenhague que \u00e9 de dom\u00ednio p\u00fablico.<\/p>\n<h3>Materiais publicit\u00e1rios<\/h3>\n<p>Anunciantes, caso estejam presentes, s\u00e3o respons\u00e1veis por garantir que o Material submetido para inclus\u00e3o no site esteja em conformidade com todas as leis e regulamentos pertinentes, bem como com as normas \u00e9ticas e m\u00e9dicas. O <em>Dental Trauma Guide<\/em>, bem como o Hospital Universit\u00e1rio ou a <em>IADT<\/em>, n\u00e3o se responsabilizam por qualquer erro, omiss\u00e3o ou inexatid\u00e3o no material publicit\u00e1rio. O aparecimento no site n\u00e3o constitui garantia ou endosso da qualidade ou valor de um produto ou das alega\u00e7\u00f5es feitas pelos fabricantes.<\/p>\n<h3>Lei e jurisdi\u00e7\u00e3o aplic\u00e1veis<\/h3>\n<p>Este acordo \u00e9 regido exclusivamente pela lei da Dinamarca, independentemente de onde a pessoa que visita o site reside ou onde esta pessoa fez seu envio, publica\u00e7\u00e3o, transa\u00e7\u00e3o ou conex\u00e3o com o site. Qualquer controv\u00e9rsia em rela\u00e7\u00e3o ao site ou em conex\u00e3o com este acordo ser\u00e1 decidida pelos tribunais na Dinamarca. Entretanto, o Dental Trauma Guide, bem como o Hospital Universit\u00e1rio de Copenhague ter\u00e3o a liberdade de apresentar reclama\u00e7\u00f5es em outras jurisdi\u00e7\u00f5es e outros pa\u00edses.<\/p>\n<h2>Assinatura e senha<\/h2>\n<p>Se voc\u00ea se registrou\/assinou o DTG (dentaltraumaguide.org), qualquer c\u00f3digo de identifica\u00e7\u00e3o de usu\u00e1rio ou senha deste site deve ser mantido em sigilo e utilizado somente por voc\u00ea (a menos que acordado por escrito com o DTG). \u00c9 nosso direito desabilitar qualquer c\u00f3digo de identifica\u00e7\u00e3o de usu\u00e1rio ou senha, seja ele escolhido por voc\u00ea ou atribu\u00eddo por n\u00f3s, a qualquer momento, se, em nossa opini\u00e3o, voc\u00ea n\u00e3o tiver cumprido qualquer uma das disposi\u00e7\u00f5es mencionadas nestes termos de uso.<\/p>\n<h3>V\u00edrus<\/h3>\n<p>Voc\u00ea \u00e9 respons\u00e1vel pela configura\u00e7\u00e3o de sua tecnologia da informa\u00e7\u00e3o, programas de computador e plataforma para acessar nossos sites. Voc\u00ea deve usar seu pr\u00f3prio software de prote\u00e7\u00e3o contra v\u00edrus.<br \/>\nN\u00e3o \u00e9 permitido o mau uso dos nossos websites introduzindo conscientemente v\u00edrus, <em>trojans, worms, logical bombs<\/em> ou outros materiais que sejam maliciosos ou tecnologicamente prejudiciais.<\/p>\n<p>Voc\u00ea n\u00e3o est\u00e1 autorizado a tentar obter acesso n\u00e3o autorizado aos nossos sites, ao servidor em que nossos sites est\u00e3o armazenados ou a qualquer servidor, computador ou banco de dados conectado ao nosso site. Voc\u00ea tamb\u00e9m n\u00e3o est\u00e1 autorizado a atacar nossos sites atrav\u00e9s de um ataque de nega\u00e7\u00e3o de servi\u00e7o\u00a0 ou de um ataque de nega\u00e7\u00e3o de servi\u00e7o distribu\u00eddo (<em>DDoS<\/em>).<\/p>\n<p>Relataremos qualquer viola\u00e7\u00e3o \u00e0s autoridades competentes e cooperaremos com essas autoridades fornecendo sua identidade. No caso de tal viola\u00e7\u00e3o, seu direito de usar nossos sites ser\u00e1 revogado imediatamente.<\/p>\n<p>N\u00f3s n\u00e3o garantimos que nosso site estar\u00e1 seguro ou livre de erros ou v\u00edrus.<\/p>\n<h3>Acesso em todos os dispositivos<\/h3>\n<p>Algumas informa\u00e7\u00f5es podem &#8211; por quest\u00f5es t\u00e9cnicas &#8211; n\u00e3o estar dispon\u00edveis em alguns dispositivos, por exemplo, iPad ou iPhone. Estamos trabalhando na convers\u00e3o de conte\u00fados baseado em Flash para formatos que podem ser reproduzidos na maioria dos smartphones, tablets e computadores. At\u00e9 que este processo seja conclu\u00eddo, n\u00e3o garantimos que todo o conte\u00fado possa ser acessado em iPads e iPhones. Computadores com sistema operacional Mac precisar\u00e3o baixar o programa Adobe Flash para acessar os v\u00eddeos de tratamento etc.<\/p>\n","protected":false},"excerpt":{"rendered":"<p>Termos de uso e copyright As pessoas que acessam estas informa\u00e7\u00f5es assumem total responsabilidade pelo uso das informa\u00e7\u00f5es e entendem e concordam que o Hospital Universit\u00e1rio de Copenhage e a Associa\u00e7\u00e3o Internacional de Traumatologia Dent\u00e1ria (IADT- do ingl\u00eas International association of Dental traumatology) n\u00e3o se responsabilizam por qualquer reclama\u00e7\u00e3o, perda ou dano decorrente do uso das informa\u00e7\u00f5es. Refer\u00eancias a produtos, processos, recursos, sites ou servi\u00e7os espec\u00edficos n\u00e3o constitui ou implica recomenda\u00e7\u00e3o ou endosso pelo Hospital Universit\u00e1rio de Copenhague ou pela IADT. Os pontos de vista e opini\u00f5es dos autores do documento n\u00e3o necessariamente afirmam ou refletem as opini\u00f5es do Hospital<\/p>\n","protected":false},"author":2,"featured_media":0,"parent":0,"menu_order":0,"comment_status":"closed","ping_status":"closed","template":"template-full-width.php","meta":{"_acf_changed":false,"_monsterinsights_skip_tracking":false,"_monsterinsights_sitenote_active":false,"_monsterinsights_sitenote_note":"","_monsterinsights_sitenote_category":0,"footnotes":""},"class_list":["post-161501","page","type-page","status-publish","hentry","wpautop"],"acf":[],"_links":{"self":[{"href":"https:\/\/dentaltraumaguide.org\/pt\/wp-json\/wp\/v2\/pages\/161501","targetHints":{"allow":["GET"]}}],"collection":[{"href":"https:\/\/dentaltraumaguide.org\/pt\/wp-json\/wp\/v2\/pages"}],"about":[{"href":"https:\/\/dentaltraumaguide.org\/pt\/wp-json\/wp\/v2\/types\/page"}],"author":[{"embeddable":true,"href":"https:\/\/dentaltraumaguide.org\/pt\/wp-json\/wp\/v2\/users\/2"}],"replies":[{"embeddable":true,"href":"https:\/\/dentaltraumaguide.org\/pt\/wp-json\/wp\/v2\/comments?post=161501"}],"version-history":[{"count":4,"href":"https:\/\/dentaltraumaguide.org\/pt\/wp-json\/wp\/v2\/pages\/161501\/revisions"}],"predecessor-version":[{"id":167490,"href":"https:\/\/dentaltraumaguide.org\/pt\/wp-json\/wp\/v2\/pages\/161501\/revisions\/167490"}],"wp:attachment":[{"href":"https:\/\/dentaltraumaguide.org\/pt\/wp-json\/wp\/v2\/media?parent=161501"}],"curies":[{"name":"wp","href":"https:\/\/api.w.org\/{rel}","templated":true}]}}