{"id":161469,"date":"2020-06-05T07:30:55","date_gmt":"2020-06-05T07:30:55","guid":{"rendered":"https:\/\/dentaltraumaguide.org\/login\/esqueci-a-senha\/"},"modified":"2020-06-23T08:50:53","modified_gmt":"2020-06-23T08:50:53","slug":"password-lost","status":"publish","type":"page","link":"https:\/\/dentaltraumaguide.org\/pt\/login\/password-lost\/","title":{"rendered":"Esqueci a senha"},"content":{"rendered":"\n<div class=\"cs-custom-login\">\n\n\t\n\n\t<p>Por favor forne\u00e7a um email para receber instru\u00e7\u00f5es sobre como redefinir a sua senha.<\/p>\n\n\t<div class=\"cs-custom-login-form-container\">\n\n\t\t<form method=\"post\" action=\"https:\/\/dentaltraumaguide.org\/pt\/my-account\/lost-password\/\">\n\n\t\t\t<div class=\"row\">\n\t\t\t\t<div class=\"col-md-4\">\n\t\t\t\t\t<div class=\"form-group\">\n\t\t\t\t\t\t<input type=\"email\" class=\"form-control\" name=\"user_login\" id=\"user_login\">\n\t\t\t\t\t<\/div>\n\t\t\t\t<\/div>\n\t\t\t<\/div>\n\n\t\t\t<p class=\"login-submit\">\n\t\t\t\t<button type=\"submit\" class=\"btn btn-primary\">Enviar<\/button> &nbsp;\n\t\t\t\t<a class=\"text-muted\" href=\"https:\/\/dentaltraumaguide.org\/wp\/wp-login.php\">\n\t\t\t\t\tV\u00e1 para entrar\t\t\t\t<\/a>\n\t\t\t<\/p>\n\t\t<\/form>\n\t<\/div>\n<\/div>\n\n","protected":false},"excerpt":{"rendered":"","protected":false},"author":2,"featured_media":0,"parent":161468,"menu_order":0,"comment_status":"closed","ping_status":"closed","template":"","meta":{"_acf_changed":false,"_monsterinsights_skip_tracking":false,"_monsterinsights_sitenote_active":false,"_monsterinsights_sitenote_note":"","_monsterinsights_sitenote_category":0,"footnotes":""},"class_list":["post-161469","page","type-page","status-publish","hentry","wpautop"],"acf":[],"_links":{"self":[{"href":"https:\/\/dentaltraumaguide.org\/pt\/wp-json\/wp\/v2\/pages\/161469","targetHints":{"allow":["GET"]}}],"collection":[{"href":"https:\/\/dentaltraumaguide.org\/pt\/wp-json\/wp\/v2\/pages"}],"about":[{"href":"https:\/\/dentaltraumaguide.org\/pt\/wp-json\/wp\/v2\/types\/page"}],"author":[{"embeddable":true,"href":"https:\/\/dentaltraumaguide.org\/pt\/wp-json\/wp\/v2\/users\/2"}],"replies":[{"embeddable":true,"href":"https:\/\/dentaltraumaguide.org\/pt\/wp-json\/wp\/v2\/comments?post=161469"}],"version-history":[{"count":1,"href":"https:\/\/dentaltraumaguide.org\/pt\/wp-json\/wp\/v2\/pages\/161469\/revisions"}],"predecessor-version":[{"id":165577,"href":"https:\/\/dentaltraumaguide.org\/pt\/wp-json\/wp\/v2\/pages\/161469\/revisions\/165577"}],"up":[{"embeddable":true,"href":"https:\/\/dentaltraumaguide.org\/pt\/wp-json\/wp\/v2\/pages\/161468"}],"wp:attachment":[{"href":"https:\/\/dentaltraumaguide.org\/pt\/wp-json\/wp\/v2\/media?parent=161469"}],"curies":[{"name":"wp","href":"https:\/\/api.w.org\/{rel}","templated":true}]}}