{"id":161467,"date":"2020-06-05T07:30:55","date_gmt":"2020-06-05T07:30:55","guid":{"rendered":"https:\/\/dentaltraumaguide.org\/versao-de-membros\/"},"modified":"2020-06-23T08:55:06","modified_gmt":"2020-06-23T08:55:06","slug":"member-version","status":"publish","type":"page","link":"https:\/\/dentaltraumaguide.org\/pt\/member-version\/","title":{"rendered":"Vers\u00e3o de membros"},"content":{"rendered":"<p>O Dental Trauma Guide est\u00e1 aqui para ajud\u00e1-lo com todos os casos de trauma dental. O site cobre diretrizes de tratamento para dentes prim\u00e1rios e permanentes e \u00e9 desenvolvido em coopera\u00e7\u00e3o entre o Hospital Universit\u00e1rio de Copenhagen e a International Association of Dental Traumatology (IADT). Torne-se membro certificado do DTG para ter acesso a todos os conte\u00fados avan\u00e7ado do Dental Trauma Guide. Leia tamb\u00e9m nossas recomenda\u00e7\u00f5es sobre como utilizar o Dental Trauma Guide. O conte\u00fado do DTG est\u00e1 marcado na cor verde. Voc\u00ea pode a qualquer momento se tornar um membro e ter acesso a todo os conte\u00fados extra.<\/p>\n","protected":false},"excerpt":{"rendered":"<p>O Dental Trauma Guide est\u00e1 aqui para ajud\u00e1-lo com todos os casos de trauma dental. O site cobre diretrizes de tratamento para dentes prim\u00e1rios e permanentes e \u00e9 desenvolvido em coopera\u00e7\u00e3o entre o Hospital Universit\u00e1rio de Copenhagen e a International Association of Dental Traumatology (IADT). Torne-se membro certificado do DTG para ter acesso a todos os conte\u00fados avan\u00e7ado do Dental Trauma Guide. Leia tamb\u00e9m nossas recomenda\u00e7\u00f5es sobre como utilizar o Dental Trauma Guide. O conte\u00fado do DTG est\u00e1 marcado na cor verde. Voc\u00ea pode a qualquer momento se tornar um membro e ter acesso a todo os conte\u00fados extra.<\/p>\n","protected":false},"author":2,"featured_media":0,"parent":0,"menu_order":0,"comment_status":"closed","ping_status":"closed","template":"","meta":{"_acf_changed":false,"_monsterinsights_skip_tracking":false,"_monsterinsights_sitenote_active":false,"_monsterinsights_sitenote_note":"","_monsterinsights_sitenote_category":0,"footnotes":""},"class_list":["post-161467","page","type-page","status-publish","hentry","wpautop"],"acf":[],"_links":{"self":[{"href":"https:\/\/dentaltraumaguide.org\/pt\/wp-json\/wp\/v2\/pages\/161467","targetHints":{"allow":["GET"]}}],"collection":[{"href":"https:\/\/dentaltraumaguide.org\/pt\/wp-json\/wp\/v2\/pages"}],"about":[{"href":"https:\/\/dentaltraumaguide.org\/pt\/wp-json\/wp\/v2\/types\/page"}],"author":[{"embeddable":true,"href":"https:\/\/dentaltraumaguide.org\/pt\/wp-json\/wp\/v2\/users\/2"}],"replies":[{"embeddable":true,"href":"https:\/\/dentaltraumaguide.org\/pt\/wp-json\/wp\/v2\/comments?post=161467"}],"version-history":[{"count":1,"href":"https:\/\/dentaltraumaguide.org\/pt\/wp-json\/wp\/v2\/pages\/161467\/revisions"}],"predecessor-version":[{"id":165548,"href":"https:\/\/dentaltraumaguide.org\/pt\/wp-json\/wp\/v2\/pages\/161467\/revisions\/165548"}],"wp:attachment":[{"href":"https:\/\/dentaltraumaguide.org\/pt\/wp-json\/wp\/v2\/media?parent=161467"}],"curies":[{"name":"wp","href":"https:\/\/api.w.org\/{rel}","templated":true}]}}