{"id":161466,"date":"2020-06-05T07:30:55","date_gmt":"2020-06-05T07:30:55","guid":{"rendered":"https:\/\/dentaltraumaguide.org\/versao-gratuita\/"},"modified":"2020-06-29T14:24:19","modified_gmt":"2020-06-29T14:24:19","slug":"free-version","status":"publish","type":"page","link":"https:\/\/dentaltraumaguide.org\/pt\/free-version\/","title":{"rendered":"Vers\u00e3o gratuita"},"content":{"rendered":"<p>O Dental Trauma Guide \u00e9 uma ferramenta l\u00edder no mundo em traumatologia odontol\u00f3gica. Ele abrange diretrizes de tratamento para dentes prim\u00e1rios e permanentes. O site \u00e9 desenvolvido em coopera\u00e7\u00e3o entre o Hospital Universit\u00e1rio de Copenhagen e a International Association of Dental Traumatology (IADT) e \u00e9 sem fins lucrativos. O pagamento da assinatura \u00e9 para a viabilidade e desenvolvimento deste site.<\/p>\n<h3>Como membro do DTG, voc\u00ea recebe:<\/h3>\n<ul>\n<li>anima\u00e7\u00f5es de tratamentos<\/li>\n<li>determina\u00e7\u00e3o do progn\u00f3sticos individuais<\/li>\n<li>o trauma pathfinder<\/li>\n<li>servi\u00e7o de newsletter com resumos de artigos recentes de traumatismo dent\u00e1rio<\/li>\n<li>download gr\u00e1tis de 30 estudos cl\u00ednicos.<\/li>\n<\/ul>\n<p>Voc\u00ea precisa se tornar um membro do DTG para ter acesso a todo o conte\u00fado do Dental Trauma Guide. Clique no bot\u00e3o verde &#8220;Comprar Assinatura&#8221; para ter acesso a todos os conte\u00fados extra.<\/p>\n<h3>Use as diretrizes gratuitas<\/h3>\n<p>Se voc\u00ea prefere usar este site sem se tornar um membro pagante, <a href=\"https:\/\/dentaltraumaguide.org\/iadt-treatment-guidelines\/\" target=\"_blank\" rel=\"noopener noreferrer\">voc\u00ea pode acessar todas as diretrizes gratuitas de traumas dent\u00e1rios da IADT aqui.<\/a><\/p>\n<p>De acordo com a IADT, as primeiras diretrizes da IADT foram publicadas em 2001, e atualizadas em 2007. Assim como nas diretrizes anteriores, os profissionais por tr\u00e1s das diretrizes s\u00e3o pesquisadores e cl\u00ednicos experientes de v\u00e1rias especialidades odontol\u00f3gicas e de cl\u00ednica geral. A revis\u00e3o atual representa a melhor evid\u00eancia com base<br \/>\nna literatura dispon\u00edvel e no melhor julgamento por profissionais especializados. \u00a0Saiba mais em <a href=\"https:\/\/www.iadt-dentaltrauma.org\">www.iadt-dentaltrauma.org<\/a><\/p>\n","protected":false},"excerpt":{"rendered":"<p>O Dental Trauma Guide est\u00e1 aqui para ajud\u00e1-lo com todos os casos de trauma dental. O site cobre diretrizes de tratamento para dentes prim\u00e1rios e permanentes e \u00e9 desenvolvido em coopera\u00e7\u00e3o entre o Hospital Universit\u00e1rio de Copenhagen e a International Association of Dental Traumatology (IADT). Torne-se membro certificado do DTG para ter acesso a todos os conte\u00fados avan\u00e7ado do Dental Trauma Guide. Leia tamb\u00e9m nossas recomenda\u00e7\u00f5es sobre como utilizar o Dental Trauma Guide. O conte\u00fado do DTG est\u00e1 marcado na cor verde. Voc\u00ea pode a qualquer momento se tornar um membro e ter acesso a todo os conte\u00fados extra.<\/p>\n","protected":false},"author":2,"featured_media":0,"parent":0,"menu_order":0,"comment_status":"closed","ping_status":"closed","template":"template-pagebuilder.php","meta":{"_acf_changed":false,"_monsterinsights_skip_tracking":false,"_monsterinsights_sitenote_active":false,"_monsterinsights_sitenote_note":"","_monsterinsights_sitenote_category":0,"footnotes":""},"class_list":["post-161466","page","type-page","status-publish","hentry","wpautop"],"acf":[],"_links":{"self":[{"href":"https:\/\/dentaltraumaguide.org\/pt\/wp-json\/wp\/v2\/pages\/161466","targetHints":{"allow":["GET"]}}],"collection":[{"href":"https:\/\/dentaltraumaguide.org\/pt\/wp-json\/wp\/v2\/pages"}],"about":[{"href":"https:\/\/dentaltraumaguide.org\/pt\/wp-json\/wp\/v2\/types\/page"}],"author":[{"embeddable":true,"href":"https:\/\/dentaltraumaguide.org\/pt\/wp-json\/wp\/v2\/users\/2"}],"replies":[{"embeddable":true,"href":"https:\/\/dentaltraumaguide.org\/pt\/wp-json\/wp\/v2\/comments?post=161466"}],"version-history":[{"count":3,"href":"https:\/\/dentaltraumaguide.org\/pt\/wp-json\/wp\/v2\/pages\/161466\/revisions"}],"predecessor-version":[{"id":166052,"href":"https:\/\/dentaltraumaguide.org\/pt\/wp-json\/wp\/v2\/pages\/161466\/revisions\/166052"}],"wp:attachment":[{"href":"https:\/\/dentaltraumaguide.org\/pt\/wp-json\/wp\/v2\/media?parent=161466"}],"curies":[{"name":"wp","href":"https:\/\/api.w.org\/{rel}","templated":true}]}}