{"id":161465,"date":"2020-06-05T07:30:55","date_gmt":"2020-06-05T07:30:55","guid":{"rendered":"https:\/\/dentaltraumaguide.org\/sobre-o-guia-de-trauma-dental\/"},"modified":"2024-01-08T12:04:15","modified_gmt":"2024-01-08T12:04:15","slug":"about","status":"publish","type":"page","link":"https:\/\/dentaltraumaguide.org\/pt\/about\/","title":{"rendered":"Sobre o Dental Trauma Guide"},"content":{"rendered":"<p>O site oferece orienta\u00e7\u00f5es baseadas em evid\u00eancias, de f\u00e1cil acesso para os dentistas, para a realiza\u00e7\u00e3o de diagn\u00f3sticos, tratamentos e acompanhamento ideais das les\u00f5es dent\u00e1rias traum\u00e1ticas nas denti\u00e7\u00f5es dec\u00eddua e permanente. O site \u00e9 desenvolvido em coopera\u00e7\u00e3o com o Hospital Universit\u00e1rio de Copenhagen e a Associa\u00e7ao Internacional de Traumatologia Dent\u00e1ria (IADT &#8211; do ingl\u00eas <em>International Association of Dental Traumatology <\/em>).<\/p>\n<p>Para ter acesso ao <em>Dental Trauma Guide<\/em> completo, voc\u00ea precisa se tornar um membro certificado do DTG <a href=\"https:\/\/dentaltraumaguide.org\/pt\/membership-plans\/\">compre aqui<\/a>.<\/p>\n<h2>Hist\u00f3rico<\/h2>\n<p>O <em>Dental Trauma Guide<\/em> \u00e9 a principal ferramenta mundial online para a traumatologia dent\u00e1ria baseada em evid\u00eancias. O <em>Dental Trauma Guide<\/em> foi criado no Hospital Universit\u00e1rio de Copenhage (<em>Rigshospitalet<\/em>) e \u00e9 uma organiza\u00e7\u00e3o baseada em pesquisa sem fins lucrativos. Desde seu in\u00edcio em 2008, o <em>Dental Trauma Guide<\/em> foi financiado por diversas funda\u00e7\u00f5es e, desta forma, foi capaz de fornecer seus servi\u00e7os gratuitamente a mais de 350.000 usu\u00e1rios de todo o mundo, anualmente. Em janeiro de 2017 o site tornou-se um servi\u00e7o pago para garantir sua sobreviv\u00eancia e evolu\u00e7\u00e3o.<\/p>\n<p><a href=\"https:\/\/dentaltraumaguide.org\/history\/\">Saiba mais sobre a hist\u00f3ria do Dental Trauma Guide aqui<\/a><\/p>\n<h2>Novo Dental Trauma Guide baseado em assinaturas<\/h2>\n<p>Em janeiro de 2017 o novo <em>Dental Trauma Guide<\/em>, vers\u00e3o 2.0 tornou-se um site pago baseado em assinaturas. Isso garante a viabilidade do <em>Dental Trauma Guide<\/em> para o benef\u00edcio dos usu\u00e1rios profissionais e seus pacientes. O novo <em>Dental Trauma Guide<\/em> continuar\u00e1 sendo a ferramenta l\u00edder mundial no campo da traumatologia dent\u00e1ria baseada em evid\u00eancias, com demonstra\u00e7\u00f5es de tratamento feitas com anima\u00e7\u00e3o f\u00e1ceis de seguir. Ele \u00e9 desenvolvido no Hospital Universit\u00e1rio de Copenhage e \u00e9 reconhecido como o legado do Dr. Jens Ove Andreasen e sua equipe de traumatologia dent\u00e1ria.<\/p>\n<p><a href=\"https:\/\/dentaltraumaguide.org\/the-dental-trauma-guide-team\/\">Saiba mais sobre a equipe do Dental Trauma Guide aqui<\/a><\/p>\n<p><em><strong>As diretrizes emitidas pela IADT ainda s\u00e3o oferecidas de maneira gratuita.<\/strong><\/em><\/p>\n","protected":false},"excerpt":{"rendered":"<p>O Dental Trauma Guide est\u00e1 aqui para ajud\u00e1-lo com todos os casos de traumatismo dent\u00e1rio. O site cobre diretrizes de tratamento para dentes prim\u00e1rios e permanentes e \u00e9 desenvolvido em coopera\u00e7\u00e3o entre o Hospital Universit\u00e1rio de Copenhagen e a International Association of Dental Traumatology (IADT). Torne-se membro certificado da DTG para ter acesso a todos os conte\u00fados avan\u00e7ado do Dental Trauma Guide. Leia tamb\u00e9m nossas recomenda\u00e7\u00f5es sobre como utilizar o Dental Trauma Guide. <\/p>\n","protected":false},"author":2,"featured_media":0,"parent":0,"menu_order":0,"comment_status":"closed","ping_status":"closed","template":"template-full-width.php","meta":{"_acf_changed":false,"_monsterinsights_skip_tracking":false,"_monsterinsights_sitenote_active":false,"_monsterinsights_sitenote_note":"","_monsterinsights_sitenote_category":0,"footnotes":""},"class_list":["post-161465","page","type-page","status-publish","hentry","wpautop"],"acf":[],"_links":{"self":[{"href":"https:\/\/dentaltraumaguide.org\/pt\/wp-json\/wp\/v2\/pages\/161465","targetHints":{"allow":["GET"]}}],"collection":[{"href":"https:\/\/dentaltraumaguide.org\/pt\/wp-json\/wp\/v2\/pages"}],"about":[{"href":"https:\/\/dentaltraumaguide.org\/pt\/wp-json\/wp\/v2\/types\/page"}],"author":[{"embeddable":true,"href":"https:\/\/dentaltraumaguide.org\/pt\/wp-json\/wp\/v2\/users\/2"}],"replies":[{"embeddable":true,"href":"https:\/\/dentaltraumaguide.org\/pt\/wp-json\/wp\/v2\/comments?post=161465"}],"version-history":[{"count":8,"href":"https:\/\/dentaltraumaguide.org\/pt\/wp-json\/wp\/v2\/pages\/161465\/revisions"}],"predecessor-version":[{"id":215066,"href":"https:\/\/dentaltraumaguide.org\/pt\/wp-json\/wp\/v2\/pages\/161465\/revisions\/215066"}],"wp:attachment":[{"href":"https:\/\/dentaltraumaguide.org\/pt\/wp-json\/wp\/v2\/media?parent=161465"}],"curies":[{"name":"wp","href":"https:\/\/api.w.org\/{rel}","templated":true}]}}