{"id":161464,"date":"2020-06-05T07:30:55","date_gmt":"2020-06-05T07:30:55","guid":{"rendered":"https:\/\/dentaltraumaguide.org\/visao\/"},"modified":"2020-08-04T08:48:22","modified_gmt":"2020-08-04T08:48:22","slug":"vision","status":"publish","type":"page","link":"https:\/\/dentaltraumaguide.org\/pt\/vision\/","title":{"rendered":"Vis\u00e3o"},"content":{"rendered":"<h3>Aumentar o n\u00edvel de atendimento a pacientes com traumatismo dent\u00e1rio<\/h3>\n<p>O desejo dos criadores do <em>Dental Trauma Guide<\/em> \u00e9 melhorar o n\u00edvel de atendimento dos pacientes com traumatismo dent\u00e1rio em todo o mundo atrav\u00e9s de um maior conhecimento sobre o assunto.<\/p>\n<p>Estima-se que o fen\u00f4meno global do traumatismo dent\u00e1rio afeta 50-60% da popula\u00e7\u00e3o mundial (incluindo ambas as denti\u00e7\u00f5es, dec\u00eddua e permanente). Estima-se que o mundo tem atualmente cerca de 1 bilh\u00e3o de v\u00edtimas de traumatismos dent\u00e1rios com 60 milh\u00f5es de novos pacientes todos os anos.<\/p>\n<p><span style=\"color: #00ccff;\"><a style=\"color: #00ccff;\" href=\"https:\/\/dentaltraumaguide.org\/about\/\">Saiba mais sobre o <em>Dental Trauma<\/em> Guide aqui<\/a><\/span><\/p>\n<p>&nbsp;<\/p>\n<p><img loading=\"lazy\" decoding=\"async\" class=\"alignnone wp-image-464 size-full\" src=\"https:\/\/dentaltraumaguide.org\/app\/uploads\/2016\/10\/vision.jpg\" alt=\"vision\" width=\"1900\" height=\"785\" srcset=\"https:\/\/dentaltraumaguide.org\/app\/uploads\/2016\/10\/vision.jpg 1900w, https:\/\/dentaltraumaguide.org\/app\/uploads\/2016\/10\/vision-600x248.jpg 600w, https:\/\/dentaltraumaguide.org\/app\/uploads\/2016\/10\/vision-300x124.jpg 300w, https:\/\/dentaltraumaguide.org\/app\/uploads\/2016\/10\/vision-768x317.jpg 768w, https:\/\/dentaltraumaguide.org\/app\/uploads\/2016\/10\/vision-1024x423.jpg 1024w\" sizes=\"auto, (max-width: 1900px) 100vw, 1900px\" \/><\/p>\n","protected":false},"excerpt":{"rendered":"<p>Estima-se que o fen\u00f4meno global de traumatismos dent\u00e1rios afete 50 -60% da popula\u00e7\u00e3o mundial (incluindo<br \/>\ndenti\u00e7\u00f5es prim\u00e1rias e permanentes). Estima-se que o mundo tenha atualmente cerca de 1 bilh\u00e3o de<br \/>\nv\u00edtimas de traumatismos dent\u00e1rios, com 60 milh\u00f5es de novos pacientes a cada ano.\u201d<br \/>\n\u201d O desejo dos criadores do do Dental Trauma Guide elevar o padr\u00e3o de atendimento para<br \/>\npacientes com traumatismo dent\u00e1rio em todo o mundo.<\/p>\n","protected":false},"author":2,"featured_media":162044,"parent":0,"menu_order":0,"comment_status":"closed","ping_status":"closed","template":"template-full-width.php","meta":{"_acf_changed":false,"_monsterinsights_skip_tracking":false,"_monsterinsights_sitenote_active":false,"_monsterinsights_sitenote_note":"","_monsterinsights_sitenote_category":0,"footnotes":""},"class_list":["post-161464","page","type-page","status-publish","has-post-thumbnail","hentry","wpautop"],"acf":[],"_links":{"self":[{"href":"https:\/\/dentaltraumaguide.org\/pt\/wp-json\/wp\/v2\/pages\/161464","targetHints":{"allow":["GET"]}}],"collection":[{"href":"https:\/\/dentaltraumaguide.org\/pt\/wp-json\/wp\/v2\/pages"}],"about":[{"href":"https:\/\/dentaltraumaguide.org\/pt\/wp-json\/wp\/v2\/types\/page"}],"author":[{"embeddable":true,"href":"https:\/\/dentaltraumaguide.org\/pt\/wp-json\/wp\/v2\/users\/2"}],"replies":[{"embeddable":true,"href":"https:\/\/dentaltraumaguide.org\/pt\/wp-json\/wp\/v2\/comments?post=161464"}],"version-history":[{"count":4,"href":"https:\/\/dentaltraumaguide.org\/pt\/wp-json\/wp\/v2\/pages\/161464\/revisions"}],"predecessor-version":[{"id":167794,"href":"https:\/\/dentaltraumaguide.org\/pt\/wp-json\/wp\/v2\/pages\/161464\/revisions\/167794"}],"wp:featuredmedia":[{"embeddable":true,"href":"https:\/\/dentaltraumaguide.org\/pt\/wp-json\/wp\/v2\/media\/162044"}],"wp:attachment":[{"href":"https:\/\/dentaltraumaguide.org\/pt\/wp-json\/wp\/v2\/media?parent=161464"}],"curies":[{"name":"wp","href":"https:\/\/api.w.org\/{rel}","templated":true}]}}