{"id":161460,"date":"2020-06-05T07:29:33","date_gmt":"2020-06-05T07:29:33","guid":{"rendered":"https:\/\/dentaltraumaguide.org\/a-equipe-do-guia-de-trauma-dental\/"},"modified":"2023-11-15T14:43:07","modified_gmt":"2023-11-15T14:43:07","slug":"the-dental-trauma-guide-team","status":"publish","type":"page","link":"https:\/\/dentaltraumaguide.org\/pt\/the-dental-trauma-guide-team\/","title":{"rendered":"A Equipe do Dental Trauma Guide"},"content":{"rendered":"<div><img loading=\"lazy\" decoding=\"async\" class=\"wp-image-184022 size-full alignnone\" src=\"https:\/\/dentaltraumaguide.org\/app\/uploads\/2023\/01\/Group-DTG-WEB.jpg\" alt=\"\" width=\"1600\" height=\"720\" \/><\/div>\n<p>Conhe\u00e7a nossa equipe de especialistas que trabalha no Dental Trauma Guide.<\/p>\n<h2>A Equipe do Dental Trauma Guide<\/h2>\n<hr \/>\n<div class=\"team\">\n<div class=\"profile ex\">\n<div><img loading=\"lazy\" decoding=\"async\" class=\"wp-image-26782\" src=\"https:\/\/dentaltraumaguide.org\/app\/uploads\/2023\/01\/Jens-Andreassen_deceased.jpg\" alt=\"Jens Ove Andreasen\" width=\"149\" height=\"149\" \/><\/div>\n<div class=\"profile-text\"><em>Jens Ove Andreasen <\/em>(DDS Dr. Odont. hc.) (1935-2020) \u00e9 considerado o Pai da Traumatologia Dent\u00e1ria. Fundador do <em>Dental Trauma Guide<\/em>. Especializou-se em Cirurgia Buco maxilofacial em 1968, atuando na \u00e1rea h\u00e1 mais de 50 anos. Ele trabalhou cl\u00ednica e experimentalmente em les\u00f5es dent\u00e1rias traum\u00e1ticas, reimplante dent\u00e1rio, transplante dent\u00e1rio, erup\u00e7\u00e3o dent\u00e1ria e impacta\u00e7\u00e3o dent\u00e1ria. Ele foi o autor de 12 livros did\u00e1ticos e 400 artigos cient\u00edficos. Presidente da Associa\u00e7\u00e3o Internacional de Traumatologia Dent\u00e1ria de 1989-2001. Jens faleceu em 2020, mas a equipe por tr\u00e1s do <em>Dental Trauma Guide<\/em> est\u00e1 determinada a continuar seu trabalho e miss\u00e3o de disseminar conhecimento sobre o tratamento correto do traumatismo dent\u00e1rio. O <em>Dental Trauma Guide<\/em> e os Simp\u00f3sios de Copenhague continuar\u00e3o no esp\u00edrito e em homenagem a Jens Ove Andreasen.<\/div>\n<div><\/div>\n<\/div>\n<div class=\"profile\">\n<div><img loading=\"lazy\" decoding=\"async\" class=\"wp-image-183950 size-full\" src=\"https:\/\/dentaltraumaguide.org\/app\/uploads\/2023\/01\/Eva-Lauridsen.jpg\" alt=\"\" width=\"165\" height=\"165\" \/><\/div>\n<div class=\"profile-text\"><em>Eva Lauridsen<\/em> (DDS, PhD) formou-se na Faculdade de Odontologia de Copenhage em 1998. Possui forma\u00e7\u00e3o em odontopediatria e trabalhou durante v\u00e1rios anos no Departamento de Odontopediatria da Faculdade de Odontologia de Copenhague e do Hospital Universit\u00e1rio de Copenhague, <em>Rigshospitalet<\/em>. Sua principal \u00e1rea de pesquisa \u00e9 traumatologia dent\u00e1ria e \u00e9 autora de v\u00e1rios artigos cient\u00edficos e cap\u00edtulos de livros nesta \u00e1rea. Nos \u00faltimos 12 anos, Eva tem sido parte ativa do grupo de pesquisa e de desenvolvimento do <em>Dental Trauma Guide<\/em> sendo chefe da cl\u00ednica de pesquisa do <em>Dental Trauma Guide<\/em>.<\/div>\n<div><\/div>\n<\/div>\n<div class=\"profile\">\n<div><img loading=\"lazy\" decoding=\"async\" class=\"wp-image-183956\" src=\"https:\/\/dentaltraumaguide.org\/app\/uploads\/2023\/01\/Lars-Andersson.jpg\" alt=\"\" width=\"165\" height=\"165\" \/><\/div>\n<div class=\"profile-text\"><em>Lars Andersson <\/em>(DDS PhD DrOdont) se graduou e realizou seu treinamento como pesquisador no Instituto Karolinska Su\u00e9cia nos anos 70 e 80. Especialista e Consultor como Cirurgi\u00e3o Bucomaxiofacial na Su\u00e9cia durante as d\u00e9cadas de 80 e 90. Professor catedr\u00e1tico de Cirurgia Bucomaxilofacial da Universidade do Kuwait de 2002 a 2017. Professor S\u00eanior de Cirurgia Bucomaxilofacial da Universidade de Malm\u00f6, Su\u00e9cia, desde 2017. Publicou mais de 100 artigos cient\u00edficos em revistas indexadas no Medline, muitos dos quais na \u00e1rea de traumatologia. Autor e editor de livros did\u00e1ticos de Cirurgia Oral Maxilofacial e Traumatologia.<\/div>\n<div><\/div>\n<\/div>\n<div class=\"profile\">\n<div><img loading=\"lazy\" decoding=\"async\" class=\"wp-image-183962\" src=\"https:\/\/dentaltraumaguide.org\/app\/uploads\/2023\/01\/Tue.jpg\" alt=\"\" width=\"165\" height=\"165\" \/><\/div>\n<div class=\"profile-text\"><em>Tue Frigaard Hansen<\/em> \u00e9 um ilustrador 3D aut\u00f4nomo e propriet\u00e1rio do 360 Degree. Formou-se como designer gr\u00e1fico com especialidade em ilustra\u00e7\u00e3o t\u00e9cnica na Universidade de Lancaster, Inglaterra, em 2001. Seu trabalho para o Centro de Recursos para Doen\u00e7as Orais Raras e Departamento de Cirurgia BucoMaxilo-Facial do Hospital Universit\u00e1rio de Copenhague inclui web design e desenvolvimento web, design gr\u00e1fico, ilustra\u00e7\u00f5es t\u00e9cnicas e anima\u00e7\u00f5es 3D.<\/div>\n<div><\/div>\n<\/div>\n<div class=\"profile\">\n<div><img loading=\"lazy\" decoding=\"async\" class=\"wp-image-183968\" src=\"https:\/\/dentaltraumaguide.org\/app\/uploads\/2023\/01\/Tim-Holberg-Fog.jpg\" alt=\"\" width=\"165\" height=\"165\" \/><\/div>\n<div class=\"profile-text\"><em>Tim Holberg Fog <\/em>(MSc, CEO) \u00e9 o gerente geral da equipe do <em>Dental Trauma Guide<\/em>. Secret\u00e1rio do Conselho de Administra\u00e7\u00e3o do <em>Dental Trauma Guide<\/em> e diretor geral da parceria p\u00fablico-privada TandplejeInformation.<\/div>\n<div><\/div>\n<\/div>\n<div class=\"profile\">\n<div><img loading=\"lazy\" decoding=\"async\" class=\"wp-image-183974\" src=\"https:\/\/dentaltraumaguide.org\/app\/uploads\/2023\/01\/Trine.jpg\" alt=\"\" width=\"165\" height=\"165\" \/><\/div>\n<div class=\"profile-text\"><em>Trine Flindt-Larsen<\/em> \u00e9 gerente de projeto do <em>Dental Trauma Guide<\/em>. Lida com a maioria das consultas ao DTG e \u00e9 respons\u00e1vel pela administra\u00e7\u00e3o di\u00e1ria. Com sua forma\u00e7\u00e3o em odontologia e conhecimento em tecnologia da informa\u00e7\u00e3o, Trine ajuda e orienta nossos usu\u00e1rios da melhor maneira poss\u00edvel.<\/div>\n<div><\/div>\n<\/div>\n<div class=\"profile\">\n<div><img loading=\"lazy\" decoding=\"async\" class=\"wp-image-183992\" src=\"https:\/\/dentaltraumaguide.org\/app\/uploads\/2023\/01\/Josephine-Solgaard-Henriksen.jpg\" alt=\"\" width=\"165\" height=\"165\" \/><\/div>\n<div class=\"profile-text\"><em>Josephine Solgaard <\/em>(DDS) concluiu os estudos de odontologia na Escuela de Odontolog\u00eda de Copenhague em 2020. Desde 2019, Josephine tem estado involucrada ativamente no grupo de pesquisa e de desenvolvimento do Dental Trauma Guide, e tem atendido pacientes na cl\u00ednica de investiga\u00e7\u00e3o do Dental Trauma Guide. Josephine \u00e9 estudante de doutorado na Universidade de Copenhague no campo de traumatologia dent\u00e1ria desde o ano de 2022.<\/div>\n<div><\/div>\n<\/div>\n<div class=\"profile\">\n<div><img loading=\"lazy\" decoding=\"async\" class=\"wp-image-183980\" src=\"https:\/\/dentaltraumaguide.org\/app\/uploads\/2023\/01\/Emma-Fernandez.jpg\" alt=\"\" width=\"165\" height=\"165\" \/><\/div>\n<div class=\"profile-text\"><em>Emma Fern\u00e1ndez<\/em> (MA) \u00e9 graduada em Empresas criativas e de m\u00eddia pela Universidade de Warwick, no Reino Unido. Ela \u00e9 coordenadora de tradu\u00e7\u00e3o a do <em>Dental Trauma Guide<\/em> e implementa estrat\u00e9gias de marketing para a Am\u00e9rica Latina e mercados emergentes.<\/div>\n<div><\/div>\n<\/div>\n<div class=\"profile\">\n<div><img loading=\"lazy\" decoding=\"async\" class=\"wp-image-184029\" src=\"https:\/\/dentaltraumaguide.org\/app\/uploads\/2023\/01\/Nanna.jpg\" alt=\"\" width=\"165\" height=\"165\" \/><\/div>\n<div class=\"profile-text\"><em>Nanna Myser Olsen<\/em> (MA International Business Communication) \u00e9 gerente de projetos do <em>Dental Trauma Guide<\/em>. \u00c9 respons\u00e1vel pela administra\u00e7\u00e3o di\u00e1ria e comunica\u00e7\u00e3o de\/para DTG. Nanna \u00e9 respons\u00e1vel pelo marketing global do <em>Dental Trauma Guide.<\/em><\/div>\n<div><\/div>\n<\/div>\n<div class=\"profile\">\n<div><img loading=\"lazy\" decoding=\"async\" class=\"wp-image-184035\" src=\"https:\/\/dentaltraumaguide.org\/app\/uploads\/2023\/01\/Lone.jpg\" alt=\"\" width=\"165\" height=\"165\" \/><\/div>\n<div class=\"profile-text\"><em>Lone Vesterager<\/em> \u00e9 diretora de administra\u00e7\u00e3o e finan\u00e7as do <em>Dental Trauma Guide.<\/em><\/div>\n<div><\/div>\n<\/div>\n<div class=\"profile\">\n<div><img loading=\"lazy\" decoding=\"async\" class=\"wp-image-183986\" src=\"https:\/\/dentaltraumaguide.org\/app\/uploads\/2023\/01\/Georgios-Tsilingaridis.jpg\" alt=\"\" width=\"165\" height=\"165\" \/><\/div>\n<div class=\"profile-text\"><em>Georgios Tsilingaridis<\/em> graduou-se no <em>Karoli<\/em>nska Institutet em 1997, concluiu sua p\u00f3s-gradua\u00e7\u00e3o em odontopediatria no <em>Eastmaninstitutet<\/em> em Estocolmo em 2004 e recebeu seu PhD no <em>Karolinska Institutet<\/em> em 2013. Ele \u00e9 Professor Associado, Chefe da Divis\u00e3o de Ortodontia e Odontopediatria e Vice-Reitor do Departamento de Medicina Dent\u00e1ria do <em>Karolinska Institutet<\/em>. Ele \u00e9 o ex-presidente da Sociedade Sueca de Odontopediatria e do antigo conselho sueco da Academia Europeia de Odontopediatria (EAPD). Atualmente, ele atua como membro de v\u00e1rios comit\u00eas da EAPD e da Associa\u00e7\u00e3o Internacional de Traumatologia Dent\u00e1ria (IADT). Seu principal campo de pesquisa \u00e9 o trauma dental e ele \u00e9 autor ou co-autor de v\u00e1rias publica\u00e7\u00f5es cient\u00edficas originais e livros did\u00e1ticos, incluindo o <em>Textbook and Color Atlas of Traumatic Injuries<\/em> to the Teeth e as \u00faltimas diretrizes da IADT.<\/div>\n<div><\/div>\n<\/div>\n<div class=\"profile\">\n<div><img loading=\"lazy\" decoding=\"async\" class=\"wp-image-184000\" src=\"https:\/\/dentaltraumaguide.org\/app\/uploads\/2023\/01\/Poul-Folke.jpg\" alt=\"\" width=\"165\" height=\"165\" \/><\/div>\n<div class=\"profile-text\"><em>Poul Folke Christensen<\/em> (DDS) se formou na Escola de Odontologia da Universidade de Aarhus em 1973. Ele tem forma\u00e7\u00e3o em odontopediatria e trabalhou por v\u00e1rios anos no departamento de odontopediatria na Escola de Odontologia de Aarhus. Por 35 anos, liderou a odontologia p\u00fablica no munic\u00edpio de Viborg. Hoje \u00e9 copropriet\u00e1rio e presidente do conselho de administra\u00e7\u00e3o da parceria p\u00fablico-privada <em>TandplejeInformation.<\/em><\/div>\n<div><\/div>\n<\/div>\n<div class=\"profile\">\n<div><img loading=\"lazy\" decoding=\"async\" class=\"wp-image-184044\" src=\"https:\/\/dentaltraumaguide.org\/app\/uploads\/2023\/01\/Thomas-Kofod-Steengaard-baggrund.jpg\" alt=\"\" width=\"165\" height=\"165\" \/><\/div>\n<div class=\"profile-text\"><em>Thomas Kofod Steengaard<\/em> (DDS) formou-se em odontologia pela Escola de Odontologia da Universidade de Aarhus em 1996. Em 2004, tornou-se especialista certificado pelo conselho em Cirurgia Oral e Maxilofacial no Hospital da Universidade de Aarhus. Em 2005, defendeu a sua tese de doutoramento, na Universidade de Aarhus, sobre distra\u00e7\u00e3o osteog\u00eanica. Foi nomeado consultor em cirurgia oral e maxilofacial do Hospital Universit\u00e1rio de Copenhague, Rigshospitalet, em 2007. Ele \u00e9 chefe do departamento de cirurgia buco maxilofacial do mesmo hospital desde 2011.<\/div>\n<div><\/div>\n<\/div>\n<div class=\"profile\">\n<div><img loading=\"lazy\" decoding=\"async\" class=\"wp-image-184056\" src=\"https:\/\/dentaltraumaguide.org\/app\/uploads\/2023\/01\/Simon-Storgard-Jensen-baggrund.jpg\" alt=\"\" width=\"165\" height=\"165\" \/><\/div>\n<div class=\"profile-text\"><em>Simon Storg\u00e5rd Jensen <\/em>(DDS) se formou na Faculdade de Odontologia da Universidade de Copenhague em 1996. Ele \u00e9 especialista certificado em Cirurgia Oral e Maxilofacial desde 2004. Desde 2005, ele \u00e9 consultor s\u00eanior em cirurgia oral e maxilofacial e chefe da divis\u00e3o de tratamento para pacientes com perda dent\u00e1ria cong\u00eanita e perda de tempo dental relacionada a traumatismos no Departamento de Cirurgia Oral e Maxilofacial do Hospital Universit\u00e1rio de Copenhague. Desde 2019 Professor do Departamento de Cirurgia Oral e Maxilofacial da Faculdade de Medicina Dent\u00e1ria da Universidade de Copenhague. Suas principais \u00e1reas de pesquisa e abordagem s\u00e3o: implantodontia, procedimentos de aumento \u00f3sseo, endodontia cir\u00fargica e infec\u00e7\u00f5es odontog\u00eanicas.<\/div>\n<\/div>\n<h2>Representantes Regionales<\/h2>\n<hr \/>\n<div class=\"team\">\n<div class=\"profile\">\n<div><img loading=\"lazy\" decoding=\"async\" class=\"wp-image-26782\" src=\"https:\/\/dentaltraumaguide.org\/app\/uploads\/2020\/12\/Juliana_Bastos.jpg\" width=\"165\" height=\"165\" \/><\/div>\n<div class=\"profile-text\"><em>Juliana Vilela Bastos <\/em>(DDS, PhD) \u00e9 professora de endodontia na Universidade Federal de Minas Gerais em Belo Horizonte, Brasil, onde coordena o Centro de Traumatismo Dent\u00e1rio e est\u00e1 ativamente envolvida na educa\u00e7\u00e3o, pesquisa e atendimento multidisciplinar em traumas dent\u00e1rios. Colabora tamb\u00e9m com Dental Trauma Guide garantindo a qualidade do site em portugu\u00eas e ajudando a difundir o conhecimento sobre Dental Trauma Guide naquela parte do mundo.<\/div>\n<div><\/div>\n<\/div>\n<div class=\"profile\">\n<div><img loading=\"lazy\" decoding=\"async\" class=\"wp-image-26786\" src=\"https:\/\/dentaltraumaguide.org\/app\/uploads\/2019\/03\/Marie_Flores.jpg\" width=\"165\" height=\"165\" \/><\/div>\n<div class=\"profile-text\"><em>Marie Therese Flores<\/em> (DDS) \u00e9 professora de Odontopediatria da Faculdade de Odontologia da Universidade de Valpara\u00edso, Chile. Foi presidente da IADT de 2003 a 2006 e atualmente \u00e9 membro da diretoria da IATD. \u00c9 co-autora do Protocolo para tratamento de Les\u00f5es Dent\u00e1rias Traum\u00e1ticas, publicado pela IADT em 2007. Desde 2001, \u00e9 membro do conselho editorial do jornal Dental Traumatology. Supervisiona a qualidade da vers\u00e3o em espanhol do Dental Trauma Guide e promove seu uso na Am\u00e9rica Latina.<\/div>\n<\/div>\n<h2>Colaboradores de Dental Trauma Guide<\/h2>\n<hr \/>\n<div class=\"team\">\n<div class=\"profile\">\n<div><img loading=\"lazy\" decoding=\"async\" class=\"wp-image-26782\" src=\"https:\/\/dentaltraumaguide.org\/app\/uploads\/2019\/03\/S\u00f8ren_Steno.jpg\" width=\"165\" height=\"165\" \/><\/div>\n<div class=\"profile-text\"><em>S\u00f8ren Steno Ahrensburg Christensen<\/em> (MSC) especializou-se em bioqu\u00edmica\/ desenvolvimento de software. Formou-se na Universidade T\u00e9cnica da Dinamarca (DTU \u2013 do ingl\u00eas Danish Technical University) em 2002. Trabalhou 4 anos para a IBM Personal Systems Group fornecendo suporte t\u00e9cnico \u00e0 equipe de vendas. Ele desenvolveu a primeira vers\u00e3o do <em>Dental Trauma Guide<\/em> em colabora\u00e7\u00e3o com o Dr. Jens Ove Andreasen no Hospital Universit\u00e1rio de Copenhague.<\/div>\n<div><\/div>\n<\/div>\n<div class=\"profile\">\n<div><img loading=\"lazy\" decoding=\"async\" class=\"wp-image-26782\" src=\"https:\/\/dentaltraumaguide.org\/app\/uploads\/2019\/03\/Thomas_Gerds.jpg\" width=\"165\" height=\"165\" \/><\/div>\n<div class=\"profile-text\"><em>Thomas Alexander Gerds,<\/em> Matem\u00e1tico e Estat\u00edstico. Estudou Matem\u00e1tica (formado em 1998) e Bioestat\u00edstica (Dr.rer.nat. 2002) em Friburgo, Alemanha. Entre 1999-2006 trabalhou como consultor estat\u00edstico para o Departamento de Pr\u00f3tese Dent\u00e1ria na Universidade de Friburgo Albert-Ludwig. Desde 2007 est\u00e1 trabalhando na Se\u00e7\u00e3o de Bioestat\u00edstica do Departamento de Sa\u00fade P\u00fablica da Universidade de Copenhague. Sua pesquisa tem como foco modelos de predi\u00e7\u00e3o de risco e an\u00e1lise de sobreviv\u00eancia. Desde 2007, colabora com a equipe do <em>Dental Trauma Guide<\/em> em Copenhague.<\/div>\n<div><\/div>\n<\/div>\n<div class=\"profile\">\n<div><img loading=\"lazy\" decoding=\"async\" class=\"wp-image-26782\" src=\"https:\/\/dentaltraumaguide.org\/app\/uploads\/2019\/03\/Leif_Bakland.jpg\" width=\"165\" height=\"165\" \/><\/div>\n<div class=\"profile-text\"><em>Leif Bakland<\/em> (DDS) \u00e9 professor em\u00e9rito no Departamento de Endodontia, Faculdade de Odontologia, Universidade de Loma Linda na Calif\u00f3rnia, EUA. Foi co-editor da 4a., 5a. e 6a. edi\u00e7\u00f5es do livro <em>\u201cIngle\u2019s Endodontics\u201d<\/em>, da 1., 2\u00aa. e 3\u00aa. edi\u00e7\u00f5es do livro <em>\u201cManual of Dental Traumatology\u201d<\/em> , e da 3a. edi\u00e7\u00e3o do livro <em>\u201cTextbook and Color Atlas of Traumatic Dental Injuries to the Teeth\u201d<\/em>. Foi editor associado do jornal <em>Dental Traumatology<\/em>.<\/div>\n<\/div>\n<\/div>\n<\/div>\n<\/div>\n","protected":false},"excerpt":{"rendered":"<p>Conhe\u00e7a nossa equipe de especialistas que trabalha no Dental Trauma Guide. A Equipe do Dental Trauma Guide Jens Ove Andreasen (DDS Dr. Odont. hc.) (1935-2020) \u00e9 considerado o Pai da Traumatologia Dent\u00e1ria. Fundador do Dental Trauma Guide. Especializou-se em Cirurgia Buco maxilofacial em 1968, atuando na \u00e1rea h\u00e1 mais de 50 anos. Ele trabalhou cl\u00ednica e experimentalmente em les\u00f5es dent\u00e1rias traum\u00e1ticas, reimplante dent\u00e1rio, transplante dent\u00e1rio, erup\u00e7\u00e3o dent\u00e1ria e impacta\u00e7\u00e3o dent\u00e1ria. Ele foi o autor de 12 livros did\u00e1ticos e 400 artigos cient\u00edficos. Presidente da Associa\u00e7\u00e3o Internacional de Traumatologia Dent\u00e1ria de 1989-2001. Jens faleceu em 2020, mas a equipe por tr\u00e1s<\/p>\n","protected":false},"author":2,"featured_media":0,"parent":0,"menu_order":0,"comment_status":"closed","ping_status":"closed","template":"template-full-width.php","meta":{"_acf_changed":false,"_monsterinsights_skip_tracking":false,"_monsterinsights_sitenote_active":false,"_monsterinsights_sitenote_note":"","_monsterinsights_sitenote_category":0,"footnotes":""},"class_list":["post-161460","page","type-page","status-publish","hentry","wpautop"],"acf":[],"_links":{"self":[{"href":"https:\/\/dentaltraumaguide.org\/pt\/wp-json\/wp\/v2\/pages\/161460","targetHints":{"allow":["GET"]}}],"collection":[{"href":"https:\/\/dentaltraumaguide.org\/pt\/wp-json\/wp\/v2\/pages"}],"about":[{"href":"https:\/\/dentaltraumaguide.org\/pt\/wp-json\/wp\/v2\/types\/page"}],"author":[{"embeddable":true,"href":"https:\/\/dentaltraumaguide.org\/pt\/wp-json\/wp\/v2\/users\/2"}],"replies":[{"embeddable":true,"href":"https:\/\/dentaltraumaguide.org\/pt\/wp-json\/wp\/v2\/comments?post=161460"}],"version-history":[{"count":17,"href":"https:\/\/dentaltraumaguide.org\/pt\/wp-json\/wp\/v2\/pages\/161460\/revisions"}],"predecessor-version":[{"id":212779,"href":"https:\/\/dentaltraumaguide.org\/pt\/wp-json\/wp\/v2\/pages\/161460\/revisions\/212779"}],"wp:attachment":[{"href":"https:\/\/dentaltraumaguide.org\/pt\/wp-json\/wp\/v2\/media?parent=161460"}],"curies":[{"name":"wp","href":"https:\/\/api.w.org\/{rel}","templated":true}]}}