{"id":160755,"date":"2020-05-25T12:48:42","date_gmt":"2020-05-25T12:48:42","guid":{"rendered":"https:\/\/dentaltraumaguide.org\/assinatura-da-newsletter\/"},"modified":"2023-11-14T12:28:42","modified_gmt":"2023-11-14T12:28:42","slug":"newsletter-signup","status":"publish","type":"page","link":"https:\/\/dentaltraumaguide.org\/pt\/newsletter-signup\/","title":{"rendered":"Assinatura da newsletter"},"content":{"rendered":"<p><img loading=\"lazy\" decoding=\"async\" class=\"alignnone size-full wp-image-1944\" src=\"https:\/\/dentaltraumaguide.org\/app\/uploads\/2016\/07\/news.jpg\" alt=\"news\" width=\"800\" height=\"327\" \/><\/p>\n<table border=\"0\" width=\"50%\" cellspacing=\"0\" cellpadding=\"0\" align=\"left\">\n<tbody>\n<tr>\n<td valign=\"top\">\n<h3>Cadastre-se para receber a newsletter do Dental Trauma Guide.<\/h3>\n<p>Receba not\u00edcias sobre as novidades e altera\u00e7\u00f5es no Dental Trauma Guide, sobre os anuais Copenhagen Symposia, sobre as novas pesquisas do time do Dental Trauma Guide e muito mais.<\/p>\n<p><span style=\"color: #ff0000;\">A newsletter est\u00e1 dispon\u00edvel apenas em ingl\u00eas.<\/span><\/td>\n<\/tr>\n<\/tbody>\n<\/table>\n<table border=\"0\" width=\"49%\" cellspacing=\"0\" cellpadding=\"0\" align=\"left\">\n<tbody>\n<tr>\n<td>\u00a0<script>(function() {\n\twindow.mc4wp = window.mc4wp || {\n\t\tlisteners: [],\n\t\tforms: {\n\t\t\ton: function(evt, cb) {\n\t\t\t\twindow.mc4wp.listeners.push(\n\t\t\t\t\t{\n\t\t\t\t\t\tevent   : evt,\n\t\t\t\t\t\tcallback: cb\n\t\t\t\t\t}\n\t\t\t\t);\n\t\t\t}\n\t\t}\n\t}\n})();\n<\/script><!-- Mailchimp for WordPress v4.12.0 - https:\/\/wordpress.org\/plugins\/mailchimp-for-wp\/ --><form id=\"mc4wp-form-1\" class=\"mc4wp-form mc4wp-form-67 mc4wp-form-theme mc4wp-form-theme-light\" method=\"post\" data-id=\"67\" data-name=\"Newsletter signup form\" ><div class=\"mc4wp-form-fields\"><p>\r\n    <label>Email address<\/label><br>\r\n    <input type=\"email\" name=\"EMAIL\" required>\r\n<\/p>\r\n<p>\r\n    <label>First name<\/label><br>\r\n    <input type=\"text\" placeholder=\"First Name\" name=\"FNAME\" required>\r\n\r\n<\/p>\r\n<p>\r\n    <label>Last name<\/label><br>\r\n    <input type=\"text\" placeholder=\"Last Name\" name=\"LNAME\" required>\r\n<\/p>\r\n<p>\r\n    <label>Country<\/label><br>\r\n    <input type=\"text\" name=\"MMERGE5\">\r\n<\/p>\r\n<p>\r\n    <input type=\"submit\" value=\"Subscribe\">\r\n<\/p><\/div><label style=\"display: none !important;\">Leave this field empty if you're human: <input type=\"text\" name=\"_mc4wp_honeypot\" value=\"\" tabindex=\"-1\" autocomplete=\"off\" \/><\/label><input type=\"hidden\" name=\"_mc4wp_timestamp\" value=\"1776700450\" \/><input type=\"hidden\" name=\"_mc4wp_form_id\" value=\"67\" \/><input type=\"hidden\" name=\"_mc4wp_form_element_id\" value=\"mc4wp-form-1\" \/><div class=\"mc4wp-response\"><\/div><\/form><!-- \/ Mailchimp for WordPress Plugin --><\/td>\n<\/tr>\n<\/tbody>\n<\/table>\n<p>&nbsp;<\/p>\n<p>&nbsp;<\/p>\n","protected":false},"excerpt":{"rendered":"<p>Cadastre-se para receber a newsletter do Dental Trauma Guide. Receba not\u00edcias sobre as novidades e altera\u00e7\u00f5es no Dental Trauma Guide, sobre os anuais Copenhagen Symposia, sobre as novas pesquisas do time do Dental Trauma Guide e muito mais. A newsletter est\u00e1 dispon\u00edvel apenas em ingl\u00eas. \u00a0 &nbsp; &nbsp;<\/p>\n","protected":false},"author":2,"featured_media":163228,"parent":0,"menu_order":0,"comment_status":"closed","ping_status":"closed","template":"","meta":{"_acf_changed":false,"_monsterinsights_skip_tracking":false,"_monsterinsights_sitenote_active":false,"_monsterinsights_sitenote_note":"","_monsterinsights_sitenote_category":0,"footnotes":""},"class_list":["post-160755","page","type-page","status-publish","has-post-thumbnail","hentry","wpautop"],"acf":[],"_links":{"self":[{"href":"https:\/\/dentaltraumaguide.org\/pt\/wp-json\/wp\/v2\/pages\/160755","targetHints":{"allow":["GET"]}}],"collection":[{"href":"https:\/\/dentaltraumaguide.org\/pt\/wp-json\/wp\/v2\/pages"}],"about":[{"href":"https:\/\/dentaltraumaguide.org\/pt\/wp-json\/wp\/v2\/types\/page"}],"author":[{"embeddable":true,"href":"https:\/\/dentaltraumaguide.org\/pt\/wp-json\/wp\/v2\/users\/2"}],"replies":[{"embeddable":true,"href":"https:\/\/dentaltraumaguide.org\/pt\/wp-json\/wp\/v2\/comments?post=160755"}],"version-history":[{"count":6,"href":"https:\/\/dentaltraumaguide.org\/pt\/wp-json\/wp\/v2\/pages\/160755\/revisions"}],"predecessor-version":[{"id":212673,"href":"https:\/\/dentaltraumaguide.org\/pt\/wp-json\/wp\/v2\/pages\/160755\/revisions\/212673"}],"wp:featuredmedia":[{"embeddable":true,"href":"https:\/\/dentaltraumaguide.org\/pt\/wp-json\/wp\/v2\/media\/163228"}],"wp:attachment":[{"href":"https:\/\/dentaltraumaguide.org\/pt\/wp-json\/wp\/v2\/media?parent=160755"}],"curies":[{"name":"wp","href":"https:\/\/api.w.org\/{rel}","templated":true}]}}