{"id":222260,"date":"2024-05-15T08:43:15","date_gmt":"2024-05-15T08:43:15","guid":{"rendered":"https:\/\/dentaltraumaguide.org\/hoe-gebruik-je-de-dental-trauma-guide\/"},"modified":"2025-02-17T11:10:05","modified_gmt":"2025-02-17T11:10:05","slug":"how-to-use-the-dental-trauma-guide","status":"publish","type":"page","link":"https:\/\/dentaltraumaguide.org\/nl\/how-to-use-the-dental-trauma-guide\/","title":{"rendered":"Hoe gebruik je de Dental Trauma Guide"},"content":{"rendered":"<h2>Onervaren clinici<\/h2>\n<p>Als u onervaren bent in het omgaan met pati\u00ebnten met een dentaal trauma, raden we u aan de paragraaf &#8220;Onderzoek van een pati\u00ebnt met een traumatisch tandletsel&#8221; te lezen.<\/p>\n<p>Om de juiste diagnose voor een pati\u00ebnt te kunnen stellen, kunt u gebruik maken van de Trauma Wegwijzer waar u naar de juiste diagnose wordt geleid door het beantwoorden van een reeks ja\/nee vragen op basis van klinische en radiologische bevindingen.<\/p>\n<h2>Ervaren clinici<\/h2>\n<p>Iemand die meer ervaren is zal de diagnose meestal al hebben gesteld voordat hij\/zij inlogt op de <em>Dental Trauma Guide<\/em>. In dat geval is de pagina met het behandeladvies en de prognose voor het gevonden letsel direct toegankelijk via het linker zijpaneel.<\/p>\n<div style=\"width: 854px;\" class=\"wp-video\"><video class=\"wp-video-shortcode\" id=\"video-222260-1\" width=\"854\" height=\"480\" preload=\"metadata\" controls=\"controls\"><source type=\"video\/mp4\" src=\"https:\/\/dentaltraumaguide.org\/app\/uploads\/2023\/08\/03_23DTG_InstructionsV07WEB.mp4?_=1\" \/><track srclang=\"en\" label=\"English\" kind=\"subtitles\" src=\"https:\/\/dentaltraumaguide.org\/app\/uploads\/2023\/08\/How_to_EN.srt\"\/><track srclang=\"pt\" label=\"Portugu\u00eas\" kind=\"subtitles\" src=\"https:\/\/dentaltraumaguide.org\/app\/uploads\/2023\/08\/How_to_PT.srt\"\/><track srclang=\"pt\" label=\"Espa\u00f1ol\" kind=\"subtitles\" src=\"https:\/\/dentaltraumaguide.org\/app\/uploads\/2023\/08\/How_to_ES.srt\"\/><a href=\"https:\/\/dentaltraumaguide.org\/app\/uploads\/2023\/08\/03_23DTG_InstructionsV07WEB.mp4\">https:\/\/dentaltraumaguide.org\/app\/uploads\/2023\/08\/03_23DTG_InstructionsV07WEB.mp4<\/a><\/video><\/div>\n","protected":false},"excerpt":{"rendered":"<p>Onervaren clinici Als u onervaren bent in het omgaan met pati\u00ebnten met een dentaal trauma, raden we u aan de paragraaf &#8220;Onderzoek van een pati\u00ebnt met een traumatisch tandletsel&#8221; te lezen. Om de juiste diagnose voor een pati\u00ebnt te kunnen stellen, kunt u gebruik maken van de Trauma Wegwijzer waar u naar de juiste diagnose wordt geleid door het beantwoorden van een reeks ja\/nee vragen op basis van klinische en radiologische bevindingen. Ervaren clinici Iemand die meer ervaren is zal de diagnose meestal al hebben gesteld voordat hij\/zij inlogt op de Dental Trauma Guide. In dat geval is de pagina<\/p>\n","protected":false},"author":2,"featured_media":0,"parent":0,"menu_order":0,"comment_status":"closed","ping_status":"closed","template":"template-full-width.php","meta":{"_acf_changed":false,"_monsterinsights_skip_tracking":false,"_monsterinsights_sitenote_active":false,"_monsterinsights_sitenote_note":"","_monsterinsights_sitenote_category":0,"footnotes":""},"class_list":["post-222260","page","type-page","status-publish","hentry","wpautop"],"acf":[],"_links":{"self":[{"href":"https:\/\/dentaltraumaguide.org\/nl\/wp-json\/wp\/v2\/pages\/222260","targetHints":{"allow":["GET"]}}],"collection":[{"href":"https:\/\/dentaltraumaguide.org\/nl\/wp-json\/wp\/v2\/pages"}],"about":[{"href":"https:\/\/dentaltraumaguide.org\/nl\/wp-json\/wp\/v2\/types\/page"}],"author":[{"embeddable":true,"href":"https:\/\/dentaltraumaguide.org\/nl\/wp-json\/wp\/v2\/users\/2"}],"replies":[{"embeddable":true,"href":"https:\/\/dentaltraumaguide.org\/nl\/wp-json\/wp\/v2\/comments?post=222260"}],"version-history":[{"count":4,"href":"https:\/\/dentaltraumaguide.org\/nl\/wp-json\/wp\/v2\/pages\/222260\/revisions"}],"predecessor-version":[{"id":238155,"href":"https:\/\/dentaltraumaguide.org\/nl\/wp-json\/wp\/v2\/pages\/222260\/revisions\/238155"}],"wp:attachment":[{"href":"https:\/\/dentaltraumaguide.org\/nl\/wp-json\/wp\/v2\/media?parent=222260"}],"curies":[{"name":"wp","href":"https:\/\/api.w.org\/{rel}","templated":true}]}}