{"id":188940,"date":"2022-02-15T14:42:12","date_gmt":"2022-02-15T14:42:12","guid":{"rendered":"https:\/\/dentaltraumaguide.org\/?page_id=188940"},"modified":"2022-02-15T14:42:12","modified_gmt":"2022-02-15T14:42:12","slug":"traitement-des-traumatismes","status":"publish","type":"page","link":"https:\/\/dentaltraumaguide.org\/fr\/traitement-des-traumatismes\/","title":{"rendered":"Traitement des traumatismes"},"content":{"rendered":"<p><img loading=\"lazy\" decoding=\"async\" class=\"alignnone wp-image-2513\" src=\"https:\/\/dentaltraumaguide.org\/app\/uploads\/2016\/12\/trauma-teeth-injuries.jpg\" alt=\"trauma-teeth-injuries\" width=\"1080\" height=\"441\" srcset=\"https:\/\/dentaltraumaguide.org\/app\/uploads\/2016\/12\/trauma-teeth-injuries.jpg 800w, https:\/\/dentaltraumaguide.org\/app\/uploads\/2016\/12\/trauma-teeth-injuries-600x245.jpg 600w, https:\/\/dentaltraumaguide.org\/app\/uploads\/2016\/12\/trauma-teeth-injuries-300x123.jpg 300w, https:\/\/dentaltraumaguide.org\/app\/uploads\/2016\/12\/trauma-teeth-injuries-768x314.jpg 768w\" sizes=\"auto, (max-width: 1080px) 100vw, 1080px\" \/><\/p>\n<hr \/>\n<p>Les blessures traumatiques aux dents sont divis\u00e9es en deux cat\u00e9gories diff\u00e9rentes. Soit les dents primaires ou permanentes. Le diagnostic, le traitement, le pronostic sont tr\u00e8s diff\u00e9rents entre eux.<br \/>\n<a href=\"..\/injury-groups\/primary-teeth\/\"><img loading=\"lazy\" decoding=\"async\" class=\"alignnone wp-image-1849\" title=\"Primary teeth\" src=\"https:\/\/dentaltraumaguide.org\/app\/uploads\/2016\/11\/primary-teeth_282x212px.jpg\" alt=\"primary-teeth_282x212px\" width=\"106\" height=\"80\" \/><\/a><a href=\"..\/injury-groups\/permanent-teeth\/\"><img loading=\"lazy\" decoding=\"async\" class=\"alignnone wp-image-1848\" title=\"Permanent Teeth\" src=\"https:\/\/dentaltraumaguide.org\/app\/uploads\/2016\/11\/permanent-teeth_282x212px.jpg\" alt=\"permanent-teeth_282x212px\" width=\"106\" height=\"80\" \/><\/a><\/p>\n<p><strong>Dents primaire | Dents permanentes<\/strong><\/p>\n","protected":false},"excerpt":{"rendered":"<p>Les blessures traumatiques aux dents sont divis\u00e9es en deux cat\u00e9gories diff\u00e9rentes. Soit les dents primaires ou permanentes. Le diagnostic, le traitement, le pronostic sont tr\u00e8s diff\u00e9rents entre eux. Dents primaire | Dents permanentes<\/p>\n","protected":false},"author":2,"featured_media":163586,"parent":0,"menu_order":0,"comment_status":"closed","ping_status":"closed","template":"template-full-width.php","meta":{"_acf_changed":false,"_monsterinsights_skip_tracking":false,"_monsterinsights_sitenote_active":false,"_monsterinsights_sitenote_note":"","_monsterinsights_sitenote_category":0,"footnotes":""},"class_list":["post-188940","page","type-page","status-publish","has-post-thumbnail","hentry","wpautop"],"acf":[],"_links":{"self":[{"href":"https:\/\/dentaltraumaguide.org\/fr\/wp-json\/wp\/v2\/pages\/188940","targetHints":{"allow":["GET"]}}],"collection":[{"href":"https:\/\/dentaltraumaguide.org\/fr\/wp-json\/wp\/v2\/pages"}],"about":[{"href":"https:\/\/dentaltraumaguide.org\/fr\/wp-json\/wp\/v2\/types\/page"}],"author":[{"embeddable":true,"href":"https:\/\/dentaltraumaguide.org\/fr\/wp-json\/wp\/v2\/users\/2"}],"replies":[{"embeddable":true,"href":"https:\/\/dentaltraumaguide.org\/fr\/wp-json\/wp\/v2\/comments?post=188940"}],"version-history":[{"count":1,"href":"https:\/\/dentaltraumaguide.org\/fr\/wp-json\/wp\/v2\/pages\/188940\/revisions"}],"predecessor-version":[{"id":188941,"href":"https:\/\/dentaltraumaguide.org\/fr\/wp-json\/wp\/v2\/pages\/188940\/revisions\/188941"}],"wp:featuredmedia":[{"embeddable":true,"href":"https:\/\/dentaltraumaguide.org\/fr\/wp-json\/wp\/v2\/media\/163586"}],"wp:attachment":[{"href":"https:\/\/dentaltraumaguide.org\/fr\/wp-json\/wp\/v2\/media?parent=188940"}],"curies":[{"name":"wp","href":"https:\/\/api.w.org\/{rel}","templated":true}]}}