{"id":177856,"date":"2021-04-14T07:24:48","date_gmt":"2021-04-14T07:24:48","guid":{"rendered":"https:\/\/dentaltraumaguide.org\/diagnosis1_rootfracture-avulsion\/"},"modified":"2022-06-29T11:54:47","modified_gmt":"2022-06-29T11:54:47","slug":"diagnosis1_rootfracture-avulsion","status":"publish","type":"page","link":"https:\/\/dentaltraumaguide.org\/fr\/diagnosis1_rootfracture-avulsion\/","title":{"rendered":"Diagnostic de traumatisme : Fracture radiculaire + avulsion"},"content":{"rendered":"<p>Le diagnostic du traumatisme a \u00e9t\u00e9 d\u00e9termin\u00e9 \u00e0 l&rsquo;aide de l&rsquo;outil d&rsquo;identification des traumatismes.<br \/>\nRetourner aux principales l\u00e9sions par luxation et fracture <a href=\"https:\/\/dentaltraumaguide.org\/fr\/trauma-pathfinder\/\">ICI.<\/a><\/p>\n<script type=\"text\/javascript\">\n\/* <![CDATA[ *\/\nvar gform;gform||(document.addEventListener(\"gform_main_scripts_loaded\",function(){gform.scriptsLoaded=!0}),document.addEventListener(\"gform\/theme\/scripts_loaded\",function(){gform.themeScriptsLoaded=!0}),window.addEventListener(\"DOMContentLoaded\",function(){gform.domLoaded=!0}),gform={domLoaded:!1,scriptsLoaded:!1,themeScriptsLoaded:!1,isFormEditor:()=>\"function\"==typeof InitializeEditor,callIfLoaded:function(o){return!(!gform.domLoaded||!gform.scriptsLoaded||!gform.themeScriptsLoaded&&!gform.isFormEditor()||(gform.isFormEditor()&&console.warn(\"The use of gform.initializeOnLoaded() is deprecated in the form editor context and will be removed in Gravity Forms 3.1.\"),o(),0))},initializeOnLoaded:function(o){gform.callIfLoaded(o)||(document.addEventListener(\"gform_main_scripts_loaded\",()=>{gform.scriptsLoaded=!0,gform.callIfLoaded(o)}),document.addEventListener(\"gform\/theme\/scripts_loaded\",()=>{gform.themeScriptsLoaded=!0,gform.callIfLoaded(o)}),window.addEventListener(\"DOMContentLoaded\",()=>{gform.domLoaded=!0,gform.callIfLoaded(o)}))},hooks:{action:{},filter:{}},addAction:function(o,r,e,t){gform.addHook(\"action\",o,r,e,t)},addFilter:function(o,r,e,t){gform.addHook(\"filter\",o,r,e,t)},doAction:function(o){gform.doHook(\"action\",o,arguments)},applyFilters:function(o){return gform.doHook(\"filter\",o,arguments)},removeAction:function(o,r){gform.removeHook(\"action\",o,r)},removeFilter:function(o,r,e){gform.removeHook(\"filter\",o,r,e)},addHook:function(o,r,e,t,n){null==gform.hooks[o][r]&&(gform.hooks[o][r]=[]);var d=gform.hooks[o][r];null==n&&(n=r+\"_\"+d.length),gform.hooks[o][r].push({tag:n,callable:e,priority:t=null==t?10:t})},doHook:function(r,o,e){var t;if(e=Array.prototype.slice.call(e,1),null!=gform.hooks[r][o]&&((o=gform.hooks[r][o]).sort(function(o,r){return o.priority-r.priority}),o.forEach(function(o){\"function\"!=typeof(t=o.callable)&&(t=window[t]),\"action\"==r?t.apply(null,e):e[0]=t.apply(null,e)})),\"filter\"==r)return e[0]},removeHook:function(o,r,t,n){var e;null!=gform.hooks[o][r]&&(e=(e=gform.hooks[o][r]).filter(function(o,r,e){return!!(null!=n&&n!=o.tag||null!=t&&t!=o.priority)}),gform.hooks[o][r]=e)}});\n\/* ]]> *\/\n<\/script>\n\n                <div class='gf_browser_gecko gform_wrapper gform_legacy_markup_wrapper gform-theme--no-framework prognosis-form_wrapper pathfinder-form_wrapper well_wrapper' data-form-theme='legacy' data-form-index='0' id='gform_wrapper_103' ><form method='post' enctype='multipart\/form-data'  id='gform_103' class='prognosis-form pathfinder-form well' action='\/fr\/wp-json\/wp\/v2\/pages\/177856' data-formid='103' novalidate><div class='gf_invisible ginput_recaptchav3'  data-tabindex='0'><input id=\"input_e8ce196e19987e4bc2782688fd8bd982\" class=\"gfield_recaptcha_response\" type=\"hidden\" name=\"input_e8ce196e19987e4bc2782688fd8bd982\" value=\"\"\/><\/div>\n                        <div class='gform-body gform_body'><ul id='gform_fields_103' class='gform_fields top_label form_sublabel_below description_below validation_below'><li id=\"field_103_202\" class=\"gfield gfield--type-html gf_left_half gfield_html gfield_html_formatted gfield_no_follows_desc field_sublabel_below gfield--no-description field_description_below field_validation_below gfield_visibility_visible\"  ><strong>L\u00e9sion par fracture :<\/strong>\n<h2>Fracture radiculaire<\/h2>\n\n<strong>Description :<\/strong><br>\nUne fracture confin\u00e9e \u00e0 la racine de la dent impliquant le c\u00e9ment, la dentine et la pulpe. Les fractures radiculaires peuvent de plus \u00eatre class\u00e9es en fonction du d\u00e9placement du fragment coronaire (voir  traumas par luxation).\n<br>\n<br>\n<a href=\"https:\/\/dentaltraumaguide.org\/fr\/dental-guides\/permanent-root-fracture\/permanent-root-fracture-treatment\/\" class=\"btn btn-primary\">CONSULTER LE TRAITEMENT<\/a><\/li><li id=\"field_103_203\" class=\"gfield gfield--type-html gf_right_half gfield_html gfield_html_formatted gfield_no_follows_desc field_sublabel_below gfield--no-description field_description_below field_validation_below gfield_visibility_visible\"  ><img loading=\"lazy\" decoding=\"async\" class=\"alignnone size-full wp-image-905\" src=\"https:\/\/dentaltraumaguide.org\/app\/uploads\/2016\/09\/root-fracture1.jpg\" alt=\"root-fracture1\" width=\"250\" height=\"160\" \/>\u00a0\u00a0<img loading=\"lazy\" decoding=\"async\" class=\"alignnone size-medium wp-image-906\" src=\"https:\/\/dentaltraumaguide.org\/app\/uploads\/2016\/09\/root-fracture2.jpg\" alt=\"root-fracture2\" width=\"88\" height=\"160\" \/>\n<br style=\"line-height:100px;\"\/>\n<img loading=\"lazy\" decoding=\"async\" class=\"alignnone size-medium wp-image-907\" src=\"https:\/\/dentaltraumaguide.org\/app\/uploads\/2016\/09\/root-fracture3.jpg\" alt=\"root-fracture3\" width=\"250\" height=\"160\" \/>\u00a0\u00a0<img loading=\"lazy\" decoding=\"async\" class=\"alignnone size-medium wp-image-908\" src=\"https:\/\/dentaltraumaguide.org\/app\/uploads\/2016\/09\/root-fracture4.jpg\" alt=\"root-fracture4\" width=\"88\" height=\"160\" \/>\u00a0\u00a0<img loading=\"lazy\" decoding=\"async\" class=\"alignnone size-medium wp-image-909\" src=\"https:\/\/dentaltraumaguide.org\/app\/uploads\/2017\/11\/X-ray-fracture_middle1_jpg.jpg\" alt=\"root-fracture5\" alt=\"root-fracture5\" width=\"125\" height=\"160\" \/><\/li><li id=\"field_103_204\" class=\"gfield gfield--type-section gsection field_sublabel_below gfield--no-description field_description_below field_validation_below gfield_visibility_visible\"  ><h2 class=\"gsection_title\"><\/h2><\/li><li id=\"field_103_225\" class=\"gfield gfield--type-html gf_left_half gfield_html gfield_html_formatted gfield_no_follows_desc field_sublabel_below gfield--no-description field_description_below field_validation_below gfield_visibility_visible\"  ><strong>L\u00e9sion par luxation:<\/strong>\n<h2>Avulsion<\/h2>\n\n <strong>Description:<\/strong><br>\nLa dent est compl\u00e8tement d\u00e9plac\u00e9e hors de son alv\u00e9ole. Cliniquement, l\u2019alv\u00e9ole se  pr\u00e9sente vide ou rempli d\u2019un caillot sanguin.\n<br>\n<br>\n<a href=\"https:\/\/dentaltraumaguide.org\/fr\/dental-guides\/avulsion-permanentes\/permanent-avulsion-treatment\/\" class=\"btn btn-primary\">ALLER AU TRAITEMENT<\/a><\/li><li id=\"field_103_226\" class=\"gfield gfield--type-html gf_right_half gfield_html gfield_html_formatted gfield_no_follows_desc field_sublabel_below gfield--no-description field_description_below field_validation_below gfield_visibility_visible\"  ><img loading=\"lazy\" decoding=\"async\" class=\"alignnone size-full wp-image-442\" src=\"https:\/\/dentaltraumaguide.org\/app\/uploads\/2016\/09\/Avulsion1.jpg\" alt=\"avulsion1\" width=\"250\" height=\"160\" \/>\u00a0 <img loading=\"lazy\" decoding=\"async\" class=\"alignnone size-full wp-image-443\" src=\"https:\/\/dentaltraumaguide.org\/app\/uploads\/2016\/09\/Avulsion2.jpg\" alt=\"avulsion2\" width=\"88\" height=\"160\" \/>\n<br style=\"line-height:100px;\"\/>\n<img loading=\"lazy\" decoding=\"async\" class=\"alignnone size-full wp-image-444\" src=\"https:\/\/dentaltraumaguide.org\/app\/uploads\/2016\/09\/Avulsion3.jpg\" alt=\"avulsion3\" width=\"250\" height=\"160\" \/>\u00a0\u00a0<img loading=\"lazy\" decoding=\"async\" class=\"alignnone size-full wp-image-445\" src=\"https:\/\/dentaltraumaguide.org\/app\/uploads\/2016\/09\/Avulsion4.jpg\" alt=\"avulsion4\" width=\"88\" height=\"160\" \/>\u00a0\u00a0<img loading=\"lazy\" decoding=\"async\" class=\"alignnone size-full wp-image-446\" src=\"https:\/\/dentaltraumaguide.org\/app\/uploads\/2016\/09\/Avulsion5.jpg\" alt=\"avulsion5\" width=\"125\" height=\"160\" \/><\/li><li id=\"field_103_228\" class=\"gfield gfield--type-html gfield_html gfield_html_formatted gfield_no_follows_desc field_sublabel_below gfield--no-description field_description_below field_validation_below gfield_visibility_visible\"  ><hr><\/li><li id=\"field_103_229\" class=\"gfield gfield--type-html gfield_html gfield_html_formatted gfield_no_follows_desc field_sublabel_below gfield--no-description field_description_below field_validation_below gfield_visibility_visible\"  ><p style=\"color: red\">Diagnostic traumatique trouv\u00e9:<\/p>L\u00e9sion par fracture : Fracture radiculaire<br>L\u00e9sion par luxation : Avulsion<br>\n<br>\n<strong>Codes possibles dans le cadre de l\u2019Index de traumatologie Dentaire Eden-Baysal  pour une dent pr\u00e9sentant un traumatisme de fracture radiculaire et avulsion :<\/strong><br>\n<table class=\"eden-baysal\">\n<tbody>\n<tr>\n<td>D\u00e9veloppement radiculaire immature<\/td>\n<td>D\u00e9veloppement radiculaire mature<\/td>\n<\/tr>\n<tr>\n<td>(FDI)01Ai-<br>(FDI)02Ai-<br>(FDI)03Ai-<br><\/td>\n<td>(FDI)01Am-<br>(FDI)02Am-<br>(FDI)03Am-<br><\/td>\n<\/tr>\n<\/tbody>\n<\/table>\n<br>\n<\/p>Pour voir le diagnostic, allez en haut ou cliquez <a href=\"#top\"><strong>ICI.<\/strong><\/a><\/li><\/ul><\/div>\n        <div class='gform-footer gform_footer top_label'> <input type='submit' id='gform_submit_button_103' class='gform_button button' onclick='gform.submission.handleButtonClick(this);' data-submission-type='submit' value='Envoyer'  \/> \n            <input type='hidden' class='gform_hidden' name='gform_submission_method' data-js='gform_submission_method_103' value='postback' \/>\n            <input type='hidden' class='gform_hidden' name='gform_theme' data-js='gform_theme_103' id='gform_theme_103' value='legacy' \/>\n            <input type='hidden' class='gform_hidden' name='gform_style_settings' data-js='gform_style_settings_103' id='gform_style_settings_103' value='[]' \/>\n            <input type='hidden' class='gform_hidden' name='is_submit_103' value='1' \/>\n            <input type='hidden' class='gform_hidden' name='gform_submit' value='103' \/>\n            \n            <input type='hidden' class='gform_hidden' name='gform_currency' data-currency='USD' value='QT1\/r7H0LWcL5sUo\/0gK6RMlRFkfuBOFDlhC2lTtbISwu05U9VLLomiS6Iz1BrlsDy+fiSG0BCp1Z60dPO5NhS+EXXqXDt9NpbCA+NOOnHxDWOQ=' \/>\n            <input type='hidden' class='gform_hidden' name='gform_unique_id' value='' \/>\n            <input type='hidden' class='gform_hidden' name='state_103' value='WyJbXSIsImRkMTUwNDBkMWVkNWRmNGY0NjQzOTYyNDE4YWY5M2NhIl0=' \/>\n            <input type='hidden' autocomplete='off' class='gform_hidden' name='gform_target_page_number_103' id='gform_target_page_number_103' value='0' \/>\n            <input type='hidden' autocomplete='off' class='gform_hidden' name='gform_source_page_number_103' id='gform_source_page_number_103' value='1' \/>\n            <input type='hidden' name='gform_field_values' value='' \/>\n            \n        <\/div>\n                        <\/form>\n                        <\/div><script type=\"text\/javascript\">\n\/* <![CDATA[ *\/\n gform.initializeOnLoaded( function() {gformInitSpinner( 103, 'https:\/\/dentaltraumaguide.org\/app\/plugins\/gravityforms\/images\/spinner.svg', true );jQuery('#gform_ajax_frame_103').on('load',function(){var contents = jQuery(this).contents().find('*').html();var is_postback = contents.indexOf('GF_AJAX_POSTBACK') >= 0;if(!is_postback){return;}var form_content = jQuery(this).contents().find('#gform_wrapper_103');var is_confirmation = jQuery(this).contents().find('#gform_confirmation_wrapper_103').length > 0;var is_redirect = contents.indexOf('gformRedirect(){') >= 0;var is_form = form_content.length > 0 && ! is_redirect && ! is_confirmation;var mt = parseInt(jQuery('html').css('margin-top'), 10) + parseInt(jQuery('body').css('margin-top'), 10) + 100;if(is_form){jQuery('#gform_wrapper_103').html(form_content.html());if(form_content.hasClass('gform_validation_error')){jQuery('#gform_wrapper_103').addClass('gform_validation_error');} else {jQuery('#gform_wrapper_103').removeClass('gform_validation_error');}setTimeout( function() { \/* delay the scroll by 50 milliseconds to fix a bug in chrome *\/  }, 50 );if(window['gformInitDatepicker']) {gformInitDatepicker();}if(window['gformInitPriceFields']) {gformInitPriceFields();}var current_page = jQuery('#gform_source_page_number_103').val();gformInitSpinner( 103, 'https:\/\/dentaltraumaguide.org\/app\/plugins\/gravityforms\/images\/spinner.svg', true );jQuery(document).trigger('gform_page_loaded', [103, current_page]);window['gf_submitting_103'] = false;}else if(!is_redirect){var confirmation_content = jQuery(this).contents().find('.GF_AJAX_POSTBACK').html();if(!confirmation_content){confirmation_content = contents;}jQuery('#gform_wrapper_103').replaceWith(confirmation_content);jQuery(document).trigger('gform_confirmation_loaded', [103]);window['gf_submitting_103'] = false;wp.a11y.speak(jQuery('#gform_confirmation_message_103').text());}else{jQuery('#gform_103').append(contents);if(window['gformRedirect']) {gformRedirect();}}jQuery(document).trigger(\"gform_pre_post_render\", [{ formId: \"103\", currentPage: \"current_page\", abort: function() { this.preventDefault(); } }]);        if (event && event.defaultPrevented) {                return;        }        const gformWrapperDiv = document.getElementById( \"gform_wrapper_103\" );        if ( gformWrapperDiv ) {            const visibilitySpan = document.createElement( \"span\" );            visibilitySpan.id = \"gform_visibility_test_103\";            gformWrapperDiv.insertAdjacentElement( \"afterend\", visibilitySpan );        }        const visibilityTestDiv = document.getElementById( \"gform_visibility_test_103\" );        let postRenderFired = false;        function triggerPostRender() {            if ( postRenderFired ) {                return;            }            postRenderFired = true;            gform.core.triggerPostRenderEvents( 103, current_page );            if ( visibilityTestDiv ) {                visibilityTestDiv.parentNode.removeChild( visibilityTestDiv );            }        }        function debounce( func, wait, immediate ) {            var timeout;            return function() {                var context = this, args = arguments;                var later = function() {                    timeout = null;                    if ( !immediate ) func.apply( context, args );                };                var callNow = immediate && !timeout;                clearTimeout( timeout );                timeout = setTimeout( later, wait );                if ( callNow ) func.apply( context, args );            };        }        const debouncedTriggerPostRender = debounce( function() {            triggerPostRender();        }, 200 );        if ( visibilityTestDiv && visibilityTestDiv.offsetParent === null ) {            const observer = new MutationObserver( ( mutations ) => {                mutations.forEach( ( mutation ) => {                    if ( mutation.type === 'attributes' && visibilityTestDiv.offsetParent !== null ) {                        debouncedTriggerPostRender();                        observer.disconnect();                    }                });            });            observer.observe( document.body, {                attributes: true,                childList: false,                subtree: true,                attributeFilter: [ 'style', 'class' ],            });        } else {            triggerPostRender();        }    } );} ); \n\/* ]]> *\/\n<\/script>\n\n","protected":false},"excerpt":{"rendered":"<p>Le diagnostic du traumatisme a \u00e9t\u00e9 d\u00e9termin\u00e9 \u00e0 l&rsquo;aide de l&rsquo;outil d&rsquo;identification des traumatismes. Retourner aux principales l\u00e9sions par luxation et fracture ICI.<\/p>\n","protected":false},"author":5893,"featured_media":0,"parent":0,"menu_order":0,"comment_status":"closed","ping_status":"closed","template":"template-full-width.php","meta":{"_acf_changed":false,"_monsterinsights_skip_tracking":false,"_monsterinsights_sitenote_active":false,"_monsterinsights_sitenote_note":"","_monsterinsights_sitenote_category":0,"footnotes":""},"class_list":["post-177856","page","type-page","status-publish","hentry","wpautop"],"acf":[],"_links":{"self":[{"href":"https:\/\/dentaltraumaguide.org\/fr\/wp-json\/wp\/v2\/pages\/177856","targetHints":{"allow":["GET"]}}],"collection":[{"href":"https:\/\/dentaltraumaguide.org\/fr\/wp-json\/wp\/v2\/pages"}],"about":[{"href":"https:\/\/dentaltraumaguide.org\/fr\/wp-json\/wp\/v2\/types\/page"}],"author":[{"embeddable":true,"href":"https:\/\/dentaltraumaguide.org\/fr\/wp-json\/wp\/v2\/users\/5893"}],"replies":[{"embeddable":true,"href":"https:\/\/dentaltraumaguide.org\/fr\/wp-json\/wp\/v2\/comments?post=177856"}],"version-history":[{"count":1,"href":"https:\/\/dentaltraumaguide.org\/fr\/wp-json\/wp\/v2\/pages\/177856\/revisions"}],"predecessor-version":[{"id":194336,"href":"https:\/\/dentaltraumaguide.org\/fr\/wp-json\/wp\/v2\/pages\/177856\/revisions\/194336"}],"wp:attachment":[{"href":"https:\/\/dentaltraumaguide.org\/fr\/wp-json\/wp\/v2\/media?parent=177856"}],"curies":[{"name":"wp","href":"https:\/\/api.w.org\/{rel}","templated":true}]}}