{"id":177854,"date":"2021-04-14T07:24:48","date_gmt":"2021-04-14T07:24:48","guid":{"rendered":"https:\/\/dentaltraumaguide.org\/the-dental-trauma-guide-team\/"},"modified":"2023-11-20T10:42:17","modified_gmt":"2023-11-20T10:42:17","slug":"the-dental-trauma-guide-team","status":"publish","type":"page","link":"https:\/\/dentaltraumaguide.org\/fr\/the-dental-trauma-guide-team\/","title":{"rendered":"L&rsquo;\u00e9quipe du Dental Trauma Guide"},"content":{"rendered":"<div><img loading=\"lazy\" decoding=\"async\" class=\"wp-image-184022 size-full alignnone\" src=\"https:\/\/dentaltraumaguide.org\/app\/uploads\/2023\/01\/Group-DTG-WEB.jpg\" alt=\"\" width=\"1600\" height=\"720\" \/><\/div>\n<p>Voici le personnel professionnel et amical qui travaille dans les coulisses du Dental Trauma Guide.<\/p>\n<h2>L&rsquo;\u00e9quipe du Dental Trauma Guide<\/h2>\n<hr \/>\n<div class=\"team\">\n<div class=\"profile ex\">\n<div><em><img loading=\"lazy\" decoding=\"async\" class=\"alignnone wp-image-26782\" src=\"https:\/\/dentaltraumaguide.org\/app\/uploads\/2023\/01\/Jens-Andreassen_deceased.jpg\" alt=\"Jens Ove Andreasen\" width=\"149\" height=\"149\" \/><\/em><\/div>\n<div class=\"profile-text\"><em>Jens Ove Andreasen<\/em>\u00a0(DDS Dr. Odont. hc.) (1935-2020) est consid\u00e9r\u00e9 comme le p\u00e8re de la traumatologie dentaire. Fondateur du Dental Trauma Guide, il s&rsquo;est sp\u00e9cialis\u00e9 en chirurgie orale et maxillo-faciale en 1968 et a travaill\u00e9 activement dans ce domaine pendant plus de 50 ans. Il a travaill\u00e9 cliniquement et exp\u00e9rimentalement sur les l\u00e9sions des traumatismes dentaires, la replantation dentaire, l&rsquo;\u00e9ruption dentaire et l&rsquo;impaction dentaire. Il est l&rsquo;auteur de 12 manuels et 400 articles scientifiques. Pr\u00e9sident de l&rsquo;International Association of Dental Traumatology de 1989 \u00e0 2001, Jens est d\u00e9c\u00e9d\u00e9 en 2020, mais l&rsquo;\u00e9quipe qui \u0153uvre dans les coulisses du Dental Trauma Guide est d\u00e9termin\u00e9e \u00e0 continuer son travail et sa mission en diffusant les connaissances relatives au traitement ad\u00e9quat des traumatismes dentaires. Le Dental Trauma Guide et le Symposium de Copenhague continueront avec l&rsquo;esprit de Jens Ove Andreasen et en son honneur.<\/div>\n<\/div>\n<div class=\"profile\">\n<div><img loading=\"lazy\" decoding=\"async\" class=\"alignnone wp-image-183950 size-full\" src=\"https:\/\/dentaltraumaguide.org\/app\/uploads\/2023\/01\/Eva-Lauridsen.jpg\" alt=\"\" width=\"165\" height=\"165\" \/><\/div>\n<div class=\"profile-text\"><em>Eva Lauridsen<\/em> (DDS, PhD) dipl\u00f4m\u00e9e de l&rsquo;\u00c9cole Dentaire de Copenhague en 1998. Elle poss\u00e8de de l&rsquo;exp\u00e9rience en dentisterie p\u00e9diatrique et a \u00e9t\u00e9 employ\u00e9e pendant un certain nombre d&rsquo;ann\u00e9es au service de dentisterie p\u00e9diatrique \u00e0 l&rsquo;H\u00f4pital Universitaire et l&rsquo;\u00c9cole Dentaire de Copenhague, Rigshospitalet. Son champ de recherche principal est la traumatologie, et elle est l&rsquo;auteure de plusieurs articles scientifiques et chapitres de livre dans ce domaine. Depuis 12 ans, Eva est activement impliqu\u00e9e dans le groupe de recherche et d\u00e9veloppement du Dental Trauma Guide et est responsable de la clinique de recherche du Dental Trauma Guide.<\/div>\n<\/div>\n<div class=\"profile\">\n<div><img loading=\"lazy\" decoding=\"async\" class=\"wp-image-183956\" src=\"https:\/\/dentaltraumaguide.org\/app\/uploads\/2023\/01\/Lars-Andersson.jpg\" alt=\"\" width=\"165\" height=\"165\" \/><\/div>\n<div class=\"profile-text\"><em>Lars Andersson<\/em> (DDS PhD DrOdont) a re\u00e7u son dipl\u00f4me et sa formation en recherche dans les ann\u00e9es 1970 et 1980 \u00e0 l&rsquo;Institut Karolinska en Su\u00e8de. Sp\u00e9cialiste et consultant en chirurgie orale et maxillofaciale en Su\u00e8de dans les ann\u00e9es 1980 et 90. Professeur et Pr\u00e9sident en chirurgie orale et maxillofaciale \u00e0 l&rsquo;Universit\u00e9 du Kowe\u00eft de 2002 \u00e0 2017. Professeur principal en chirurgie orale et maxillofaciale \u00e0 l&rsquo;Universit\u00e9 de Malm\u00f6 en Su\u00e8de depuis 2017. Il a publi\u00e9 plus de 100 articles scientifiques dans des revues index\u00e9es \u00e0 Medline, dont une grande partie concerne le domaine de la traumatologie. Auteur et \u00e9diteur de manuels en chirurgie orale et maxillofaciale et Traumatologie.<\/div>\n<\/div>\n<div class=\"profile\">\n<div><img loading=\"lazy\" decoding=\"async\" class=\"wp-image-183962\" src=\"https:\/\/dentaltraumaguide.org\/app\/uploads\/2023\/01\/Tue.jpg\" alt=\"\" width=\"165\" height=\"165\" \/><\/div>\n<div class=\"profile-text\"><em>Tue Frigaard Hansen<\/em> est cr\u00e9atif freelance en illustration 3D et propri\u00e9taire de <a href=\"http:\/\/www.360degree.dk\/\" target=\"_blank\" rel=\"noopener noreferrer\">360 Degree<\/a>. Il a re\u00e7u son dipl\u00f4me de graphiste sp\u00e9cialis\u00e9 dans les illustrations techniques \u00e0 l&rsquo;Universit\u00e9 de Lancaster en Angleterre en 2001. Son travail pour le centre de ressources des maladies bucco-dentaires rares et le service de chirurgie orale et maxillo-faciale \u00e0 l&rsquo;H\u00f4pital Universitaire de Copenhague comprend la conception et le d\u00e9veloppement web, la conception graphique, les illustrations techniques, les graphiques anim\u00e9s et les animations 3D.<\/div>\n<\/div>\n<div class=\"profile\">\n<div><img loading=\"lazy\" decoding=\"async\" class=\"wp-image-183968\" src=\"https:\/\/dentaltraumaguide.org\/app\/uploads\/2023\/01\/Tim-Holberg-Fog.jpg\" alt=\"\" width=\"165\" height=\"165\" \/><\/div>\n<div class=\"profile-text\"><em>Tim Holberg Fog<\/em> (MSc, CEO) est directeur g\u00e9n\u00e9ral de l&rsquo;\u00e9quipe du Dental Trauma Guide, secr\u00e9taire du conseil d&rsquo;administration du Dental Trauma Guide et directeur g\u00e9n\u00e9ral du partenariat public-priv\u00e9 TandplejeInformation.<\/div>\n<\/div>\n<div class=\"profile\">\n<div><img loading=\"lazy\" decoding=\"async\" class=\"wp-image-183974\" src=\"https:\/\/dentaltraumaguide.org\/app\/uploads\/2023\/01\/Trine.jpg\" alt=\"\" width=\"165\" height=\"165\" \/><\/div>\n<div class=\"profile-text\"><em>Trine Flindt-Larsen<\/em> est cheffe de projet pour le Dental Trauma Guide. Elle g\u00e8re la majorit\u00e9 des requ\u00eates du DTG et est responsable de l&rsquo;administration quotidienne. Gr\u00e2ce \u00e0 sa formation en dentisterie et ses connaissances en informatique, Trine aide et guide nos utilisateurs de la meilleure fa\u00e7on possible.<\/div>\n<\/div>\n<div class=\"profile\">\n<div><img loading=\"lazy\" decoding=\"async\" class=\"wp-image-183992\" src=\"https:\/\/dentaltraumaguide.org\/app\/uploads\/2023\/01\/Josephine-Solgaard-Henriksen.jpg\" alt=\"\" width=\"165\" height=\"165\" \/><\/div>\n<div class=\"profile-text\"><em>Josephine Solgaard<\/em> (DDS) a obtenu son dipl\u00f4me de la Facult\u00e9 de m\u00e9decine dentaire de l&rsquo;Universit\u00e9 de Copenhague en 2020. Depuis 2019, Josephine joue un r\u00f4le essentiel dans le groupe de recherche et de d\u00e9veloppement du Dental Trauma Guide, ainsi que dans la prestation de soins aux patients dans le cadre de la recherche associ\u00e9e \u00e0 la clinique. En parall\u00e8le, elle suit un programme de doctorat dans le domaine de la traumatologie dentaire dans la m\u00eame universit\u00e9.<\/div>\n<\/div>\n<div class=\"profile\">\n<div><img loading=\"lazy\" decoding=\"async\" class=\"wp-image-183980\" src=\"https:\/\/dentaltraumaguide.org\/app\/uploads\/2023\/01\/Emma-Fernandez.jpg\" alt=\"\" width=\"165\" height=\"165\" \/><\/div>\n<div class=\"profile-text\"><em>Emma Fern\u00e1ndez<\/em> (MA) s&rsquo;est dipl\u00f4m\u00e9e en entreprises cr\u00e9atives et m\u00e9diatiques \u00e0 l&rsquo;Universit\u00e9 de Warwick en Angleterre. Elle g\u00e8re la traduction du Dental Trauma Guide et met en place les strat\u00e9gies marketing pour l\u2019Am\u00e9rique Latine et les march\u00e9s \u00e9mergents.<\/div>\n<\/div>\n<div class=\"profile\">\n<div><img loading=\"lazy\" decoding=\"async\" class=\"wp-image-184029\" src=\"https:\/\/dentaltraumaguide.org\/app\/uploads\/2023\/01\/Nanna.jpg\" alt=\"\" width=\"165\" height=\"165\" \/><\/div>\n<div class=\"profile-text\">\n<p><em>Nanna Myser Olsen<\/em> (MA International Business Communication) est chef de projet pour Dental Trauma Guide. Elle s&rsquo;occupe de l&rsquo;administration quotidienne et de la communication de DTG. Nanna est responsable du marketing mondial du Dental Trauma Guide.<\/p>\n<\/div>\n<\/div>\n<div class=\"profile\">\n<div><img loading=\"lazy\" decoding=\"async\" class=\"wp-image-184035\" src=\"https:\/\/dentaltraumaguide.org\/app\/uploads\/2023\/01\/Lone.jpg\" alt=\"\" width=\"165\" height=\"165\" \/><\/div>\n<div class=\"profile-text\">\n<p><em>Lone Vesterager<\/em>\u00a0est responsable de l&rsquo;administration et des finances du Dental Trauma Guide.<\/p>\n<\/div>\n<\/div>\n<div class=\"profile\">\n<div><img loading=\"lazy\" decoding=\"async\" class=\"wp-image-183986\" src=\"https:\/\/dentaltraumaguide.org\/app\/uploads\/2023\/01\/Georgios-Tsilingaridis.jpg\" alt=\"\" width=\"165\" height=\"165\" \/><\/div>\n<div class=\"profile-text\"><em>Georgios Tsilingaridis<\/em> (DDS, PhD) a obtenu son dipl\u00f4me \u00e0 l\u2019Institut Karolinska en 1997, a termin\u00e9 sa formation postdoctorale en odontologie p\u00e9diatrique \u00e0 l&rsquo;Institut Eastman \u00e0 Stockholm en 2004 et a obtenu son doctorat au en 2013 \u00e0 l\u2019Institut Karolinka. Il est \u00e0 pr\u00e9sent professeur associ\u00e9, responsable de la division d&rsquo;orthodontie et de dentisterie p\u00e9diatrique et vice-doyen du D\u00e9partement de M\u00e9decine Dentaire de l\u2019Institut Karolinska. Il a \u00e9t\u00e9 pr\u00e9sident de la Soci\u00e9t\u00e9 Su\u00e9doise d&rsquo;Odontologie P\u00e9diatrique et ancien repr\u00e9sentant de la Su\u00e8de \u00e0 l&rsquo;EAPD. Il occupe actuellement des fonctions au sein de plusieurs comit\u00e9s tant \u00e0 l&rsquo;EAPD qu&rsquo;\u00e0 l&rsquo;IADT. Son principal domaine de recherche est la traumatologie dentaire et il est l&rsquo;auteur et co-auteur de plusieurs publications scientifiques originales et de manuels, notamment le \u00ab\u00a0Textbook and Color Atlas of Traumatic Injuries to the Teeth\u00a0\u00bb ainsi que les lignes directrices de l&rsquo;Association Internationale de Traumatologie Dentaire (IADT).<\/div>\n<div><\/div>\n<\/div>\n<div class=\"profile\">\n<div><img loading=\"lazy\" decoding=\"async\" class=\"wp-image-184000\" src=\"https:\/\/dentaltraumaguide.org\/app\/uploads\/2023\/01\/Poul-Folke.jpg\" alt=\"\" width=\"165\" height=\"165\" \/><\/div>\n<div class=\"profile-text\"><em>Poul Folke Christensen<\/em> (DDS) est dipl\u00f4m\u00e9 de l&rsquo;\u00c9cole Dentaire d&rsquo;Aarhus depuis 1973. Il a de l\u2019exp\u00e9rience dans la dentisterie p\u00e9diatrique et a travaill\u00e9 pendant plusieurs ann\u00e9es au d\u00e9partement de dentisterie p\u00e9diatrique de l&rsquo;\u00c9cole Dentaire d&rsquo;Aarhus. Pendant 35 ans, il a \u00e9t\u00e9 responsable de la dentisterie publique de la municipalit\u00e9 de Viborg. Aujourd&rsquo;hui, il est co-propri\u00e9taire et pr\u00e9sident du conseil d&rsquo;administration de TandplejeInformation, une collaboration public-priv\u00e9e dans le domaine dentaire.<\/div>\n<div><\/div>\n<\/div>\n<div class=\"profile\">\n<div><img loading=\"lazy\" decoding=\"async\" class=\"wp-image-184044\" src=\"https:\/\/dentaltraumaguide.org\/app\/uploads\/2023\/01\/Thomas-Kofod-Steengaard-baggrund.jpg\" alt=\"\" width=\"165\" height=\"165\" \/><\/div>\n<div class=\"profile-text\">Thomas Steengaard a obtenu son dipl\u00f4me de Docteur en Chirurgie Dentaire \u00e0 l&rsquo;Universit\u00e9 d&rsquo;Aarhus en 1996. Il est devenu sp\u00e9cialiste certifi\u00e9 en Chirurgie Orale et Maxillo-faciale en 2004, au D\u00e9partement de Chirurgie Orale et Maxillo-faciale de l&rsquo;H\u00f4pital Universitaire d&rsquo;Aarhus. En 2005, il a soutenu sa th\u00e8se de doctorat \u00e0 l&rsquo;Universit\u00e9 d&rsquo;Aarhus sur l&rsquo;Ost\u00e9ogen\u00e8se par Distraction.<br \/>\nEn 2007, il a \u00e9t\u00e9 nomm\u00e9 consultant en Chirurgie Orale et Maxillo-faciale au D\u00e9partement de Chirurgie Orale et Maxillo-faciale du Rigshospitalet, \u00e0 Copenhague.<br \/>\nDepuis 2011, il est chef du d\u00e9partement du D\u00e9partement de Chirurgie Orale et Maxillo-faciale du Rigshospitalet, H\u00f4pital Universitaire de Copenhague.<\/div>\n<div><\/div>\n<\/div>\n<div class=\"profile\">\n<div><img loading=\"lazy\" decoding=\"async\" class=\"wp-image-184056\" src=\"https:\/\/dentaltraumaguide.org\/app\/uploads\/2023\/01\/Simon-Storgard-Jensen-baggrund.jpg\" alt=\"\" width=\"165\" height=\"165\" \/><\/div>\n<div class=\"profile-text\"><em>Simon Storg\u00e5rd Jensen<\/em> (DDS) a re\u00e7u son dipl\u00f4me de la Facult\u00e9 de m\u00e9decine dentaire de l&rsquo;Universit\u00e9 de Copenhague en 1996 et celui de sp\u00e9cialiste certifi\u00e9 en Chirurgie Orale et Maxillo-faciale en 2004. Depuis 2005, il est chirurgien consultant senior en Chirurgie Orale et Maxillo-faciale et chef de la division traitant les patients ayant des dents manquantes cong\u00e9nitales et des pertes dentaires pr\u00e9coces li\u00e9es \u00e0 des traumatismes au D\u00e9partement de Chirurgie Orale et Maxillo-faciale \u00e0 l\u2019H\u00f4pital Universitaire de Copenhague. Depuis 2019, il est aussi professeur au D\u00e9partement de Chirurgie Orale et Maxillo-faciale, \u00c9cole de M\u00e9decine Dentaire, Universit\u00e9 de Copenhague. Ses principaux domaines de recherche et de concentration sont : l&rsquo;implantologie dentaire, les proc\u00e9dures d&rsquo;augmentation osseuse, l&rsquo;endodontie chirurgicale et les infections odontog\u00e8nes.<\/div>\n<\/div>\n<h2>Regional anchorpersons<\/h2>\n<hr \/>\n<div class=\"team\">\n<div class=\"profile\">\n<div><img loading=\"lazy\" decoding=\"async\" class=\"wp-image-26782\" src=\"https:\/\/dentaltraumaguide.org\/app\/uploads\/2020\/12\/Juliana_Bastos.jpg\" width=\"165\" height=\"165\" \/><\/div>\n<div class=\"profile-text\"><em>Juliana Vilela Bastos<\/em> (DDS, PhD) est professeure associ\u00e9e en endodontique \u00e0 l&rsquo;Universit\u00e9 F\u00e9d\u00e9rale de Minas Gerais \u00e0 Belo Horizonte au Br\u00e9sil, o\u00f9 elle coordonne le Centre de traumatologie dentaire et participe activement \u00e0 l&rsquo;\u00e9ducation en traumatologie dentaire, la recherche et le soin multidisciplinaire. Elle aide \u00e9galement le Dental Trauma Guide \u00e0 garantir la qualit\u00e9 du site en portugais br\u00e9silien et aide \u00e0 faire conna\u00eetre le Dental Trauma Guide dans cette partie du monde.<\/div>\n<\/div>\n<div class=\"profile\">\n<div><img loading=\"lazy\" decoding=\"async\" class=\"wp-image-26786\" src=\"https:\/\/dentaltraumaguide.org\/app\/uploads\/2019\/03\/Marie_Flores.jpg\" width=\"165\" height=\"165\" \/><\/div>\n<div class=\"profile-text\"><em>Marie Therese Flores<\/em> (DDS) est professeure en dentisterie p\u00e9diatrique \u00e0 l&rsquo;\u00c9cole de Dentisterie de l&rsquo;Universit\u00e9 de Valpara\u00edso au Chili. Elle est actuellement directrice au conseil d&rsquo;administration de l&rsquo;International Association of Dental Traumatology et a pr\u00e9sid\u00e9 l&rsquo;IADT de 2003 \u00e0 2006. Elle est co-autrice des Guidelines for the Management of Traumatic Dental Injuries, publi\u00e9es par l&rsquo;IADT en 2007. Depuis 2001, elle est membre du conseil \u00e9ditorial du Journal of Dental Traumatology.<\/div>\n<\/div>\n<h2>Contributeurs au Dental Trauma Guide<\/h2>\n<hr \/>\n<div class=\"team\">\n<div class=\"profile\">\n<div><img loading=\"lazy\" decoding=\"async\" class=\"wp-image-26782\" src=\"https:\/\/dentaltraumaguide.org\/app\/uploads\/2019\/03\/S\u00f8ren_Steno.jpg\" width=\"165\" height=\"165\" \/><\/div>\n<div class=\"profile-text\"><em>S\u00f8ren Steno Ahrensburg Christensen<\/em> (MSC) est sp\u00e9cialis\u00e9 en biochimie\/d\u00e9veloppement de logiciel. Il a obtenu son dipl\u00f4me en 2002 \u00e0 l&rsquo;Universit\u00e9 Technique du Danemark (DTU). Il a travaill\u00e9 4 ans \u00e0 la division Personal Systems Group d&rsquo;IBM en tant qu&rsquo;assistant technique pour l&rsquo;\u00e9quipe commerciale. Il a d\u00e9velopp\u00e9 la premi\u00e8re version du site web en collaboration avec Dr. Jens Ove Andreasen \u00e0 l&rsquo;H\u00f4pital Universitaire de Copenhague.<\/div>\n<\/div>\n<div class=\"profile\">\n<div><img loading=\"lazy\" decoding=\"async\" class=\"wp-image-26782\" src=\"https:\/\/dentaltraumaguide.org\/app\/uploads\/2019\/03\/Thomas_Gerds.jpg\" width=\"165\" height=\"165\" \/><\/div>\n<div class=\"profile-text\"><em>Thomas Alexander Gerds,<\/em> math\u00e9maticien et statisticien. Il a \u00e9tudi\u00e9 les math\u00e9matiques (dipl\u00f4m\u00e9 en 1998) et les biostatistiques (Dr.rer.nat. 2002) \u00e0 Freiburg en Allemagne. Entre 1999 et 2006, il a travaill\u00e9 comme consultant statistique pour le service de prosthodontie Albert-Ludwig \u00e0 l&rsquo;Universit\u00e9 de Freiburg. Depuis 2007, il est employ\u00e9 \u00e0 la section des biostatistiques au service de la sant\u00e9 publique \u00e0 l&rsquo;Universit\u00e9 de Copenhague. Ses recherches se concentrent sur les mod\u00e8les de pr\u00e9diction des risques et les analyses de survie. Depuis 2007, il collabore avec le Dental Trauma Team \u00e0 Copenhague.<\/div>\n<\/div>\n<div class=\"profile\">\n<div><img loading=\"lazy\" decoding=\"async\" class=\"wp-image-26782\" src=\"https:\/\/dentaltraumaguide.org\/app\/uploads\/2019\/03\/Leif_Bakland.jpg\" width=\"165\" height=\"165\" \/><\/div>\n<div class=\"profile-text\"><em>Leif Bakland<\/em> (DDS) est professeur au service d&rsquo;endodontie \u00e0 l&rsquo;\u00c9cole de Dentisterie de l&rsquo;Universit\u00e9 Loma Lina en Californie, \u00c9tats-Unis. Il est co\u00e9diteur de Ingle\u2019s Endodontics, 4\u00e8me, 5\u00e8me et 6\u00e8me \u00e9ditions, du Manual of Dental Traumatology 1\u00e8re, 2\u00e8me et 3\u00e8me \u00e9ditions, du Textbook and Color Atlas of Traumatic Dental Injuries to the Teeth, 3\u00e8me \u00e9dition et \u00e9diteur associ\u00e9 de Dental Traumatology.<\/div>\n<\/div>\n<\/div>\n<\/div>\n<\/div>\n","protected":false},"excerpt":{"rendered":"<p>Voici le personnel professionnel et amical qui travaille dans les coulisses du Dental Trauma Guide. L&rsquo;\u00e9quipe du Dental Trauma Guide Jens Ove Andreasen\u00a0(DDS Dr. Odont. hc.) (1935-2020) est consid\u00e9r\u00e9 comme le p\u00e8re de la traumatologie dentaire. Fondateur du Dental Trauma Guide, il s&rsquo;est sp\u00e9cialis\u00e9 en chirurgie orale et maxillo-faciale en 1968 et a travaill\u00e9 activement dans ce domaine pendant plus de 50 ans. Il a travaill\u00e9 cliniquement et exp\u00e9rimentalement sur les l\u00e9sions des traumatismes dentaires, la replantation dentaire, l&rsquo;\u00e9ruption dentaire et l&rsquo;impaction dentaire. Il est l&rsquo;auteur de 12 manuels et 400 articles scientifiques. Pr\u00e9sident de l&rsquo;International Association of Dental Traumatology<\/p>\n","protected":false},"author":2,"featured_media":0,"parent":0,"menu_order":0,"comment_status":"closed","ping_status":"closed","template":"template-full-width.php","meta":{"_acf_changed":false,"_monsterinsights_skip_tracking":false,"_monsterinsights_sitenote_active":false,"_monsterinsights_sitenote_note":"","_monsterinsights_sitenote_category":0,"footnotes":""},"class_list":["post-177854","page","type-page","status-publish","hentry","wpautop"],"acf":[],"_links":{"self":[{"href":"https:\/\/dentaltraumaguide.org\/fr\/wp-json\/wp\/v2\/pages\/177854","targetHints":{"allow":["GET"]}}],"collection":[{"href":"https:\/\/dentaltraumaguide.org\/fr\/wp-json\/wp\/v2\/pages"}],"about":[{"href":"https:\/\/dentaltraumaguide.org\/fr\/wp-json\/wp\/v2\/types\/page"}],"author":[{"embeddable":true,"href":"https:\/\/dentaltraumaguide.org\/fr\/wp-json\/wp\/v2\/users\/2"}],"replies":[{"embeddable":true,"href":"https:\/\/dentaltraumaguide.org\/fr\/wp-json\/wp\/v2\/comments?post=177854"}],"version-history":[{"count":7,"href":"https:\/\/dentaltraumaguide.org\/fr\/wp-json\/wp\/v2\/pages\/177854\/revisions"}],"predecessor-version":[{"id":212932,"href":"https:\/\/dentaltraumaguide.org\/fr\/wp-json\/wp\/v2\/pages\/177854\/revisions\/212932"}],"wp:attachment":[{"href":"https:\/\/dentaltraumaguide.org\/fr\/wp-json\/wp\/v2\/media?parent=177854"}],"curies":[{"name":"wp","href":"https:\/\/api.w.org\/{rel}","templated":true}]}}