{"id":177789,"date":"2021-04-13T20:13:59","date_gmt":"2021-04-13T20:13:59","guid":{"rendered":"https:\/\/dentaltraumaguide.org\/membership-all-subscriptions\/"},"modified":"2021-04-13T20:13:59","modified_gmt":"2021-04-13T20:13:59","slug":"membership-all-subscriptions","status":"publish","type":"page","link":"https:\/\/dentaltraumaguide.org\/fr\/membership-all-subscriptions\/","title":{"rendered":"Abonnement toutes les adh\u00e9sions"},"content":{"rendered":"<p><img loading=\"lazy\" decoding=\"async\" class=\"alignnone size-full wp-image-1893\" src=\"https:\/\/dentaltraumaguide.org\/app\/uploads\/2016\/11\/membership.jpg\" alt=\"membership\" width=\"800\" height=\"327\" srcset=\"https:\/\/dentaltraumaguide.org\/app\/uploads\/2016\/11\/membership.jpg 800w, https:\/\/dentaltraumaguide.org\/app\/uploads\/2016\/11\/membership-600x245.jpg 600w, https:\/\/dentaltraumaguide.org\/app\/uploads\/2016\/11\/membership-300x123.jpg 300w, https:\/\/dentaltraumaguide.org\/app\/uploads\/2016\/11\/membership-768x314.jpg 768w\" sizes=\"auto, (max-width: 800px) 100vw, 800px\" \/><br \/>\n<strong>Vous pouvez choisir entre :<\/strong><\/p>\n<h2>Une adh\u00e9sion individuelle et une adh\u00e9sion group\u00e9e<\/h2>\n<p><strong>Nous vous recommandons d&rsquo;opter pour une adh\u00e9sion group\u00e9e si :<\/strong><\/p>\n<ul>\n<li>Vous avez plusieurs \/ de nombreux utilisateurs n\u00e9cessitant un acc\u00e8s au NOUVEAU Dental Trauma Guide sous le m\u00eame abonnement.<\/li>\n<\/ul>\n<p>Notez que : les adh\u00e9sions group\u00e9es donnent droit \u00e0 des r\u00e9ductions.<\/p>\n<p> <strong>Nous vous recommandons d&rsquo;opter pour une adh\u00e9sion individuelle si :<\/strong><\/p>\n<ul>\n<li>Vous avez besoin d&rsquo;un acc\u00e8s au Dental Trauma Guide pour un seul utilisateur.<\/li>\n<li>Vous avez besoin <u><\/u> d&rsquo;un acc\u00e8s imm\u00e9diat au Dental Trauma Guide. Une adh\u00e9sion group\u00e9e n\u00e9cessite quelques jours pour \u00eatre enti\u00e8rement enregistr\u00e9e. Nous vous rembourserons si vous avez une adh\u00e9sion group\u00e9e sans le savoir.<\/li>\n<\/ul>\n","protected":false},"excerpt":{"rendered":"<p>Vous pouvez choisir entre : Une adh\u00e9sion individuelle et une adh\u00e9sion group\u00e9e Nous vous recommandons d&rsquo;opter pour une adh\u00e9sion group\u00e9e si : Vous avez plusieurs \/ de nombreux utilisateurs n\u00e9cessitant un acc\u00e8s au NOUVEAU Dental Trauma Guide sous le m\u00eame abonnement. Notez que : les adh\u00e9sions group\u00e9es donnent droit \u00e0 des r\u00e9ductions. Nous vous recommandons d&rsquo;opter pour une adh\u00e9sion individuelle si : Vous avez besoin d&rsquo;un acc\u00e8s au Dental Trauma Guide pour un seul utilisateur. Vous avez besoin d&rsquo;un acc\u00e8s imm\u00e9diat au Dental Trauma Guide. Une adh\u00e9sion group\u00e9e n\u00e9cessite quelques jours pour \u00eatre enti\u00e8rement enregistr\u00e9e. Nous vous rembourserons si vous<\/p>\n","protected":false},"author":2,"featured_media":0,"parent":0,"menu_order":0,"comment_status":"closed","ping_status":"closed","template":"","meta":{"_acf_changed":false,"_monsterinsights_skip_tracking":false,"_monsterinsights_sitenote_active":false,"_monsterinsights_sitenote_note":"","_monsterinsights_sitenote_category":0,"footnotes":""},"class_list":["post-177789","page","type-page","status-publish","hentry","wpautop"],"acf":[],"_links":{"self":[{"href":"https:\/\/dentaltraumaguide.org\/fr\/wp-json\/wp\/v2\/pages\/177789","targetHints":{"allow":["GET"]}}],"collection":[{"href":"https:\/\/dentaltraumaguide.org\/fr\/wp-json\/wp\/v2\/pages"}],"about":[{"href":"https:\/\/dentaltraumaguide.org\/fr\/wp-json\/wp\/v2\/types\/page"}],"author":[{"embeddable":true,"href":"https:\/\/dentaltraumaguide.org\/fr\/wp-json\/wp\/v2\/users\/2"}],"replies":[{"embeddable":true,"href":"https:\/\/dentaltraumaguide.org\/fr\/wp-json\/wp\/v2\/comments?post=177789"}],"version-history":[{"count":0,"href":"https:\/\/dentaltraumaguide.org\/fr\/wp-json\/wp\/v2\/pages\/177789\/revisions"}],"wp:attachment":[{"href":"https:\/\/dentaltraumaguide.org\/fr\/wp-json\/wp\/v2\/media?parent=177789"}],"curies":[{"name":"wp","href":"https:\/\/api.w.org\/{rel}","templated":true}]}}