{"id":177787,"date":"2021-04-13T20:13:59","date_gmt":"2021-04-13T20:13:59","guid":{"rendered":"https:\/\/dentaltraumaguide.org\/cookie-privacy-policy\/"},"modified":"2021-04-13T20:13:59","modified_gmt":"2021-04-13T20:13:59","slug":"cookie-privacy-policy","status":"publish","type":"page","link":"https:\/\/dentaltraumaguide.org\/fr\/cookie-privacy-policy\/","title":{"rendered":"Politique de cookies et de confidentialit\u00e9"},"content":{"rendered":"<h2>Politique des cookies<\/h2>\n<p>Informations g\u00e9n\u00e9rales \u00e0 propos des cookies<\/p>\n<h3>Les cookies sont utilis\u00e9s par la plupart des sites web.<\/h3>\n<p>Un cookie est un petit fichier que les sites web ins\u00e8rent dans l&rsquo;ordinateur, le portable ou tout autre appareil d&rsquo;un utilisateur pour pouvoir reconna\u00eetre et recueillir des informations \u00e0 propos des pages et des fonctions visit\u00e9es par cet appareil.<\/p>\n<p>Les cookies ne cessent de circuler entre le navigateur et le serveur web et, entre autres, nous permettent de suivre des enregistrements anonymes des actions effectu\u00e9es par les utilisateurs sur le site, que nous pouvons ensuite utiliser pour am\u00e9liorer le site web.<\/p>\n<p>Un cookie est un fichier passif qui ne peut pas transmettre de virus ou autres programmes malveillants.<\/p>\n<p>Les cookies contiennent uniquement des informations anonymes.<\/p>\n<p>Les cookies sont souvent essentiels pour assurer un fonctionnement optimal d&rsquo;un site web car de nombreux services et fonctions ne peuvent pas \u00eatre fournis sans l&rsquo;utilisation de cookies.<\/p>\n<h3>Les cookies sur ce site web<\/h3>\n<p>Nous utilisons des cookies sur Dentaltraumaguide.org \u00e0 diverses fins, li\u00e9es au fonctionnement, \u00e0 l&rsquo;analyse web et au marketing.<\/p>\n<p>La plupart des cookies que nous utilisons recueillent des statistiques sur vos visites afin de savoir comment am\u00e9liorer l&rsquo;exp\u00e9rience de l&rsquo;utilisateur sur notre site web.<\/p>\n<p>Toutes les donn\u00e9es que nous recueillons sur vous resteront anonymes, \u00e9tant donn\u00e9 que les cookies ne peuvent pas \u00eatre utilis\u00e9s pour identifier les utilisateurs.<\/p>\n<p>Les cookies sont soit des cookies internes soit des cookies tiers. Les cookies internes sont allou\u00e9s par la page que l&rsquo;utilisateur visite. Les cookies tiers sont allou\u00e9s par une partie tierce ayant des \u00e9l\u00e9ments incorpor\u00e9s dans la page que l&rsquo;utilisateur visite. <\/p>\n<p>Dentaltraumaguide.org utilise des cookies tiers de Google Analytics pour g\u00e9n\u00e9rer des statistiques concernant l&rsquo;utilisation du site web.<\/p>\n<p>Les cookies sont g\u00e9n\u00e9ralement supprim\u00e9s automatiquement de votre navigateur lorsque celui-ci est ferm\u00e9 (c&rsquo;est ce qu&rsquo;on appelle les cookies de session). Les cookies peuvent \u00e9galement avoir une date d&rsquo;expiration pour que les donn\u00e9es existent sur une p\u00e9riode courte ou longue (cookies persistants). Les cookies persistants sont habituellement stock\u00e9s sur votre disque dur.<\/p>\n<h3>Suppression ou blocage des cookies<\/h3>\n<p>Nous esp\u00e9rons que les visiteurs de Dentaltraumaguide.org\u00a0 ne verront aucun inconv\u00e9nient \u00e0 autoriser les cookies que nous avons \u00e9tablis, car ils nous aident \u00e0 fournir un meilleur service et \u00e0 donner une meilleure exp\u00e9rience utilisateur.<\/p>\n<p>Toutefois, les cookies \u00e9tant en possession de l&rsquo;utilisateur, ce dernier conserve la possibilit\u00e9 de voir, modifier ou supprimer les cookies. Sachez que sans les cookies, vous pourriez ne pas \u00eatre en mesure d&rsquo;utiliser toutes les fonctionnalit\u00e9s de ce site.<\/p>\n<p>Si vous ne souhaitez pas utiliser les cookies de dentaltraumaguide.org, vous pouvez &#8211; dans la plupart des navigateurs r\u00e9cents &#8211; s\u00e9lectionner les \u00ab\u00a0Param\u00e8tres avanc\u00e9s des cookies\u00a0\u00bb dans les \u00ab\u00a0Options internet\u00a0\u00bb et ajouter <a href=\"https:\/\/visitcopenhagen.org\">dentaltraumaguide.org<\/a>\u00a0\u00e0 la liste des sites web dont vous souhaitez bloquer les cookies.<\/p>\n<p>Vous y trouverez \u00e9galement l&rsquo;option pour supprimer les cookies individuels ou tous les cookies que votre navigateur a stock\u00e9s.<\/p>\n<p>Si vous param\u00e9trez votre navigateur pour refuser les cookies en g\u00e9n\u00e9ral, veuillez noter que vous ne pourrez pas acc\u00e9der \u00e0 certaines fonctionnalit\u00e9s de notre site web ou les faire fonctionner correctement.<\/p>\n<h3>Informations additionnelles<\/h3>\n<p>Vous avez le droit d&rsquo;\u00eatre inform\u00e9 des donn\u00e9es que Dentaltraumaguide.org a stock\u00e9es sur vous.<\/p>\n<p>Vous pouvez \u00e9galement demander gratuitement que des donn\u00e9es incorrectes sur vous soit corrig\u00e9es ou que Dentaltraumaguide.org cesse de traiter des donn\u00e9es sur vous.<\/p>\n<p><strong>Si vous avez une quelconque question au sujet des aspects juridiques ou des conditions de ce site, veuillez contacter le Dental Trauma guide g\u00e9r\u00e9 par Tandplejeinformation.dk \u00e0 l&rsquo;adresse suivante :<\/strong><\/p>\n<p>Tandplejeinformation Aps<br \/>\nSandvadsvej 1<br \/>\nDK-4600 K\u00f8ge<br \/>\nDANEMARK<\/p>\n<p><a href=\"mailto:info@dentaltraumaguide@gmail.com\">info@dentaltraumaguide.org<\/a><br \/>\n<a href=\"https:\/\/www.tandplejeinformation.dk\">https:\/\/www.tandplejeinformation.dk<\/a><\/p>\n","protected":false},"excerpt":{"rendered":"<p>Politique des cookies Informations g\u00e9n\u00e9rales \u00e0 propos des cookies Les cookies sont utilis\u00e9s par la plupart des sites web. Un cookie est un petit fichier que les sites web ins\u00e8rent dans l&rsquo;ordinateur, le portable ou tout autre appareil d&rsquo;un utilisateur pour pouvoir reconna\u00eetre et recueillir des informations \u00e0 propos des pages et des fonctions visit\u00e9es par cet appareil. Les cookies ne cessent de circuler entre le navigateur et le serveur web et, entre autres, nous permettent de suivre des enregistrements anonymes des actions effectu\u00e9es par les utilisateurs sur le site, que nous pouvons ensuite utiliser pour am\u00e9liorer le site web.<\/p>\n","protected":false},"author":2,"featured_media":0,"parent":0,"menu_order":0,"comment_status":"closed","ping_status":"closed","template":"template-full-width.php","meta":{"_acf_changed":false,"_monsterinsights_skip_tracking":false,"_monsterinsights_sitenote_active":false,"_monsterinsights_sitenote_note":"","_monsterinsights_sitenote_category":0,"footnotes":""},"class_list":["post-177787","page","type-page","status-publish","hentry","wpautop"],"acf":[],"_links":{"self":[{"href":"https:\/\/dentaltraumaguide.org\/fr\/wp-json\/wp\/v2\/pages\/177787","targetHints":{"allow":["GET"]}}],"collection":[{"href":"https:\/\/dentaltraumaguide.org\/fr\/wp-json\/wp\/v2\/pages"}],"about":[{"href":"https:\/\/dentaltraumaguide.org\/fr\/wp-json\/wp\/v2\/types\/page"}],"author":[{"embeddable":true,"href":"https:\/\/dentaltraumaguide.org\/fr\/wp-json\/wp\/v2\/users\/2"}],"replies":[{"embeddable":true,"href":"https:\/\/dentaltraumaguide.org\/fr\/wp-json\/wp\/v2\/comments?post=177787"}],"version-history":[{"count":0,"href":"https:\/\/dentaltraumaguide.org\/fr\/wp-json\/wp\/v2\/pages\/177787\/revisions"}],"wp:attachment":[{"href":"https:\/\/dentaltraumaguide.org\/fr\/wp-json\/wp\/v2\/media?parent=177787"}],"curies":[{"name":"wp","href":"https:\/\/api.w.org\/{rel}","templated":true}]}}