{"id":177776,"date":"2021-04-13T20:10:43","date_gmt":"2021-04-13T20:10:43","guid":{"rendered":"https:\/\/dentaltraumaguide.org\/your-moneys-worth\/"},"modified":"2025-01-07T07:36:59","modified_gmt":"2025-01-07T07:36:59","slug":"your-moneys-worth","status":"publish","type":"page","link":"https:\/\/dentaltraumaguide.org\/fr\/your-moneys-worth\/","title":{"rendered":"Qu&rsquo;obtenez-vous pour votre argent ?"},"content":{"rendered":"<p><img loading=\"lazy\" decoding=\"async\" class=\"alignnone wp-image-237275 size-full\" src=\"https:\/\/dentaltraumaguide.org\/app\/uploads\/2025\/01\/price-.jpg\" alt=\"\" width=\"800\" height=\"327\" srcset=\"https:\/\/dentaltraumaguide.org\/app\/uploads\/2025\/01\/price-.jpg 800w, https:\/\/dentaltraumaguide.org\/app\/uploads\/2025\/01\/price--300x123.jpg 300w, https:\/\/dentaltraumaguide.org\/app\/uploads\/2025\/01\/price--768x314.jpg 768w, https:\/\/dentaltraumaguide.org\/app\/uploads\/2025\/01\/price--600x245.jpg 600w\" sizes=\"auto, (max-width: 800px) 100vw, 800px\" \/><\/p>\n<p>Obtenez-en pour votre argent\u2026<\/p>\n<p>Le prix de l&rsquo;abonnement d\u2019un an au Dental Trauma Guide est de US$60.00.00 USD. L\u2019abonnement vous permet d\u2019acc\u00e9der au contenu int\u00e9gral du Dental Trauma Guide ainsi qu\u2019\u00e0 d\u2019autres avantages. Voici les avantages dont vous b\u00e9n\u00e9ficiez en tant que membre DTG :<\/p>\n<p>Vous obtenez :<\/p>\n<ul>\n<li>Un acc\u00e8s \u00e0 diverses proc\u00e9dures de traitement sous format anim\u00e9e. En moins de 90 secondes, vous \u00eates enti\u00e8rement mis \u00e0 jour.<\/li>\n<li>L&rsquo;\u00e9tablissement du pronostic individuel de diverses options de traitement pour tous les types de l\u00e9sions ainsi que des instructions aux patients.<\/li>\n<li>Une newsletter r\u00e9guli\u00e8re.<\/li>\n<li>L\u2019avantage professionnel de pouvoir offrir aux patients souffrant de<br \/>\ntraumatismes dentaires le meilleur traitement possible gr\u00e2ce au meilleur outil de pronostic possible.<\/li>\n<\/ul>\n<p><em>Votre abonnement permet \u00e9galement de soutenir la recherche et le d\u00e9veloppement en cours dans le domaine des traumatismes dentaires.<\/em><\/p>\n","protected":false},"excerpt":{"rendered":"<p>Obtenez-en pour votre argent&#8230;<br \/>\nPour un petit prix, vous b\u00e9n\u00e9ficiez d&rsquo;un abonnement d&rsquo;un an au Guide de traumatologie dentaire.<\/p>\n","protected":false},"author":5893,"featured_media":237275,"parent":0,"menu_order":0,"comment_status":"closed","ping_status":"closed","template":"","meta":{"_acf_changed":false,"_monsterinsights_skip_tracking":false,"_monsterinsights_sitenote_active":false,"_monsterinsights_sitenote_note":"","_monsterinsights_sitenote_category":0,"footnotes":""},"class_list":["post-177776","page","type-page","status-publish","has-post-thumbnail","hentry","wpautop"],"acf":[],"_links":{"self":[{"href":"https:\/\/dentaltraumaguide.org\/fr\/wp-json\/wp\/v2\/pages\/177776","targetHints":{"allow":["GET"]}}],"collection":[{"href":"https:\/\/dentaltraumaguide.org\/fr\/wp-json\/wp\/v2\/pages"}],"about":[{"href":"https:\/\/dentaltraumaguide.org\/fr\/wp-json\/wp\/v2\/types\/page"}],"author":[{"embeddable":true,"href":"https:\/\/dentaltraumaguide.org\/fr\/wp-json\/wp\/v2\/users\/5893"}],"replies":[{"embeddable":true,"href":"https:\/\/dentaltraumaguide.org\/fr\/wp-json\/wp\/v2\/comments?post=177776"}],"version-history":[{"count":4,"href":"https:\/\/dentaltraumaguide.org\/fr\/wp-json\/wp\/v2\/pages\/177776\/revisions"}],"predecessor-version":[{"id":237283,"href":"https:\/\/dentaltraumaguide.org\/fr\/wp-json\/wp\/v2\/pages\/177776\/revisions\/237283"}],"wp:featuredmedia":[{"embeddable":true,"href":"https:\/\/dentaltraumaguide.org\/fr\/wp-json\/wp\/v2\/media\/237275"}],"wp:attachment":[{"href":"https:\/\/dentaltraumaguide.org\/fr\/wp-json\/wp\/v2\/media?parent=177776"}],"curies":[{"name":"wp","href":"https:\/\/api.w.org\/{rel}","templated":true}]}}