{"id":177773,"date":"2021-04-13T19:52:45","date_gmt":"2021-04-13T19:52:45","guid":{"rendered":"https:\/\/dentaltraumaguide.org\/professional-and-public-objectives\/"},"modified":"2021-04-13T20:00:29","modified_gmt":"2021-04-13T20:00:29","slug":"professional-and-public-objectives","status":"publish","type":"page","link":"https:\/\/dentaltraumaguide.org\/fr\/professional-and-public-objectives\/","title":{"rendered":"Objectifs professionnels et publics"},"content":{"rendered":"<h2><del><\/del>Objectifs professionnels<\/h2>\n<hr \/>\n<p>Les l\u00e9sions li\u00e9es aux traumatismes dentaires posent un probl\u00e8me de diagnostic complexe et offrent une multitude d&rsquo;options de traitement.<\/p>\n<p>Les diff\u00e9rents types de fractures (9) et de luxations (6) peuvent \u00eatre combin\u00e9s de 54 diff\u00e9rentes fa\u00e7ons, chacune g\u00e9n\u00e9rant un sc\u00e9nario traumatique avec des demandes de traitements individuels et des pronostics relatifs \u00e0 la gu\u00e9rison pulpaire et parodontale. Cette complexit\u00e9 explique que tr\u00e8s peu de dentistes dans le monde sont enti\u00e8rement au fait de l&rsquo;approche \u00ab\u00a0fond\u00e9e sur des faits\u00a0\u00bb pour diagnostiquer et traiter les l\u00e9sions li\u00e9es aux traumatismes dentaires.<\/p>\n<p>Pour illustrer notre propos, voici un exemple : une l\u00e9sion par luxation lat\u00e9rale induira un certain nombre de choix de traitement. La dent doit-elle \u00eatre <i>repositionn\u00e9e<\/i> ou pas (en sachant que la proc\u00e9dure de repositionnement peut repr\u00e9senter un nouveau traumatisme), le cas \u00e9ch\u00e9ant, quel type d&rsquo;<i>attelle<\/i> (rigide \/ flexible) et pour <i>combien de temps<\/i>. De plus, faut-il administrer des <i>antibiotiques<\/i> sur une base prophylactique pour \u00e9viter les complications de gu\u00e9rison ? Toutes ces questions doivent \u00eatre consid\u00e9r\u00e9es avant d&rsquo;initier un traitement fond\u00e9 sur des faits. Du fait de la multitude de sc\u00e9narios de traumatismes dans la dentition permanente, chacun offrant des options de traitement sp\u00e9cifiques, il n&rsquo;est pas surprenant que le traitement des l\u00e9sions par traumatismes dentaires est devenu controvers\u00e9 et que les \u00e9tudes men\u00e9es dans divers pays ont montr\u00e9 que la moiti\u00e9 des patients recevraient un traitement pr\u00e9judiciable ou inutile.<\/p>\n<p>Par cons\u00e9quent, l&rsquo;objectif du <i>Dental Trauma Guide<\/i>, via une visualisation des lignes directrices de l&rsquo;IADT, est de promouvoir l&rsquo;application de proc\u00e9dures de traitement document\u00e9es par des \u00e9tudes cliniques et exp\u00e9rimentales, pour am\u00e9liorer la gu\u00e9rison pulpaire et parodontale apr\u00e8s un traumatisme.<\/p>\n<p>Nous pensons que le <i>Dental Trauma Guide<\/i> contribue grandement \u00e0 am\u00e9liorer les traitements dentaires dans le monde en faisant le lien entre le traitement effectif et les connaissances actuelles sur les m\u00e9thodes qui font la promotion de la gu\u00e9rison des blessures. Le <i>Dental Trauma Guide<\/i> fournit des faits pour \u00e9tayer l&rsquo;\u00e9ventail complexe de traitements offerts aux patients souffrant de traumatismes.<\/p>\n<h2>Objectifs publics<\/h2>\n<hr \/>\n<p>Les cr\u00e9ateurs du <i>Dental Trauma Guide<\/i> aspirent \u00e0 ce qu&rsquo;il rehausse le niveau de soin apport\u00e9 aux patients souffrant de traumatismes dentaires dans le monde.<\/p>\n<p>On estime que le ph\u00e9nom\u00e8ne global du traumatisme dentaire affecte 50 \u00e0 60 % de la population mondiale (y compris les dentitions primaires et permanentes). On estime que le monde connait environ 3 milliards de victimes de traumatismes dentaires avec 60 millions de nouveaux cas chaque ann\u00e9e.<\/p>\n<p>En 2001, une \u00e9tude men\u00e9e au Danemark a calcul\u00e9 le co\u00fbt du premier traitement \u00ab\u00a0d\u00e9finitif\u00a0\u00bb de traumatismes dentaires, et il s&rsquo;\u00e9l\u00e8ve \u00e0 2-5 millions de dollars US par million d&rsquo;habitants, un chiffre qui a augment\u00e9 depuis. C&rsquo;est une charge financi\u00e8re importante pour tous les patients souffrant de traumatismes et, \u00e0 certains, \u00e9gards, \u00e9galement pour la soci\u00e9t\u00e9.<\/p>\n<p>Il est tr\u00e8s important que de telles l\u00e9sions soient examin\u00e9es par un dentiste d\u00e8s que possible apr\u00e8s l&rsquo;accident pour qu&rsquo;un traitement ad\u00e9quat soit initi\u00e9.<\/p>\n<p>Si le guide peut optimiser le traitement initial, tellement crucial pour les r\u00e9sultats finaux, esp\u00e9rons qu&rsquo;il r\u00e9duise la multiplicit\u00e9 des probl\u00e8mes que les victimes de traumatismes peuvent rencontrer ult\u00e9rieurement.<\/p>\n","protected":false},"excerpt":{"rendered":"<p>Objectifs professionnels Les l\u00e9sions li\u00e9es aux traumatismes dentaires posent un probl\u00e8me de diagnostic complexe et offrent une multitude d&rsquo;options de traitement. Les diff\u00e9rents types de fractures (9) et de luxations (6) peuvent \u00eatre combin\u00e9s de 54 diff\u00e9rentes fa\u00e7ons, chacune g\u00e9n\u00e9rant un sc\u00e9nario traumatique avec des demandes de traitements individuels et des pronostics relatifs \u00e0 la gu\u00e9rison pulpaire et parodontale. Cette complexit\u00e9 explique que tr\u00e8s peu de dentistes dans le monde sont enti\u00e8rement au fait de l&rsquo;approche \u00ab\u00a0fond\u00e9e sur des faits\u00a0\u00bb pour diagnostiquer et traiter les l\u00e9sions li\u00e9es aux traumatismes dentaires. Pour illustrer notre propos, voici un exemple : une l\u00e9sion<\/p>\n","protected":false},"author":2,"featured_media":0,"parent":0,"menu_order":0,"comment_status":"closed","ping_status":"closed","template":"template-full-width.php","meta":{"_acf_changed":false,"_monsterinsights_skip_tracking":false,"_monsterinsights_sitenote_active":false,"_monsterinsights_sitenote_note":"","_monsterinsights_sitenote_category":0,"footnotes":""},"class_list":["post-177773","page","type-page","status-publish","hentry","wpautop"],"acf":[],"_links":{"self":[{"href":"https:\/\/dentaltraumaguide.org\/fr\/wp-json\/wp\/v2\/pages\/177773","targetHints":{"allow":["GET"]}}],"collection":[{"href":"https:\/\/dentaltraumaguide.org\/fr\/wp-json\/wp\/v2\/pages"}],"about":[{"href":"https:\/\/dentaltraumaguide.org\/fr\/wp-json\/wp\/v2\/types\/page"}],"author":[{"embeddable":true,"href":"https:\/\/dentaltraumaguide.org\/fr\/wp-json\/wp\/v2\/users\/2"}],"replies":[{"embeddable":true,"href":"https:\/\/dentaltraumaguide.org\/fr\/wp-json\/wp\/v2\/comments?post=177773"}],"version-history":[{"count":1,"href":"https:\/\/dentaltraumaguide.org\/fr\/wp-json\/wp\/v2\/pages\/177773\/revisions"}],"predecessor-version":[{"id":177775,"href":"https:\/\/dentaltraumaguide.org\/fr\/wp-json\/wp\/v2\/pages\/177773\/revisions\/177775"}],"wp:attachment":[{"href":"https:\/\/dentaltraumaguide.org\/fr\/wp-json\/wp\/v2\/media?parent=177773"}],"curies":[{"name":"wp","href":"https:\/\/api.w.org\/{rel}","templated":true}]}}