{"id":177772,"date":"2021-04-13T19:52:45","date_gmt":"2021-04-13T19:52:45","guid":{"rendered":"https:\/\/dentaltraumaguide.org\/how-to-use-the-dental-trauma-guide\/"},"modified":"2023-11-02T13:54:34","modified_gmt":"2023-11-02T13:54:34","slug":"how-to-use-the-dental-trauma-guide","status":"publish","type":"page","link":"https:\/\/dentaltraumaguide.org\/fr\/how-to-use-the-dental-trauma-guide\/","title":{"rendered":"Comment utiliser \u00ab\u00a0Dental Trauma Guide\u00a0\u00bb"},"content":{"rendered":"<h2>Nouveaux arrivants<\/h2>\n<p>Si vous n&rsquo;avez pas d&rsquo;exp\u00e9rience dans la prise en charge des patients souffrant de traumatismes dentaires, nous vous recommandons de lire la section \u00abExamen d&rsquo;un patient souffrant d&rsquo;un traumatisme\u00bb.<\/p>\n<p>Afin de trouver le diagnostic correct pour un patient, veuillez utiliser l&rsquo;outil d&rsquo;identification de traumatisme qui vous guidera vers le diagnostic correct en r\u00e9pondant \u00e0 une s\u00e9rie de questions par oui ou par non sur la base des r\u00e9sultats cliniques et radiographiques.<\/p>\n<h2>Praticiens et sp\u00e9cialistes exp\u00e9riment\u00e9s<\/h2>\n<p>Un praticien exp\u00e9riment\u00e9 aura g\u00e9n\u00e9ralement identifi\u00e9 le diagnostic avant de se connecter au\u00a0<em>Dental Trauma Guide<\/em>. Dans ce cas, la page de conseils de traitement et de pronostic pour la l\u00e9sion donn\u00e9e est accessible directement via le panneau lat\u00e9ral gauche.<\/p>\n<p>&nbsp;<\/p>\n<div style=\"width: 854px;\" class=\"wp-video\"><video class=\"wp-video-shortcode\" id=\"video-177772-1\" width=\"854\" height=\"480\" autoplay preload=\"metadata\" controls=\"controls\"><source type=\"video\/mp4\" src=\"https:\/\/dentaltraumaguide.org\/app\/uploads\/2023\/08\/03_23DTG_InstructionsV07WEB.mp4?_=1\" \/><track srclang=\"fr\" label=\"Fran\u00e7ais\" kind=\"subtitles\" src=\"https:\/\/dentaltraumaguide.org\/app\/uploads\/2023\/11\/How_to_FR.srt\"\/><track srclang=\"en\" label=\"English\" kind=\"subtitles\" src=\"https:\/\/dentaltraumaguide.org\/app\/uploads\/2023\/08\/How_to_EN.srt\"\/><track srclang=\"es\" label=\"Espa\u00f1ol\" kind=\"subtitles\" src=\"https:\/\/dentaltraumaguide.org\/app\/uploads\/2023\/08\/How_to_ES.srt\"\/><track srclang=\"pt\" label=\"Portugu\u00eas\" kind=\"subtitles\" src=\"https:\/\/dentaltraumaguide.org\/app\/uploads\/2023\/08\/How_to_PT.srt\"\/><a href=\"https:\/\/dentaltraumaguide.org\/app\/uploads\/2023\/08\/03_23DTG_InstructionsV07WEB.mp4\">https:\/\/dentaltraumaguide.org\/app\/uploads\/2023\/08\/03_23DTG_InstructionsV07WEB.mp4<\/a><\/video><\/div>\n","protected":false},"excerpt":{"rendered":"<p>Nouveaux arrivants Si vous n&rsquo;avez pas d&rsquo;exp\u00e9rience dans la prise en charge des patients souffrant de traumatismes dentaires, nous vous recommandons de lire la section \u00abExamen d&rsquo;un patient souffrant d&rsquo;un traumatisme\u00bb. Afin de trouver le diagnostic correct pour un patient, veuillez utiliser l&rsquo;outil d&rsquo;identification de traumatisme qui vous guidera vers le diagnostic correct en r\u00e9pondant \u00e0 une s\u00e9rie de questions par oui ou par non sur la base des r\u00e9sultats cliniques et radiographiques. Praticiens et sp\u00e9cialistes exp\u00e9riment\u00e9s Un praticien exp\u00e9riment\u00e9 aura g\u00e9n\u00e9ralement identifi\u00e9 le diagnostic avant de se connecter au\u00a0Dental Trauma Guide. Dans ce cas, la page de conseils de<\/p>\n","protected":false},"author":2,"featured_media":0,"parent":0,"menu_order":0,"comment_status":"closed","ping_status":"closed","template":"template-full-width.php","meta":{"_acf_changed":false,"_monsterinsights_skip_tracking":false,"_monsterinsights_sitenote_active":false,"_monsterinsights_sitenote_note":"","_monsterinsights_sitenote_category":0,"footnotes":""},"class_list":["post-177772","page","type-page","status-publish","hentry","wpautop"],"acf":[],"_links":{"self":[{"href":"https:\/\/dentaltraumaguide.org\/fr\/wp-json\/wp\/v2\/pages\/177772","targetHints":{"allow":["GET"]}}],"collection":[{"href":"https:\/\/dentaltraumaguide.org\/fr\/wp-json\/wp\/v2\/pages"}],"about":[{"href":"https:\/\/dentaltraumaguide.org\/fr\/wp-json\/wp\/v2\/types\/page"}],"author":[{"embeddable":true,"href":"https:\/\/dentaltraumaguide.org\/fr\/wp-json\/wp\/v2\/users\/2"}],"replies":[{"embeddable":true,"href":"https:\/\/dentaltraumaguide.org\/fr\/wp-json\/wp\/v2\/comments?post=177772"}],"version-history":[{"count":4,"href":"https:\/\/dentaltraumaguide.org\/fr\/wp-json\/wp\/v2\/pages\/177772\/revisions"}],"predecessor-version":[{"id":212128,"href":"https:\/\/dentaltraumaguide.org\/fr\/wp-json\/wp\/v2\/pages\/177772\/revisions\/212128"}],"wp:attachment":[{"href":"https:\/\/dentaltraumaguide.org\/fr\/wp-json\/wp\/v2\/media?parent=177772"}],"curies":[{"name":"wp","href":"https:\/\/api.w.org\/{rel}","templated":true}]}}