{"id":177771,"date":"2021-04-13T19:52:45","date_gmt":"2021-04-13T19:52:45","guid":{"rendered":"https:\/\/dentaltraumaguide.org\/benefits\/"},"modified":"2021-04-13T19:52:45","modified_gmt":"2021-04-13T19:52:45","slug":"benefits","status":"publish","type":"page","link":"https:\/\/dentaltraumaguide.org\/fr\/benefits\/","title":{"rendered":"Avantages"},"content":{"rendered":"<p>Vous obtenez :<\/p>\n<ul>\n<li>acc\u00e8s \u00e0 diverses proc\u00e9dures de traitement sous format anim\u00e9. En moins de 90 secondes, vous \u00eates enti\u00e8rement mis \u00e0 jour.<\/li>\n<li>un \u00e9tablissement du pronostic individuel pour diverses options de traitement pour tous les types de l\u00e9sions ainsi que des instructions aux patients.<\/li>\n<li>une newsletter r\u00e9guli\u00e8re.<\/li>\n<li>l&rsquo;avantage professionnel de pouvoir offrir aux patients souffrant de traumatismes dentaires le meilleur traitement possible gr\u00e2ce au meilleur outil de pronostic possible.<\/li>\n<\/ul>\n<p><em>Et gr\u00e2ce \u00e0 votre abonnement, vous soutenez la recherche et le d\u00e9veloppement en cours dans le domaine des traumatismes dentaires.<\/em><\/p>\n","protected":false},"excerpt":{"rendered":"<p>Vous obtenez : acc\u00e8s \u00e0 diverses proc\u00e9dures de traitement sous format anim\u00e9. En moins de 90 secondes, vous \u00eates enti\u00e8rement mis \u00e0 jour. un \u00e9tablissement du pronostic individuel pour diverses options de traitement pour tous les types de l\u00e9sions ainsi que des instructions aux patients. une newsletter r\u00e9guli\u00e8re. l&rsquo;avantage professionnel de pouvoir offrir aux patients souffrant de traumatismes dentaires le meilleur traitement possible gr\u00e2ce au meilleur outil de pronostic possible. Et gr\u00e2ce \u00e0 votre abonnement, vous soutenez la recherche et le d\u00e9veloppement en cours dans le domaine des traumatismes dentaires.<\/p>\n","protected":false},"author":2,"featured_media":0,"parent":0,"menu_order":1,"comment_status":"closed","ping_status":"closed","template":"","meta":{"_acf_changed":false,"_monsterinsights_skip_tracking":false,"_monsterinsights_sitenote_active":false,"_monsterinsights_sitenote_note":"","_monsterinsights_sitenote_category":0,"footnotes":""},"class_list":["post-177771","page","type-page","status-publish","hentry","wpautop"],"acf":[],"_links":{"self":[{"href":"https:\/\/dentaltraumaguide.org\/fr\/wp-json\/wp\/v2\/pages\/177771","targetHints":{"allow":["GET"]}}],"collection":[{"href":"https:\/\/dentaltraumaguide.org\/fr\/wp-json\/wp\/v2\/pages"}],"about":[{"href":"https:\/\/dentaltraumaguide.org\/fr\/wp-json\/wp\/v2\/types\/page"}],"author":[{"embeddable":true,"href":"https:\/\/dentaltraumaguide.org\/fr\/wp-json\/wp\/v2\/users\/2"}],"replies":[{"embeddable":true,"href":"https:\/\/dentaltraumaguide.org\/fr\/wp-json\/wp\/v2\/comments?post=177771"}],"version-history":[{"count":0,"href":"https:\/\/dentaltraumaguide.org\/fr\/wp-json\/wp\/v2\/pages\/177771\/revisions"}],"wp:attachment":[{"href":"https:\/\/dentaltraumaguide.org\/fr\/wp-json\/wp\/v2\/media?parent=177771"}],"curies":[{"name":"wp","href":"https:\/\/api.w.org\/{rel}","templated":true}]}}