{"id":177504,"date":"2021-04-09T11:15:10","date_gmt":"2021-04-09T11:15:10","guid":{"rendered":"https:\/\/dentaltraumaguide.org\/iadt-treatment-guidelines\/"},"modified":"2021-04-09T11:15:10","modified_gmt":"2021-04-09T11:15:10","slug":"iadt-treatment-guidelines","status":"publish","type":"page","link":"https:\/\/dentaltraumaguide.org\/fr\/iadt-treatment-guidelines\/","title":{"rendered":"Lignes directrices de traitement IADT"},"content":{"rendered":"<p>Acc\u00e9dez gratuitement aux lignes directrices de l&rsquo;IADT sur les traumatismes ici. Vous n&rsquo;avez pas besoin d&rsquo;\u00eatre abonn\u00e9.<\/p>\n<p>Consultez les lignes directrices de l&rsquo;IADT sur les traumatismes des <a href=\"https:\/\/dentaltraumaguide.org\/free-dental-guides\/primary-teeth\/\">dents primaires<\/a> ou <a href=\"https:\/\/dentaltraumaguide.org\/free-dental-guides\/permanent-teeth\/\">des dents permanentes.<\/a><\/p>\n","protected":false},"excerpt":{"rendered":"<p>Acc\u00e9dez gratuitement aux lignes directrices de l&rsquo;IADT sur les traumatismes ici. Vous n&rsquo;avez pas besoin d&rsquo;\u00eatre abonn\u00e9. Consultez les lignes directrices de l&rsquo;IADT sur les traumatismes des dents primaires ou des dents permanentes.<\/p>\n","protected":false},"author":2,"featured_media":0,"parent":0,"menu_order":0,"comment_status":"closed","ping_status":"closed","template":"","meta":{"_acf_changed":false,"_monsterinsights_skip_tracking":false,"_monsterinsights_sitenote_active":false,"_monsterinsights_sitenote_note":"","_monsterinsights_sitenote_category":0,"footnotes":""},"class_list":["post-177504","page","type-page","status-publish","hentry","wpautop"],"acf":[],"_links":{"self":[{"href":"https:\/\/dentaltraumaguide.org\/fr\/wp-json\/wp\/v2\/pages\/177504","targetHints":{"allow":["GET"]}}],"collection":[{"href":"https:\/\/dentaltraumaguide.org\/fr\/wp-json\/wp\/v2\/pages"}],"about":[{"href":"https:\/\/dentaltraumaguide.org\/fr\/wp-json\/wp\/v2\/types\/page"}],"author":[{"embeddable":true,"href":"https:\/\/dentaltraumaguide.org\/fr\/wp-json\/wp\/v2\/users\/2"}],"replies":[{"embeddable":true,"href":"https:\/\/dentaltraumaguide.org\/fr\/wp-json\/wp\/v2\/comments?post=177504"}],"version-history":[{"count":0,"href":"https:\/\/dentaltraumaguide.org\/fr\/wp-json\/wp\/v2\/pages\/177504\/revisions"}],"wp:attachment":[{"href":"https:\/\/dentaltraumaguide.org\/fr\/wp-json\/wp\/v2\/media?parent=177504"}],"curies":[{"name":"wp","href":"https:\/\/api.w.org\/{rel}","templated":true}]}}