{"id":177348,"date":"2021-04-07T18:09:58","date_gmt":"2021-04-07T18:09:58","guid":{"rendered":"https:\/\/dentaltraumaguide.org\/?page_id=177348"},"modified":"2021-04-08T05:58:15","modified_gmt":"2021-04-08T05:58:15","slug":"member-version","status":"publish","type":"page","link":"https:\/\/dentaltraumaguide.org\/fr\/member-version\/","title":{"rendered":"Version pour les membres"},"content":{"rendered":"<p>Le Dental Trauma Guide a pour objectif de vous aider avec tous vos traumatismes dentaires. Le site internet donne des conseils de traitement pour les dents primaires et permanentes. Il est d\u00e9velopp\u00e9 en collaboration avec l&rsquo;H\u00f4pital Universitaire de Copenhague et l&rsquo;International Association of Dental Traumatology (IADT). Devenez membre DTG certifi\u00e9 pour avoir acc\u00e8s \u00e0 l&rsquo;int\u00e9gralit\u00e9 du contenu d\u00e9taill\u00e9 du Dental Trauma Guide et d\u00e9couvrez nos recommandations sur la fa\u00e7on d&rsquo;utiliser le Dental Trauma Guide. Le contenu r\u00e9serv\u00e9 aux membres DTG est indiqu\u00e9 en vert. Vous pouvez vous abonner \u00e0 tout moment et avoir acc\u00e8s \u00e0 l&rsquo;int\u00e9gralit\u00e9 du contenu suppl\u00e9mentaire.<\/p>\n","protected":false},"excerpt":{"rendered":"<p>Le Dental Trauma Guide a pour objectif de vous aider avec tous vos traumatismes dentaires. Le site internet donne des conseils de traitement pour les dents primaires et permanentes. Il est d\u00e9velopp\u00e9 en collaboration avec l&rsquo;H\u00f4pital Universitaire de Copenhague et l&rsquo;International Association of Dental Traumatology (IADT). Devenez membre DTG certifi\u00e9 pour avoir acc\u00e8s \u00e0 l&rsquo;int\u00e9gralit\u00e9 du contenu d\u00e9taill\u00e9 du Dental Trauma Guide et d\u00e9couvrez nos recommandations sur la fa\u00e7on d&rsquo;utiliser le Dental Trauma Guide. Le contenu r\u00e9serv\u00e9 aux membres DTG est indiqu\u00e9 en vert. Vous pouvez vous abonner \u00e0 tout moment et avoir acc\u00e8s \u00e0 l&rsquo;int\u00e9gralit\u00e9 du contenu suppl\u00e9mentaire.<\/p>\n","protected":false},"author":2,"featured_media":0,"parent":0,"menu_order":0,"comment_status":"closed","ping_status":"closed","template":"","meta":{"_acf_changed":false,"_monsterinsights_skip_tracking":false,"_monsterinsights_sitenote_active":false,"_monsterinsights_sitenote_note":"","_monsterinsights_sitenote_category":0,"footnotes":""},"class_list":["post-177348","page","type-page","status-publish","hentry","wpautop"],"acf":[],"_links":{"self":[{"href":"https:\/\/dentaltraumaguide.org\/fr\/wp-json\/wp\/v2\/pages\/177348","targetHints":{"allow":["GET"]}}],"collection":[{"href":"https:\/\/dentaltraumaguide.org\/fr\/wp-json\/wp\/v2\/pages"}],"about":[{"href":"https:\/\/dentaltraumaguide.org\/fr\/wp-json\/wp\/v2\/types\/page"}],"author":[{"embeddable":true,"href":"https:\/\/dentaltraumaguide.org\/fr\/wp-json\/wp\/v2\/users\/2"}],"replies":[{"embeddable":true,"href":"https:\/\/dentaltraumaguide.org\/fr\/wp-json\/wp\/v2\/comments?post=177348"}],"version-history":[{"count":4,"href":"https:\/\/dentaltraumaguide.org\/fr\/wp-json\/wp\/v2\/pages\/177348\/revisions"}],"predecessor-version":[{"id":177375,"href":"https:\/\/dentaltraumaguide.org\/fr\/wp-json\/wp\/v2\/pages\/177348\/revisions\/177375"}],"wp:attachment":[{"href":"https:\/\/dentaltraumaguide.org\/fr\/wp-json\/wp\/v2\/media?parent=177348"}],"curies":[{"name":"wp","href":"https:\/\/api.w.org\/{rel}","templated":true}]}}