{"id":175486,"date":"2021-02-24T12:58:08","date_gmt":"2021-02-24T12:58:08","guid":{"rendered":"https:\/\/dentaltraumaguide.org\/a-propos\/"},"modified":"2024-01-08T12:02:31","modified_gmt":"2024-01-08T12:02:31","slug":"about","status":"publish","type":"page","link":"https:\/\/dentaltraumaguide.org\/fr\/about\/","title":{"rendered":"\u00c0 propos du Dental Trauma Guide"},"content":{"rendered":"<p>Ce site internet offre aux cliniciens des conseils simples et accessibles, fond\u00e9s sur des faits, afin de leur permettre d&rsquo;effectuer un diagnostic, un traitement et un pronostic optimaux des traumatismes dentaires sur les dents primaires et permanentes. Ce site internet est d\u00e9velopp\u00e9 en collaboration avec l&rsquo;H\u00f4pital Universitaire de Copenhague et l&rsquo;<em>International Association of Dental Traumatology<\/em> (IADT). Pour avoir acc\u00e8s \u00e0 l&rsquo;int\u00e9gralit\u00e9 de <em>Dental Trauma Guide<\/em>, vous devez devenir membre DTG certifi\u00e9 <a href=\"https:\/\/dentaltraumaguide.org\/fr\/membership-plans\/\">achetez ici<\/a>.<\/p>\n<h2>Contexte<\/h2>\n<p>Dental Trauma Guide est le principal outil num\u00e9rique de traumatologie dentaire fond\u00e9e sur des faits au monde. <em>Dental Trauma Guide<\/em> est n\u00e9 \u00e0 l&rsquo;H\u00f4pital Universitaire de Copenhague (Rigshospitalet) et est une organisation \u00e0 but non lucratif, fond\u00e9e sur la recherche. Depuis son lancement en 2008, <em>Dental Trauma Guide<\/em> \u00e9tait financ\u00e9 par un certain nombre de fondations et pouvait ainsi fournir ses services gratuitement \u00e0 plus de 350 000 utilisateurs du monde entier chaque ann\u00e9e. En janvier 2017, le site internet est devenu un service payant pour assurer sa survie et son d\u00e9veloppement. <a href=\"https:\/\/dentaltraumaguide.org\/fr\/history\/\">D\u00e9couvrez-en plus sur l&rsquo;histoire du <em>Dental Trauma Guide<\/em> ici<\/a><\/p>\n<h2>Nouveau <em>Dental Trauma Guide<\/em> sur abonnement<\/h2>\n<p>En janvier 2017, le nouveau <em>Dental Trauma Guide<\/em> version 2.0 est devenu un site internet payant sur abonnement. Cela garantit la viabilit\u00e9 du Dental Trauma Guide au profit des utilisateurs professionnels et de leurs patients. Le nouveau <em>Dental Trauma Guide<\/em> continue d&rsquo;\u00eatre un outil de premier plan dans le domaine de la traumatologie dentaire fond\u00e9e sur des faits, en proposant des illustrations de traitement anim\u00e9es faciles \u00e0 suivre. Il est \u00e9troitement li\u00e9 \u00e0 l&rsquo;H\u00f4pital Universitaire de Copenhague et est reconnu comme l&rsquo;h\u00e9ritage du Dr Jens Ove Andreasen et de son \u00e9quipe de traumatologie dentaire. <a href=\"https:\/\/dentaltraumaguide.org\/fr\/the-dental-trauma-guide-team\/\">D\u00e9couvrez-en plus sur l&rsquo;\u00e9quipe du <em>Dental Trauma Guide<\/em> ici<\/a> <em><strong>. Les lignes directrices \u00e9crites publi\u00e9es par l&rsquo;IADT restent gratuites.<\/strong><\/em><\/p>\n","protected":false},"excerpt":{"rendered":"<p>Le Dental Trauma Guide a pour objectif de vous aider avec tous vos traumatismes dentaires. Le site donne des conseils de traitement pour les dents primaires et permanentes. Il est d\u00e9velopp\u00e9 en collaboration avec l&rsquo;H\u00f4pital Universitaire de Copenhague et l&rsquo;International Association of Dental Traumatology (IADT). Devenez membre DTG certifi\u00e9 pour avoir acc\u00e8s au contenu d\u00e9taill\u00e9 du Dental Trauma Guide et d\u00e9couvrez nos recommandations sur la fa\u00e7on d&rsquo;utiliser le Dental Trauma Guide. <\/p>\n","protected":false},"author":2,"featured_media":0,"parent":0,"menu_order":0,"comment_status":"closed","ping_status":"closed","template":"template-full-width.php","meta":{"_acf_changed":false,"_monsterinsights_skip_tracking":false,"_monsterinsights_sitenote_active":false,"_monsterinsights_sitenote_note":"","_monsterinsights_sitenote_category":0,"footnotes":""},"class_list":["post-175486","page","type-page","status-publish","hentry","wpautop"],"acf":[],"_links":{"self":[{"href":"https:\/\/dentaltraumaguide.org\/fr\/wp-json\/wp\/v2\/pages\/175486","targetHints":{"allow":["GET"]}}],"collection":[{"href":"https:\/\/dentaltraumaguide.org\/fr\/wp-json\/wp\/v2\/pages"}],"about":[{"href":"https:\/\/dentaltraumaguide.org\/fr\/wp-json\/wp\/v2\/types\/page"}],"author":[{"embeddable":true,"href":"https:\/\/dentaltraumaguide.org\/fr\/wp-json\/wp\/v2\/users\/2"}],"replies":[{"embeddable":true,"href":"https:\/\/dentaltraumaguide.org\/fr\/wp-json\/wp\/v2\/comments?post=175486"}],"version-history":[{"count":11,"href":"https:\/\/dentaltraumaguide.org\/fr\/wp-json\/wp\/v2\/pages\/175486\/revisions"}],"predecessor-version":[{"id":215064,"href":"https:\/\/dentaltraumaguide.org\/fr\/wp-json\/wp\/v2\/pages\/175486\/revisions\/215064"}],"wp:attachment":[{"href":"https:\/\/dentaltraumaguide.org\/fr\/wp-json\/wp\/v2\/media?parent=175486"}],"curies":[{"name":"wp","href":"https:\/\/api.w.org\/{rel}","templated":true}]}}