{"id":175482,"date":"2021-02-24T12:53:38","date_gmt":"2021-02-24T12:53:38","guid":{"rendered":"https:\/\/dentaltraumaguide.org\/vision\/"},"modified":"2023-11-14T08:39:01","modified_gmt":"2023-11-14T08:39:01","slug":"vision","status":"publish","type":"page","link":"https:\/\/dentaltraumaguide.org\/fr\/vision\/","title":{"rendered":"Vision"},"content":{"rendered":"<h3>\u00c9lever le niveau des soins apport\u00e9s aux patients souffrant de traumatismes dentaires<\/h3>\n<p>Les aspirations des cr\u00e9ateurs du Dental Trauma Guide visent \u00e0 am\u00e9liorer le niveau des soins apport\u00e9s aux patients souffrant de traumatismes dentaires dans le monde entier, en augmentant les connaissances relatives au traitement des traumatismes dentaires.<\/p>\n<p>On estime que les traumatismes dentaires affectent 50 \u00e0 60 % de la population mondiale (dents primaires et permanentes incluses). Par ailleurs, on \u00e9value \u00e0 environ 1 milliard le nombre de victimes de traumatismes dentaires dans le monde et \u00e0 60 millions le nombre de nouveaux patients chaque ann\u00e9e.<\/p>\n<p><span style=\"color: #00ccff;\"><a style=\"color: #00ccff;\" href=\"https:\/\/dentaltraumaguide.org\/fr\/about\/\">D\u00e9couvrez-en plus sur le Dental Trauma Guide ici<\/a><\/span><\/p>\n<p><img loading=\"lazy\" decoding=\"async\" class=\"alignnone wp-image-464 size-full\" src=\"https:\/\/dentaltraumaguide.org\/app\/uploads\/2016\/10\/vision.jpg\" alt=\"vision\" width=\"1900\" height=\"785\" srcset=\"https:\/\/dentaltraumaguide.org\/app\/uploads\/2016\/10\/vision.jpg 1900w, https:\/\/dentaltraumaguide.org\/app\/uploads\/2016\/10\/vision-600x248.jpg 600w, https:\/\/dentaltraumaguide.org\/app\/uploads\/2016\/10\/vision-300x124.jpg 300w, https:\/\/dentaltraumaguide.org\/app\/uploads\/2016\/10\/vision-768x317.jpg 768w, https:\/\/dentaltraumaguide.org\/app\/uploads\/2016\/10\/vision-1024x423.jpg 1024w\" sizes=\"auto, (max-width: 1900px) 100vw, 1900px\" \/><\/p>\n","protected":false},"excerpt":{"rendered":"<p>On estime que les traumatismes dentaires affectent 50 \u00e0 60 % de la population mondiale (dents primaires et permanentes incluses). Par ailleurs, on \u00e9value \u00e0 environ 1 milliard le nombre de victimes de traumatismes dentaires dans le monde et \u00e0 60 millions le nombre de nouveaux patients chaque ann\u00e9e.<\/p>\n","protected":false},"author":2,"featured_media":162043,"parent":0,"menu_order":0,"comment_status":"closed","ping_status":"closed","template":"template-full-width.php","meta":{"_acf_changed":false,"_monsterinsights_skip_tracking":false,"_monsterinsights_sitenote_active":false,"_monsterinsights_sitenote_note":"","_monsterinsights_sitenote_category":0,"footnotes":""},"class_list":["post-175482","page","type-page","status-publish","has-post-thumbnail","hentry","wpautop"],"acf":[],"_links":{"self":[{"href":"https:\/\/dentaltraumaguide.org\/fr\/wp-json\/wp\/v2\/pages\/175482","targetHints":{"allow":["GET"]}}],"collection":[{"href":"https:\/\/dentaltraumaguide.org\/fr\/wp-json\/wp\/v2\/pages"}],"about":[{"href":"https:\/\/dentaltraumaguide.org\/fr\/wp-json\/wp\/v2\/types\/page"}],"author":[{"embeddable":true,"href":"https:\/\/dentaltraumaguide.org\/fr\/wp-json\/wp\/v2\/users\/2"}],"replies":[{"embeddable":true,"href":"https:\/\/dentaltraumaguide.org\/fr\/wp-json\/wp\/v2\/comments?post=175482"}],"version-history":[{"count":4,"href":"https:\/\/dentaltraumaguide.org\/fr\/wp-json\/wp\/v2\/pages\/175482\/revisions"}],"predecessor-version":[{"id":212656,"href":"https:\/\/dentaltraumaguide.org\/fr\/wp-json\/wp\/v2\/pages\/175482\/revisions\/212656"}],"wp:featuredmedia":[{"embeddable":true,"href":"https:\/\/dentaltraumaguide.org\/fr\/wp-json\/wp\/v2\/media\/162043"}],"wp:attachment":[{"href":"https:\/\/dentaltraumaguide.org\/fr\/wp-json\/wp\/v2\/media?parent=175482"}],"curies":[{"name":"wp","href":"https:\/\/api.w.org\/{rel}","templated":true}]}}