{"id":175480,"date":"2021-02-24T12:36:43","date_gmt":"2021-02-24T12:36:43","guid":{"rendered":"https:\/\/dentaltraumaguide.org\/inscription-newsletter\/"},"modified":"2023-11-14T09:53:19","modified_gmt":"2023-11-14T09:53:19","slug":"newsletter-signup","status":"publish","type":"page","link":"https:\/\/dentaltraumaguide.org\/fr\/newsletter-signup\/","title":{"rendered":"Inscription \u00e0 la newsletter"},"content":{"rendered":"<p><img loading=\"lazy\" decoding=\"async\" class=\"alignnone size-full wp-image-1944\" src=\"https:\/\/dentaltraumaguide.org\/app\/uploads\/2016\/07\/news.jpg\" alt=\"news\" width=\"800\" height=\"327\" \/><\/p>\n<table border=\"0\" width=\"50%\" cellspacing=\"0\" cellpadding=\"0\" align=\"left\">\n<tbody>\n<tr>\n<td valign=\"top\">\n<h3>Inscrivez-vous \u00e0 la newsletter du Dental Trauma Guide.<\/h3>\n<p>Recevez des informations sur les mises \u00e0 jour et les modifications apport\u00e9es au Dental Trauma Guide, les symposiums annuels de Copenhague, les nouvelles recherches de l\u2019\u00e9quipe du Dental Trauma Guide et bien plus encore.<\/p>\n<p><span style=\"color: #ff0000;\">La newsletter est uniquement disponible en anglais.<\/span><\/td>\n<\/tr>\n<\/tbody>\n<\/table>\n<table border=\"0\" width=\"49%\" cellspacing=\"0\" cellpadding=\"0\" align=\"left\">\n<tbody>\n<tr>\n<td>\u00a0<script>(function() {\n\twindow.mc4wp = window.mc4wp || {\n\t\tlisteners: [],\n\t\tforms: {\n\t\t\ton: function(evt, cb) {\n\t\t\t\twindow.mc4wp.listeners.push(\n\t\t\t\t\t{\n\t\t\t\t\t\tevent   : evt,\n\t\t\t\t\t\tcallback: cb\n\t\t\t\t\t}\n\t\t\t\t);\n\t\t\t}\n\t\t}\n\t}\n})();\n<\/script><!-- Mailchimp for WordPress v4.12.0 - https:\/\/wordpress.org\/plugins\/mailchimp-for-wp\/ --><form id=\"mc4wp-form-1\" class=\"mc4wp-form mc4wp-form-67 mc4wp-form-theme mc4wp-form-theme-light\" method=\"post\" data-id=\"67\" data-name=\"Newsletter signup form\" ><div class=\"mc4wp-form-fields\"><p>\r\n    <label>Email address<\/label><br>\r\n    <input type=\"email\" name=\"EMAIL\" required>\r\n<\/p>\r\n<p>\r\n    <label>First name<\/label><br>\r\n    <input type=\"text\" placeholder=\"First Name\" name=\"FNAME\" required>\r\n\r\n<\/p>\r\n<p>\r\n    <label>Last name<\/label><br>\r\n    <input type=\"text\" placeholder=\"Last Name\" name=\"LNAME\" required>\r\n<\/p>\r\n<p>\r\n    <label>Country<\/label><br>\r\n    <input type=\"text\" name=\"MMERGE5\">\r\n<\/p>\r\n<p>\r\n    <input type=\"submit\" value=\"Subscribe\">\r\n<\/p><\/div><label style=\"display: none !important;\">Laissez ce champ vide si vous \u00eates humain\u00a0: <input type=\"text\" name=\"_mc4wp_honeypot\" value=\"\" tabindex=\"-1\" autocomplete=\"off\" \/><\/label><input type=\"hidden\" name=\"_mc4wp_timestamp\" value=\"1776366892\" \/><input type=\"hidden\" name=\"_mc4wp_form_id\" value=\"67\" \/><input type=\"hidden\" name=\"_mc4wp_form_element_id\" value=\"mc4wp-form-1\" \/><div class=\"mc4wp-response\"><\/div><\/form><!-- \/ Mailchimp for WordPress Plugin --><\/td>\n<\/tr>\n<\/tbody>\n<\/table>\n","protected":false},"excerpt":{"rendered":"<p>Inscrivez-vous \u00e0 la newsletter du Dental Trauma Guide. Recevez des informations sur les mises \u00e0 jour et les modifications apport\u00e9es au Dental Trauma Guide, les symposiums annuels de Copenhague, les nouvelles recherches de l\u2019\u00e9quipe du Dental Trauma Guide et bien plus encore. La newsletter est uniquement disponible en anglais. \u00a0<\/p>\n","protected":false},"author":2,"featured_media":163226,"parent":0,"menu_order":0,"comment_status":"closed","ping_status":"closed","template":"","meta":{"_acf_changed":false,"_monsterinsights_skip_tracking":false,"_monsterinsights_sitenote_active":false,"_monsterinsights_sitenote_note":"","_monsterinsights_sitenote_category":0,"footnotes":""},"class_list":["post-175480","page","type-page","status-publish","has-post-thumbnail","hentry","wpautop"],"acf":[],"_links":{"self":[{"href":"https:\/\/dentaltraumaguide.org\/fr\/wp-json\/wp\/v2\/pages\/175480","targetHints":{"allow":["GET"]}}],"collection":[{"href":"https:\/\/dentaltraumaguide.org\/fr\/wp-json\/wp\/v2\/pages"}],"about":[{"href":"https:\/\/dentaltraumaguide.org\/fr\/wp-json\/wp\/v2\/types\/page"}],"author":[{"embeddable":true,"href":"https:\/\/dentaltraumaguide.org\/fr\/wp-json\/wp\/v2\/users\/2"}],"replies":[{"embeddable":true,"href":"https:\/\/dentaltraumaguide.org\/fr\/wp-json\/wp\/v2\/comments?post=175480"}],"version-history":[{"count":4,"href":"https:\/\/dentaltraumaguide.org\/fr\/wp-json\/wp\/v2\/pages\/175480\/revisions"}],"predecessor-version":[{"id":212660,"href":"https:\/\/dentaltraumaguide.org\/fr\/wp-json\/wp\/v2\/pages\/175480\/revisions\/212660"}],"wp:featuredmedia":[{"embeddable":true,"href":"https:\/\/dentaltraumaguide.org\/fr\/wp-json\/wp\/v2\/media\/163226"}],"wp:attachment":[{"href":"https:\/\/dentaltraumaguide.org\/fr\/wp-json\/wp\/v2\/media?parent=175480"}],"curies":[{"name":"wp","href":"https:\/\/api.w.org\/{rel}","templated":true}]}}