{"id":175033,"date":"2021-02-11T11:11:42","date_gmt":"2021-02-11T11:11:42","guid":{"rendered":"https:\/\/dentaltraumaguide.org\/?page_id=175033"},"modified":"2025-01-07T13:10:24","modified_gmt":"2025-01-07T13:10:24","slug":"membership-plans","status":"publish","type":"page","link":"https:\/\/dentaltraumaguide.org\/fr\/membership-plans\/","title":{"rendered":"Abonnement"},"content":{"rendered":"<p><img loading=\"lazy\" decoding=\"async\" class=\"alignnone size-full wp-image-1893\" src=\"https:\/\/dentaltraumaguide.org\/app\/uploads\/2016\/11\/membership.jpg\" alt=\"membership\" width=\"800\" height=\"327\" srcset=\"https:\/\/dentaltraumaguide.org\/app\/uploads\/2016\/11\/membership.jpg 800w, https:\/\/dentaltraumaguide.org\/app\/uploads\/2016\/11\/membership-600x245.jpg 600w, https:\/\/dentaltraumaguide.org\/app\/uploads\/2016\/11\/membership-300x123.jpg 300w, https:\/\/dentaltraumaguide.org\/app\/uploads\/2016\/11\/membership-768x314.jpg 768w\" sizes=\"auto, (max-width: 800px) 100vw, 800px\" \/><\/p>\n<p><strong>Vous pouvez choisir entre :<\/strong><\/p>\n<h2>Un abonnement individuel ou un abonnement group\u00e9<\/h2>\n<p>Tous les prix des abonnements comprennent un acc\u00e8s annuel au Dental Trauma Guide \u00e0 partir de la date d&rsquo;achat, et <strong>celui-ci sera renouvel\u00e9 automatiquement.<\/strong><\/p>\n<p><strong>Nous vous recommandons de choisir un abonnement group\u00e9 dans le cas o\u00f9 :<\/strong><\/p>\n<ul>\n<li>plusieurs utilisateurs n\u00e9cessitent l&rsquo;acc\u00e8s au NOUVEAU Dental Trauma Guide dans le cadre d&rsquo;une m\u00eame inscription. Toutes les inscriptions sont g\u00e9r\u00e9es par un seul administrateur.<\/li>\n<\/ul>\n<p>\u00c0 noter : Veuillez demander le prix pour les abonnements group\u00e9s.<\/p>\n<p><strong>Nous vous recommandons de choisir un abonnement individuel dans le cas o\u00f9 :<\/strong><\/p>\n<ul>\n<li>vous avez besoin d&rsquo;inscrire 1 \u00e0 9 utilisateurs au Dental Trauma Guide.<\/li>\n<li>vous pouvez partager la connexion avec tous les utilisateurs.<\/li>\n<li>vous avez besoin d&rsquo;un acc\u00e8s <u>imm\u00e9diat<\/u> au Dental Trauma Guide. (Un abonnement group\u00e9 n\u00e9cessite plusieurs jours pour \u00eatre compl\u00e8tement enregistr\u00e9.)<\/li>\n<\/ul>\n<div class=\"row\">\n<div class=\"col-md-5\">\n<form id=\"individual-memberships\" action=\"\/membership-plans\/\" method=\"GET\">\n<div class=\"panel panel-default\">\n<div class=\"panel-heading\">\n<h3 class=\"text-center\">Abonnement individuel (1 \u00e0 9 utilisateurs)<\/h3>\n<\/div>\n<div class=\"panel-body text-center\">\n<p><input name=\"add-to-cart\" type=\"hidden\" value=\"234983\" \/><br \/>\n<select class=\"form-input\" name=\"quantity\"><option selected=\"selected\" value=\"\">Choisissez une offre<\/option><option value=\"1\">Abonnement individuel, US$60.00.00 $ US pour 1 an<\/option><option value=\"2\">Abonnement pour 2 utilisateurs, US$120.00.00 $ US pour 1 an<\/option><option value=\"3\">Abonnement pour 3 utilisateurs, US$180.00.00 $ US pour 1 an<\/option><option value=\"4\">Abonnement pour 4 utilisateurs, US$240.00.00 $ US pour 1 an<\/option><option value=\"5\">Abonnement pour 5 utilisateurs, US$300.00.00 $ US pour 1 an<\/option><option value=\"6\">Abonnement pour 6 utilisateurs, US$360.00.00 $ US pour 1 an<\/option><option value=\"7\">Abonnement pour 7 utilisateurs, US$420.00.00 $ US pour 1 an<\/option><option value=\"8\">Abonnement pour 8 utilisateurs, US$480.00.00 $ US pour 1 an<\/option><option value=\"9\">Abonnement pour 9 utilisateurs, US$540.00.00 $ US pour 1 an<\/option><\/select><\/p>\n<\/div>\n<ul class=\"list-group list-group-flush text-center\">\n<li class=\"list-group-item\">Les abonnements individuels donnent un acc\u00e8s au contenu pendant 1 an.<\/li>\n<\/ul>\n<div class=\"panel-footer\"><button class=\"btn btn-lg btn-block btn-success\" disabled=\"disabled\" type=\"submit\">Choisissez une offre<\/button><\/div>\n<\/div>\n<\/form>\n<p><script type=\"text\/javascript\">\njQuery('select[name=quantity]').change(function(){\njQuery('#individual-memberships button').prop('disabled', this.value == \"\");\n});\n<\/script><\/p>\n<\/div>\n<div class=\"col-md-5\">\n<div class=\"panel panel-default\">\n<div class=\"panel-heading\">\n<h3 class=\"text-center\">Abonnement group\u00e9 (+ 10)<\/h3>\n<\/div>\n<div class=\"panel-body text-center\">\n<p class=\"lead\"><strong><span class=\"price\">Contactez-nous pour conna\u00eetre le prix <\/span><\/strong><\/p>\n<\/div>\n<ul class=\"list-group list-group-flush text-center\">\n<li class=\"list-group-item\">Les licences pour organisation donnent acc\u00e8s \u00e0 une organisation et \u00e0 ses membres<\/li>\n<\/ul>\n<div class=\"panel-footer\"><a class=\"btn btn-lg btn-block btn-success\" href=\"https:\/\/dentaltraumaguide.org\/contact-for-organisation-membership\/\" rel=\"nofollow\" data-quantity=\"1\" data-product_id=\"528\" data-product_sku=\"\">Contactez-nous<br \/>\n<\/a><\/div>\n<\/div>\n<\/div>\n<\/div>\n<style>\n.panel-body {<br \/>    min-height: 80px;<br \/>    display: flex;<br \/>    align-items: center;<br \/>    justify-content: center;<br \/>}<br \/>.panel-body p, .panel-body select {<br \/>    margin: 0;<br \/>    width: 100%;<br \/>}<br \/>.list-group {<br \/>    min-height: 80px;<br \/>}<br \/>.list-group-item {<br \/>    padding: 15px 55px;<br \/>}<br \/><\/style>\n","protected":false},"excerpt":{"rendered":"<p>Vous pouvez choisir entre : Un abonnement individuel ou un abonnement group\u00e9 Tous les prix des abonnements comprennent un acc\u00e8s annuel au Dental Trauma Guide \u00e0 partir de la date d&rsquo;achat, et celui-ci sera renouvel\u00e9 automatiquement. Nous vous recommandons de choisir un abonnement group\u00e9 dans le cas o\u00f9 : plusieurs utilisateurs n\u00e9cessitent l&rsquo;acc\u00e8s au NOUVEAU Dental Trauma Guide dans le cadre d&rsquo;une m\u00eame inscription. Toutes les inscriptions sont g\u00e9r\u00e9es par un seul administrateur. \u00c0 noter : Veuillez demander le prix pour les abonnements group\u00e9s. Nous vous recommandons de choisir un abonnement individuel dans le cas o\u00f9 : vous avez besoin<\/p>\n","protected":false},"author":2,"featured_media":163136,"parent":0,"menu_order":0,"comment_status":"closed","ping_status":"closed","template":"template-full-width.php","meta":{"_acf_changed":false,"_monsterinsights_skip_tracking":false,"_monsterinsights_sitenote_active":false,"_monsterinsights_sitenote_note":"","_monsterinsights_sitenote_category":0,"footnotes":""},"class_list":["post-175033","page","type-page","status-publish","has-post-thumbnail","hentry","wpautop"],"acf":[],"_links":{"self":[{"href":"https:\/\/dentaltraumaguide.org\/fr\/wp-json\/wp\/v2\/pages\/175033","targetHints":{"allow":["GET"]}}],"collection":[{"href":"https:\/\/dentaltraumaguide.org\/fr\/wp-json\/wp\/v2\/pages"}],"about":[{"href":"https:\/\/dentaltraumaguide.org\/fr\/wp-json\/wp\/v2\/types\/page"}],"author":[{"embeddable":true,"href":"https:\/\/dentaltraumaguide.org\/fr\/wp-json\/wp\/v2\/users\/2"}],"replies":[{"embeddable":true,"href":"https:\/\/dentaltraumaguide.org\/fr\/wp-json\/wp\/v2\/comments?post=175033"}],"version-history":[{"count":5,"href":"https:\/\/dentaltraumaguide.org\/fr\/wp-json\/wp\/v2\/pages\/175033\/revisions"}],"predecessor-version":[{"id":237310,"href":"https:\/\/dentaltraumaguide.org\/fr\/wp-json\/wp\/v2\/pages\/175033\/revisions\/237310"}],"wp:featuredmedia":[{"embeddable":true,"href":"https:\/\/dentaltraumaguide.org\/fr\/wp-json\/wp\/v2\/media\/163136"}],"wp:attachment":[{"href":"https:\/\/dentaltraumaguide.org\/fr\/wp-json\/wp\/v2\/media?parent=175033"}],"curies":[{"name":"wp","href":"https:\/\/api.w.org\/{rel}","templated":true}]}}