{"id":160221,"date":"2020-05-19T12:12:05","date_gmt":"2020-05-19T12:12:05","guid":{"rendered":"https:\/\/dentaltraumaguide.org\/el-equipo-de-dental-trauma-guide\/"},"modified":"2023-11-16T08:43:52","modified_gmt":"2023-11-16T08:43:52","slug":"the-dental-trauma-guide-team","status":"publish","type":"page","link":"https:\/\/dentaltraumaguide.org\/es\/the-dental-trauma-guide-team\/","title":{"rendered":"El equipo de Dental Trauma Guide"},"content":{"rendered":"<div><img loading=\"lazy\" decoding=\"async\" class=\"wp-image-184022 size-full alignnone\" src=\"https:\/\/dentaltraumaguide.org\/app\/uploads\/2023\/01\/Group-DTG-WEB.jpg\" alt=\"\" width=\"1600\" height=\"720\" \/><\/div>\n<p>Conozca al equipo profesional detr\u00e1s de Dental Trauma Guide.<\/p>\n<h2>El equipo de Dental Trauma Guide<\/h2>\n<hr \/>\n<div class=\"team\">\n<div class=\"profile ex\">\n<div><img loading=\"lazy\" decoding=\"async\" class=\"wp-image-26782\" src=\"https:\/\/dentaltraumaguide.org\/app\/uploads\/2023\/01\/Jens-Andreassen_deceased.jpg\" alt=\"Jens Ove Andreasen\" width=\"149\" height=\"149\" \/><\/div>\n<div class=\"profile-text\"><em>Jens Ove Andreasen <\/em>(DDS Dr. Odont. hc.) (1935-2020) es considerado el Padre de la Traumatolog\u00eda Dental. Fundador de Dental Trauma Guide. Se especializ\u00f3 en Cirug\u00eda Oral y Maxilofacial en 1968, habiendo trabajado activamente en el campo por m\u00e1s de 50 a\u00f1os. Trabaj\u00f3 cl\u00ednica y experimentalmente en lesiones dentales traum\u00e1ticas, reimplantaci\u00f3n dental, trasplante dental, erupci\u00f3n dental e impactaci\u00f3n dental. Fue autor de 12 libros de texto y 400 art\u00edculos cient\u00edficos. Presidente de la Asociaci\u00f3n Internacional de Traumatolog\u00eda Dental de 1989-2001. Jens falleci\u00f3 en 2020, pero el equipo detr\u00e1s de Dental Trauma Guide est\u00e1 decidido a continuar con su trabajo y misi\u00f3n de difundir el conocimiento sobre el tratamiento correcto de los traumatismos dentarios. Dental Trauma Guide y los Simposios de Copenhague continuar\u00e1n con el esp\u00edritu de Jens Ove Andreasen y en su honor.<\/div>\n<div><\/div>\n<\/div>\n<div class=\"profile\">\n<div><img loading=\"lazy\" decoding=\"async\" class=\"wp-image-183950 size-full\" src=\"https:\/\/dentaltraumaguide.org\/app\/uploads\/2023\/01\/Eva-Lauridsen.jpg\" alt=\"\" width=\"165\" height=\"165\" \/><\/div>\n<div class=\"profile-text\"><em>Eva Lauridsen <\/em>(DDS, PhD) se gradu\u00f3 en Odontolog\u00eda en la Universidad de Copenhague en 1998. Se especializa en odontolog\u00eda pedi\u00e1trica y trabaj\u00f3 durante varios a\u00f1os en el departamento de odontolog\u00eda pedi\u00e1trica de la Escuela de Odontolog\u00eda de Copenhague y el Hospital Universitario de Copenhague, Rigshospitalet. Su \u00e1rea de investigaci\u00f3n principal es la traumatolog\u00eda dental y es autora de diversos art\u00edculos cient\u00edficos y cap\u00edtulos de libros en este campo. Eva ha participado activamente en el grupo de investigaci\u00f3n y desarrollo de Dental Trauma Guide desde 2006 y es directora de la cl\u00ednica de investigaci\u00f3n Dental Trauma Guide.<\/div>\n<div><\/div>\n<\/div>\n<div class=\"profile\">\n<div><img loading=\"lazy\" decoding=\"async\" class=\"wp-image-183956\" src=\"https:\/\/dentaltraumaguide.org\/app\/uploads\/2023\/01\/Lars-Andersson.jpg\" alt=\"\" width=\"165\" height=\"165\" \/><\/div>\n<div class=\"profile-text\"><em>Lars Andersson<\/em> (DDS PhD DrOdont) curs\u00f3 sus estudios universitarios y formaci\u00f3n en investigaci\u00f3n durante las d\u00e9cadas del 70 y 80 en el Karolinska Institute, en Suecia. Especilista y Asesor en Cirug\u00eda Oral y Maxilofacial durante las d\u00e9cadas del 80 y 90. Profesor y Catedr\u00e1tico de Cirug\u00eda Oral y Maxilofacial, Universidad de Kuwait, 2002-2017. Ha sido catedr\u00e1tico de Cirug\u00eda Oral y Maxilofacial en la Universidad de Malm\u00f6, Suecia, desde 2017. Ha publicado m\u00e1s de 100 art\u00edculos cient\u00edficos en revistas indexadas de Medline, muchos de los cuales pertenecen al campo de la traumatolog\u00eda. Autor y editor de libros de texto sobre Traumatolog\u00eda y Cirug\u00eda Oral y Maxilofacial.<\/div>\n<div><\/div>\n<\/div>\n<div class=\"profile\">\n<div><img loading=\"lazy\" decoding=\"async\" class=\"wp-image-183962\" src=\"https:\/\/dentaltraumaguide.org\/app\/uploads\/2023\/01\/Tue.jpg\" alt=\"\" width=\"165\" height=\"165\" \/><\/div>\n<div class=\"profile-text\"><em>Tue Frigaard Hansen<\/em> es un ilustrador 3D independiente y propietario de 360 Degree. Se gradu\u00f3 en la Universidad de Lancaster, Inglaterra, en 2001 como dise\u00f1ador gr\u00e1fico con especializaci\u00f3n en ilustraci\u00f3n t\u00e9cnica. Su trabajo para el Centro de Recursos para Enfermedades Orales Raras y el Departamento de Cirug\u00eda Oral y Maxilofacial del Hospital Universitario de Copenhague incluye el desarrollo y dise\u00f1o web, dise\u00f1o gr\u00e1fico, ilustraciones t\u00e9cnicas, motion graphics y animaci\u00f3n 3D.<\/div>\n<div><\/div>\n<\/div>\n<div class=\"profile\">\n<div><img loading=\"lazy\" decoding=\"async\" class=\"wp-image-183968\" src=\"https:\/\/dentaltraumaguide.org\/app\/uploads\/2023\/01\/Tim-Holberg-Fog.jpg\" alt=\"\" width=\"165\" height=\"165\" \/><\/div>\n<div class=\"profile-text\"><em>Tim Holberg Fog<\/em> (MSc, CEO) es Gerente General del equipo de Dental Trauma Guide. Secretario de la junta directiva de Dental Trauma Guide y director gerente de TandplejeInformation.<\/div>\n<div><\/div>\n<\/div>\n<div class=\"profile\">\n<div><img loading=\"lazy\" decoding=\"async\" class=\"wp-image-183974\" src=\"https:\/\/dentaltraumaguide.org\/app\/uploads\/2023\/01\/Trine.jpg\" alt=\"\" width=\"165\" height=\"165\" \/><\/div>\n<div class=\"profile-text\"><em>Trine Flindt-Larsen<\/em> es gestora de proyecto de Dental Trauma Guide. Maneja la mayor\u00eda de las solicitudes de informaci\u00f3n que recibe Dental Trauma Guide y es responsable de la administraci\u00f3n diaria de la organizaci\u00f3n. Con antecedentes en odontolog\u00eda y conocimientos de Tecnolog\u00eda inform\u00e1tica, Trine brinda asistencia y orientaci\u00f3n a nuestros usuarios de la mejor manera posible.<\/div>\n<div><\/div>\n<\/div>\n<div class=\"profile\">\n<div><img loading=\"lazy\" decoding=\"async\" class=\"wp-image-183992\" src=\"https:\/\/dentaltraumaguide.org\/app\/uploads\/2023\/01\/Josephine-Solgaard-Henriksen.jpg\" alt=\"\" width=\"165\" height=\"165\" \/><\/div>\n<div class=\"profile-text\">Josephine Solgaard (DDS) se gradu\u00f3 de la Facultad de Odontolog\u00eda de la Universidad de Copenhague en 2020. Desde 2019, Josephine ha desempe\u00f1ado un rol integral en el grupo de investigaci\u00f3n y desarrollo de Dental Trauma Guide, adem\u00e1s de proporcionar atenci\u00f3n a pacientes en la cl\u00ednica de investigaci\u00f3n asociada.\u00a0 En paralelo, se encuentra haciendo un programa de doctorado en el \u00e1rea de traumatolog\u00eda dental en la misma universidad.<\/div>\n<div><\/div>\n<\/div>\n<div class=\"profile\">\n<div><img loading=\"lazy\" decoding=\"async\" class=\"wp-image-183980\" src=\"https:\/\/dentaltraumaguide.org\/app\/uploads\/2023\/01\/Emma-Fernandez.jpg\" alt=\"\" width=\"165\" height=\"165\" \/><\/div>\n<div class=\"profile-text\"><em>Emma Fern\u00e1ndez <\/em>(MA) tiene una Maestr\u00eda en Empresas de Creatividad y Medios de la Universidad de Warwick en Inglaterra. Es coordinadora de la traducci\u00f3n de Dental Trauma Guide, as\u00ed como encargada de mercadotecnia para Latinoam\u00e9rica y mercados emergentes.<\/div>\n<div><\/div>\n<\/div>\n<div class=\"profile\">\n<div><img loading=\"lazy\" decoding=\"async\" class=\"wp-image-184029\" src=\"https:\/\/dentaltraumaguide.org\/app\/uploads\/2023\/01\/Nanna.jpg\" alt=\"\" width=\"165\" height=\"165\" \/><\/div>\n<div class=\"profile-text\"><em>Nanna Myser Olsen<\/em> (MA en Comunicaci\u00f3n empresarial internacional) es gestora de proyectos en Dental Trauma Guide. Se encarga de la administraci\u00f3n diaria y la comunicaci\u00f3n hacia\/desde DTG. Nanna es responsable del marketing global de Dental Trauma Guide.<\/div>\n<div><\/div>\n<\/div>\n<div class=\"profile\">\n<div><img loading=\"lazy\" decoding=\"async\" class=\"wp-image-184035\" src=\"https:\/\/dentaltraumaguide.org\/app\/uploads\/2023\/01\/Lone.jpg\" alt=\"\" width=\"165\" height=\"165\" \/><\/div>\n<div class=\"profile-text\"><em>Lone Vesterager<\/em> es directora de administraci\u00f3n y finanzas de Dental Trauma Guide<\/div>\n<div><\/div>\n<\/div>\n<div class=\"profile\">\n<div><img loading=\"lazy\" decoding=\"async\" class=\"wp-image-183986\" src=\"https:\/\/dentaltraumaguide.org\/app\/uploads\/2023\/01\/Georgios-Tsilingaridis.jpg\" alt=\"\" width=\"165\" height=\"165\" \/><\/div>\n<div class=\"profile-text\"><em>Dr Georgios Tsilingaridis<\/em> se gradu\u00f3 del Instituto Karolinska en 1997, complet\u00f3 su posgrado en odontolog\u00eda pedi\u00e1trica en el Instituto Eastman de Estocolmo en 2004 y recibi\u00f3 su doctorado en el Instituto Karolinska en 2013. Es profesor asociado, jefe de la divisi\u00f3n de Ortodoncia y Odontolog\u00eda Pedi\u00e1trica y vicedecano del Departamento de Medicina Dental del Instituto Karolinska. Es el expresidente de la Sociedad Sueca de Odontolog\u00eda Pedi\u00e1trica y del antiguo consejo de Suecia en la Academia Europea de Odontolog\u00eda Pedi\u00e1trica (EAPD). Actualmente, se desempe\u00f1a como miembro en varios comit\u00e9s tanto en EAPD como en la Asociaci\u00f3n Internacional de Traumatolog\u00eda Dental (IADT).<br \/>\nSu principal campo de investigaci\u00f3n es la traumatolog\u00eda dental y es autor y coautor de varias publicaciones cient\u00edficas y libros de texto originales, incluidos Textbook and Color Atlas of Traumatic Injuries to the Teeth y las \u00faltimas pautas de la IADT.<\/div>\n<div><\/div>\n<\/div>\n<div class=\"profile\">\n<div><img loading=\"lazy\" decoding=\"async\" class=\"wp-image-184000\" src=\"https:\/\/dentaltraumaguide.org\/app\/uploads\/2023\/01\/Poul-Folke.jpg\" alt=\"\" width=\"165\" height=\"165\" \/><\/div>\n<div class=\"profile-text\"><em>Poul Folke Christensen<\/em> (DDS) se gradu\u00f3 de la Facultad de Odontolog\u00eda de la Universidad de Aarhus en 1973. Tiene experiencia en odontolog\u00eda pedi\u00e1trica y ha trabajado durante varios a\u00f1os en el departamento de odontolog\u00eda pedi\u00e1trica de la Facultad de odontolog\u00eda de Aarhus. Durante 35 a\u00f1os, lider\u00f3 la odontolog\u00eda p\u00fablica en el municipio de Viborg. Hoy es copropietario y presidente de la junta directiva de TandplejeInformation TandplejeInformation S. de R.L de I.P.<\/div>\n<div><\/div>\n<\/div>\n<div class=\"profile\">\n<div><img loading=\"lazy\" decoding=\"async\" class=\"wp-image-184044\" src=\"https:\/\/dentaltraumaguide.org\/app\/uploads\/2023\/01\/Thomas-Kofod-Steengaard-baggrund.jpg\" alt=\"\" width=\"165\" height=\"165\" \/><\/div>\n<div class=\"profile-text\"><em>Thomas Kofod Steengaard <\/em>(DDS) obtuvo su t\u00edtulo de odont\u00f3logo en la Facultad de Odontolog\u00eda de la Universidad de Aarhus en 1996. En 2004, se convirti\u00f3 en especialista certificado por la junta en Cirug\u00eda Oral y Maxilofacial del Hospital Universitario de Aarhus. En 2005, defendi\u00f3 su tesis doctoral, en la Universidad de Aarhus, sobre distracci\u00f3n osteog\u00e9nica. En 2007 fue nombrado consultor en cirug\u00eda oral y maxilofacial en el Departamento de cirug\u00eda oral y maxilofacial en el Hospital Universitario de Copenhague, Rigshospitalet. Ha sido jefe del departamento de cirug\u00eda oral y maxilofacial del mismo hospital desde 2011.<\/div>\n<div><\/div>\n<\/div>\n<div class=\"profile\">\n<div><img loading=\"lazy\" decoding=\"async\" class=\"wp-image-184056\" src=\"https:\/\/dentaltraumaguide.org\/app\/uploads\/2023\/01\/Simon-Storgard-Jensen-baggrund.jpg\" alt=\"\" width=\"165\" height=\"165\" \/><\/div>\n<div class=\"profile-text\"><em>Simon Storg\u00e5rd Jensen <\/em>(DDS) obtuvo su grado de la Facultad de Odontolog\u00eda de la Universidad de Copenhague en 1996, especialista certificado en Cirug\u00eda Oral y Maxilofacial en 2004. Desde 2005, es consultor principal en cirug\u00eda oral y maxilofacial y jefe de la divisi\u00f3n que trata a pacientes con dientes faltantes cong\u00e9nitos y p\u00e9rdida dental temprana relacionada con traumatismos en el Departamento de Cirug\u00eda Oral y Maxilofacial del Hospital Universitario de Copenhague. Desde 2019 profesor en el Departamento de Cirug\u00eda Oral y Maxilofacial, Escuela de Medicina Dental, Universidad de Copenhague. Sus principales \u00e1reas de investigaci\u00f3n y enfoque son: odontolog\u00eda de implantes, procedimientos de aumento \u00f3seo, endodoncia quir\u00fargica e infecciones odontog\u00e9nicas.<\/div>\n<\/div>\n<h2>Representantes Regionales<\/h2>\n<hr \/>\n<div class=\"team\">\n<div class=\"profile\">\n<div><img loading=\"lazy\" decoding=\"async\" class=\"wp-image-26782\" src=\"https:\/\/dentaltraumaguide.org\/app\/uploads\/2020\/12\/Juliana_Bastos.jpg\" width=\"165\" height=\"165\" \/><\/div>\n<div class=\"profile-text\"><em>Juliana Vilela Bastos <\/em>(DDS, PhD) es profesora de endodoncia en la Universidad Federal de Minas Gerais en Belo Horizonte, Brasil, donde coordina el Centro de Traumatismo Dentario y participa activamente en la educaci\u00f3n, investigaci\u00f3n y atenci\u00f3n multidisciplinaria de los traumatismos dentarios. Tambi\u00e9n colabora con Dental Trauma Guide garantizando la calidad del sitio en portugu\u00e9s y ayudando a difundir el uso de Dental Trauma Guide en esa parte del mundo.<\/div>\n<div><\/div>\n<\/div>\n<div class=\"profile\">\n<div><img loading=\"lazy\" decoding=\"async\" class=\"wp-image-26786\" src=\"https:\/\/dentaltraumaguide.org\/app\/uploads\/2019\/03\/Marie_Flores.jpg\" width=\"165\" height=\"165\" \/><\/div>\n<div class=\"profile-text\"><em>Marie Therese Flores<\/em> (Doctora en Odontolog\u00eda) es Profesora de Odontopediatr\u00eda en la Facultad de Odontolog\u00eda de la Universidad de Valpara\u00edso, Chile. Actualmente es directora de la junta directiva de la Asociaci\u00f3n Internacional de Traumatolog\u00eda Dental (IADT) y fue su presidente en el periodo 2003-2006. Es coautora de los Lineamientos para el Manejo de las Lesiones Traum\u00e1ticas Dentarias, publicados por la IADT en 2007, as\u00ed mismo de su actualizaci\u00f3n en 2020. Desde 2001, es miembro de la junta editorial del Journal of Dental Traumatology. Supervisa la calidad de la versi\u00f3n en espa\u00f1ol de Dental Trauma Guide y promueve su uso en Am\u00e9rica Latina.<\/div>\n<\/div>\n<h2>Colaboradores de Dental Trauma Guide<\/h2>\n<hr \/>\n<div class=\"team\">\n<div class=\"profile\">\n<div><img loading=\"lazy\" decoding=\"async\" class=\"wp-image-26782\" src=\"https:\/\/dentaltraumaguide.org\/app\/uploads\/2019\/03\/S\u00f8ren_Steno.jpg\" width=\"165\" height=\"165\" \/><\/div>\n<div class=\"profile-text\"><em>S\u00f8ren Steno Ahrensburg Christensen<\/em> (MSC) especializado en desarrollo de software\/bioqu\u00edmica. Graduado de la Universidad T\u00e9cnica de Dinamarca (DTU) en 2002. Trabaj\u00f3 durante cuatro a\u00f1os para el Grupo de Sistemas Personales de IBM brindando soporte t\u00e9cnico al equipo de ventas. Desarroll\u00f3 la primera versi\u00f3n del sitio web en colaboraci\u00f3n con el Dr. Jens Ove Andreasen en el Hospital Universitario de Copenhague.<\/div>\n<div><\/div>\n<\/div>\n<div class=\"profile\">\n<div><img loading=\"lazy\" decoding=\"async\" class=\"wp-image-26782\" src=\"https:\/\/dentaltraumaguide.org\/app\/uploads\/2019\/03\/Thomas_Gerds.jpg\" width=\"165\" height=\"165\" \/><\/div>\n<div class=\"profile-text\"><em>Thomas Alexander Gerds,<\/em> matem\u00e1tico y estad\u00edstico. Formado en matem\u00e1ticas (graduado en 1998) y bioestad\u00edstica (Dr.rer.nat. 2002) en Friburgo, Alemania. Entre 1999 y 2006 trabaj\u00f3 como consultor estad\u00edstico para el Departamento de Prostodoncia, Albert-Ludwig, Universidad de Friburgo. Desde 2007 forma parte de la plantilla del \u00c1rea de Bioestad\u00edstica del Departamento de Salud P\u00fablica, Universidad de Copenhague. Sus investigaciones se centran en los modelos de predicci\u00f3n de riesgo y los an\u00e1lisis de supervivencia. Desde 2007 colabora con el equipo de Dental Trauma Guide en Copenhague.<\/div>\n<div><\/div>\n<\/div>\n<div class=\"profile\">\n<div><img loading=\"lazy\" decoding=\"async\" class=\"wp-image-26782\" src=\"https:\/\/dentaltraumaguide.org\/app\/uploads\/2019\/03\/Leif_Bakland.jpg\" width=\"165\" height=\"165\" \/><\/div>\n<div class=\"profile-text\"><em>Leif Bakland <\/em>(DDS) es Profesor Em\u00e9rito Distinguido del Departamento de Endodoncia de la Escuela de Odontolog\u00eda en Universidad de Loma Linda, California, EE. UU. Es coeditor del libro Endodoncia, de Ingle, ediciones 4\u00aa, 5\u00aa y 6\u00aa, del Manual de Traumatolog\u00eda Dental, ediciones 1\u00aa, 2\u00aa y 3\u00aa, y de la tercera edici\u00f3n de Texto y Atlas a Color de Lesiones Traum\u00e1ticas a las Estructuras Dentales. Adem\u00e1s es editor asociado de Dental Traumatology.<\/div>\n<\/div>\n<\/div>\n<\/div>\n<\/div>\n","protected":false},"excerpt":{"rendered":"<p>Conozca al equipo profesional detr\u00e1s de Dental Trauma Guide. El equipo de Dental Trauma Guide Jens Ove Andreasen (DDS Dr. Odont. hc.) (1935-2020) es considerado el Padre de la Traumatolog\u00eda Dental. Fundador de Dental Trauma Guide. Se especializ\u00f3 en Cirug\u00eda Oral y Maxilofacial en 1968, habiendo trabajado activamente en el campo por m\u00e1s de 50 a\u00f1os. Trabaj\u00f3 cl\u00ednica y experimentalmente en lesiones dentales traum\u00e1ticas, reimplantaci\u00f3n dental, trasplante dental, erupci\u00f3n dental e impactaci\u00f3n dental. Fue autor de 12 libros de texto y 400 art\u00edculos cient\u00edficos. Presidente de la Asociaci\u00f3n Internacional de Traumatolog\u00eda Dental de 1989-2001. Jens falleci\u00f3 en 2020, pero el<\/p>\n","protected":false},"author":2,"featured_media":0,"parent":0,"menu_order":0,"comment_status":"closed","ping_status":"closed","template":"template-full-width.php","meta":{"_acf_changed":false,"_monsterinsights_skip_tracking":false,"_monsterinsights_sitenote_active":false,"_monsterinsights_sitenote_note":"","_monsterinsights_sitenote_category":0,"footnotes":""},"class_list":["post-160221","page","type-page","status-publish","hentry","wpautop"],"acf":[],"_links":{"self":[{"href":"https:\/\/dentaltraumaguide.org\/es\/wp-json\/wp\/v2\/pages\/160221","targetHints":{"allow":["GET"]}}],"collection":[{"href":"https:\/\/dentaltraumaguide.org\/es\/wp-json\/wp\/v2\/pages"}],"about":[{"href":"https:\/\/dentaltraumaguide.org\/es\/wp-json\/wp\/v2\/types\/page"}],"author":[{"embeddable":true,"href":"https:\/\/dentaltraumaguide.org\/es\/wp-json\/wp\/v2\/users\/2"}],"replies":[{"embeddable":true,"href":"https:\/\/dentaltraumaguide.org\/es\/wp-json\/wp\/v2\/comments?post=160221"}],"version-history":[{"count":26,"href":"https:\/\/dentaltraumaguide.org\/es\/wp-json\/wp\/v2\/pages\/160221\/revisions"}],"predecessor-version":[{"id":212813,"href":"https:\/\/dentaltraumaguide.org\/es\/wp-json\/wp\/v2\/pages\/160221\/revisions\/212813"}],"wp:attachment":[{"href":"https:\/\/dentaltraumaguide.org\/es\/wp-json\/wp\/v2\/media?parent=160221"}],"curies":[{"name":"wp","href":"https:\/\/api.w.org\/{rel}","templated":true}]}}