{"id":160218,"date":"2020-05-19T12:12:04","date_gmt":"2020-05-19T12:12:04","guid":{"rendered":"https:\/\/dentaltraumaguide.org\/diagnostico-del-traumatismo-fractura-radicular-luxacion-lateral\/"},"modified":"2020-05-22T12:36:08","modified_gmt":"2020-05-22T12:36:08","slug":"trauma-diagnosis-rootfracture-lateralluxation","status":"publish","type":"page","link":"https:\/\/dentaltraumaguide.org\/es\/trauma-diagnosis-rootfracture-lateralluxation\/","title":{"rendered":"Diagn\u00f3stico del traumatismo: Fractura radicular + luxaci\u00f3n lateral"},"content":{"rendered":"<p>Se ha determinado el diagn\u00f3stico del traumatismo mediante la Gu\u00eda para diagn\u00f3stico.<br \/>\nVolver al listado principal de luxaciones y fracturas\u00a0<a href=\"https:\/\/dentaltraumaguide.org\/es\/trauma-pathfinder\/\"><strong>AQU\u00cd.<\/strong><\/a><\/p>\n<script type=\"text\/javascript\">\n\/* <![CDATA[ *\/\nvar gform;gform||(document.addEventListener(\"gform_main_scripts_loaded\",function(){gform.scriptsLoaded=!0}),document.addEventListener(\"gform\/theme\/scripts_loaded\",function(){gform.themeScriptsLoaded=!0}),window.addEventListener(\"DOMContentLoaded\",function(){gform.domLoaded=!0}),gform={domLoaded:!1,scriptsLoaded:!1,themeScriptsLoaded:!1,isFormEditor:()=>\"function\"==typeof InitializeEditor,callIfLoaded:function(o){return!(!gform.domLoaded||!gform.scriptsLoaded||!gform.themeScriptsLoaded&&!gform.isFormEditor()||(gform.isFormEditor()&&console.warn(\"The use of gform.initializeOnLoaded() is deprecated in the form editor context and will be removed in Gravity Forms 3.1.\"),o(),0))},initializeOnLoaded:function(o){gform.callIfLoaded(o)||(document.addEventListener(\"gform_main_scripts_loaded\",()=>{gform.scriptsLoaded=!0,gform.callIfLoaded(o)}),document.addEventListener(\"gform\/theme\/scripts_loaded\",()=>{gform.themeScriptsLoaded=!0,gform.callIfLoaded(o)}),window.addEventListener(\"DOMContentLoaded\",()=>{gform.domLoaded=!0,gform.callIfLoaded(o)}))},hooks:{action:{},filter:{}},addAction:function(o,r,e,t){gform.addHook(\"action\",o,r,e,t)},addFilter:function(o,r,e,t){gform.addHook(\"filter\",o,r,e,t)},doAction:function(o){gform.doHook(\"action\",o,arguments)},applyFilters:function(o){return gform.doHook(\"filter\",o,arguments)},removeAction:function(o,r){gform.removeHook(\"action\",o,r)},removeFilter:function(o,r,e){gform.removeHook(\"filter\",o,r,e)},addHook:function(o,r,e,t,n){null==gform.hooks[o][r]&&(gform.hooks[o][r]=[]);var d=gform.hooks[o][r];null==n&&(n=r+\"_\"+d.length),gform.hooks[o][r].push({tag:n,callable:e,priority:t=null==t?10:t})},doHook:function(r,o,e){var t;if(e=Array.prototype.slice.call(e,1),null!=gform.hooks[r][o]&&((o=gform.hooks[r][o]).sort(function(o,r){return o.priority-r.priority}),o.forEach(function(o){\"function\"!=typeof(t=o.callable)&&(t=window[t]),\"action\"==r?t.apply(null,e):e[0]=t.apply(null,e)})),\"filter\"==r)return e[0]},removeHook:function(o,r,t,n){var e;null!=gform.hooks[o][r]&&(e=(e=gform.hooks[o][r]).filter(function(o,r,e){return!!(null!=n&&n!=o.tag||null!=t&&t!=o.priority)}),gform.hooks[o][r]=e)}});\n\/* ]]> *\/\n<\/script>\n\n                <div class='gf_browser_gecko gform_wrapper gform_legacy_markup_wrapper gform-theme--no-framework prognosis-form_wrapper pathfinder-form_wrapper well_wrapper' data-form-theme='legacy' data-form-index='0' id='gform_wrapper_91' ><form method='post' enctype='multipart\/form-data'  id='gform_91' class='prognosis-form pathfinder-form well' action='\/es\/wp-json\/wp\/v2\/pages\/160218' data-formid='91' novalidate><div class='gf_invisible ginput_recaptchav3'  data-tabindex='0'><input id=\"input_7c72d8279b28a8f2fad78e826d3e9113\" class=\"gfield_recaptcha_response\" type=\"hidden\" name=\"input_7c72d8279b28a8f2fad78e826d3e9113\" value=\"\"\/><\/div>\n                        <div class='gform-body gform_body'><ul id='gform_fields_91' class='gform_fields top_label form_sublabel_below description_below validation_below'><li id=\"field_91_202\" class=\"gfield gfield--type-html gf_left_half gfield_html gfield_html_formatted gfield_no_follows_desc field_sublabel_below gfield--no-description field_description_below field_validation_below gfield_visibility_visible\"  ><strong>Tipo de fractura:<\/strong>\r\n<h2>Fractura radicular<\/h2>\r\n\r\n<strong>Descripci\u00f3n:<\/strong><br>\r\nFractura circunscrita a la ra\u00edz del diente que involucra el cemento, la dentina y la pulpa. Las fracturas radiculares pueden clasificarse adem\u00e1s en funci\u00f3n de si el fragmento coronario est\u00e1 desplazado (v\u00e9ase lesiones por luxaci\u00f3n).\r\n<br>\r\n<br>\r\n<a href=\"https:\/\/dentaltraumaguide.org\/es\/dental-guides\/permanent-root-fracture\/permanent-root-fracture-treatment\/\" class=\"btn btn-primary\">IR A TRATAMIENTO<\/a><\/li><li id=\"field_91_203\" class=\"gfield gfield--type-html gf_right_half gfield_html gfield_html_formatted gfield_no_follows_desc field_sublabel_below gfield--no-description field_description_below field_validation_below gfield_visibility_visible\"  ><img loading=\"lazy\" decoding=\"async\" class=\"alignnone size-full wp-image-905\" src=\"https:\/\/dentaltraumaguide.org\/app\/uploads\/2016\/09\/root-fracture1.jpg\" alt=\"root-fracture1\" width=\"250\" height=\"160\" \/>\u00a0\u00a0<img loading=\"lazy\" decoding=\"async\" class=\"alignnone size-medium wp-image-906\" src=\"https:\/\/dentaltraumaguide.org\/app\/uploads\/2016\/09\/root-fracture2.jpg\" alt=\"root-fracture2\" width=\"88\" height=\"160\" \/>\r\n<br style=\"line-height:100px;\"\/>\r\n<img loading=\"lazy\" decoding=\"async\" class=\"alignnone size-medium wp-image-907\" src=\"https:\/\/dentaltraumaguide.org\/app\/uploads\/2016\/09\/root-fracture3.jpg\" alt=\"root-fracture3\" width=\"250\" height=\"160\" \/>\u00a0\u00a0<img loading=\"lazy\" decoding=\"async\" class=\"alignnone size-medium wp-image-908\" src=\"https:\/\/dentaltraumaguide.org\/app\/uploads\/2016\/09\/root-fracture4.jpg\" alt=\"root-fracture4\" width=\"88\" height=\"160\" \/>\u00a0\u00a0<img loading=\"lazy\" decoding=\"async\" class=\"alignnone size-medium wp-image-909\" src=\"https:\/\/dentaltraumaguide.org\/app\/uploads\/2017\/11\/X-ray-fracture_middle1_jpg.jpg\" alt=\"root-fracture5\" alt=\"root-fracture5\" width=\"125\" height=\"160\" \/><\/li><li id=\"field_91_204\" class=\"gfield gfield--type-section gsection field_sublabel_below gfield--no-description field_description_below field_validation_below gfield_visibility_visible\"  ><h2 class=\"gsection_title\"><\/h2><\/li><li id=\"field_91_225\" class=\"gfield gfield--type-html gf_left_half gfield_html gfield_html_formatted gfield_no_follows_desc field_sublabel_below gfield--no-description field_description_below field_validation_below gfield_visibility_visible\"  ><strong>Tipo de luxaci\u00f3n:<\/strong>\n<h2>Luxaci\u00f3n lateral<\/h2>\n\n<strong>Descripci\u00f3n:<\/strong><br>\nDesplazamiento del diente de forma no axial.\nEl desplazamiento est\u00e1 acompa\u00f1ado por la conminuci\u00f3n o la fractura del hueso alveolar vestibular o palatino\/lingual\n<br>\n<br>\n<a href=\"https:\/\/dentaltraumaguide.org\/es\/dental-guides\/permanent-lateral-lux\/permanent-lateral-lux-treatment\/\" class=\"btn btn-primary\">IR A TRATAMIENTO<\/a><\/li><li id=\"field_91_226\" class=\"gfield gfield--type-html gf_right_half gfield_html gfield_html_formatted gfield_no_follows_desc field_sublabel_below gfield--no-description field_description_below field_validation_below gfield_visibility_visible\"  ><img loading=\"lazy\" decoding=\"async\" class=\"alignnone size-full wp-image-425\" src=\"https:\/\/dentaltraumaguide.org\/app\/uploads\/2016\/09\/Lateral-Luxation1.jpg\" alt=\"lateral-luxation1\" width=\"250\" height=\"160\" \/>\u00a0\u00a0<img loading=\"lazy\" decoding=\"async\" class=\"alignnone size-full wp-image-426\" src=\"https:\/\/dentaltraumaguide.org\/app\/uploads\/2016\/09\/Lateral-Luxation2.jpg\" alt=\"lateral-luxation2\" width=\"88\" height=\"160\" \/>\r\n<br style=\"line-height:100px;\"\/>\r\n<img loading=\"lazy\" decoding=\"async\" class=\"alignnone size-full wp-image-427\" src=\"https:\/\/dentaltraumaguide.org\/app\/uploads\/2016\/09\/Lateral-Luxation3.jpg\" alt=\"lateral-luxation3\" width=\"250\" height=\"160\" \/>\u00a0\u00a0<img loading=\"lazy\" decoding=\"async\" class=\"alignnone size-full wp-image-428\" src=\"https:\/\/dentaltraumaguide.org\/app\/uploads\/2016\/09\/Lateral-Luxation4.jpg\" alt=\"lateral-luxation4\" width=\"88\" height=\"160\" \/>\u00a0\u00a0<img loading=\"lazy\" decoding=\"async\" class=\"alignnone size-full wp-image-429\" src=\"https:\/\/dentaltraumaguide.org\/app\/uploads\/2016\/09\/Lateral-Luxation5.jpg\" alt=\"lateral-luxation5\" width=\"125\" height=\"160\" \/><\/li><li id=\"field_91_228\" class=\"gfield gfield--type-html gfield_html gfield_html_formatted gfield_no_follows_desc field_sublabel_below gfield--no-description field_description_below field_validation_below gfield_visibility_visible\"  ><hr><\/li><li id=\"field_91_229\" class=\"gfield gfield--type-html gfield_html gfield_html_formatted gfield_no_follows_desc field_sublabel_below gfield--no-description field_description_below field_validation_below gfield_visibility_visible\"  ><p style=\"color: red\">Diagn\u00f3stico de lesi\u00f3n traum\u00e1tica encontrado:<\/p>Tipo de fractura: Fractura radicular<br>Tipo de luxaci\u00f3n: Luxaci\u00f3n lateral<br>\r\n<br>\r\n<strong>Posibles c\u00f3digos de Eden-Baysal para un diente con<br> luxaci\u00f3n lateral y fractura radicular:<\/strong>\r\n<table class=\"eden-baysal\">\r\n<tbody>\r\n<tr>\r\n<td>Desarrollo radicular inmaduro:<\/td>\r\n<td>Desarrollo radicular maduro:<\/td>\r\n<\/tr>\r\n<tr>\r\n<td>(FDI)01Li-<br>(FDI)02Li-<br>(FDI)03Li-<\/td>\r\n<td>(FDI)01Lm-<br>(FDI)02Lm-<br>(FDI)03Lm-<\/td>\r\n<\/tr>\r\n<\/tbody>\r\n<\/table>\r\n<br>\r\n<\/p>Para visualizar el diagn\u00f3stico, ir al inicio de la p\u00e1gina o hacer clic <a href=\"#top\"><strong>AQU\u00cd.<\/strong><\/a><\/li><\/ul><\/div>\n        <div class='gform-footer gform_footer top_label'> <input type='submit' id='gform_submit_button_91' class='gform_button button' onclick='gform.submission.handleButtonClick(this);' data-submission-type='submit' value='Enviar'  \/> \n            <input type='hidden' class='gform_hidden' name='gform_submission_method' data-js='gform_submission_method_91' value='postback' \/>\n            <input type='hidden' class='gform_hidden' name='gform_theme' data-js='gform_theme_91' id='gform_theme_91' value='legacy' \/>\n            <input type='hidden' class='gform_hidden' name='gform_style_settings' data-js='gform_style_settings_91' id='gform_style_settings_91' value='[]' \/>\n            <input type='hidden' class='gform_hidden' name='is_submit_91' value='1' \/>\n            <input type='hidden' class='gform_hidden' name='gform_submit' value='91' \/>\n            \n            <input type='hidden' class='gform_hidden' name='gform_currency' data-currency='USD' value='vupQQEv5kS6z2lA0Tr9AJT5\/l\/j5EARAis3hUuhEp39KpF5uKOy3lx\/6un8n7a6WU3dMe5Mv2WgJ1Ju6uM9w1BkiQ7hISwvWfKsG9ZaI3MWh1\/w=' \/>\n            <input type='hidden' class='gform_hidden' name='gform_unique_id' value='' \/>\n            <input type='hidden' class='gform_hidden' name='state_91' value='WyJbXSIsImRkMTUwNDBkMWVkNWRmNGY0NjQzOTYyNDE4YWY5M2NhIl0=' \/>\n            <input type='hidden' autocomplete='off' class='gform_hidden' name='gform_target_page_number_91' id='gform_target_page_number_91' value='0' \/>\n            <input type='hidden' autocomplete='off' class='gform_hidden' name='gform_source_page_number_91' id='gform_source_page_number_91' value='1' \/>\n            <input type='hidden' name='gform_field_values' value='' \/>\n            \n        <\/div>\n                        <\/form>\n                        <\/div><script type=\"text\/javascript\">\n\/* <![CDATA[ *\/\n gform.initializeOnLoaded( function() {gformInitSpinner( 91, 'https:\/\/dentaltraumaguide.org\/app\/plugins\/gravityforms\/images\/spinner.svg', true );jQuery('#gform_ajax_frame_91').on('load',function(){var contents = jQuery(this).contents().find('*').html();var is_postback = contents.indexOf('GF_AJAX_POSTBACK') >= 0;if(!is_postback){return;}var form_content = jQuery(this).contents().find('#gform_wrapper_91');var is_confirmation = jQuery(this).contents().find('#gform_confirmation_wrapper_91').length > 0;var is_redirect = contents.indexOf('gformRedirect(){') >= 0;var is_form = form_content.length > 0 && ! is_redirect && ! is_confirmation;var mt = parseInt(jQuery('html').css('margin-top'), 10) + parseInt(jQuery('body').css('margin-top'), 10) + 100;if(is_form){jQuery('#gform_wrapper_91').html(form_content.html());if(form_content.hasClass('gform_validation_error')){jQuery('#gform_wrapper_91').addClass('gform_validation_error');} else {jQuery('#gform_wrapper_91').removeClass('gform_validation_error');}setTimeout( function() { \/* delay the scroll by 50 milliseconds to fix a bug in chrome *\/  }, 50 );if(window['gformInitDatepicker']) {gformInitDatepicker();}if(window['gformInitPriceFields']) {gformInitPriceFields();}var current_page = jQuery('#gform_source_page_number_91').val();gformInitSpinner( 91, 'https:\/\/dentaltraumaguide.org\/app\/plugins\/gravityforms\/images\/spinner.svg', true );jQuery(document).trigger('gform_page_loaded', [91, current_page]);window['gf_submitting_91'] = false;}else if(!is_redirect){var confirmation_content = jQuery(this).contents().find('.GF_AJAX_POSTBACK').html();if(!confirmation_content){confirmation_content = contents;}jQuery('#gform_wrapper_91').replaceWith(confirmation_content);jQuery(document).trigger('gform_confirmation_loaded', [91]);window['gf_submitting_91'] = false;wp.a11y.speak(jQuery('#gform_confirmation_message_91').text());}else{jQuery('#gform_91').append(contents);if(window['gformRedirect']) {gformRedirect();}}jQuery(document).trigger(\"gform_pre_post_render\", [{ formId: \"91\", currentPage: \"current_page\", abort: function() { this.preventDefault(); } }]);        if (event && event.defaultPrevented) {                return;        }        const gformWrapperDiv = document.getElementById( \"gform_wrapper_91\" );        if ( gformWrapperDiv ) {            const visibilitySpan = document.createElement( \"span\" );            visibilitySpan.id = \"gform_visibility_test_91\";            gformWrapperDiv.insertAdjacentElement( \"afterend\", visibilitySpan );        }        const visibilityTestDiv = document.getElementById( \"gform_visibility_test_91\" );        let postRenderFired = false;        function triggerPostRender() {            if ( postRenderFired ) {                return;            }            postRenderFired = true;            gform.core.triggerPostRenderEvents( 91, current_page );            if ( visibilityTestDiv ) {                visibilityTestDiv.parentNode.removeChild( visibilityTestDiv );            }        }        function debounce( func, wait, immediate ) {            var timeout;            return function() {                var context = this, args = arguments;                var later = function() {                    timeout = null;                    if ( !immediate ) func.apply( context, args );                };                var callNow = immediate && !timeout;                clearTimeout( timeout );                timeout = setTimeout( later, wait );                if ( callNow ) func.apply( context, args );            };        }        const debouncedTriggerPostRender = debounce( function() {            triggerPostRender();        }, 200 );        if ( visibilityTestDiv && visibilityTestDiv.offsetParent === null ) {            const observer = new MutationObserver( ( mutations ) => {                mutations.forEach( ( mutation ) => {                    if ( mutation.type === 'attributes' && visibilityTestDiv.offsetParent !== null ) {                        debouncedTriggerPostRender();                        observer.disconnect();                    }                });            });            observer.observe( document.body, {                attributes: true,                childList: false,                subtree: true,                attributeFilter: [ 'style', 'class' ],            });        } else {            triggerPostRender();        }    } );} ); \n\/* ]]> *\/\n<\/script>\n\n","protected":false},"excerpt":{"rendered":"<p>Se ha determinado el diagn\u00f3stico del traumatismo mediante la Gu\u00eda para diagn\u00f3stico. Volver al listado principal de luxaciones y fracturas\u00a0AQU\u00cd.<\/p>\n","protected":false},"author":5893,"featured_media":0,"parent":0,"menu_order":0,"comment_status":"closed","ping_status":"closed","template":"template-full-width.php","meta":{"_acf_changed":false,"_monsterinsights_skip_tracking":false,"_monsterinsights_sitenote_active":false,"_monsterinsights_sitenote_note":"","_monsterinsights_sitenote_category":0,"footnotes":""},"class_list":["post-160218","page","type-page","status-publish","hentry","wpautop"],"acf":[],"_links":{"self":[{"href":"https:\/\/dentaltraumaguide.org\/es\/wp-json\/wp\/v2\/pages\/160218","targetHints":{"allow":["GET"]}}],"collection":[{"href":"https:\/\/dentaltraumaguide.org\/es\/wp-json\/wp\/v2\/pages"}],"about":[{"href":"https:\/\/dentaltraumaguide.org\/es\/wp-json\/wp\/v2\/types\/page"}],"author":[{"embeddable":true,"href":"https:\/\/dentaltraumaguide.org\/es\/wp-json\/wp\/v2\/users\/5893"}],"replies":[{"embeddable":true,"href":"https:\/\/dentaltraumaguide.org\/es\/wp-json\/wp\/v2\/comments?post=160218"}],"version-history":[{"count":1,"href":"https:\/\/dentaltraumaguide.org\/es\/wp-json\/wp\/v2\/pages\/160218\/revisions"}],"predecessor-version":[{"id":160656,"href":"https:\/\/dentaltraumaguide.org\/es\/wp-json\/wp\/v2\/pages\/160218\/revisions\/160656"}],"wp:attachment":[{"href":"https:\/\/dentaltraumaguide.org\/es\/wp-json\/wp\/v2\/media?parent=160218"}],"curies":[{"name":"wp","href":"https:\/\/api.w.org\/{rel}","templated":true}]}}