{"id":160190,"date":"2020-05-19T12:12:00","date_gmt":"2020-05-19T12:12:00","guid":{"rendered":"https:\/\/dentaltraumaguide.org\/todas-las-suscripciones-a-membresias\/"},"modified":"2021-01-06T21:38:11","modified_gmt":"2021-01-06T21:38:11","slug":"membership-all-subscriptions","status":"publish","type":"page","link":"https:\/\/dentaltraumaguide.org\/es\/membership-all-subscriptions\/","title":{"rendered":"Todas las suscripciones a membres\u00edas"},"content":{"rendered":"<p><img loading=\"lazy\" decoding=\"async\" class=\"alignnone size-full wp-image-1893\" src=\"https:\/\/dentaltraumaguide.org\/app\/uploads\/2016\/11\/membership.jpg\" alt=\"membership\" width=\"800\" height=\"327\" srcset=\"https:\/\/dentaltraumaguide.org\/app\/uploads\/2016\/11\/membership.jpg 800w, https:\/\/dentaltraumaguide.org\/app\/uploads\/2016\/11\/membership-600x245.jpg 600w, https:\/\/dentaltraumaguide.org\/app\/uploads\/2016\/11\/membership-300x123.jpg 300w, https:\/\/dentaltraumaguide.org\/app\/uploads\/2016\/11\/membership-768x314.jpg 768w\" sizes=\"auto, (max-width: 800px) 100vw, 800px\" \/><br \/>\n<strong>Puede elegir entre:<\/strong><\/p>\n<h2>Membres\u00eda Individual o Membres\u00eda Grupal<\/h2>\n<p><strong>Recomendamos elegir la Membres\u00eda Grupal si:<\/strong><\/p>\n<ul>\n<li>Necesita que muchos usuarios tengan acceso a la NUEVA<em> Dental Trauma Guide<\/em> bajo la<br \/>\nmisma suscripci\u00f3n.<\/li>\n<\/ul>\n<p>Nota: Las membres\u00edas grupales pueden obtener descuentos.<\/p>\n<p><strong>Recomendamos elegir la Membres\u00eda Individual si:<\/strong><\/p>\n<ul>\n<li>Necesita que s\u00f3lo un usuario acceda a <em>Dental Trauma Guide.<\/em><\/li>\n<li>Si necesita acceso <u>inmediato<\/u> a <em>Dental Trauma Guide<\/em>. Toma varios d\u00edas completar la registraci\u00f3n para una Membres\u00eda Grupal. Recibir\u00e1 un reembolso si posee una Membres\u00eda Grupal sin saberlo.<\/li>\n<\/ul>\n","protected":false},"excerpt":{"rendered":"<p>Puede elegir entre: Membres\u00eda Individual o Membres\u00eda Grupal Recomendamos elegir la Membres\u00eda Grupal si: Necesita que muchos usuarios tengan acceso a la NUEVA Dental Trauma Guide bajo la misma suscripci\u00f3n. Nota: Las membres\u00edas grupales pueden obtener descuentos. Recomendamos elegir la Membres\u00eda Individual si: Necesita que s\u00f3lo un usuario acceda a Dental Trauma Guide. Si necesita acceso inmediato a Dental Trauma Guide. Toma varios d\u00edas completar la registraci\u00f3n para una Membres\u00eda Grupal. Recibir\u00e1 un reembolso si posee una Membres\u00eda Grupal sin saberlo.<\/p>\n","protected":false},"author":2,"featured_media":0,"parent":0,"menu_order":0,"comment_status":"closed","ping_status":"closed","template":"","meta":{"_acf_changed":false,"_monsterinsights_skip_tracking":false,"_monsterinsights_sitenote_active":false,"_monsterinsights_sitenote_note":"","_monsterinsights_sitenote_category":0,"footnotes":""},"class_list":["post-160190","page","type-page","status-publish","hentry","wpautop"],"acf":[],"_links":{"self":[{"href":"https:\/\/dentaltraumaguide.org\/es\/wp-json\/wp\/v2\/pages\/160190","targetHints":{"allow":["GET"]}}],"collection":[{"href":"https:\/\/dentaltraumaguide.org\/es\/wp-json\/wp\/v2\/pages"}],"about":[{"href":"https:\/\/dentaltraumaguide.org\/es\/wp-json\/wp\/v2\/types\/page"}],"author":[{"embeddable":true,"href":"https:\/\/dentaltraumaguide.org\/es\/wp-json\/wp\/v2\/users\/2"}],"replies":[{"embeddable":true,"href":"https:\/\/dentaltraumaguide.org\/es\/wp-json\/wp\/v2\/comments?post=160190"}],"version-history":[{"count":2,"href":"https:\/\/dentaltraumaguide.org\/es\/wp-json\/wp\/v2\/pages\/160190\/revisions"}],"predecessor-version":[{"id":173816,"href":"https:\/\/dentaltraumaguide.org\/es\/wp-json\/wp\/v2\/pages\/160190\/revisions\/173816"}],"wp:attachment":[{"href":"https:\/\/dentaltraumaguide.org\/es\/wp-json\/wp\/v2\/media?parent=160190"}],"curies":[{"name":"wp","href":"https:\/\/api.w.org\/{rel}","templated":true}]}}