{"id":160188,"date":"2020-05-19T12:11:59","date_gmt":"2020-05-19T12:11:59","guid":{"rendered":"https:\/\/dentaltraumaguide.org\/politica-de-privacidad-y-cookies\/"},"modified":"2020-05-20T12:53:57","modified_gmt":"2020-05-20T12:53:57","slug":"cookie-privacy-policy","status":"publish","type":"page","link":"https:\/\/dentaltraumaguide.org\/es\/cookie-privacy-policy\/","title":{"rendered":"Pol\u00edtica de privacidad y cookies"},"content":{"rendered":"<h2>Pol\u00edtica de cookies<\/h2>\n<p>Informaci\u00f3n general sobre las cookies<\/p>\n<h3>La mayor\u00eda de los sitios web utilizan cookies.<\/h3>\n<p>Una cookie es un peque\u00f1o archivo de texto que los sitios web almacenan en el ordenador, m\u00f3vil u otro dispositivo del usuario, a fin de reconocer y recolectar informaci\u00f3n sobre las p\u00e1ginas y funciones que se utilizan a trav\u00e9s del dispositivo.<\/p>\n<p>Las cookies son enviadas y recibidas entre el navegador y el servidor web y entre otras cosas nos permiten rastrear un registro an\u00f3nimo de las acciones que los usuarios realizan en el sitio, informaci\u00f3n que luego podemos utilizar para mejorar el sitio web.<\/p>\n<p>Una cookie es un archivo pasivo que no puede propagar virus inform\u00e1ticos ni otros programas maliciosos.<\/p>\n<p>Las cookies s\u00f3lo contienen informaci\u00f3n an\u00f3nima.<\/p>\n<p>Las cookies por lo general son esenciales a fin de garantizar el funcionamiento \u00f3ptimo del sitio web, ya que numerosas funciones y servicios no se pueden proporcionar sin el uso de cookies.<\/p>\n<h3>Las cookies en este sitio web<\/h3>\n<p>En Dentaltraumaguide.org utilizamos cookies para diversos prop\u00f3sitos relacionados con la funcionalidad, el an\u00e1lisis web y la mercadotecnia.<\/p>\n<p>En su mayor\u00eda, utilizamos las cookies para recolectar estad\u00edsticas sobre su visita a fin de obtener informaci\u00f3n para mejorar la experiencia del usuario en nuestro sitio web.<\/p>\n<p>Toda la informaci\u00f3n obtenida permanecer\u00e1 an\u00f3nima, ya que las cookies no se pueden utilizar para identificar usuarios.<\/p>\n<p>&nbsp;<\/p>\n<p>Las cookies pueden ser propias o de terceros. Las cookies propias son las que env\u00eda la p\u00e1gina que el usuario visita. Las cookies de terceros son enviadas por un tercero que tiene elementos incorporados a la p\u00e1gina que el usuario visita.<\/p>\n<p>Dentaltraumaguide.org utiliza cookies de terceros de Google Analytics para generar estad\u00edsticas del uso del sitio web.<\/p>\n<p>Generalmente, las cookies se borran autom\u00e1ticamente al cerrar el navegador (cookies de sesi\u00f3n). Las cookies tambi\u00e9n pueden tener una duraci\u00f3n determinada, de manera que la informaci\u00f3n permanece por cierto per\u00edodo de tiempo (cookies persistentes). Las cookies persistentes se almacenan habitualmente en el disco duro del usuario.<\/p>\n<h3>Borrar o deshabilitar cookies<\/h3>\n<p>Esperamos que para los visitantes de Dentaltraumaguide.org\u00a0no sea una molestia permitir las cookies que establecemos, ya que nos ayudan a mejorar nuestro sitio web, brindar el mejor servicio y ofrecer al usuario una mejor experiencia.<\/p>\n<p>Sin embargo, las cookies se encuentran en poder del usuario, por lo que siempre es posible para el usuario ver, modificar o borrar dichas cookies. Tenga en cuenta que sin cookies, es posible que no pueda utilizar todas las caracter\u00edsticas del sitio.<\/p>\n<p>Si no desea utilizar cookies de dentaltraumaguide.org, en la mayor\u00eda de los navegadores actuales puede seleccionar \u00abconfiguraci\u00f3n avanzada de cookies\u00bb dentro de \u00abopciones de internet\u00bb y agregar <a href=\"https:\/\/visitcopenhagen.org\">dentaltraumaguide.org<\/a>\u00a0a la lista de sitios web para los cuales desea deshabilitar las cookies.<\/p>\n<p>All\u00ed tambi\u00e9n puede eliminar cookies individualmente o todas las cookies almacenadas en el navegador.<\/p>\n<p>Si configura su navegador para rechazar las cookies en general, el efecto secundario ser\u00e1 una limitaci\u00f3n en la funcionalidad de nuestro sitio web, que podr\u00eda no funcionar correctamente.<\/p>\n<h3>Informaci\u00f3n adicional<\/h3>\n<p>Tiene el derecho de estar informado sobre los datos que Dentaltraumaguide.org almacena sobre usted.<\/p>\n<p>Tambi\u00e9n puede sin cargo alguno solicitar que los datos incorrectos sobre usted sean corregidos o que Dentaltraumaguide.org deje de procesar informaci\u00f3n sobre usted.<\/p>\n<p><strong>Si tiene alguna duda en relaci\u00f3n con los aspectos legales o las condiciones para este sitio web por favor comun\u00edquese con Dental Trauma Guide gestionado por Tandplejeinformation.dk a la siguiente direcci\u00f3n:<\/strong><\/p>\n<p>Tandplejeinformation Aps<br \/>\nSandvadsvej 1<br \/>\nDK-4600 K\u00f8ge<\/p>\n<p><a href=\"mailto:info@dentaltraumaguide@gmail.com\">info@dentaltraumaguide.org<\/a><br \/>\n<a href=\"https:\/\/www.tandplejeinformation.dk\">https:\/\/www.tandplejeinformation.dk<\/a><\/p>\n","protected":false},"excerpt":{"rendered":"<p>Pol\u00edtica de cookies Informaci\u00f3n general sobre las cookies La mayor\u00eda de los sitios web utilizan cookies. Una cookie es un peque\u00f1o archivo de texto que los sitios web almacenan en el ordenador, m\u00f3vil u otro dispositivo del usuario, a fin de reconocer y recolectar informaci\u00f3n sobre las p\u00e1ginas y funciones que se utilizan a trav\u00e9s del dispositivo. Las cookies son enviadas y recibidas entre el navegador y el servidor web y entre otras cosas nos permiten rastrear un registro an\u00f3nimo de las acciones que los usuarios realizan en el sitio, informaci\u00f3n que luego podemos utilizar para mejorar el sitio web.<\/p>\n","protected":false},"author":2,"featured_media":0,"parent":0,"menu_order":0,"comment_status":"closed","ping_status":"closed","template":"template-full-width.php","meta":{"_acf_changed":false,"_monsterinsights_skip_tracking":false,"_monsterinsights_sitenote_active":false,"_monsterinsights_sitenote_note":"","_monsterinsights_sitenote_category":0,"footnotes":""},"class_list":["post-160188","page","type-page","status-publish","hentry","wpautop"],"acf":[],"_links":{"self":[{"href":"https:\/\/dentaltraumaguide.org\/es\/wp-json\/wp\/v2\/pages\/160188","targetHints":{"allow":["GET"]}}],"collection":[{"href":"https:\/\/dentaltraumaguide.org\/es\/wp-json\/wp\/v2\/pages"}],"about":[{"href":"https:\/\/dentaltraumaguide.org\/es\/wp-json\/wp\/v2\/types\/page"}],"author":[{"embeddable":true,"href":"https:\/\/dentaltraumaguide.org\/es\/wp-json\/wp\/v2\/users\/2"}],"replies":[{"embeddable":true,"href":"https:\/\/dentaltraumaguide.org\/es\/wp-json\/wp\/v2\/comments?post=160188"}],"version-history":[{"count":1,"href":"https:\/\/dentaltraumaguide.org\/es\/wp-json\/wp\/v2\/pages\/160188\/revisions"}],"predecessor-version":[{"id":160513,"href":"https:\/\/dentaltraumaguide.org\/es\/wp-json\/wp\/v2\/pages\/160188\/revisions\/160513"}],"wp:attachment":[{"href":"https:\/\/dentaltraumaguide.org\/es\/wp-json\/wp\/v2\/media?parent=160188"}],"curies":[{"name":"wp","href":"https:\/\/api.w.org\/{rel}","templated":true}]}}