{"id":160187,"date":"2020-05-19T12:11:59","date_gmt":"2020-05-19T12:11:59","guid":{"rendered":"https:\/\/dentaltraumaguide.org\/tratamientos-traumatologicos\/"},"modified":"2020-10-06T14:08:52","modified_gmt":"2020-10-06T14:08:52","slug":"dental-trauma-treatments","status":"publish","type":"page","link":"https:\/\/dentaltraumaguide.org\/es\/dental-trauma-treatments\/","title":{"rendered":"Tratamientos traumatol\u00f3gicos"},"content":{"rendered":"<p><img loading=\"lazy\" decoding=\"async\" class=\"alignnone wp-image-2513\" src=\"https:\/\/dentaltraumaguide.org\/app\/uploads\/2016\/12\/trauma-teeth-injuries.jpg\" alt=\"trauma-teeth-injuries\" width=\"1080\" height=\"441\" srcset=\"https:\/\/dentaltraumaguide.org\/app\/uploads\/2016\/12\/trauma-teeth-injuries.jpg 800w, https:\/\/dentaltraumaguide.org\/app\/uploads\/2016\/12\/trauma-teeth-injuries-600x245.jpg 600w, https:\/\/dentaltraumaguide.org\/app\/uploads\/2016\/12\/trauma-teeth-injuries-300x123.jpg 300w, https:\/\/dentaltraumaguide.org\/app\/uploads\/2016\/12\/trauma-teeth-injuries-768x314.jpg 768w\" sizes=\"auto, (max-width: 1080px) 100vw, 1080px\" \/><\/p>\n<hr \/>\n<p>Los traumatismos dentales se dividen en dos categor\u00edas diferentes: dentici\u00f3n temporal o permanente. El diagn\u00f3stico, tratamiento y pron\u00f3stico es muy diferente entre ellas.<br \/>\n<a href=\"..\/injury-groups\/primary-teeth\/\"><img loading=\"lazy\" decoding=\"async\" class=\"alignnone wp-image-1849\" title=\"Primary teeth\" src=\"https:\/\/dentaltraumaguide.org\/app\/uploads\/2016\/11\/primary-teeth_282x212px.jpg\" alt=\"primary-teeth_282x212px\" width=\"106\" height=\"80\" \/><\/a><a href=\"..\/injury-groups\/permanent-teeth\/\"><img loading=\"lazy\" decoding=\"async\" class=\"alignnone wp-image-1848\" title=\"Permanent Teeth\" src=\"https:\/\/dentaltraumaguide.org\/app\/uploads\/2016\/11\/permanent-teeth_282x212px.jpg\" alt=\"permanent-teeth_282x212px\" width=\"106\" height=\"80\" \/><\/a><\/p>\n<p><strong>Dentici\u00f3n temporal |\u00a0Dentici\u00f3n permanente<\/strong><\/p>\n","protected":false},"excerpt":{"rendered":"<p>Los traumatismos dentales se dividen en dos categor\u00edas diferentes: dentici\u00f3n temporal o permanente. El diagn\u00f3stico, tratamiento y pron\u00f3stico es muy diferente entre ellas. Dentici\u00f3n temporal |\u00a0Dentici\u00f3n permanente<\/p>\n","protected":false},"author":5893,"featured_media":163589,"parent":0,"menu_order":0,"comment_status":"closed","ping_status":"closed","template":"template-full-width.php","meta":{"_acf_changed":false,"_monsterinsights_skip_tracking":false,"_monsterinsights_sitenote_active":false,"_monsterinsights_sitenote_note":"","_monsterinsights_sitenote_category":0,"footnotes":""},"class_list":["post-160187","page","type-page","status-publish","has-post-thumbnail","hentry","wpautop"],"acf":[],"_links":{"self":[{"href":"https:\/\/dentaltraumaguide.org\/es\/wp-json\/wp\/v2\/pages\/160187","targetHints":{"allow":["GET"]}}],"collection":[{"href":"https:\/\/dentaltraumaguide.org\/es\/wp-json\/wp\/v2\/pages"}],"about":[{"href":"https:\/\/dentaltraumaguide.org\/es\/wp-json\/wp\/v2\/types\/page"}],"author":[{"embeddable":true,"href":"https:\/\/dentaltraumaguide.org\/es\/wp-json\/wp\/v2\/users\/5893"}],"replies":[{"embeddable":true,"href":"https:\/\/dentaltraumaguide.org\/es\/wp-json\/wp\/v2\/comments?post=160187"}],"version-history":[{"count":5,"href":"https:\/\/dentaltraumaguide.org\/es\/wp-json\/wp\/v2\/pages\/160187\/revisions"}],"predecessor-version":[{"id":170804,"href":"https:\/\/dentaltraumaguide.org\/es\/wp-json\/wp\/v2\/pages\/160187\/revisions\/170804"}],"wp:featuredmedia":[{"embeddable":true,"href":"https:\/\/dentaltraumaguide.org\/es\/wp-json\/wp\/v2\/media\/163589"}],"wp:attachment":[{"href":"https:\/\/dentaltraumaguide.org\/es\/wp-json\/wp\/v2\/media?parent=160187"}],"curies":[{"name":"wp","href":"https:\/\/api.w.org\/{rel}","templated":true}]}}