{"id":160186,"date":"2020-05-19T12:11:59","date_gmt":"2020-05-19T12:11:59","guid":{"rendered":"https:\/\/dentaltraumaguide.org\/el-valor-de-su-dinero\/"},"modified":"2025-01-07T07:45:17","modified_gmt":"2025-01-07T07:45:17","slug":"your-moneys-worth","status":"publish","type":"page","link":"https:\/\/dentaltraumaguide.org\/es\/your-moneys-worth\/","title":{"rendered":"El valor de su dinero"},"content":{"rendered":"<p><img loading=\"lazy\" decoding=\"async\" class=\"alignnone wp-image-237278 size-full\" src=\"https:\/\/dentaltraumaguide.org\/app\/uploads\/2025\/01\/price-.jpg\" alt=\"\" width=\"800\" height=\"327\" srcset=\"https:\/\/dentaltraumaguide.org\/app\/uploads\/2025\/01\/price-.jpg 800w, https:\/\/dentaltraumaguide.org\/app\/uploads\/2025\/01\/price--300x123.jpg 300w, https:\/\/dentaltraumaguide.org\/app\/uploads\/2025\/01\/price--768x314.jpg 768w, https:\/\/dentaltraumaguide.org\/app\/uploads\/2025\/01\/price--600x245.jpg 600w\" sizes=\"auto, (max-width: 800px) 100vw, 800px\" \/><\/p>\n<p>Haga valer su dinero&#8230;<\/p>\n<p>El precio de US$60.00.00 d\u00f3lares americanos corresponde a un a\u00f1o de suscripci\u00f3n a <em>Dental Trauma Guide<\/em>. La suscripci\u00f3n da acceso al contenido completo de <em>Dental Trauma Guide<\/em> m\u00e1s beneficios adicionales. A continuaci\u00f3n se brinda m\u00e1s informaci\u00f3n sobre todos los beneficios que se obtienen como miembro de <em>DTG.<\/em><\/p>\n<p>Obtendr\u00e1:<\/p>\n<ul>\n<li>Acceso a diversos procedimientos terap\u00e9uticos basados en animaci\u00f3n. Obtendr\u00e1 la informaci\u00f3n completa en menos de 90 segundos.<\/li>\n<li>La determinaci\u00f3n del pron\u00f3stico individual para varias opciones terap\u00e9uticas que abarcan todos los tipos de lesi\u00f3n, m\u00e1s instrucciones para el paciente.<\/li>\n<li>Bolet\u00edn electr\u00f3nico peri\u00f3dico.<\/li>\n<li>El beneficio profesional de poder ofrecer a los pacientes de traumatolog\u00eda dentaria el mejor tratamiento posible con la mejor herramienta de diagn\u00f3stico posible.<\/li>\n<\/ul>\n<p><em>Y a trav\u00e9s de su suscripci\u00f3n estar\u00e1 apoyando el desarrollo e investigaci\u00f3n continua en el campo de la traumatolog\u00eda dentaria.\u00a0<\/em><\/p>\n","protected":false},"excerpt":{"rendered":"<p>Obtenga el valor de su dinero&#8230;<br \/>\nPor un peque\u00f1o precio, obtienes una suscripci\u00f3n de un a\u00f1o a la Gu\u00eda de Trauma Dental.<\/p>\n","protected":false},"author":5893,"featured_media":237278,"parent":0,"menu_order":0,"comment_status":"closed","ping_status":"closed","template":"","meta":{"_acf_changed":false,"_monsterinsights_skip_tracking":false,"_monsterinsights_sitenote_active":false,"_monsterinsights_sitenote_note":"","_monsterinsights_sitenote_category":0,"footnotes":""},"class_list":["post-160186","page","type-page","status-publish","has-post-thumbnail","hentry","wpautop"],"acf":[],"_links":{"self":[{"href":"https:\/\/dentaltraumaguide.org\/es\/wp-json\/wp\/v2\/pages\/160186","targetHints":{"allow":["GET"]}}],"collection":[{"href":"https:\/\/dentaltraumaguide.org\/es\/wp-json\/wp\/v2\/pages"}],"about":[{"href":"https:\/\/dentaltraumaguide.org\/es\/wp-json\/wp\/v2\/types\/page"}],"author":[{"embeddable":true,"href":"https:\/\/dentaltraumaguide.org\/es\/wp-json\/wp\/v2\/users\/5893"}],"replies":[{"embeddable":true,"href":"https:\/\/dentaltraumaguide.org\/es\/wp-json\/wp\/v2\/comments?post=160186"}],"version-history":[{"count":7,"href":"https:\/\/dentaltraumaguide.org\/es\/wp-json\/wp\/v2\/pages\/160186\/revisions"}],"predecessor-version":[{"id":237288,"href":"https:\/\/dentaltraumaguide.org\/es\/wp-json\/wp\/v2\/pages\/160186\/revisions\/237288"}],"wp:featuredmedia":[{"embeddable":true,"href":"https:\/\/dentaltraumaguide.org\/es\/wp-json\/wp\/v2\/media\/237278"}],"wp:attachment":[{"href":"https:\/\/dentaltraumaguide.org\/es\/wp-json\/wp\/v2\/media?parent=160186"}],"curies":[{"name":"wp","href":"https:\/\/api.w.org\/{rel}","templated":true}]}}