{"id":160185,"date":"2020-05-19T12:11:59","date_gmt":"2020-05-19T12:11:59","guid":{"rendered":"https:\/\/dentaltraumaguide.org\/version-gratuita-o-paga\/"},"modified":"2021-02-24T19:36:19","modified_gmt":"2021-02-24T19:36:19","slug":"free-or-paid-version","status":"publish","type":"page","link":"https:\/\/dentaltraumaguide.org\/es\/free-or-paid-version\/","title":{"rendered":"Versi\u00f3n gratuita o por pago"},"content":{"rendered":"<p><em>Dental Trauma Guide<\/em> es la herramienta web l\u00edder a nivel mundial en traumatolog\u00eda dentaria. <em>Dental Trauma Guide<\/em> ofrece gu\u00edas cl\u00ednicas de tratamiento basadas en evidencia para la dentici\u00f3n primaria y permanente. El sitio web es desarrollado y gestionado en estrecha cooperaci\u00f3n con el Hospital Universitario de Copenhague, Dinamarca, y con la Asociaci\u00f3n Internacional de Traumatolog\u00eda Dental (<em>IADT <\/em>por sus siglas en ingl\u00e9s). <em>Dental Trauma Guide<\/em> funciona como una organizaci\u00f3n sin fines de lucro. Las tarifas de suscripci\u00f3n cubren las operaciones diarias y el desarrollo continuo del sitio web.<\/p>\n<h2>Obtenga acceso completo<\/h2>\n<h4>Como suscriptor, obtiene acceso a la informaci\u00f3n completa de <em>Dental Trauma Guide<\/em> en internet, que incluye:<\/h4>\n<ul>\n<li>Acceso a animaciones de diversos procedimientos terap\u00e9uticos. Obtendr\u00e1 la informaci\u00f3n completa en menos de 90 segundos<\/li>\n<li>La determinaci\u00f3n del pron\u00f3stico individual para varias opciones terap\u00e9uticas que abarcan todos los tipos de lesi\u00f3n con servicio de impresi\u00f3n, adem\u00e1s de instrucciones para el paciente.<\/li>\n<li>Servicio de newsletter con res\u00famenes de estudios recientes sobre traumatolog\u00eda dental.<\/li>\n<\/ul>\n<p>Es necesario suscribirse para obtener acceso al contenido completo, ilustrado por video, de <em>Dental Trauma Guide<\/em>. <a href=\"https:\/\/dentaltraumaguide.org\/es\/membresia\/\">Ingrese a su suscripci\u00f3n aqu\u00ed<\/a><\/p>\n<h2>Opcionalmente, utilice los lineamientos gratuitos<\/h2>\n<p>Si no desea adquirir una suscripci\u00f3n anual para <em>Dental Trauma Guide<\/em>, <a href=\"https:\/\/dentaltraumaguide.org\/es\/iadt-treatment-guidelines\/\" target=\"_blank\" rel=\"noopener noreferrer\">puede utilizar los lineamientos para traumatolog\u00eda dentaria gratuitos de la <em>IADT,\u00a0 <\/em>en formato de texto.<\/a><\/p>\n<p>Seg\u00fan informa la IADT, sus lineamientos se publicaron por primera vez en 2001 y se actualizaron en 2007. Al igual que con sus lineamientos previos, los profesionales que los respaldan son cl\u00ednicos e investigadores experimentados en diversas especialidades odontol\u00f3gicas y en medicina general.\u00a0M\u00e1s informaci\u00f3n en\u00a0<a href=\"https:\/\/www.iadt-dentaltrauma.org\">www.iadt-dentaltrauma.org<\/a><\/p>\n","protected":false},"excerpt":{"rendered":"<p>Dental Trauma Guide es la herramienta web l\u00edder a nivel mundial en traumatolog\u00eda dentaria. Dental Trauma Guide ofrece gu\u00edas cl\u00ednicas de tratamiento basadas en evidencia para la dentici\u00f3n primaria y permanente. El sitio web es desarrollado y gestionado en estrecha cooperaci\u00f3n con el Hospital Universitario de Copenhague, Dinamarca, y con la Asociaci\u00f3n Internacional de Traumatolog\u00eda Dental (IADT por sus siglas en ingl\u00e9s). Dental Trauma Guide funciona como una organizaci\u00f3n sin fines de lucro. Las tarifas de suscripci\u00f3n cubren las operaciones diarias y el desarrollo continuo del sitio web. Obtenga acceso completo Como suscriptor, obtiene acceso a la informaci\u00f3n completa de<\/p>\n","protected":false},"author":16,"featured_media":0,"parent":0,"menu_order":0,"comment_status":"closed","ping_status":"closed","template":"template-full-width.php","meta":{"_acf_changed":false,"_monsterinsights_skip_tracking":false,"_monsterinsights_sitenote_active":false,"_monsterinsights_sitenote_note":"","_monsterinsights_sitenote_category":0,"footnotes":""},"class_list":["post-160185","page","type-page","status-publish","hentry","wpautop"],"acf":[],"_links":{"self":[{"href":"https:\/\/dentaltraumaguide.org\/es\/wp-json\/wp\/v2\/pages\/160185","targetHints":{"allow":["GET"]}}],"collection":[{"href":"https:\/\/dentaltraumaguide.org\/es\/wp-json\/wp\/v2\/pages"}],"about":[{"href":"https:\/\/dentaltraumaguide.org\/es\/wp-json\/wp\/v2\/types\/page"}],"author":[{"embeddable":true,"href":"https:\/\/dentaltraumaguide.org\/es\/wp-json\/wp\/v2\/users\/16"}],"replies":[{"embeddable":true,"href":"https:\/\/dentaltraumaguide.org\/es\/wp-json\/wp\/v2\/comments?post=160185"}],"version-history":[{"count":6,"href":"https:\/\/dentaltraumaguide.org\/es\/wp-json\/wp\/v2\/pages\/160185\/revisions"}],"predecessor-version":[{"id":175505,"href":"https:\/\/dentaltraumaguide.org\/es\/wp-json\/wp\/v2\/pages\/160185\/revisions\/175505"}],"wp:attachment":[{"href":"https:\/\/dentaltraumaguide.org\/es\/wp-json\/wp\/v2\/media?parent=160185"}],"curies":[{"name":"wp","href":"https:\/\/api.w.org\/{rel}","templated":true}]}}