{"id":160184,"date":"2020-05-19T12:11:59","date_gmt":"2020-05-19T12:11:59","guid":{"rendered":"https:\/\/dentaltraumaguide.org\/objetivos-para-los-profesionales-y-el-publico-general\/"},"modified":"2020-12-17T12:46:36","modified_gmt":"2020-12-17T12:46:36","slug":"professional-and-public-objectives","status":"publish","type":"page","link":"https:\/\/dentaltraumaguide.org\/es\/professional-and-public-objectives\/","title":{"rendered":"Objetivos respecto a los profesionales y el p\u00fablico general"},"content":{"rendered":"<h2><del><\/del>Objetivos respecto a los profesionales<\/h2>\n<hr \/>\n<p>Los traumatismos dentales representan un problema diagn\u00f3stico complejo con una multitud de opciones terap\u00e9uticas posibles.<\/p>\n<p>Los diversos tipos de fracturas (9) y luxaciones (6) se pueden combinar de 54 maneras distintas, cada una de las cuales resulta en un escenario traumatol\u00f3gico con sus propias individualidades en cuanto al tratamiento necesario y el pron\u00f3stico de cicatrizaci\u00f3n pulpar y periodontal. Dicha complejidad explica por qu\u00e9 son muy pocos los odont\u00f3logos a nivel mundial actualizados sobre el m\u00e9todo \u00abbasado en la evidencia\u00bb para el diagn\u00f3stico y tratamiento de los traumatismos dentales.<\/p>\n<p>Presentamos un ejemplo ilustrativo: Una luxaci\u00f3n lateral suscitar\u00e1 determinadas opciones terap\u00e9uticas. \u00bfDeber\u00eda el diente ser\u00a0<em>reposicionado<\/em>\u00a0o no? (a sabiendas de que el reposicionamiento podr\u00eda ocasionar un nuevo traumatismo), si as\u00ed se hiciera, \u00bfcon qu\u00e9 tipo de\u00a0<em>f\u00e9rula<\/em>\u00a0(r\u00edgida\/flexible) y por\u00a0<em>cu\u00e1nto tiempo<\/em>? Asimismo, \u00bfse deber\u00edan administrar\u00a0<em>antibi\u00f3ticos<\/em>\u00a0con fines profil\u00e1cticos para prevenir complicaciones en la curaci\u00f3n? Se deber\u00e1n considerar todas estas inquietudes antes de poder iniciar un tratamiento basado en la evidencia. Debido a los m\u00faltiples escenarios traumatol\u00f3gicos para la dentici\u00f3n permanente, cada uno con opciones terap\u00e9uticas espec\u00edficas, no es sorprendente que el tratamiento de los traumatismos dentales sea controversial y los estudios realizados en varios pa\u00edses han mostrado que presumiblemente la mitad de los pacientes reciben un tratamiento perjudicial o innecesario.<\/p>\n<p>Por tal motivo, el prop\u00f3sito de <i>Dental Trauma Guide<\/i> es promover, mediante la visualizaci\u00f3n de los lineamientos para traumatolog\u00eda de la IADT, la aplicaci\u00f3n de tratamientos que han sido documentados en estudios cl\u00ednicos y experimentales a fin de mejorar la cicatrizaci\u00f3n pulpar y periodontal luego de un traumatismo.<\/p>\n<p>Creemos que <i>Dental Trauma Guide<\/i> posee un gran potencial para mejorar el tratamiento odontol\u00f3gico a nivel mundial al vincular el tratamiento en s\u00ed con el conocimiento actual sobre los m\u00e9todos para promover la cicatrizaci\u00f3n de las lesiones. <i>Dental Trauma Guide<\/i> fundamentar\u00e1 con evidencia el complejo conjunto de tratamientos que se ofrecen a los pacientes de traumatolog\u00eda.<\/p>\n<h2>Objetivos respecto al p\u00fablico general<\/h2>\n<hr \/>\n<p>El anhelo de los creadores de <i>Dental Trauma Guide<\/i> es que mejore el nivel de atenci\u00f3n para los pacientes con traumatismos dentarios a nivel mundial.<\/p>\n<p>Se estima que el fen\u00f3meno mundial de los traumatismos dentarios afecta al 50-60% de la poblaci\u00f3n mundial (tanto para la dentici\u00f3n temporal como para la permanente). Se estima que existen en el mundo alrededor de 3 mil millones de v\u00edctimas de traumatismos dentarios con 60 millones de nuevos pacientes cada a\u00f1o.<\/p>\n<p>En 2001 se llev\u00f3 a cabo un estudio en Dinamarca donde se calcul\u00f3 el costo del primer tratamiento \u00abdefinitivo\u00bb para los traumatismos dentarios, cuyo valor ascend\u00eda a 2-5 millones de d\u00f3lares por mill\u00f3n de habitantes, cifra que se ha elevado desde ese momento. Ciertamente se trata de una gran carga financiera para todos los pacientes traumatol\u00f3gicos y hasta cierto punto tambi\u00e9n para la sociedad.<\/p>\n<p>Es fundamental que dichas lesiones sean examinadas por un odont\u00f3logo tan pronto como sea posible luego del accidente a fin de poder iniciar el tratamiento adecuado.<\/p>\n<p>Si esta gu\u00eda permite optimizar el tratamiento inicial, decisivo para el resultado final, ayudar\u00e1 a disminuir la multiplicidad de problemas que enfrentan las v\u00edctimas de traumatismos.<\/p>\n","protected":false},"excerpt":{"rendered":"<p>Objetivos respecto a los profesionales Los traumatismos dentales representan un problema diagn\u00f3stico complejo con una multitud de opciones terap\u00e9uticas posibles. Los diversos tipos de fracturas (9) y luxaciones (6) se pueden combinar de 54 maneras distintas, cada una de las cuales resulta en un escenario traumatol\u00f3gico con sus propias individualidades en cuanto al tratamiento necesario y el pron\u00f3stico de cicatrizaci\u00f3n pulpar y periodontal. Dicha complejidad explica por qu\u00e9 son muy pocos los odont\u00f3logos a nivel mundial actualizados sobre el m\u00e9todo \u00abbasado en la evidencia\u00bb para el diagn\u00f3stico y tratamiento de los traumatismos dentales. Presentamos un ejemplo ilustrativo: Una luxaci\u00f3n lateral<\/p>\n","protected":false},"author":2,"featured_media":0,"parent":0,"menu_order":0,"comment_status":"closed","ping_status":"closed","template":"template-full-width.php","meta":{"_acf_changed":false,"_monsterinsights_skip_tracking":false,"_monsterinsights_sitenote_active":false,"_monsterinsights_sitenote_note":"","_monsterinsights_sitenote_category":0,"footnotes":""},"class_list":["post-160184","page","type-page","status-publish","hentry","wpautop"],"acf":[],"_links":{"self":[{"href":"https:\/\/dentaltraumaguide.org\/es\/wp-json\/wp\/v2\/pages\/160184","targetHints":{"allow":["GET"]}}],"collection":[{"href":"https:\/\/dentaltraumaguide.org\/es\/wp-json\/wp\/v2\/pages"}],"about":[{"href":"https:\/\/dentaltraumaguide.org\/es\/wp-json\/wp\/v2\/types\/page"}],"author":[{"embeddable":true,"href":"https:\/\/dentaltraumaguide.org\/es\/wp-json\/wp\/v2\/users\/2"}],"replies":[{"embeddable":true,"href":"https:\/\/dentaltraumaguide.org\/es\/wp-json\/wp\/v2\/comments?post=160184"}],"version-history":[{"count":5,"href":"https:\/\/dentaltraumaguide.org\/es\/wp-json\/wp\/v2\/pages\/160184\/revisions"}],"predecessor-version":[{"id":173422,"href":"https:\/\/dentaltraumaguide.org\/es\/wp-json\/wp\/v2\/pages\/160184\/revisions\/173422"}],"wp:attachment":[{"href":"https:\/\/dentaltraumaguide.org\/es\/wp-json\/wp\/v2\/media?parent=160184"}],"curies":[{"name":"wp","href":"https:\/\/api.w.org\/{rel}","templated":true}]}}