{"id":160183,"date":"2020-05-19T12:11:59","date_gmt":"2020-05-19T12:11:59","guid":{"rendered":"https:\/\/dentaltraumaguide.org\/como-usar-dental-trauma-guide\/"},"modified":"2023-08-11T14:22:02","modified_gmt":"2023-08-11T14:22:02","slug":"how-to-use-the-dental-trauma-guide","status":"publish","type":"page","link":"https:\/\/dentaltraumaguide.org\/es\/how-to-use-the-dental-trauma-guide\/","title":{"rendered":"C\u00f3mo usar Dental Trauma Guide"},"content":{"rendered":"<h2>Principiantes<\/h2>\n<p>Si no tiene experiencia en la atenci\u00f3n de pacientes traumatol\u00f3gicos, le recomendamos leer la secci\u00f3n \u00abExamen del paciente con traumatismos\u00bb.<\/p>\n<p>A fin de obtener el diagn\u00f3stico correcto para el paciente, por favor utilice la <a href=\"https:\/\/dentaltraumaguide.org\/es\/trauma-pathfinder\/\">gu\u00eda para diagn\u00f3stico traumatol\u00f3gico<\/a> <em>(Trauma Pathfinder)<\/em> mediante la cual ser\u00e1 conducido hasta el diagn\u00f3stico correcto mediante preguntas de respuestas s\u00ed o no, con base en hallazgos cl\u00ednicos y radiogr\u00e1ficos.<\/p>\n<h2>Especialistas y profesionales experimentados<\/h2>\n<p>Un profesional experimentado habitualmente habr\u00e1 llegado a un diagn\u00f3stico antes de ingresar a\u00a0<em>Dental Trauma Guide<\/em>. En este caso, se puede acceder directamente a la p\u00e1gina de asesoramiento terap\u00e9utico y pron\u00f3stico para cada lesi\u00f3n dada a trav\u00e9s del panel que se encuentra a la izquierda.<\/p>\n<p>&nbsp;<\/p>\n<div style=\"width: 854px;\" class=\"wp-video\"><video class=\"wp-video-shortcode\" id=\"video-160183-1\" width=\"854\" height=\"480\" autoplay preload=\"metadata\" controls=\"controls\"><source type=\"video\/mp4\" src=\"https:\/\/dentaltraumaguide.org\/app\/uploads\/2023\/08\/03_23DTG_InstructionsV07WEB.mp4?_=1\" \/><track srclang=\"pt\" label=\"Espa\u00f1ol\" kind=\"subtitles\" src=\"https:\/\/dentaltraumaguide.org\/app\/uploads\/2023\/08\/How_to_ES.srt\"\/><track srclang=\"en\" label=\"English\" kind=\"subtitles\" src=\"https:\/\/dentaltraumaguide.org\/app\/uploads\/2023\/08\/How_to_EN.srt\"\/><track srclang=\"pt\" label=\"Portugu\u00eas\" kind=\"subtitles\" src=\"https:\/\/dentaltraumaguide.org\/app\/uploads\/2023\/08\/How_to_PT.srt\"\/><a href=\"https:\/\/dentaltraumaguide.org\/app\/uploads\/2023\/08\/03_23DTG_InstructionsV07WEB.mp4\">https:\/\/dentaltraumaguide.org\/app\/uploads\/2023\/08\/03_23DTG_InstructionsV07WEB.mp4<\/a><\/video><\/div>\n","protected":false},"excerpt":{"rendered":"<p>Principiantes Si no tiene experiencia en la atenci\u00f3n de pacientes traumatol\u00f3gicos, le recomendamos leer la secci\u00f3n \u00abExamen del paciente con traumatismos\u00bb. A fin de obtener el diagn\u00f3stico correcto para el paciente, por favor utilice la gu\u00eda para diagn\u00f3stico traumatol\u00f3gico (Trauma Pathfinder) mediante la cual ser\u00e1 conducido hasta el diagn\u00f3stico correcto mediante preguntas de respuestas s\u00ed o no, con base en hallazgos cl\u00ednicos y radiogr\u00e1ficos. Especialistas y profesionales experimentados Un profesional experimentado habitualmente habr\u00e1 llegado a un diagn\u00f3stico antes de ingresar a\u00a0Dental Trauma Guide. En este caso, se puede acceder directamente a la p\u00e1gina de asesoramiento terap\u00e9utico y pron\u00f3stico para cada<\/p>\n","protected":false},"author":2,"featured_media":0,"parent":0,"menu_order":0,"comment_status":"closed","ping_status":"closed","template":"template-full-width.php","meta":{"_acf_changed":false,"_monsterinsights_skip_tracking":false,"_monsterinsights_sitenote_active":false,"_monsterinsights_sitenote_note":"","_monsterinsights_sitenote_category":0,"footnotes":""},"class_list":["post-160183","page","type-page","status-publish","hentry","wpautop"],"acf":[],"_links":{"self":[{"href":"https:\/\/dentaltraumaguide.org\/es\/wp-json\/wp\/v2\/pages\/160183","targetHints":{"allow":["GET"]}}],"collection":[{"href":"https:\/\/dentaltraumaguide.org\/es\/wp-json\/wp\/v2\/pages"}],"about":[{"href":"https:\/\/dentaltraumaguide.org\/es\/wp-json\/wp\/v2\/types\/page"}],"author":[{"embeddable":true,"href":"https:\/\/dentaltraumaguide.org\/es\/wp-json\/wp\/v2\/users\/2"}],"replies":[{"embeddable":true,"href":"https:\/\/dentaltraumaguide.org\/es\/wp-json\/wp\/v2\/comments?post=160183"}],"version-history":[{"count":5,"href":"https:\/\/dentaltraumaguide.org\/es\/wp-json\/wp\/v2\/pages\/160183\/revisions"}],"predecessor-version":[{"id":208962,"href":"https:\/\/dentaltraumaguide.org\/es\/wp-json\/wp\/v2\/pages\/160183\/revisions\/208962"}],"wp:attachment":[{"href":"https:\/\/dentaltraumaguide.org\/es\/wp-json\/wp\/v2\/media?parent=160183"}],"curies":[{"name":"wp","href":"https:\/\/api.w.org\/{rel}","templated":true}]}}