{"id":160182,"date":"2020-05-19T12:11:59","date_gmt":"2020-05-19T12:11:59","guid":{"rendered":"https:\/\/dentaltraumaguide.org\/beneficios\/"},"modified":"2021-02-24T19:31:57","modified_gmt":"2021-02-24T19:31:57","slug":"benefits","status":"publish","type":"page","link":"https:\/\/dentaltraumaguide.org\/es\/benefits\/","title":{"rendered":"Beneficios"},"content":{"rendered":"<p>Obtendr\u00e1:<\/p>\n<ul>\n<li>Acceso a animaciones de diversos procedimientos terap\u00e9uticos. Obtendr\u00e1 la informaci\u00f3n completa en menos de 90 segundos.<\/li>\n<li>La determinaci\u00f3n del pron\u00f3stico individual para varias opciones terap\u00e9uticas que abarcan todos los tipos de lesi\u00f3n, adem\u00e1s de instrucciones para el paciente.<\/li>\n<li>Bolet\u00edn electr\u00f3nico peri\u00f3dico.<\/li>\n<li>El beneficio profesional de poder ofrecer a los pacientes de traumatolog\u00eda dentaria el mejor tratamiento posible con la mejor herramienta de pron\u00f3stico posible.<\/li>\n<\/ul>\n<p><em>Y a trav\u00e9s de su suscripci\u00f3n estar\u00e1 apoyando el desarrollo e investigaci\u00f3n continua en el campo de la traumatolog\u00eda dentaria.<\/em><\/p>\n","protected":false},"excerpt":{"rendered":"<p>Obtendr\u00e1: Acceso a animaciones de diversos procedimientos terap\u00e9uticos. Obtendr\u00e1 la informaci\u00f3n completa en menos de 90 segundos. La determinaci\u00f3n del pron\u00f3stico individual para varias opciones terap\u00e9uticas que abarcan todos los tipos de lesi\u00f3n, adem\u00e1s de instrucciones para el paciente. Bolet\u00edn electr\u00f3nico peri\u00f3dico. El beneficio profesional de poder ofrecer a los pacientes de traumatolog\u00eda dentaria el mejor tratamiento posible con la mejor herramienta de pron\u00f3stico posible. Y a trav\u00e9s de su suscripci\u00f3n estar\u00e1 apoyando el desarrollo e investigaci\u00f3n continua en el campo de la traumatolog\u00eda dentaria.<\/p>\n","protected":false},"author":2,"featured_media":0,"parent":0,"menu_order":1,"comment_status":"closed","ping_status":"closed","template":"","meta":{"_acf_changed":false,"_monsterinsights_skip_tracking":false,"_monsterinsights_sitenote_active":false,"_monsterinsights_sitenote_note":"","_monsterinsights_sitenote_category":0,"footnotes":""},"class_list":["post-160182","page","type-page","status-publish","hentry","wpautop"],"acf":[],"_links":{"self":[{"href":"https:\/\/dentaltraumaguide.org\/es\/wp-json\/wp\/v2\/pages\/160182","targetHints":{"allow":["GET"]}}],"collection":[{"href":"https:\/\/dentaltraumaguide.org\/es\/wp-json\/wp\/v2\/pages"}],"about":[{"href":"https:\/\/dentaltraumaguide.org\/es\/wp-json\/wp\/v2\/types\/page"}],"author":[{"embeddable":true,"href":"https:\/\/dentaltraumaguide.org\/es\/wp-json\/wp\/v2\/users\/2"}],"replies":[{"embeddable":true,"href":"https:\/\/dentaltraumaguide.org\/es\/wp-json\/wp\/v2\/comments?post=160182"}],"version-history":[{"count":4,"href":"https:\/\/dentaltraumaguide.org\/es\/wp-json\/wp\/v2\/pages\/160182\/revisions"}],"predecessor-version":[{"id":175504,"href":"https:\/\/dentaltraumaguide.org\/es\/wp-json\/wp\/v2\/pages\/160182\/revisions\/175504"}],"wp:attachment":[{"href":"https:\/\/dentaltraumaguide.org\/es\/wp-json\/wp\/v2\/media?parent=160182"}],"curies":[{"name":"wp","href":"https:\/\/api.w.org\/{rel}","templated":true}]}}