{"id":160181,"date":"2020-05-19T12:11:59","date_gmt":"2020-05-19T12:11:59","guid":{"rendered":"https:\/\/dentaltraumaguide.org\/terminos-y-condiciones-de-pago\/"},"modified":"2025-03-19T08:31:26","modified_gmt":"2025-03-19T08:31:26","slug":"terms-and-conditions-for-payments","status":"publish","type":"page","link":"https:\/\/dentaltraumaguide.org\/es\/terms-and-conditions-for-payments\/","title":{"rendered":"T\u00e9rminos y condiciones de pago"},"content":{"rendered":"<h2>Condiciones para los pagos de membres\u00eda, suscripciones y simposios<\/h2>\n<p><em><strong>Enero 2024<\/strong><\/em><\/p>\n<p>Los t\u00e9rminos y condiciones conciernen a todas las compras de seminarios en l\u00ednea, simposios y servicios digitales a trav\u00e9s de https:\/\/dentaltraumaguide.org\/.<\/p>\n<p>El sitio es propiedad y est\u00e1 gestionado por:<\/p>\n<p>Dental Trauma Guide (Tandplejeinformation ApS)<br \/>\nN\u00famero de registro de empresa: DK35247807<br \/>\nOernevej 2<br \/>\n4600 Koege<br \/>\nEmail: <a href=\"mailto:info@dentaltraumaguide.org\">info@dentaltraumaguide.org<\/a><\/p>\n<h2>Precio<\/h2>\n<p>El precio que paga por el producto se indica en el sitio web, en el folleto, carta, correo electr\u00f3nico o por tel\u00e9fono.<\/p>\n<h2>Pago<\/h2>\n<p>Se le cobrar\u00e1 en la divisa que se indique en el sitio web, en el folleto, carta, correo electr\u00f3nico o por tel\u00e9fono. Si la divisa no es la del pa\u00eds de su cuenta bancaria, su banco la convertir\u00e1 a la divisa de su cuenta bancaria cuando se tramite. No nos hacemos responsables de las comisiones que pueda cobrarle su banco.<br \/>\nPodr\u00e1 revisar su pedido antes de confirmar el pago del producto en la p\u00e1gina de pago. Cuando confirme el pago de su producto, el importe indicado en el momento de la compra se cargar\u00e1 en su cuenta bancaria en un plazo de 1 a 5 d\u00edas laborables.<\/p>\n<p>Puede pagarse con las siguientes tarjetas: VISA, MasterCard, Diners Club, VISA Electron y Discover.<\/p>\n<p>El importe se deducir\u00e1 al comprar o renovar el producto.<\/p>\n<h2>Pago de la membres\u00eda individual<\/h2>\n<p>Se paga por adelantado. Esto quiere decir que podr\u00e1 acceder a los contenidos del muro de pago inmediatamente despu\u00e9s. Al confirmar el pago de su membres\u00eda individual, acepta renunciar a su derecho de cancelaci\u00f3n inmediata de 14 d\u00edas (conforme a la legislaci\u00f3n danesa). No obstante, podr\u00e1 cancelar su suscripci\u00f3n en cualquier momento sin derecho a reembolso.<\/p>\n<p>Le rogamos que nos contacte si en alg\u00fan momento se siente injustamente tratado en lo que respecta al pago de la membres\u00eda y el registro.<\/p>\n<p>El precio del producto se fija de forma diferente seg\u00fan el nivel de ingresos en el pa\u00eds del usuario.<\/p>\n<h2>Pago de la membres\u00eda grupal<\/h2>\n<p>Las cuotas de membres\u00eda grupal var\u00edan en funci\u00f3n del n\u00famero de usuarios, el grupo, la organizaci\u00f3n y el pa\u00eds en cuesti\u00f3n.<br \/>\nLa organizaci\u00f3n abonar\u00e1 el coste de acceso por adelantado. La factura se enviar\u00e1 por correo electr\u00f3nico, correo postal o mediante factura electr\u00f3nica. Los detalles y condiciones de pago figuran en la factura que recibir\u00e1.<\/p>\n<h2>Pago y cancelaci\u00f3n de Simposio y Webinar<\/h2>\n<p>Se paga por adelantado, lo que significa que un participante no est\u00e1 inscrito hasta que se haya confirmado el pago. Lo que incluye el pago se indicar\u00e1 en la p\u00e1gina del Simposio\/Webinar.<br \/>\nLas entradas para el Simposio\/Webinar pueden anularse, pero no se reembolsar\u00e1n:<\/p>\n<ul>\n<li>Las cancelaciones han de hacerse por escrito.<\/li>\n<li>Si no puede asistir al Simposio\/Webinar, puede ceder su plaza a otra persona escribiendo a <a href=\"mailto:info@dentaltraumaguide.org\">info@dentaltraumaguide.org<\/a>.<\/li>\n<\/ul>\n<p>En cualquier caso, deber\u00e1 hacerlo 4 semanas antes del Simposio\/Webinar a m\u00e1s tardar.<\/p>\n<h2>Env\u00edo<\/h2>\n<p>Se env\u00eda por correo electr\u00f3nico y, en el caso de los seminarios web y los simposios, se entrega un recibo que da acceso a los mismos.<\/p>\n<h2>Derecho de desistimiento<\/h2>\n<p>Al pagar, acepta renunciar a su derecho de cancelaci\u00f3n inmediata de 14 d\u00edas (conforme a la legislaci\u00f3n danesa).<\/p>\n<h2>C\u00f3mo rechazar una compra<\/h2>\n<p>Si se arrepiente de la compra de una suscripci\u00f3n a Dental Trauma Guide, comun\u00edquenoslo claramente. Puede enviarnos un correo electr\u00f3nico manifestando su deseo a Tandplejeinformation ApS, Oernevej 2, 4600 Koege, Dinamarca, <a href=\"mailto:info@dentaltraumaguide.org\">info@dentaltraumaguide.org<\/a>.<\/p>\n<h2>Devoluci\u00f3n del dinero en caso de cancelaci\u00f3n<\/h2>\n<p>No habr\u00e1 reembolso, ya que ha aceptado que no se aplique el periodo de cancelaci\u00f3n.<\/p>\n<p>Quejas: si hay alg\u00fan problema con el producto o servicio<\/p>\n<p>Se aplicar\u00e1 la Ley de Compras danesa si compra un producto o servicio digital y hay un defecto en el art\u00edculo adquirido. Un defecto es, por ejemplo, informaci\u00f3n incorrecta sobre lo que ha comprado.<br \/>\nPodr\u00e1 reclamar los defectos del servicio hasta 30 d\u00edas despu\u00e9s de la entrega. Puede hacerlo poni\u00e9ndose en contacto con nuestro servicio de atenci\u00f3n al cliente.<br \/>\nDebe contactarnos en un plazo razonable tras constatar el error. Si la reclamaci\u00f3n est\u00e1 justificada, le devolveremos el importe de su compra. Por lo tanto, guarde su recibo.<br \/>\nLe pedimos que nos indique con el m\u00e1ximo detalle cu\u00e1l es el problema y, si es posible, que nos env\u00ede im\u00e1genes del problema.<\/p>\n<h2>V\u00edas de recurso<\/h2>\n<p>Si no llegamos a un acuerdo respecto a lo que le corresponde, tiene las siguientes v\u00edas de recurso:<br \/>\nSi desea presentar una queja sobre un producto o servicio, puede dirigirse al portal de quejas en l\u00ednea de la Comisi\u00f3n Europea. Las quejas pueden remitirse aqu\u00ed:<a href=\"http:\/\/ec.europa.eu\/odr\"> http:\/\/ec.europa.eu\/odr<\/a>.<br \/>\nCuando presente una queja, indique nuestra direcci\u00f3n de correo electr\u00f3nico: info@dentaltraumaguide.org.<\/p>\n<h2>Fotograf\u00edas y v\u00eddeos:<\/h2>\n<p>Dental Trauma Guide hace fotos y v\u00eddeos en el simposio, por lo que le pide su consentimiento para las grabaciones. Al efectuar el pago de un simposio, tambi\u00e9n da su consentimiento.<\/p>\n<p>&nbsp;<\/p>\n<h2>Consentimiento:<\/h2>\n<p>Si tiene alguna pregunta sobre el tratamiento de sus datos personales, dir\u00edjase a nosotros a trav\u00e9s de<a href=\"mailto:info@dentaltraumaguide.org\"> info@dentaltraumaguide.org<\/a><br \/>\nTratamiento de sus datos personales<br \/>\nLe pediremos su consentimiento para tratar sus datos personales.<br \/>\n<strong>Redes sociales:<\/strong> Fotos y v\u00eddeos tomados durante el Simposio.<br \/>\nLas im\u00e1genes y los v\u00eddeos se utilizar\u00e1n para promocionar Dental Trauma Guide en las redes sociales, la p\u00e1gina web y los boletines informativos.<br \/>\n<strong>Al encargar un catering:<\/strong> La informaci\u00f3n sobre el catering solicitado se guarda durante un m\u00e1ximo de un mes tras su entrega.<\/p>\n<p><strong>Con su consentimiento,<\/strong> nos autoriza a procesar sus datos personales de conformidad con el art\u00edculo 6, apartado 1, letra a), del Reglamento sobre datos personales.<br \/>\nLas im\u00e1genes y v\u00eddeos se eliminan al cabo de 3 a\u00f1os.<br \/>\nS\u00f3lo procesamos sus datos personales, cf. su consentimiento, mientras tengamos una raz\u00f3n para ello.<\/p>\n<h2>Sus derechos<\/h2>\n<p>De acuerdo con el Reglamento de Datos Personales, dispone de varios derechos en lo que respecta al tratamiento que hacemos de la informaci\u00f3n que le concierne.<br \/>\nSiempre puede solicitar que se modifiquen o eliminen sus datos personales.<br \/>\nTambi\u00e9n puede contactarnos en caso de dudas, as\u00ed como para ejercer sus derechos y revocar su consentimiento.<\/p>\n<p><strong>Derecho a ver la informaci\u00f3n (derecho de acceso)<\/strong><br \/>\nTiene derecho a conocer la informaci\u00f3n que procesamos sobre usted, as\u00ed como otra informaci\u00f3n.<\/p>\n<p><strong>Derecho de rectificaci\u00f3n (rectificaci\u00f3n)<\/strong><br \/>\nTiene derecho a que se corrija la informaci\u00f3n incorrecta sobre usted.<\/p>\n<p><strong>Derecho de supresi\u00f3n de datos<\/strong><br \/>\nEn casos especiales, tiene derecho a que la informaci\u00f3n sobre usted se elimine antes de que tenga lugar la supresi\u00f3n general habitual por nuestra parte.<\/p>\n<p><strong>Derecho a la limitaci\u00f3n del tratamiento<\/strong><br \/>\nEn determinados casos, tiene derecho a que se limite el tratamiento de sus datos personales. Si tiene derecho a que se limite el tratamiento, en el futuro s\u00f3lo podremos tratar la informaci\u00f3n (aparte del almacenamiento) con su consentimiento, o con el fin de interponer, alegar o defender acciones legales, o para proteger a una persona o intereses p\u00fablicos importantes.<\/p>\n<p><strong>Derecho de oposici\u00f3n<\/strong><br \/>\nEn determinados casos, tiene derecho a oponerse al tratamiento de sus datos personales que, por lo dem\u00e1s, es l\u00edcito. Tambi\u00e9n puede oponerse al tratamiento de sus datos con fines de marketing directo.<\/p>\n<p><strong>Derecho a la transferencia de informaci\u00f3n (portabilidad de datos)<\/strong><br \/>\nEn determinados casos, tiene derecho a recibir sus datos personales en un formato estructurado, de uso com\u00fan y legible por ordenador, y a que estos datos personales se transfieran de un responsable del tratamiento de datos a otro sin impedimentos.<\/p>\n<p>Encontrar\u00e1 m\u00e1s informaci\u00f3n sobre sus derechos en las directrices de la Autoridad de Protecci\u00f3n de Datos sobre los derechos de los interesados, que puede consultar en <a href=\"http:\/\/www.datatilsynet.dk\">www.datatilsynet.dk<\/a>.<\/p>\n<p><strong>Revocaci\u00f3n del consentimiento<\/strong><br \/>\nEn cualquier caso, usted tiene derecho a revocar su consentimiento. Si revoca su consentimiento, no podremos seguir tratando sus datos personales con tal fin.<\/p>\n<p><strong>Reclamaci\u00f3n a la Agencia Danesa de Protecci\u00f3n de Datos<\/strong><br \/>\nTiene derecho a presentar una reclamaci\u00f3n ante la Agencia Danesa de Protecci\u00f3n de Datos si no est\u00e1 satisfecho con la forma en que procesamos sus datos personales. Encontrar\u00e1 la informaci\u00f3n de contacto de la Agencia de Protecci\u00f3n de Datos en <a href=\"http:\/\/www.datatilsynet.dk\">www.datatilsynet.dk<\/a>.<\/p>\n<h2>Informaci\u00f3n personal<\/h2>\n<p><a href=\"http:\/\/Dentaltraumaguide.org\">Dentaltraumaguide.org<\/a> respeta la privacidad de todos los usuarios de su sitio y tratar\u00e1 la informaci\u00f3n personal que usted nos facilite de manera confidencial conforme a la ley europea GDPR. Utilizamos sus datos para tramitar su alta como miembro de la forma m\u00e1s r\u00e1pida y sencilla posible. En todos los dem\u00e1s casos, s\u00f3lo utilizaremos esta informaci\u00f3n con su consentimiento.<br \/>\nPara registrar su membres\u00eda, necesitamos saber su nombre, profesi\u00f3n, organizaci\u00f3n\/lugar de trabajo, direcci\u00f3n de correo electr\u00f3nico, direcci\u00f3n de facturaci\u00f3n, n\u00famero de tel\u00e9fono y datos de pago.<br \/>\n<a href=\"http:\/\/Dentaltraumaguide.org\">Dentaltraumaguide.org<\/a> no vende su informaci\u00f3n personal.<\/p>\n<p>&nbsp;<\/p>\n<p>&nbsp;<\/p>\n<p>&nbsp;<\/p>\n<p>&nbsp;<\/p>\n","protected":false},"excerpt":{"rendered":"<p>Condiciones para los pagos de membres\u00eda, suscripciones y simposios Enero 2024 Los t\u00e9rminos y condiciones conciernen a todas las compras de seminarios en l\u00ednea, simposios y servicios digitales a trav\u00e9s de https:\/\/dentaltraumaguide.org\/. El sitio es propiedad y est\u00e1 gestionado por: Dental Trauma Guide (Tandplejeinformation ApS) N\u00famero de registro de empresa: DK35247807 Oernevej 2 4600 Koege Email: info@dentaltraumaguide.org Precio El precio que paga por el producto se indica en el sitio web, en el folleto, carta, correo electr\u00f3nico o por tel\u00e9fono. Pago Se le cobrar\u00e1 en la divisa que se indique en el sitio web, en el folleto, carta, correo electr\u00f3nico<\/p>\n","protected":false},"author":16,"featured_media":0,"parent":0,"menu_order":0,"comment_status":"closed","ping_status":"closed","template":"template-full-width.php","meta":{"_acf_changed":false,"_monsterinsights_skip_tracking":false,"_monsterinsights_sitenote_active":false,"_monsterinsights_sitenote_note":"","_monsterinsights_sitenote_category":0,"footnotes":""},"class_list":["post-160181","page","type-page","status-publish","hentry","wpautop"],"acf":[],"_links":{"self":[{"href":"https:\/\/dentaltraumaguide.org\/es\/wp-json\/wp\/v2\/pages\/160181","targetHints":{"allow":["GET"]}}],"collection":[{"href":"https:\/\/dentaltraumaguide.org\/es\/wp-json\/wp\/v2\/pages"}],"about":[{"href":"https:\/\/dentaltraumaguide.org\/es\/wp-json\/wp\/v2\/types\/page"}],"author":[{"embeddable":true,"href":"https:\/\/dentaltraumaguide.org\/es\/wp-json\/wp\/v2\/users\/16"}],"replies":[{"embeddable":true,"href":"https:\/\/dentaltraumaguide.org\/es\/wp-json\/wp\/v2\/comments?post=160181"}],"version-history":[{"count":11,"href":"https:\/\/dentaltraumaguide.org\/es\/wp-json\/wp\/v2\/pages\/160181\/revisions"}],"predecessor-version":[{"id":240747,"href":"https:\/\/dentaltraumaguide.org\/es\/wp-json\/wp\/v2\/pages\/160181\/revisions\/240747"}],"wp:attachment":[{"href":"https:\/\/dentaltraumaguide.org\/es\/wp-json\/wp\/v2\/media?parent=160181"}],"curies":[{"name":"wp","href":"https:\/\/api.w.org\/{rel}","templated":true}]}}