{"id":160179,"date":"2020-05-19T12:11:59","date_gmt":"2020-05-19T12:11:59","guid":{"rendered":"https:\/\/dentaltraumaguide.org\/lineamientos-terapeuticos-de-la-iadt\/"},"modified":"2020-05-22T11:29:38","modified_gmt":"2020-05-22T11:29:38","slug":"iadt-treatment-guidelines","status":"publish","type":"page","link":"https:\/\/dentaltraumaguide.org\/es\/iadt-treatment-guidelines\/","title":{"rendered":"Lineamientos terap\u00e9uticos de la IADT"},"content":{"rendered":"<p>Acceda aqu\u00ed a los lineamientos para traumatolog\u00eda gratuitos de la IADT. No es necesario adquirir la suscripci\u00f3n paga.<\/p>\n<p>La Asociaci\u00f3n Internacional de Traumatolog\u00eda Dental (IADT, por sus siglas en ingl\u00e9s) ha desarrollado a trav\u00e9s de su junta directiva una serie de lineamientos terap\u00e9uticos para todos los tipos de lesiones traum\u00e1ticas que afectan a la dentici\u00f3n temporal y permanente. Los miembros de la IADT pueden descargar los lineamientos para traumatolog\u00eda de 2012 de la IADT a trav\u00e9s del siguiente v\u00ednculo\u00a0<a href=\"https:\/\/www.iadt-dentaltrauma.org\/\">www.iadt-dentaltrauma.org<\/a>.<\/p>\n<p>(La versi\u00f3n m\u00e1s reciente de estos lineamientos se public\u00f3 en Dental Traumatology de 2012;28:2-12, 88-96, 174-182.)<\/p>\n<p>Sin embargo, si necesita una gu\u00eda visual para el tratamiento, recomendamos la compra de la membres\u00eda para acceder al contenido completo de Dental Trauma Guide disponible en este sitio web.<\/p>\n","protected":false},"excerpt":{"rendered":"<p>Acceda aqu\u00ed a los lineamientos para traumatolog\u00eda gratuitos de la IADT. No es necesario adquirir la suscripci\u00f3n paga. La Asociaci\u00f3n Internacional de Traumatolog\u00eda Dental (IADT, por sus siglas en ingl\u00e9s) ha desarrollado a trav\u00e9s de su junta directiva una serie de lineamientos terap\u00e9uticos para todos los tipos de lesiones traum\u00e1ticas que afectan a la dentici\u00f3n temporal y permanente. Los miembros de la IADT pueden descargar los lineamientos para traumatolog\u00eda de 2012 de la IADT a trav\u00e9s del siguiente v\u00ednculo\u00a0www.iadt-dentaltrauma.org. (La versi\u00f3n m\u00e1s reciente de estos lineamientos se public\u00f3 en Dental Traumatology de 2012;28:2-12, 88-96, 174-182.) Sin embargo, si necesita una<\/p>\n","protected":false},"author":2,"featured_media":0,"parent":0,"menu_order":0,"comment_status":"closed","ping_status":"closed","template":"","meta":{"_acf_changed":false,"_monsterinsights_skip_tracking":false,"_monsterinsights_sitenote_active":false,"_monsterinsights_sitenote_note":"","_monsterinsights_sitenote_category":0,"footnotes":""},"class_list":["post-160179","page","type-page","status-publish","hentry","wpautop"],"acf":[],"_links":{"self":[{"href":"https:\/\/dentaltraumaguide.org\/es\/wp-json\/wp\/v2\/pages\/160179","targetHints":{"allow":["GET"]}}],"collection":[{"href":"https:\/\/dentaltraumaguide.org\/es\/wp-json\/wp\/v2\/pages"}],"about":[{"href":"https:\/\/dentaltraumaguide.org\/es\/wp-json\/wp\/v2\/types\/page"}],"author":[{"embeddable":true,"href":"https:\/\/dentaltraumaguide.org\/es\/wp-json\/wp\/v2\/users\/2"}],"replies":[{"embeddable":true,"href":"https:\/\/dentaltraumaguide.org\/es\/wp-json\/wp\/v2\/comments?post=160179"}],"version-history":[{"count":1,"href":"https:\/\/dentaltraumaguide.org\/es\/wp-json\/wp\/v2\/pages\/160179\/revisions"}],"predecessor-version":[{"id":160442,"href":"https:\/\/dentaltraumaguide.org\/es\/wp-json\/wp\/v2\/pages\/160179\/revisions\/160442"}],"wp:attachment":[{"href":"https:\/\/dentaltraumaguide.org\/es\/wp-json\/wp\/v2\/media?parent=160179"}],"curies":[{"name":"wp","href":"https:\/\/api.w.org\/{rel}","templated":true}]}}