{"id":160106,"date":"2020-05-18T13:35:05","date_gmt":"2020-05-18T13:35:05","guid":{"rendered":"https:\/\/dentaltraumaguide.org\/membresia\/"},"modified":"2025-04-28T12:02:54","modified_gmt":"2025-04-28T12:02:54","slug":"membership-plans","status":"publish","type":"page","link":"https:\/\/dentaltraumaguide.org\/es\/membership-plans\/","title":{"rendered":"Membres\u00eda"},"content":{"rendered":"<p><a href=\"https:\/\/dentaltraumaguide.org\/es\/membership-plans\/membership-2\/\"><img loading=\"lazy\" decoding=\"async\" class=\"alignnone wp-image-163139 size-full\" src=\"https:\/\/dentaltraumaguide.org\/app\/uploads\/2016\/11\/membership.jpg\" alt=\"\" width=\"800\" height=\"327\" srcset=\"https:\/\/dentaltraumaguide.org\/app\/uploads\/2016\/11\/membership.jpg 800w, https:\/\/dentaltraumaguide.org\/app\/uploads\/2016\/11\/membership-600x245.jpg 600w, https:\/\/dentaltraumaguide.org\/app\/uploads\/2016\/11\/membership-300x123.jpg 300w, https:\/\/dentaltraumaguide.org\/app\/uploads\/2016\/11\/membership-768x314.jpg 768w\" sizes=\"auto, (max-width: 800px) 100vw, 800px\" \/><\/a><\/p>\n<p><strong>Puede elegir entre:<\/strong><\/p>\n<h2>Membres\u00eda Individual o Membres\u00eda Grupal<\/h2>\n<p>Todos los precios de las membres\u00edas corresponden a un a\u00f1o de acceso a <em>Dental Trauma Guide<\/em> desde la fecha de compra <strong>con renovaci\u00f3n autom\u00e1tica.<\/strong><\/p>\n<p><strong>Recomendamos elegir la Membres\u00eda Grupal si:<\/strong><\/p>\n<ul>\n<li>Necesita que muchos usuarios tengan acceso a la NUEVA gu\u00eda <em>Dental Trauma Guide<\/em> bajo la misma suscripci\u00f3n. Todas las suscripciones son gestionadas por un administrador.<\/li>\n<\/ul>\n<p>Nota: Consulte los precios de la membres\u00eda grupal.<\/p>\n<p><strong>Recomendamos elegir la Membres\u00eda Individual si:<\/strong><\/p>\n<ul>\n<li>Necesita que entre 1 y 9 usuarios accedan a la suscripci\u00f3n a <em>Dental Trauma Guide<\/em>.<\/li>\n<li>Puede compartir el inicio de sesi\u00f3n para todos los usuarios.<\/li>\n<li>Si necesita acceso <u>inmediato<\/u> a <em>Dental Trauma Guide<\/em>. (Toma varios d\u00edas completar el registro para una Membres\u00eda Grupal)<\/li>\n<\/ul>\n<div class=\"row\">\n<div class=\"col-md-5\">\n<form id=\"individual-memberships\" action=\"\/membership-plans\/\" method=\"GET\">\n<div class=\"panel panel-default\">\n<div class=\"panel-heading\">\n<h3 class=\"text-center\">Membres\u00eda individual(1 a 9 usuarios)<\/h3>\n<\/div>\n<div class=\"panel-body text-center\">\n<p><input name=\"add-to-cart\" type=\"hidden\" value=\"234983\" \/><select class=\"form-input\" name=\"quantity\"><option selected=\"selected\" value=\"\">Seleccione un plan<\/option><option value=\"1\">Membres\u00eda Individual, US$60.00 por un a\u00f1o<\/option><option value=\"2\">Membres\u00eda para 2 usuarios, US$120.00 por un a\u00f1o<\/option><option value=\"3\">Membres\u00eda para 3 usuarios, US$180.00 por un a\u00f1o<\/option><option value=\"4\">Membres\u00eda para 4 usuarios, US$240.00 por un a\u00f1o<\/option><option value=\"5\">Membres\u00eda para 5 usuarios, US$300.00 por un a\u00f1o<\/option><option value=\"6\">Membres\u00eda para 6 usuarios, US$360.00 por un a\u00f1o<\/option><option value=\"7\">Membres\u00eda para 7 usuarios, US$420.00 por un a\u00f1o<\/option><option value=\"8\">Membres\u00eda para 8 usuarios, US$480.00 por un a\u00f1o<\/option><option value=\"9\">Membres\u00eda para 9 usuarios, US$540.00 por un a\u00f1o<\/option><\/select><\/p>\n<\/div>\n<ul class=\"list-group list-group-flush text-center\">\n<li class=\"list-group-item\">Las membres\u00edas individuales otorgan acceso al contenido durante un a\u00f1o.<\/li>\n<\/ul>\n<div class=\"panel-footer\"><button class=\"btn btn-lg btn-block btn-success\" disabled=\"disabled\" type=\"submit\">Seleccionar plan<\/button><\/div>\n<\/div>\n<\/form>\n<p><script type=\"text\/javascript\">\njQuery('select[name=quantity]').change(function(){\njQuery('#individual-memberships button').prop('disabled', this.value == \"\");\n});\n<\/script><\/p>\n<\/div>\n<div class=\"col-md-5\">\n<div class=\"panel panel-default\">\n<div class=\"panel-heading\">\n<h3 class=\"text-center\">Membres\u00eda grupal<br \/>\n(10+)<\/h3>\n<\/div>\n<div class=\"panel-body text-center\">\n<p class=\"lead\"><strong><span class=\"price\">Cont\u00e1ctenos para solicitar precios y cotizaciones<\/span><\/strong><\/p>\n<\/div>\n<ul class=\"list-group list-group-flush text-center\">\n<li class=\"list-group-item\">La licencia para organizaciones otorga acceso a una organizaci\u00f3n y a sus miembros<\/li>\n<\/ul>\n<div class=\"panel-footer\"><a class=\"btn btn-lg btn-block btn-success\" href=\"https:\/\/dentaltraumaguide.org\/es\/contacto-para-membresia-para-organizaciones\/\" rel=\"nofollow\" data-quantity=\"1\" data-product_id=\"528\" data-product_sku=\"\">Contacto<\/a><\/div>\n<\/div>\n<\/div>\n<\/div>\n","protected":false},"excerpt":{"rendered":"<p>Puede elegir entre: Membres\u00eda Individual o Membres\u00eda Grupal Todos los precios de las membres\u00edas corresponden a un a\u00f1o de acceso a Dental Trauma Guide desde la fecha de compra con renovaci\u00f3n autom\u00e1tica. Recomendamos elegir la Membres\u00eda Grupal si: Necesita que muchos usuarios tengan acceso a la NUEVA gu\u00eda Dental Trauma Guide bajo la misma suscripci\u00f3n. Todas las suscripciones son gestionadas por un administrador. Nota: Consulte los precios de la membres\u00eda grupal. Recomendamos elegir la Membres\u00eda Individual si: Necesita que entre 1 y 9 usuarios accedan a la suscripci\u00f3n a Dental Trauma Guide. Puede compartir el inicio de sesi\u00f3n para todos<\/p>\n","protected":false},"author":2,"featured_media":163139,"parent":0,"menu_order":0,"comment_status":"closed","ping_status":"closed","template":"template-full-width.php","meta":{"_acf_changed":false,"_monsterinsights_skip_tracking":false,"_monsterinsights_sitenote_active":false,"_monsterinsights_sitenote_note":"","_monsterinsights_sitenote_category":0,"footnotes":""},"class_list":["post-160106","page","type-page","status-publish","has-post-thumbnail","hentry","wpautop"],"acf":[],"_links":{"self":[{"href":"https:\/\/dentaltraumaguide.org\/es\/wp-json\/wp\/v2\/pages\/160106","targetHints":{"allow":["GET"]}}],"collection":[{"href":"https:\/\/dentaltraumaguide.org\/es\/wp-json\/wp\/v2\/pages"}],"about":[{"href":"https:\/\/dentaltraumaguide.org\/es\/wp-json\/wp\/v2\/types\/page"}],"author":[{"embeddable":true,"href":"https:\/\/dentaltraumaguide.org\/es\/wp-json\/wp\/v2\/users\/2"}],"replies":[{"embeddable":true,"href":"https:\/\/dentaltraumaguide.org\/es\/wp-json\/wp\/v2\/comments?post=160106"}],"version-history":[{"count":18,"href":"https:\/\/dentaltraumaguide.org\/es\/wp-json\/wp\/v2\/pages\/160106\/revisions"}],"predecessor-version":[{"id":242806,"href":"https:\/\/dentaltraumaguide.org\/es\/wp-json\/wp\/v2\/pages\/160106\/revisions\/242806"}],"wp:featuredmedia":[{"embeddable":true,"href":"https:\/\/dentaltraumaguide.org\/es\/wp-json\/wp\/v2\/media\/163139"}],"wp:attachment":[{"href":"https:\/\/dentaltraumaguide.org\/es\/wp-json\/wp\/v2\/media?parent=160106"}],"curies":[{"name":"wp","href":"https:\/\/api.w.org\/{rel}","templated":true}]}}