{"id":160101,"date":"2020-05-18T13:35:05","date_gmt":"2020-05-18T13:35:05","guid":{"rendered":"https:\/\/dentaltraumaguide.org\/derechos-de-autor-y-exencion-de-responsabilidad\/"},"modified":"2020-06-23T12:58:13","modified_gmt":"2020-06-23T12:58:13","slug":"terms-copyrights-and-disclaimer-21-august-2009","status":"publish","type":"page","link":"https:\/\/dentaltraumaguide.org\/es\/terms-copyrights-and-disclaimer-21-august-2009\/","title":{"rendered":"Derechos de autor y exenci\u00f3n de responsabilidad"},"content":{"rendered":"<h2>T\u00e9rminos, derechos de autor y exenci\u00f3n de responsabilidad<\/h2>\n<p>Las personas que acceden a la presente informaci\u00f3n asumen la completa responsabilidad por el uso de la informaci\u00f3n y comprenden y aceptan que el Hospital Universitario de Copenhague y la Asociaci\u00f3n Internacional de Traumatolog\u00eda Dental (IADT) no asumir\u00e1n responsabilidad alguna por reclamos, p\u00e9rdidas o da\u00f1os que se originen en el uso de la informaci\u00f3n.<\/p>\n<p>La referencia espec\u00edfica a productos, procesos, recursos, sitios web o servicios no constituyen ni implican la recomendaci\u00f3n o el respaldo del Hospital Universitario de Copenhague o la IADT. Los puntos de vista y opiniones de los autores de los documentos no necesariamente expresan o reflejan la opini\u00f3n del Hospital Universitario de Copenhague o la IADT.<\/p>\n<p>La informaci\u00f3n publicada en este servidor podr\u00eda incluir imprecisiones t\u00e9cnicas o errores tipogr\u00e1ficos. Peri\u00f3dicamente se realizan cambios y actualizaciones a la informaci\u00f3n de este servidor.<\/p>\n<p>Si la informaci\u00f3n que est\u00e1 consultando es de naturaleza m\u00e9dica o cl\u00ednica, por favor lea la siguiente exenci\u00f3n de responsabilidad m\u00e9dica.<\/p>\n<h3>Exenci\u00f3n de responsabilidad m\u00e9dica<\/h3>\n<p>La medicina es una ciencia en cambio continuo. A medida que las nuevas investigaciones y la experiencia cl\u00ednica ampl\u00edan nuestro conocimiento, se requieren cambios en los tratamientos y la farmacoterapia.<\/p>\n<p>Los autores han verificado el material con base en fuentes que se consideran confiables, en un esfuerzo por proporcionar informaci\u00f3n completa y que en general es acorde a los est\u00e1ndares aceptados al momento de la publicaci\u00f3n.<\/p>\n<p>Sin embargo, en vista de la posibilidad de un error humano o de cambios en la ciencia m\u00e9dica, ni los autores, ni el Hospital Universitario de Copenhague, ni la IADT, ni ninguna otra parte involucrada en la elaboraci\u00f3n o publicaci\u00f3n\/carga de este trabajo garantizan que la informaci\u00f3n contenida en el presente sea exacta o completa en todo aspecto, y no se hacen responsables por errores u omisiones o por los resultados obtenidos a ra\u00edz de la utilizaci\u00f3n de dicha informaci\u00f3n.<\/p>\n<p>Recomendamos a los lectores contrastar con otras fuentes la informaci\u00f3n aqu\u00ed vertida.<\/p>\n<p>La informaci\u00f3n m\u00e9dica que se obtiene a trav\u00e9s de nuestro sitio web no est\u00e1 pensada como sustituto de la consulta profesional. Si usted sufre o sospecha que sufre alg\u00fan problema m\u00e9dico, consulte a un odont\u00f3logo tan pronto como sea posible.<\/p>\n<h3>Inexistencia de recomendaciones<\/h3>\n<p>Este sitio web no est\u00e1 dise\u00f1ado para usuarios no especializados. Los productos, procedimientos, tratamientos, etc. descritos en el sitio web son \u00fanicamente de aplicaci\u00f3n en entornos especialmente dise\u00f1ados y para ser utilizados por profesionales certificados y capacitados para llevar a cabo dichos procedimientos.<\/p>\n<p>La informaci\u00f3n contenida en este sitio web no pretende presentar los \u00fanicos o necesariamente mejores productos, procedimientos, tratamientos, etc.<\/p>\n<p>Ning\u00fan examen o procedimiento sugerido debe ser llevado a cabo salvo que, seg\u00fan su juicio profesional, se justifique el riesgo asociado. Quien utilice productos, procedimientos, tratamientos, etc. presentados o descritos en este sitio web lo har\u00e1 bajo su propio riesgo y ser\u00e1 responsable de que dichos procedimientos cumplan con la legislaci\u00f3n y regulaciones locales y con la pr\u00e1ctica m\u00e9dica aplicable. Debido a los r\u00e1pidos avances de la ciencia m\u00e9dica, tanto <em>Dental Trauma Guide<\/em> como el Hospital Universitario de Copenhague recomiendan realizar una verificaci\u00f3n independiente del diagn\u00f3stico, los tratamientos, los medicamentos, las posolog\u00edas y los m\u00e9todos quir\u00fargicos antes de llevar a cabo cualquier procedimiento.<\/p>\n<p>Se recomienda especialmente a los individuos que sufran cualquier tipo de patolog\u00eda buscar asesoramiento m\u00e9dico profesional antes de iniciar cualquier tipo de tratamiento. Ante inquietudes de \u00edndole m\u00e9dica, inclusive decisiones sobre medicamentos u otros tratamientos, los usuarios del sitio web siempre deber\u00e1n consultar a su odont\u00f3logo y\/o m\u00e9dico u otro profesional de la salud calificado.<\/p>\n<h3>Inexistencia de garant\u00edas<\/h3>\n<p><em>Dental Trauma Guide<\/em> y el Hospital Universitario de Copenhague no dan garant\u00eda ni seguridad alguna en cuanto al contenido de los datos, la informaci\u00f3n y dem\u00e1s material presente en el sitio web, la gu\u00eda <i>Dental Trauma Guide<\/i> (de aqu\u00ed en adelante, el \u00abMaterial\u00bb), la precisi\u00f3n, integridad, actualidad, cumplimiento de la legislaci\u00f3n, las regulaciones y la pr\u00e1ctica m\u00e9dica locales o la idoneidad del Material para determinado fin. Todo el Material se proporciona con base en \u00absu condici\u00f3n actual\u00bb y en \u00absu disponibilidad\u00bb sin garant\u00edas de ninguna \u00edndole, expresas o impl\u00edcitas.<\/p>\n<p>Toda declaraci\u00f3n sobre los productos descritos en el sitio web son \u00fanicamente la opini\u00f3n de <em>Dental Trauma Guide<\/em> y del Hospital Universitario de Copenhague y no representa un respaldo, una evaluaci\u00f3n o una garant\u00eda sobre dichos productos. Dichas declaraciones no pueden ser utilizadas en publicidad ni con fines comerciales.<\/p>\n<p>El material publicado bajo el nombre de autores individuales representa \u00fanicamente las declaraciones y opiniones de dichos autores y no de <em>Dental Trauma Guide<\/em> ni del Hospital Universitario de Copenhague ni de la IADT. Las contribuciones efectuadas en plataformas de debate interactivas no son monitoreadas por <em>Dental Trauma Guide<\/em> o por el Hospital Universitario de Copenhague y, por lo tanto, <em>Dental Trauma Guide<\/em> y el Hospital Universitario de Copenhague no dan garant\u00edas sobre la identidad del autor ni sobre el contenido existente en dichas plataformas.<\/p>\n<p>En la medida que el sitio web contenga v\u00ednculos a sitios web externos, <em>Dental Trauma Guide<\/em>, el Hospital Universitario de Copenhague y la IADT no controlan ni se hacen responsables del contenido de dichos sitios. La informaci\u00f3n disponible a trav\u00e9s de hiperv\u00ednculos de <i>Dental Trauma Guide<\/i> es presentada sin que implique responsabilidad por parte de <em>Dental Trauma Guide<\/em> o del Hospital Universitario de Copenhague o de la IADT.<\/p>\n<p><em>Dental Trauma Guide<\/em> y el Hospital Universitario de Copenhague no ofrecen garant\u00eda ni seguridad alguna sobre la operatividad, calidad o funcionalidad del sitio web. En la m\u00e1s amplia medida en que lo permita la ley, <em>Dental Trauma Guide<\/em> y el Hospital Universitario de Copenhague se desligan de toda garant\u00eda en relaci\u00f3n al sitio web. El acceso al sitio web puede verse interrumpido, restringido o demorado por cualquier motivo. Al mismo tiempo, <em>Dental Trauma Guide<\/em>, el Hospital Universitario de Copenhague y la IADT no ofrecen garant\u00eda alguna en cuanto a la seguridad y confidencialidad de las transmisiones v\u00eda Internet desde o hacia el sitio web. Por lo tanto, ni el sitio web ni las direcciones de fax o de correo electr\u00f3nico deben utilizarse para enviar informaci\u00f3n confidencial.<\/p>\n<p><em>Dental Trauma Guide<\/em>, el Hospital Universitario de Copenhague y la IADT no ofrecen garant\u00eda alguna sobre los servicios contratados a trav\u00e9s del sitio web. Dichos servicios se ofrecen con base en \u00absu condici\u00f3n actual\u00bb y en \u00absu disponibilidad\u00bb sin garant\u00edas de ninguna \u00edndole, expresas o impl\u00edcitas.<\/p>\n<h3>Exenci\u00f3n de responsabilidad<\/h3>\n<p>En la m\u00e1s amplia medida en que lo permita la ley, <em>Dental Trauma Guide<\/em>, el Hospital Universitario de Copenhague y la IADT se desligan de toda responsabilidad por da\u00f1os o p\u00e9rdidas (incluso, pero sin limitarse a, lesiones personales, p\u00e9rdidas financieras, da\u00f1os por p\u00e9rdidas en proyectos comerciales, p\u00e9rdidas de ganancias u otras p\u00e9rdidas consecuenciales) ya sea en virtud de un contrato, acuerdo extracontractual o de otra forma a partir de o en conexi\u00f3n con el uso o la inhabilidad para usar el sitio web u otro Material presente en el sitio web, o toda acci\u00f3n o decisi\u00f3n tomada como resultado del uso del sitio web o del Material o todo acto u omisi\u00f3n en relaci\u00f3n con el sitio web o todo servicio o el uso de todo servicio contratado a trav\u00e9s del sitio web.<\/p>\n<h3>Derechos de propiedad intelectual (copyright)<\/h3>\n<p>Salvo disposici\u00f3n en contrario expresada en el presente contrato, todos los derechos de propiedad intelectual (inclusive pero no limitados a los derechos de autor) sobre todos los materiales pertenecen a <em>Dental Trauma Guide<\/em> y al Hospital Universitario de Copenhague. El presente contrato no otorga al usuario ning\u00fan derecho de propiedad sobre o relacionado con el Material ni derechos de propiedad intelectual sobre o relacionados con el Material.<\/p>\n<p>Las impresiones o los fragmentos descargados del Material as\u00ed como su reproducci\u00f3n se permiten \u00fanicamente para fines educativos, de investigaci\u00f3n o para uso personal. Ninguna parte del Material podr\u00e1 ser utilizada con fines comerciales. En particular, el Material no se podr\u00e1 otorgar en licencia o sublicencia, vender, revender, transferir, ceder, distribuir, explotar comercialmente o poner a disposici\u00f3n de terceros en modo alguno.<\/p>\n<p>Ninguna parte del Material podr\u00e1 reproducirse, almacenarse o transmitirse a trav\u00e9s de otro sitio web (incluso intranet) ni est\u00e1 permitido crear trabajos derivados del Material sin el permiso por escrito de <em>Dental Trauma Guide<\/em> y el Hospital Universitario de Copenhague.<\/p>\n<p>Algunos nombres, instrumentos, tratamientos, logos, dise\u00f1os, etc. a los cuales se hace referencia en el sitio web se encuentran protegidos por patentes, marcas registradas u otros derechos de propiedad intelectual a\u00fan cuando no se hace referencia espec\u00edfica a este hecho en el sitio web. Por lo tanto, la menci\u00f3n de un nombre, instrumento, etc. sin la designaci\u00f3n del propietario no se debe interpretar como una manifestaci\u00f3n por parte de <em>Dental Trauma Guide<\/em> o del Hospital Universitario de Copenhague de que pertenece al dominio p\u00fablico.<\/p>\n<h3>Material publicitario<\/h3>\n<p>Los anunciantes, si los hubiere, son responsables de garantizar que el Material remitido para su inclusi\u00f3n en el sitio web cumple con toda la legislaci\u00f3n y regulaciones pertinentes, como as\u00ed tambi\u00e9n con los est\u00e1ndares \u00e9ticos y m\u00e9dicos. <em>Dental Trauma Guide<\/em>, el Hospital Universitario de Copenhague y la IADT no asumen responsabilidad alguna por errores, omisiones o inexactitudes existentes en el material publicitario. Su aparici\u00f3n en el sitio web no constituye una garant\u00eda o respaldo de la calidad o valor de un producto o de las manifestaciones realizadas por los fabricantes.<\/p>\n<h3>Ley aplicable y jurisdicci\u00f3n<\/h3>\n<p>El presente contrato se rige \u00fanicamente por el derecho sustantivo dan\u00e9s, sin importar la residencia de la persona que visita el sitio web ni d\u00f3nde dicha persona realiz\u00f3 su env\u00edo, publicaci\u00f3n, transacci\u00f3n o conexi\u00f3n con el sitio web. Toda controversia en relaci\u00f3n con el sitio web o con el presente contrato se dirimir\u00e1 en los tribunales en Dinamarca. Sin embargo, tanto <em>Dental Trauma Guide<\/em> como el Hospital Universitario de Copenhague son libres de presentar demandas en otras jurisdicciones y en otros pa\u00edses.<\/p>\n<h2>Suscripci\u00f3n y contrase\u00f1a<\/h2>\n<p>Si se ha registrado o suscripto como miembro de dentaltraumaguide.org (DTG), todo c\u00f3digo de identificaci\u00f3n de usuario o contrase\u00f1a para este sitio web debe mantenerse confidencial y ser utilizado \u00fanicamente por usted (salvo acuerdo por escrito con DTG). Nos reservamos el derecho a deshabilitar el c\u00f3digo de identificaci\u00f3n de usuario o la contrase\u00f1a, ya sea elegidos por el usuario o establecidos por nosotros, en cualquier momento, si entendemos que usted ha incumplido con alguna disposici\u00f3n de los t\u00e9rminos y condiciones de uso.<\/p>\n<h3>Virus<\/h3>\n<p>Usted es responsable de configurar su tecnolog\u00eda de la informaci\u00f3n, programas inform\u00e1ticos y plataforma a fin de acceder a nuestros sitios web. Usted debe utilizar su propio programa de protecci\u00f3n antivirus.<br \/>\nNo est\u00e1 permitido el mal uso de nuestros sitios web mediante la introducci\u00f3n intencional de virus, troyanos, gusanos, bombas l\u00f3gicas u otro material malicioso o tecnol\u00f3gicamente da\u00f1ino.<\/p>\n<p>No est\u00e1 permitido el intento de obtener acceso no autorizado a nuestros sitios web, el servidor en el cual se alojan nuestros sitios web o cualquier servidor, computadora o base de datos relacionada con nuestro sitio web. Y no est\u00e1 permitido atacar nuestros sitios web mediante un ataque de denegaci\u00f3n de servicio o ataque distribuido de denegaci\u00f3n de servicio.<\/p>\n<p>Dicho incumplimiento ser\u00e1 denunciado ante las autoridades judiciales pertinentes y brindaremos nuestra cooperaci\u00f3n a dichas autoridades al poner en su conocimiento la identidad del usuario. En caso de incurrir en dicho incumplimiento, su derecho a utilizar nuestros sitios web cesar\u00e1 inmediatamente.<\/p>\n<p>No garantizamos que nuestro sitio web sea seguro o se encuentre libre de errores o virus.<\/p>\n<h3>Dispositivos de acceso<\/h3>\n<p>Por razones t\u00e9cnicas, es posible que no toda la informaci\u00f3n se encuentre disponible para algunos dispositivos, por ejemplo, iPad o iPhone de Mac. Estamos trabajando para convertir el contenido Flash a formatos compatibles con la mayor\u00eda de los tel\u00e9fonos inteligentes, tablets y computadoras de escritorio. Hasta que dicho proceso se haya completado, no garantizamos el acceso a todo el contenido mediante iPads y iPhones. Para las computadoras Mac ser\u00e1 necesario descargar el programa Adobe Flash a fin de acceder a videos de tratamientos, etc.<\/p>\n","protected":false},"excerpt":{"rendered":"<p>T\u00e9rminos, derechos de autor y exenci\u00f3n de responsabilidad Las personas que acceden a la presente informaci\u00f3n asumen la completa responsabilidad por el uso de la informaci\u00f3n y comprenden y aceptan que el Hospital Universitario de Copenhague y la Asociaci\u00f3n Internacional de Traumatolog\u00eda Dental (IADT) no asumir\u00e1n responsabilidad alguna por reclamos, p\u00e9rdidas o da\u00f1os que se originen en el uso de la informaci\u00f3n. La referencia espec\u00edfica a productos, procesos, recursos, sitios web o servicios no constituyen ni implican la recomendaci\u00f3n o el respaldo del Hospital Universitario de Copenhague o la IADT. Los puntos de vista y opiniones de los autores de<\/p>\n","protected":false},"author":2,"featured_media":0,"parent":0,"menu_order":0,"comment_status":"closed","ping_status":"closed","template":"template-full-width.php","meta":{"_acf_changed":false,"_monsterinsights_skip_tracking":false,"_monsterinsights_sitenote_active":false,"_monsterinsights_sitenote_note":"","_monsterinsights_sitenote_category":0,"footnotes":""},"class_list":["post-160101","page","type-page","status-publish","hentry","wpautop"],"acf":[],"_links":{"self":[{"href":"https:\/\/dentaltraumaguide.org\/es\/wp-json\/wp\/v2\/pages\/160101","targetHints":{"allow":["GET"]}}],"collection":[{"href":"https:\/\/dentaltraumaguide.org\/es\/wp-json\/wp\/v2\/pages"}],"about":[{"href":"https:\/\/dentaltraumaguide.org\/es\/wp-json\/wp\/v2\/types\/page"}],"author":[{"embeddable":true,"href":"https:\/\/dentaltraumaguide.org\/es\/wp-json\/wp\/v2\/users\/2"}],"replies":[{"embeddable":true,"href":"https:\/\/dentaltraumaguide.org\/es\/wp-json\/wp\/v2\/comments?post=160101"}],"version-history":[{"count":4,"href":"https:\/\/dentaltraumaguide.org\/es\/wp-json\/wp\/v2\/pages\/160101\/revisions"}],"predecessor-version":[{"id":166076,"href":"https:\/\/dentaltraumaguide.org\/es\/wp-json\/wp\/v2\/pages\/160101\/revisions\/166076"}],"wp:attachment":[{"href":"https:\/\/dentaltraumaguide.org\/es\/wp-json\/wp\/v2\/media?parent=160101"}],"curies":[{"name":"wp","href":"https:\/\/api.w.org\/{rel}","templated":true}]}}